{"id":416,"date":"2017-07-11T12:46:06","date_gmt":"2017-07-11T10:46:06","guid":{"rendered":"http:\/\/renowacje.net.pl\/praca\/"},"modified":"2021-02-15T11:17:42","modified_gmt":"2021-02-15T10:17:42","slug":"%d1%80%d0%b0%d0%b1%d0%be%d1%82%d0%b0","status":"publish","type":"page","link":"https:\/\/renowacje.net.pl\/ru\/%d1%80%d0%b0%d0%b1%d0%be%d1%82%d0%b0\/","title":{"rendered":"\u0440\u0430\u0431\u043e\u0442\u0430"},"content":{"rendered":"","protected":false},"excerpt":{"rendered":"","protected":false},"author":1,"featured_media":0,"parent":0,"menu_order":0,"comment_status":"closed","ping_status":"closed","template":"page-praca.php","meta":{"ngg_post_thumbnail":0,"footnotes":""},"class_list":["post-416","page","type-page","status-publish","hentry"],"yoast_head":"<!-- This site is optimized with the Yoast SEO plugin v25.4 - https:\/\/yoast.com\/wordpress\/plugins\/seo\/ -->\n<title>\u0440\u0430\u0431\u043e\u0442\u0430 - Od\u015bnie\u017canie dach\u00f3w, Usuwanie \u015bniegu z dach\u00f3w,<\/title>\n<meta name=\"robots\" content=\"index, follow, max-snippet:-1, max-image-preview:large, max-video-preview:-1\" \/>\n<link rel=\"canonical\" href=\"https:\/\/renowacje.net.pl\/ru\/\u0440\u0430\u0431\u043e\u0442\u0430\/\" \/>\n<meta property=\"og:locale\" content=\"ru_RU\" \/>\n<meta property=\"og:type\" content=\"article\" \/>\n<meta property=\"og:title\" content=\"\u0440\u0430\u0431\u043e\u0442\u0430 - Od\u015bnie\u017canie dach\u00f3w, Usuwanie \u015bniegu z dach\u00f3w,\" \/>\n<meta property=\"og:url\" content=\"https:\/\/renowacje.net.pl\/ru\/\u0440\u0430\u0431\u043e\u0442\u0430\/\" \/>\n<meta property=\"og:site_name\" content=\"Od\u015bnie\u017canie dach\u00f3w, Usuwanie \u015bniegu z dach\u00f3w,\" \/>\n<meta property=\"article:publisher\" content=\"https:\/\/www.facebook.com\/ProspectGroupSpzoo\/\" \/>\n<meta property=\"article:modified_time\" content=\"2021-02-15T10:17:42+00:00\" \/>\n<meta name=\"twitter:card\" content=\"summary_large_image\" \/>\n<script type=\"application\/ld+json\" class=\"yoast-schema-graph\">{\"@context\":\"https:\/\/schema.org\",\"@graph\":[{\"@type\":\"WebPage\",\"@id\":\"https:\/\/renowacje.net.pl\/ru\/%d1%80%d0%b0%d0%b1%d0%be%d1%82%d0%b0\/\",\"url\":\"https:\/\/renowacje.net.pl\/ru\/%d1%80%d0%b0%d0%b1%d0%be%d1%82%d0%b0\/\",\"name\":\"\u0440\u0430\u0431\u043e\u0442\u0430 - Od\u015bnie\u017canie dach\u00f3w, Usuwanie \u015bniegu z dach\u00f3w,\",\"isPartOf\":{\"@id\":\"https:\/\/renowacje.net.pl\/#website\"},\"datePublished\":\"2017-07-11T10:46:06+00:00\",\"dateModified\":\"2021-02-15T10:17:42+00:00\",\"breadcrumb\":{\"@id\":\"https:\/\/renowacje.net.pl\/ru\/%d1%80%d0%b0%d0%b1%d0%be%d1%82%d0%b0\/#breadcrumb\"},\"inLanguage\":\"ru-RU\",\"potentialAction\":[{\"@type\":\"ReadAction\",\"target\":[\"https:\/\/renowacje.net.pl\/ru\/%d1%80%d0%b0%d0%b1%d0%be%d1%82%d0%b0\/\"]}]},{\"@type\":\"BreadcrumbList\",\"@id\":\"https:\/\/renowacje.net.pl\/ru\/%d1%80%d0%b0%d0%b1%d0%be%d1%82%d0%b0\/#breadcrumb\",\"itemListElement\":[{\"@type\":\"ListItem\",\"position\":1,\"name\":\"Strona g\u0142\u00f3wna\",\"item\":\"https:\/\/renowacje.net.pl\/ru\/\"},{\"@type\":\"ListItem\",\"position\":2,\"name\":\"\u0440\u0430\u0431\u043e\u0442\u0430\"}]},{\"@type\":\"WebSite\",\"@id\":\"https:\/\/renowacje.net.pl\/#website\",\"url\":\"https:\/\/renowacje.net.pl\/\",\"name\":\"Od\u015bnie\u017canie dach\u00f3w, Usuwanie \u015bniegu z dach\u00f3w,\",\"description\":\"Od\u015bnie\u017canie dach\u00f3w, Usuwanie \u015bniegu z dach\u00f3w,\",\"potentialAction\":[{\"@type\":\"SearchAction\",\"target\":{\"@type\":\"EntryPoint\",\"urlTemplate\":\"https:\/\/renowacje.net.pl\/?s={search_term_string}\"},\"query-input\":{\"@type\":\"PropertyValueSpecification\",\"valueRequired\":true,\"valueName\":\"search_term_string\"}}],\"inLanguage\":\"ru-RU\"}]}<\/script>\n<!-- \/ Yoast SEO plugin. -->","yoast_head_json":{"title":"\u0440\u0430\u0431\u043e\u0442\u0430 - Od\u015bnie\u017canie dach\u00f3w, Usuwanie \u015bniegu z dach\u00f3w,","robots":{"index":"index","follow":"follow","max-snippet":"max-snippet:-1","max-image-preview":"max-image-preview:large","max-video-preview":"max-video-preview:-1"},"canonical":"https:\/\/renowacje.net.pl\/ru\/\u0440\u0430\u0431\u043e\u0442\u0430\/","og_locale":"ru_RU","og_type":"article","og_title":"\u0440\u0430\u0431\u043e\u0442\u0430 - Od\u015bnie\u017canie dach\u00f3w, Usuwanie \u015bniegu z dach\u00f3w,","og_url":"https:\/\/renowacje.net.pl\/ru\/\u0440\u0430\u0431\u043e\u0442\u0430\/","og_site_name":"Od\u015bnie\u017canie dach\u00f3w, Usuwanie \u015bniegu z dach\u00f3w,","article_publisher":"https:\/\/www.facebook.com\/ProspectGroupSpzoo\/","article_modified_time":"2021-02-15T10:17:42+00:00","twitter_card":"summary_large_image","schema":{"@context":"https:\/\/schema.org","@graph":[{"@type":"WebPage","@id":"https:\/\/renowacje.net.pl\/ru\/%d1%80%d0%b0%d0%b1%d0%be%d1%82%d0%b0\/","url":"https:\/\/renowacje.net.pl\/ru\/%d1%80%d0%b0%d0%b1%d0%be%d1%82%d0%b0\/","name":"\u0440\u0430\u0431\u043e\u0442\u0430 - Od\u015bnie\u017canie dach\u00f3w, Usuwanie \u015bniegu z dach\u00f3w,","isPartOf":{"@id":"https:\/\/renowacje.net.pl\/#website"},"datePublished":"2017-07-11T10:46:06+00:00","dateModified":"2021-02-15T10:17:42+00:00","breadcrumb":{"@id":"https:\/\/renowacje.net.pl\/ru\/%d1%80%d0%b0%d0%b1%d0%be%d1%82%d0%b0\/#breadcrumb"},"inLanguage":"ru-RU","potentialAction":[{"@type":"ReadAction","target":["https:\/\/renowacje.net.pl\/ru\/%d1%80%d0%b0%d0%b1%d0%be%d1%82%d0%b0\/"]}]},{"@type":"BreadcrumbList","@id":"https:\/\/renowacje.net.pl\/ru\/%d1%80%d0%b0%d0%b1%d0%be%d1%82%d0%b0\/#breadcrumb","itemListElement":[{"@type":"ListItem","position":1,"name":"Strona g\u0142\u00f3wna","item":"https:\/\/renowacje.net.pl\/ru\/"},{"@type":"ListItem","position":2,"name":"\u0440\u0430\u0431\u043e\u0442\u0430"}]},{"@type":"WebSite","@id":"https:\/\/renowacje.net.pl\/#website","url":"https:\/\/renowacje.net.pl\/","name":"Od\u015bnie\u017canie dach\u00f3w, Usuwanie \u015bniegu z dach\u00f3w,","description":"Od\u015bnie\u017canie dach\u00f3w, Usuwanie \u015bniegu z dach\u00f3w,","potentialAction":[{"@type":"SearchAction","target":{"@type":"EntryPoint","urlTemplate":"https:\/\/renowacje.net.pl\/?s={search_term_string}"},"query-input":{"@type":"PropertyValueSpecification","valueRequired":true,"valueName":"search_term_string"}}],"inLanguage":"ru-RU"}]}},"_links":{"self":[{"href":"https:\/\/renowacje.net.pl\/ru\/wp-json\/wp\/v2\/pages\/416","targetHints":{"allow":["GET"]}}],"collection":[{"href":"https:\/\/renowacje.net.pl\/ru\/wp-json\/wp\/v2\/pages"}],"about":[{"href":"https:\/\/renowacje.net.pl\/ru\/wp-json\/wp\/v2\/types\/page"}],"author":[{"embeddable":true,"href":"https:\/\/renowacje.net.pl\/ru\/wp-json\/wp\/v2\/users\/1"}],"replies":[{"embeddable":true,"href":"https:\/\/renowacje.net.pl\/ru\/wp-json\/wp\/v2\/comments?post=416"}],"version-history":[{"count":2,"href":"https:\/\/renowacje.net.pl\/ru\/wp-json\/wp\/v2\/pages\/416\/revisions"}],"predecessor-version":[{"id":1752,"href":"https:\/\/renowacje.net.pl\/ru\/wp-json\/wp\/v2\/pages\/416\/revisions\/1752"}],"wp:attachment":[{"href":"https:\/\/renowacje.net.pl\/ru\/wp-json\/wp\/v2\/media?parent=416"}],"curies":[{"name":"wp","href":"https:\/\/api.w.org\/{rel}","templated":true}]}}