{"id":392,"date":"2017-07-13T13:23:07","date_gmt":"2017-07-13T11:23:07","guid":{"rendered":"http:\/\/renowacje.net.pl\/oferta\/malowanie-ostrzegawcze\/"},"modified":"2021-02-15T11:01:27","modified_gmt":"2021-02-15T10:01:27","slug":"%d0%bf%d1%80%d0%b5%d0%b4%d1%83%d0%bf%d1%80%d0%b5%d0%b6%d0%b4%d0%b0%d1%8e%d1%89%d0%b0%d1%8f-%d0%ba%d0%b0%d1%80%d1%82%d0%b8%d0%bd%d0%b0","status":"publish","type":"page","link":"https:\/\/renowacje.net.pl\/ru\/%d0%bf%d1%80%d0%b5%d0%b4%d0%bb%d0%be%d0%b6%d0%b5%d0%bd%d0%b8%d0%b5\/%d0%bf%d1%80%d0%b5%d0%b4%d1%83%d0%bf%d1%80%d0%b5%d0%b6%d0%b4%d0%b0%d1%8e%d1%89%d0%b0%d1%8f-%d0%ba%d0%b0%d1%80%d1%82%d0%b8%d0%bd%d0%b0\/","title":{"rendered":"\u043f\u0440\u0435\u0434\u0443\u043f\u0440\u0435\u0436\u0434\u0430\u044e\u0449\u0430\u044f \u043a\u0430\u0440\u0442\u0438\u043d\u0430"},"content":{"rendered":"<p><a href=\"http:\/\/renowacje.net.pl\/oferta\/malowanie-ostrzegawcze\/\">\u041f\u0440\u0435\u0434\u0443\u043f\u0440\u0435\u0436\u0434\u0430\u044e\u0449\u0430\u044f \u043e\u043a\u0440\u0430\u0441\u043a\u0430 \u0432\u043a\u043b\u044e\u0447\u0430\u0435\u0442 \u0441\u043e\u043e\u0442\u0432\u0435\u0442\u0441\u0442\u0432\u0443\u044e\u0449\u0443\u044e \u043c\u0430\u0440\u043a\u0438\u0440\u043e\u0432\u043a\u0443 \u0432\u044b\u0441\u043e\u043a\u0438\u0445<\/a> \u043f\u0440\u0435\u0434\u043c\u0435\u0442\u043e\u0432 \u043a\u0430\u043a \u0442\u0430\u043a \u043d\u0430\u0437\u044b\u0432\u0430\u0435\u043c\u0443\u044e \u0430\u0432\u0438\u0430\u0446\u0438\u043e\u043d\u043d\u044b\u0435 \u0437\u0430\u0433\u0440\u0430\u0436\u0434\u0435\u043d\u0438\u044f (\u0432 \u0441\u043e\u043e\u0442\u0432\u0435\u0442\u0441\u0442\u0432\u0438\u0438 \u0441 \u043f\u043e\u0441\u0442\u0430\u043d\u043e\u0432\u043b\u0435\u043d\u0438\u0435\u043c \u043c\u0438\u043d\u0438\u0441\u0442\u0440\u0430 \u0438\u043d\u0444\u0440\u0430\u0441\u0442\u0440\u0443\u043a\u0442\u0443\u0440\u044b \u043e\u0442 25 \u0438\u044e\u043d\u044f 2003 \u0433., \u0417\u0430\u043a\u043e\u043d\u043e\u0434\u0430\u0442\u0435\u043b\u044c\u043d\u044b\u0439 \u0432\u0435\u0441\u0442\u043d\u0438\u043a \u043e\u0442 2003 \u0433. \u2116 130, \u043f\u043e\u0437. 1193, \u0441 \u0438\u0437\u043c\u0435\u043d\u0435\u043d\u0438\u044f\u043c\u0438). \u041a \u043d\u0438\u043c, \u0432 \u0447\u0430\u0441\u0442\u043d\u043e\u0441\u0442\u0438, \u043e\u0442\u043d\u043e\u0441\u044f\u0442\u0441\u044f:<\/p>\n<ul>\n<li>\u043f\u043e\u0441\u0442\u043e\u044f\u043d\u043d\u044b\u0435 \u0438\u043b\u0438 \u0432\u0440\u0435\u043c\u0435\u043d\u043d\u044b\u0435 \u0441\u0442\u0440\u043e\u0438\u0442\u0435\u043b\u044c\u043d\u044b\u0435 \u0440\u0430\u0431\u043e\u0442\u044b \u0438 \u043f\u0440\u0438\u0440\u043e\u0434\u043d\u044b\u0435 \u043e\u0431\u044a\u0435\u043a\u0442\u044b \u0438\u043b\u0438 \u0438\u0445 \u0447\u0430\u0441\u0442\u0438, \u0432\u044b\u0441\u043e\u0442\u0430 \u043a\u043e\u0442\u043e\u0440\u044b\u0445 \u043f\u0440\u0435\u0432\u044b\u0448\u0430\u0435\u0442 \u043e\u0433\u0440\u0430\u043d\u0438\u0447\u0438\u0432\u0430\u044e\u0449\u0438\u0435 \u043f\u043e\u0432\u0435\u0440\u0445\u043d\u043e\u0441\u0442\u0438,<\/li>\n<li>\u0441\u0442\u0440\u043e\u0438\u0442\u0435\u043b\u044c\u043d\u044b\u0435 \u0440\u0430\u0431\u043e\u0442\u044b \u043d\u0430 \u0432\u044b\u0441\u043e\u0442\u0435 100 \u043c \u0438 \u0431\u043e\u043b\u0435\u0435 \u043d\u0430\u0434 \u0443\u0440\u043e\u0432\u043d\u0435\u043c \u043e\u043a\u0440\u0443\u0436\u0430\u044e\u0449\u0435\u0439 \u0437\u0435\u043c\u043b\u0438 \u0438\u043b\u0438 \u0432\u043e\u0434\u044b,<\/li>\n<li>\u0441\u0442\u0440\u043e\u0438\u0442\u0435\u043b\u044c\u043d\u044b\u0435 \u043a\u043e\u043d\u0441\u0442\u0440\u0443\u043a\u0446\u0438\u0438 \u0438 \u043f\u0440\u0438\u0440\u043e\u0434\u043d\u044b\u0435 \u043e\u0431\u044a\u0435\u043a\u0442\u044b \u0438\u043b\u0438 \u0438\u0445 \u0447\u0430\u0441\u0442\u0438, \u043a\u043e\u0442\u043e\u0440\u044b\u0435 \u0442\u0440\u0443\u0434\u043d\u043e \u0443\u0432\u0438\u0434\u0435\u0442\u044c \u0441 \u0432\u043e\u0437\u0434\u0443\u0445\u0430 \u043d\u0430 \u0437\u0430\u0434\u043d\u0435\u043c \u043f\u043b\u0430\u043d\u0435 (\u0438\u0437-\u0437\u0430 \u0438\u0445 \u0446\u0432\u0435\u0442\u0430, \u0440\u0430\u0441\u043f\u043e\u043b\u043e\u0436\u0435\u043d\u0438\u044f \u0438\u043b\u0438 \u0441\u0442\u0440\u0443\u043a\u0442\u0443\u0440\u044b).<\/li>\n<\/ul>\n<p><strong>\u041f\u043e\u0447\u0435\u043c\u0443 \u0441\u0442\u043e\u0438\u0442 \u0432\u043e\u0441\u043f\u043e\u043b\u044c\u0437\u043e\u0432\u0430\u0442\u044c\u0441\u044f \u043d\u0430\u0448\u0438\u043c \u043f\u0440\u0435\u0434\u043b\u043e\u0436\u0435\u043d\u0438\u0435\u043c?<\/strong><\/p>\n<ul>\n<li>\u0418\u043c\u0435\u0435\u043c \u043d\u0435\u043e\u0431\u0445\u043e\u0434\u0438\u043c\u0443\u044e \u043a\u0432\u0430\u043b\u0438\u0444\u0438\u043a\u0430\u0446\u0438\u044e \u0438 \u0431\u043e\u043b\u044c\u0448\u043e\u0439 \u043e\u043f\u044b\u0442 \u0432\u044b\u043f\u043e\u043b\u043d\u0435\u043d\u0438\u044f \u0434\u0430\u043d\u043d\u043e\u0433\u043e \u0432\u0438\u0434\u0430 \u0440\u0430\u0431\u043e\u0442,<\/li>\n<li>\u041c\u044b \u043f\u0440\u0435\u0434\u043e\u0441\u0442\u0430\u0432\u043b\u044f\u0435\u043c \u043a\u043e\u043c\u043f\u043b\u0435\u043a\u0441\u043d\u044b\u0435 \u0443\u0441\u043b\u0443\u0433\u0438 &#8212; \u043e\u0442 \u0441\u0442\u0440\u043e\u0438\u0442\u0435\u043b\u044c\u043d\u044b\u0445 \u0438\u043d\u0441\u043f\u0435\u043a\u0446\u0438\u0439, \u0440\u0430\u0437\u0440\u0430\u0431\u043e\u0442\u043a\u0438 \u043f\u043b\u0430\u043d\u0430 \u0440\u0435\u043c\u043e\u043d\u0442\u0430 \u0438 \u0435\u0433\u043e \u0440\u0435\u0430\u043b\u0438\u0437\u0430\u0446\u0438\u0438 \u0434\u043e \u0440\u0435\u043c\u043e\u043d\u0442\u0430 \u0438 \u043f\u0440\u0435\u0434\u0443\u043f\u0440\u0435\u0434\u0438\u0442\u0435\u043b\u044c\u043d\u043e\u0439 \u043e\u043a\u0440\u0430\u0441\u043a\u0438,<\/li>\n<li>\u0420\u0430\u0431\u043e\u0442\u044b, \u0432\u043a\u043b\u044e\u0447\u0430\u044e\u0449\u0438\u0435 \u043f\u043e\u043a\u0440\u0430\u0441\u043a\u0443 \u0434\u044b\u043c\u043e\u0445\u043e\u0434\u043e\u0432 \u0438 \u0432\u044b\u0448\u0435\u043a, \u0432\u044b\u043f\u043e\u043b\u043d\u044f\u044e\u0442\u0441\u044f \u043f\u043e \u0432\u0441\u0435\u0439 \u0415\u0432\u0440\u043e\u043f\u0435, \u043d\u0435\u0437\u0430\u0432\u0438\u0441\u0438\u043c\u043e \u043e\u0442 \u0441\u043f\u0435\u0446\u0438\u0444\u0438\u043a\u0438 \u043e\u0431\u044a\u0435\u043a\u0442\u0430 \u0438 \u043e\u0431\u044a\u0435\u043c\u0430 \u0440\u0430\u0431\u043e\u0442.<\/li>\n<\/ul>\n","protected":false},"excerpt":{"rendered":"<p>\u041f\u0440\u0435\u0434\u0443\u043f\u0440\u0435\u0436\u0434\u0430\u044e\u0449\u0430\u044f \u043e\u043a\u0440\u0430\u0441\u043a\u0430 \u0432\u043a\u043b\u044e\u0447\u0430\u0435\u0442 \u0441\u043e\u043e\u0442\u0432\u0435\u0442\u0441\u0442\u0432\u0443\u044e\u0449\u0443\u044e \u043c\u0430\u0440\u043a\u0438\u0440\u043e\u0432\u043a\u0443 \u0432\u044b\u0441\u043e\u043a\u0438\u0445 \u043f\u0440\u0435\u0434\u043c\u0435\u0442\u043e\u0432 \u043a\u0430\u043a \u0442\u0430\u043a \u043d\u0430\u0437\u044b\u0432\u0430\u0435\u043c\u0443\u044e \u0430\u0432\u0438\u0430\u0446\u0438\u043e\u043d\u043d\u044b\u0435 \u0437\u0430\u0433\u0440\u0430\u0436\u0434\u0435\u043d\u0438\u044f (\u0432 \u0441\u043e\u043e\u0442\u0432\u0435\u0442\u0441\u0442\u0432\u0438\u0438 \u0441 \u043f\u043e\u0441\u0442\u0430\u043d\u043e\u0432\u043b\u0435\u043d\u0438\u0435\u043c \u043c\u0438\u043d\u0438\u0441\u0442\u0440\u0430 \u0438\u043d\u0444\u0440\u0430\u0441\u0442\u0440\u0443\u043a\u0442\u0443\u0440\u044b \u043e\u0442 25 \u0438\u044e\u043d\u044f 2003 \u0433., \u0417\u0430\u043a\u043e\u043d\u043e\u0434\u0430\u0442\u0435\u043b\u044c\u043d\u044b\u0439 \u0432\u0435\u0441\u0442\u043d\u0438\u043a \u043e\u0442 2003 \u0433. \u2116 130, \u043f\u043e\u0437. 1193, \u0441 \u0438\u0437\u043c\u0435\u043d\u0435\u043d\u0438\u044f\u043c\u0438). \u041a \u043d\u0438\u043c, \u0432 \u0447\u0430\u0441\u0442\u043d\u043e\u0441\u0442\u0438, \u043e\u0442\u043d\u043e\u0441\u044f\u0442\u0441\u044f: \u043f\u043e\u0441\u0442\u043e\u044f\u043d\u043d\u044b\u0435 \u0438\u043b\u0438 \u0432\u0440\u0435\u043c\u0435\u043d\u043d\u044b\u0435 \u0441\u0442\u0440\u043e\u0438\u0442\u0435\u043b\u044c\u043d\u044b\u0435 \u0440\u0430\u0431\u043e\u0442\u044b \u0438 \u043f\u0440\u0438\u0440\u043e\u0434\u043d\u044b\u0435 \u043e\u0431\u044a\u0435\u043a\u0442\u044b \u0438\u043b\u0438 \u0438\u0445 \u0447\u0430\u0441\u0442\u0438, \u0432\u044b\u0441\u043e\u0442\u0430 \u043a\u043e\u0442\u043e\u0440\u044b\u0445 \u043f\u0440\u0435\u0432\u044b\u0448\u0430\u0435\u0442 \u043e\u0433\u0440\u0430\u043d\u0438\u0447\u0438\u0432\u0430\u044e\u0449\u0438\u0435 \u043f\u043e\u0432\u0435\u0440\u0445\u043d\u043e\u0441\u0442\u0438, [&hellip;]<\/p>\n","protected":false},"author":1,"featured_media":0,"parent":379,"menu_order":0,"comment_status":"closed","ping_status":"closed","template":"single-oferta.php","meta":{"ngg_post_thumbnail":0,"footnotes":""},"class_list":["post-392","page","type-page","status-publish","hentry"],"yoast_head":"<!-- This site is optimized with the Yoast SEO plugin v25.4 - https:\/\/yoast.com\/wordpress\/plugins\/seo\/ -->\n<title>\u043f\u0440\u0435\u0434\u0443\u043f\u0440\u0435\u0436\u0434\u0430\u044e\u0449\u0430\u044f \u043a\u0430\u0440\u0442\u0438\u043d\u0430 - Od\u015bnie\u017canie dach\u00f3w, Usuwanie \u015bniegu z dach\u00f3w,<\/title>\n<meta name=\"robots\" content=\"index, follow, max-snippet:-1, max-image-preview:large, max-video-preview:-1\" \/>\n<link rel=\"canonical\" href=\"https:\/\/renowacje.net.pl\/ru\/\u043f\u0440\u0435\u0434\u043b\u043e\u0436\u0435\u043d\u0438\u0435\/\u043f\u0440\u0435\u0434\u0443\u043f\u0440\u0435\u0436\u0434\u0430\u044e\u0449\u0430\u044f-\u043a\u0430\u0440\u0442\u0438\u043d\u0430\/\" \/>\n<meta property=\"og:locale\" content=\"ru_RU\" \/>\n<meta property=\"og:type\" content=\"article\" \/>\n<meta property=\"og:title\" content=\"\u043f\u0440\u0435\u0434\u0443\u043f\u0440\u0435\u0436\u0434\u0430\u044e\u0449\u0430\u044f \u043a\u0430\u0440\u0442\u0438\u043d\u0430 - Od\u015bnie\u017canie dach\u00f3w, Usuwanie \u015bniegu z dach\u00f3w,\" \/>\n<meta property=\"og:description\" content=\"\u041f\u0440\u0435\u0434\u0443\u043f\u0440\u0435\u0436\u0434\u0430\u044e\u0449\u0430\u044f \u043e\u043a\u0440\u0430\u0441\u043a\u0430 \u0432\u043a\u043b\u044e\u0447\u0430\u0435\u0442 \u0441\u043e\u043e\u0442\u0432\u0435\u0442\u0441\u0442\u0432\u0443\u044e\u0449\u0443\u044e \u043c\u0430\u0440\u043a\u0438\u0440\u043e\u0432\u043a\u0443 \u0432\u044b\u0441\u043e\u043a\u0438\u0445 \u043f\u0440\u0435\u0434\u043c\u0435\u0442\u043e\u0432 \u043a\u0430\u043a \u0442\u0430\u043a \u043d\u0430\u0437\u044b\u0432\u0430\u0435\u043c\u0443\u044e \u0430\u0432\u0438\u0430\u0446\u0438\u043e\u043d\u043d\u044b\u0435 \u0437\u0430\u0433\u0440\u0430\u0436\u0434\u0435\u043d\u0438\u044f (\u0432 \u0441\u043e\u043e\u0442\u0432\u0435\u0442\u0441\u0442\u0432\u0438\u0438 \u0441 \u043f\u043e\u0441\u0442\u0430\u043d\u043e\u0432\u043b\u0435\u043d\u0438\u0435\u043c \u043c\u0438\u043d\u0438\u0441\u0442\u0440\u0430 \u0438\u043d\u0444\u0440\u0430\u0441\u0442\u0440\u0443\u043a\u0442\u0443\u0440\u044b \u043e\u0442 25 \u0438\u044e\u043d\u044f 2003 \u0433., \u0417\u0430\u043a\u043e\u043d\u043e\u0434\u0430\u0442\u0435\u043b\u044c\u043d\u044b\u0439 \u0432\u0435\u0441\u0442\u043d\u0438\u043a \u043e\u0442 2003 \u0433. \u2116 130, \u043f\u043e\u0437. 1193, \u0441 \u0438\u0437\u043c\u0435\u043d\u0435\u043d\u0438\u044f\u043c\u0438). \u041a \u043d\u0438\u043c, \u0432 \u0447\u0430\u0441\u0442\u043d\u043e\u0441\u0442\u0438, \u043e\u0442\u043d\u043e\u0441\u044f\u0442\u0441\u044f: \u043f\u043e\u0441\u0442\u043e\u044f\u043d\u043d\u044b\u0435 \u0438\u043b\u0438 \u0432\u0440\u0435\u043c\u0435\u043d\u043d\u044b\u0435 \u0441\u0442\u0440\u043e\u0438\u0442\u0435\u043b\u044c\u043d\u044b\u0435 \u0440\u0430\u0431\u043e\u0442\u044b \u0438 \u043f\u0440\u0438\u0440\u043e\u0434\u043d\u044b\u0435 \u043e\u0431\u044a\u0435\u043a\u0442\u044b \u0438\u043b\u0438 \u0438\u0445 \u0447\u0430\u0441\u0442\u0438, \u0432\u044b\u0441\u043e\u0442\u0430 \u043a\u043e\u0442\u043e\u0440\u044b\u0445 \u043f\u0440\u0435\u0432\u044b\u0448\u0430\u0435\u0442 \u043e\u0433\u0440\u0430\u043d\u0438\u0447\u0438\u0432\u0430\u044e\u0449\u0438\u0435 \u043f\u043e\u0432\u0435\u0440\u0445\u043d\u043e\u0441\u0442\u0438, [&hellip;]\" \/>\n<meta property=\"og:url\" content=\"https:\/\/renowacje.net.pl\/ru\/\u043f\u0440\u0435\u0434\u043b\u043e\u0436\u0435\u043d\u0438\u0435\/\u043f\u0440\u0435\u0434\u0443\u043f\u0440\u0435\u0436\u0434\u0430\u044e\u0449\u0430\u044f-\u043a\u0430\u0440\u0442\u0438\u043d\u0430\/\" \/>\n<meta property=\"og:site_name\" content=\"Od\u015bnie\u017canie dach\u00f3w, Usuwanie \u015bniegu z dach\u00f3w,\" \/>\n<meta property=\"article:publisher\" content=\"https:\/\/www.facebook.com\/ProspectGroupSpzoo\/\" \/>\n<meta property=\"article:modified_time\" content=\"2021-02-15T10:01:27+00:00\" \/>\n<meta name=\"twitter:card\" content=\"summary_large_image\" \/>\n<script type=\"application\/ld+json\" class=\"yoast-schema-graph\">{\"@context\":\"https:\/\/schema.org\",\"@graph\":[{\"@type\":\"WebPage\",\"@id\":\"https:\/\/renowacje.net.pl\/ru\/%d0%bf%d1%80%d0%b5%d0%b4%d0%bb%d0%be%d0%b6%d0%b5%d0%bd%d0%b8%d0%b5\/%d0%bf%d1%80%d0%b5%d0%b4%d1%83%d0%bf%d1%80%d0%b5%d0%b6%d0%b4%d0%b0%d1%8e%d1%89%d0%b0%d1%8f-%d0%ba%d0%b0%d1%80%d1%82%d0%b8%d0%bd%d0%b0\/\",\"url\":\"https:\/\/renowacje.net.pl\/ru\/%d0%bf%d1%80%d0%b5%d0%b4%d0%bb%d0%be%d0%b6%d0%b5%d0%bd%d0%b8%d0%b5\/%d0%bf%d1%80%d0%b5%d0%b4%d1%83%d0%bf%d1%80%d0%b5%d0%b6%d0%b4%d0%b0%d1%8e%d1%89%d0%b0%d1%8f-%d0%ba%d0%b0%d1%80%d1%82%d0%b8%d0%bd%d0%b0\/\",\"name\":\"\u043f\u0440\u0435\u0434\u0443\u043f\u0440\u0435\u0436\u0434\u0430\u044e\u0449\u0430\u044f \u043a\u0430\u0440\u0442\u0438\u043d\u0430 - Od\u015bnie\u017canie dach\u00f3w, Usuwanie \u015bniegu z dach\u00f3w,\",\"isPartOf\":{\"@id\":\"https:\/\/renowacje.net.pl\/#website\"},\"datePublished\":\"2017-07-13T11:23:07+00:00\",\"dateModified\":\"2021-02-15T10:01:27+00:00\",\"breadcrumb\":{\"@id\":\"https:\/\/renowacje.net.pl\/ru\/%d0%bf%d1%80%d0%b5%d0%b4%d0%bb%d0%be%d0%b6%d0%b5%d0%bd%d0%b8%d0%b5\/%d0%bf%d1%80%d0%b5%d0%b4%d1%83%d0%bf%d1%80%d0%b5%d0%b6%d0%b4%d0%b0%d1%8e%d1%89%d0%b0%d1%8f-%d0%ba%d0%b0%d1%80%d1%82%d0%b8%d0%bd%d0%b0\/#breadcrumb\"},\"inLanguage\":\"ru-RU\",\"potentialAction\":[{\"@type\":\"ReadAction\",\"target\":[\"https:\/\/renowacje.net.pl\/ru\/%d0%bf%d1%80%d0%b5%d0%b4%d0%bb%d0%be%d0%b6%d0%b5%d0%bd%d0%b8%d0%b5\/%d0%bf%d1%80%d0%b5%d0%b4%d1%83%d0%bf%d1%80%d0%b5%d0%b6%d0%b4%d0%b0%d1%8e%d1%89%d0%b0%d1%8f-%d0%ba%d0%b0%d1%80%d1%82%d0%b8%d0%bd%d0%b0\/\"]}]},{\"@type\":\"BreadcrumbList\",\"@id\":\"https:\/\/renowacje.net.pl\/ru\/%d0%bf%d1%80%d0%b5%d0%b4%d0%bb%d0%be%d0%b6%d0%b5%d0%bd%d0%b8%d0%b5\/%d0%bf%d1%80%d0%b5%d0%b4%d1%83%d0%bf%d1%80%d0%b5%d0%b6%d0%b4%d0%b0%d1%8e%d1%89%d0%b0%d1%8f-%d0%ba%d0%b0%d1%80%d1%82%d0%b8%d0%bd%d0%b0\/#breadcrumb\",\"itemListElement\":[{\"@type\":\"ListItem\",\"position\":1,\"name\":\"Strona g\u0142\u00f3wna\",\"item\":\"https:\/\/renowacje.net.pl\/ru\/\"},{\"@type\":\"ListItem\",\"position\":2,\"name\":\"\u043f\u0440\u0435\u0434\u043b\u043e\u0436\u0435\u043d\u0438\u0435\",\"item\":\"https:\/\/renowacje.net.pl\/ru\/%d0%bf%d1%80%d0%b5%d0%b4%d0%bb%d0%be%d0%b6%d0%b5%d0%bd%d0%b8%d0%b5\/\"},{\"@type\":\"ListItem\",\"position\":3,\"name\":\"\u043f\u0440\u0435\u0434\u0443\u043f\u0440\u0435\u0436\u0434\u0430\u044e\u0449\u0430\u044f \u043a\u0430\u0440\u0442\u0438\u043d\u0430\"}]},{\"@type\":\"WebSite\",\"@id\":\"https:\/\/renowacje.net.pl\/#website\",\"url\":\"https:\/\/renowacje.net.pl\/\",\"name\":\"Od\u015bnie\u017canie dach\u00f3w, Usuwanie \u015bniegu z dach\u00f3w,\",\"description\":\"Od\u015bnie\u017canie dach\u00f3w, Usuwanie \u015bniegu z dach\u00f3w,\",\"potentialAction\":[{\"@type\":\"SearchAction\",\"target\":{\"@type\":\"EntryPoint\",\"urlTemplate\":\"https:\/\/renowacje.net.pl\/?s={search_term_string}\"},\"query-input\":{\"@type\":\"PropertyValueSpecification\",\"valueRequired\":true,\"valueName\":\"search_term_string\"}}],\"inLanguage\":\"ru-RU\"}]}<\/script>\n<!-- \/ Yoast SEO plugin. -->","yoast_head_json":{"title":"\u043f\u0440\u0435\u0434\u0443\u043f\u0440\u0435\u0436\u0434\u0430\u044e\u0449\u0430\u044f \u043a\u0430\u0440\u0442\u0438\u043d\u0430 - Od\u015bnie\u017canie dach\u00f3w, Usuwanie \u015bniegu z dach\u00f3w,","robots":{"index":"index","follow":"follow","max-snippet":"max-snippet:-1","max-image-preview":"max-image-preview:large","max-video-preview":"max-video-preview:-1"},"canonical":"https:\/\/renowacje.net.pl\/ru\/\u043f\u0440\u0435\u0434\u043b\u043e\u0436\u0435\u043d\u0438\u0435\/\u043f\u0440\u0435\u0434\u0443\u043f\u0440\u0435\u0436\u0434\u0430\u044e\u0449\u0430\u044f-\u043a\u0430\u0440\u0442\u0438\u043d\u0430\/","og_locale":"ru_RU","og_type":"article","og_title":"\u043f\u0440\u0435\u0434\u0443\u043f\u0440\u0435\u0436\u0434\u0430\u044e\u0449\u0430\u044f \u043a\u0430\u0440\u0442\u0438\u043d\u0430 - Od\u015bnie\u017canie dach\u00f3w, Usuwanie \u015bniegu z dach\u00f3w,","og_description":"\u041f\u0440\u0435\u0434\u0443\u043f\u0440\u0435\u0436\u0434\u0430\u044e\u0449\u0430\u044f \u043e\u043a\u0440\u0430\u0441\u043a\u0430 \u0432\u043a\u043b\u044e\u0447\u0430\u0435\u0442 \u0441\u043e\u043e\u0442\u0432\u0435\u0442\u0441\u0442\u0432\u0443\u044e\u0449\u0443\u044e \u043c\u0430\u0440\u043a\u0438\u0440\u043e\u0432\u043a\u0443 \u0432\u044b\u0441\u043e\u043a\u0438\u0445 \u043f\u0440\u0435\u0434\u043c\u0435\u0442\u043e\u0432 \u043a\u0430\u043a \u0442\u0430\u043a \u043d\u0430\u0437\u044b\u0432\u0430\u0435\u043c\u0443\u044e \u0430\u0432\u0438\u0430\u0446\u0438\u043e\u043d\u043d\u044b\u0435 \u0437\u0430\u0433\u0440\u0430\u0436\u0434\u0435\u043d\u0438\u044f (\u0432 \u0441\u043e\u043e\u0442\u0432\u0435\u0442\u0441\u0442\u0432\u0438\u0438 \u0441 \u043f\u043e\u0441\u0442\u0430\u043d\u043e\u0432\u043b\u0435\u043d\u0438\u0435\u043c \u043c\u0438\u043d\u0438\u0441\u0442\u0440\u0430 \u0438\u043d\u0444\u0440\u0430\u0441\u0442\u0440\u0443\u043a\u0442\u0443\u0440\u044b \u043e\u0442 25 \u0438\u044e\u043d\u044f 2003 \u0433., \u0417\u0430\u043a\u043e\u043d\u043e\u0434\u0430\u0442\u0435\u043b\u044c\u043d\u044b\u0439 \u0432\u0435\u0441\u0442\u043d\u0438\u043a \u043e\u0442 2003 \u0433. \u2116 130, \u043f\u043e\u0437. 1193, \u0441 \u0438\u0437\u043c\u0435\u043d\u0435\u043d\u0438\u044f\u043c\u0438). \u041a \u043d\u0438\u043c, \u0432 \u0447\u0430\u0441\u0442\u043d\u043e\u0441\u0442\u0438, \u043e\u0442\u043d\u043e\u0441\u044f\u0442\u0441\u044f: \u043f\u043e\u0441\u0442\u043e\u044f\u043d\u043d\u044b\u0435 \u0438\u043b\u0438 \u0432\u0440\u0435\u043c\u0435\u043d\u043d\u044b\u0435 \u0441\u0442\u0440\u043e\u0438\u0442\u0435\u043b\u044c\u043d\u044b\u0435 \u0440\u0430\u0431\u043e\u0442\u044b \u0438 \u043f\u0440\u0438\u0440\u043e\u0434\u043d\u044b\u0435 \u043e\u0431\u044a\u0435\u043a\u0442\u044b \u0438\u043b\u0438 \u0438\u0445 \u0447\u0430\u0441\u0442\u0438, \u0432\u044b\u0441\u043e\u0442\u0430 \u043a\u043e\u0442\u043e\u0440\u044b\u0445 \u043f\u0440\u0435\u0432\u044b\u0448\u0430\u0435\u0442 \u043e\u0433\u0440\u0430\u043d\u0438\u0447\u0438\u0432\u0430\u044e\u0449\u0438\u0435 \u043f\u043e\u0432\u0435\u0440\u0445\u043d\u043e\u0441\u0442\u0438, [&hellip;]","og_url":"https:\/\/renowacje.net.pl\/ru\/\u043f\u0440\u0435\u0434\u043b\u043e\u0436\u0435\u043d\u0438\u0435\/\u043f\u0440\u0435\u0434\u0443\u043f\u0440\u0435\u0436\u0434\u0430\u044e\u0449\u0430\u044f-\u043a\u0430\u0440\u0442\u0438\u043d\u0430\/","og_site_name":"Od\u015bnie\u017canie dach\u00f3w, Usuwanie \u015bniegu z dach\u00f3w,","article_publisher":"https:\/\/www.facebook.com\/ProspectGroupSpzoo\/","article_modified_time":"2021-02-15T10:01:27+00:00","twitter_card":"summary_large_image","schema":{"@context":"https:\/\/schema.org","@graph":[{"@type":"WebPage","@id":"https:\/\/renowacje.net.pl\/ru\/%d0%bf%d1%80%d0%b5%d0%b4%d0%bb%d0%be%d0%b6%d0%b5%d0%bd%d0%b8%d0%b5\/%d0%bf%d1%80%d0%b5%d0%b4%d1%83%d0%bf%d1%80%d0%b5%d0%b6%d0%b4%d0%b0%d1%8e%d1%89%d0%b0%d1%8f-%d0%ba%d0%b0%d1%80%d1%82%d0%b8%d0%bd%d0%b0\/","url":"https:\/\/renowacje.net.pl\/ru\/%d0%bf%d1%80%d0%b5%d0%b4%d0%bb%d0%be%d0%b6%d0%b5%d0%bd%d0%b8%d0%b5\/%d0%bf%d1%80%d0%b5%d0%b4%d1%83%d0%bf%d1%80%d0%b5%d0%b6%d0%b4%d0%b0%d1%8e%d1%89%d0%b0%d1%8f-%d0%ba%d0%b0%d1%80%d1%82%d0%b8%d0%bd%d0%b0\/","name":"\u043f\u0440\u0435\u0434\u0443\u043f\u0440\u0435\u0436\u0434\u0430\u044e\u0449\u0430\u044f \u043a\u0430\u0440\u0442\u0438\u043d\u0430 - Od\u015bnie\u017canie dach\u00f3w, Usuwanie \u015bniegu z dach\u00f3w,","isPartOf":{"@id":"https:\/\/renowacje.net.pl\/#website"},"datePublished":"2017-07-13T11:23:07+00:00","dateModified":"2021-02-15T10:01:27+00:00","breadcrumb":{"@id":"https:\/\/renowacje.net.pl\/ru\/%d0%bf%d1%80%d0%b5%d0%b4%d0%bb%d0%be%d0%b6%d0%b5%d0%bd%d0%b8%d0%b5\/%d0%bf%d1%80%d0%b5%d0%b4%d1%83%d0%bf%d1%80%d0%b5%d0%b6%d0%b4%d0%b0%d1%8e%d1%89%d0%b0%d1%8f-%d0%ba%d0%b0%d1%80%d1%82%d0%b8%d0%bd%d0%b0\/#breadcrumb"},"inLanguage":"ru-RU","potentialAction":[{"@type":"ReadAction","target":["https:\/\/renowacje.net.pl\/ru\/%d0%bf%d1%80%d0%b5%d0%b4%d0%bb%d0%be%d0%b6%d0%b5%d0%bd%d0%b8%d0%b5\/%d0%bf%d1%80%d0%b5%d0%b4%d1%83%d0%bf%d1%80%d0%b5%d0%b6%d0%b4%d0%b0%d1%8e%d1%89%d0%b0%d1%8f-%d0%ba%d0%b0%d1%80%d1%82%d0%b8%d0%bd%d0%b0\/"]}]},{"@type":"BreadcrumbList","@id":"https:\/\/renowacje.net.pl\/ru\/%d0%bf%d1%80%d0%b5%d0%b4%d0%bb%d0%be%d0%b6%d0%b5%d0%bd%d0%b8%d0%b5\/%d0%bf%d1%80%d0%b5%d0%b4%d1%83%d0%bf%d1%80%d0%b5%d0%b6%d0%b4%d0%b0%d1%8e%d1%89%d0%b0%d1%8f-%d0%ba%d0%b0%d1%80%d1%82%d0%b8%d0%bd%d0%b0\/#breadcrumb","itemListElement":[{"@type":"ListItem","position":1,"name":"Strona g\u0142\u00f3wna","item":"https:\/\/renowacje.net.pl\/ru\/"},{"@type":"ListItem","position":2,"name":"\u043f\u0440\u0435\u0434\u043b\u043e\u0436\u0435\u043d\u0438\u0435","item":"https:\/\/renowacje.net.pl\/ru\/%d0%bf%d1%80%d0%b5%d0%b4%d0%bb%d0%be%d0%b6%d0%b5%d0%bd%d0%b8%d0%b5\/"},{"@type":"ListItem","position":3,"name":"\u043f\u0440\u0435\u0434\u0443\u043f\u0440\u0435\u0436\u0434\u0430\u044e\u0449\u0430\u044f \u043a\u0430\u0440\u0442\u0438\u043d\u0430"}]},{"@type":"WebSite","@id":"https:\/\/renowacje.net.pl\/#website","url":"https:\/\/renowacje.net.pl\/","name":"Od\u015bnie\u017canie dach\u00f3w, Usuwanie \u015bniegu z dach\u00f3w,","description":"Od\u015bnie\u017canie dach\u00f3w, Usuwanie \u015bniegu z dach\u00f3w,","potentialAction":[{"@type":"SearchAction","target":{"@type":"EntryPoint","urlTemplate":"https:\/\/renowacje.net.pl\/?s={search_term_string}"},"query-input":{"@type":"PropertyValueSpecification","valueRequired":true,"valueName":"search_term_string"}}],"inLanguage":"ru-RU"}]}},"_links":{"self":[{"href":"https:\/\/renowacje.net.pl\/ru\/wp-json\/wp\/v2\/pages\/392","targetHints":{"allow":["GET"]}}],"collection":[{"href":"https:\/\/renowacje.net.pl\/ru\/wp-json\/wp\/v2\/pages"}],"about":[{"href":"https:\/\/renowacje.net.pl\/ru\/wp-json\/wp\/v2\/types\/page"}],"author":[{"embeddable":true,"href":"https:\/\/renowacje.net.pl\/ru\/wp-json\/wp\/v2\/users\/1"}],"replies":[{"embeddable":true,"href":"https:\/\/renowacje.net.pl\/ru\/wp-json\/wp\/v2\/comments?post=392"}],"version-history":[{"count":3,"href":"https:\/\/renowacje.net.pl\/ru\/wp-json\/wp\/v2\/pages\/392\/revisions"}],"predecessor-version":[{"id":1760,"href":"https:\/\/renowacje.net.pl\/ru\/wp-json\/wp\/v2\/pages\/392\/revisions\/1760"}],"up":[{"embeddable":true,"href":"https:\/\/renowacje.net.pl\/ru\/wp-json\/wp\/v2\/pages\/379"}],"wp:attachment":[{"href":"https:\/\/renowacje.net.pl\/ru\/wp-json\/wp\/v2\/media?parent=392"}],"curies":[{"name":"wp","href":"https:\/\/api.w.org\/{rel}","templated":true}]}}