{"id":367,"date":"2017-07-11T12:45:46","date_gmt":"2017-07-11T10:45:46","guid":{"rendered":"http:\/\/renowacje.net.pl\/media\/"},"modified":"2021-02-15T10:41:03","modified_gmt":"2021-02-15T09:41:03","slug":"%d1%81%d1%80%d0%b5%d0%b4%d1%81%d1%82%d0%b2%d0%b0-%d0%bc%d0%b0%d1%81%d1%81%d0%be%d0%b2%d0%be%d0%b9-%d0%b8%d0%bd%d1%84%d0%be%d1%80%d0%bc%d0%b0%d1%86%d0%b8%d0%b8","status":"publish","type":"page","link":"https:\/\/renowacje.net.pl\/ru\/%d1%81%d1%80%d0%b5%d0%b4%d1%81%d1%82%d0%b2%d0%b0-%d0%bc%d0%b0%d1%81%d1%81%d0%be%d0%b2%d0%be%d0%b9-%d0%b8%d0%bd%d1%84%d0%be%d1%80%d0%bc%d0%b0%d1%86%d0%b8%d0%b8\/","title":{"rendered":"\u0441\u0440\u0435\u0434\u0441\u0442\u0432\u0430 \u043c\u0430\u0441\u0441\u043e\u0432\u043e\u0439 \u0438\u043d\u0444\u043e\u0440\u043c\u0430\u0446\u0438\u0438"},"content":{"rendered":"","protected":false},"excerpt":{"rendered":"","protected":false},"author":1,"featured_media":0,"parent":0,"menu_order":0,"comment_status":"closed","ping_status":"closed","template":"page-media.php","meta":{"ngg_post_thumbnail":0,"footnotes":""},"class_list":["post-367","page","type-page","status-publish","hentry"],"yoast_head":"<!-- This site is optimized with the Yoast SEO plugin v25.4 - https:\/\/yoast.com\/wordpress\/plugins\/seo\/ -->\n<title>\u0441\u0440\u0435\u0434\u0441\u0442\u0432\u0430 \u043c\u0430\u0441\u0441\u043e\u0432\u043e\u0439 \u0438\u043d\u0444\u043e\u0440\u043c\u0430\u0446\u0438\u0438 - Od\u015bnie\u017canie dach\u00f3w, Usuwanie \u015bniegu z dach\u00f3w,<\/title>\n<meta name=\"robots\" content=\"index, follow, max-snippet:-1, max-image-preview:large, max-video-preview:-1\" \/>\n<link rel=\"canonical\" href=\"https:\/\/renowacje.net.pl\/ru\/\u0441\u0440\u0435\u0434\u0441\u0442\u0432\u0430-\u043c\u0430\u0441\u0441\u043e\u0432\u043e\u0439-\u0438\u043d\u0444\u043e\u0440\u043c\u0430\u0446\u0438\u0438\/\" \/>\n<meta property=\"og:locale\" content=\"ru_RU\" \/>\n<meta property=\"og:type\" content=\"article\" \/>\n<meta property=\"og:title\" content=\"\u0441\u0440\u0435\u0434\u0441\u0442\u0432\u0430 \u043c\u0430\u0441\u0441\u043e\u0432\u043e\u0439 \u0438\u043d\u0444\u043e\u0440\u043c\u0430\u0446\u0438\u0438 - Od\u015bnie\u017canie dach\u00f3w, Usuwanie \u015bniegu z dach\u00f3w,\" \/>\n<meta property=\"og:url\" content=\"https:\/\/renowacje.net.pl\/ru\/\u0441\u0440\u0435\u0434\u0441\u0442\u0432\u0430-\u043c\u0430\u0441\u0441\u043e\u0432\u043e\u0439-\u0438\u043d\u0444\u043e\u0440\u043c\u0430\u0446\u0438\u0438\/\" \/>\n<meta property=\"og:site_name\" content=\"Od\u015bnie\u017canie dach\u00f3w, Usuwanie \u015bniegu z dach\u00f3w,\" \/>\n<meta property=\"article:publisher\" content=\"https:\/\/www.facebook.com\/ProspectGroupSpzoo\/\" \/>\n<meta property=\"article:modified_time\" content=\"2021-02-15T09:41:03+00:00\" \/>\n<meta name=\"twitter:card\" content=\"summary_large_image\" \/>\n<script type=\"application\/ld+json\" class=\"yoast-schema-graph\">{\"@context\":\"https:\/\/schema.org\",\"@graph\":[{\"@type\":\"WebPage\",\"@id\":\"https:\/\/renowacje.net.pl\/ru\/%d1%81%d1%80%d0%b5%d0%b4%d1%81%d1%82%d0%b2%d0%b0-%d0%bc%d0%b0%d1%81%d1%81%d0%be%d0%b2%d0%be%d0%b9-%d0%b8%d0%bd%d1%84%d0%be%d1%80%d0%bc%d0%b0%d1%86%d0%b8%d0%b8\/\",\"url\":\"https:\/\/renowacje.net.pl\/ru\/%d1%81%d1%80%d0%b5%d0%b4%d1%81%d1%82%d0%b2%d0%b0-%d0%bc%d0%b0%d1%81%d1%81%d0%be%d0%b2%d0%be%d0%b9-%d0%b8%d0%bd%d1%84%d0%be%d1%80%d0%bc%d0%b0%d1%86%d0%b8%d0%b8\/\",\"name\":\"\u0441\u0440\u0435\u0434\u0441\u0442\u0432\u0430 \u043c\u0430\u0441\u0441\u043e\u0432\u043e\u0439 \u0438\u043d\u0444\u043e\u0440\u043c\u0430\u0446\u0438\u0438 - Od\u015bnie\u017canie dach\u00f3w, Usuwanie \u015bniegu z dach\u00f3w,\",\"isPartOf\":{\"@id\":\"https:\/\/renowacje.net.pl\/#website\"},\"datePublished\":\"2017-07-11T10:45:46+00:00\",\"dateModified\":\"2021-02-15T09:41:03+00:00\",\"breadcrumb\":{\"@id\":\"https:\/\/renowacje.net.pl\/ru\/%d1%81%d1%80%d0%b5%d0%b4%d1%81%d1%82%d0%b2%d0%b0-%d0%bc%d0%b0%d1%81%d1%81%d0%be%d0%b2%d0%be%d0%b9-%d0%b8%d0%bd%d1%84%d0%be%d1%80%d0%bc%d0%b0%d1%86%d0%b8%d0%b8\/#breadcrumb\"},\"inLanguage\":\"ru-RU\",\"potentialAction\":[{\"@type\":\"ReadAction\",\"target\":[\"https:\/\/renowacje.net.pl\/ru\/%d1%81%d1%80%d0%b5%d0%b4%d1%81%d1%82%d0%b2%d0%b0-%d0%bc%d0%b0%d1%81%d1%81%d0%be%d0%b2%d0%be%d0%b9-%d0%b8%d0%bd%d1%84%d0%be%d1%80%d0%bc%d0%b0%d1%86%d0%b8%d0%b8\/\"]}]},{\"@type\":\"BreadcrumbList\",\"@id\":\"https:\/\/renowacje.net.pl\/ru\/%d1%81%d1%80%d0%b5%d0%b4%d1%81%d1%82%d0%b2%d0%b0-%d0%bc%d0%b0%d1%81%d1%81%d0%be%d0%b2%d0%be%d0%b9-%d0%b8%d0%bd%d1%84%d0%be%d1%80%d0%bc%d0%b0%d1%86%d0%b8%d0%b8\/#breadcrumb\",\"itemListElement\":[{\"@type\":\"ListItem\",\"position\":1,\"name\":\"Strona g\u0142\u00f3wna\",\"item\":\"https:\/\/renowacje.net.pl\/ru\/\"},{\"@type\":\"ListItem\",\"position\":2,\"name\":\"\u0441\u0440\u0435\u0434\u0441\u0442\u0432\u0430 \u043c\u0430\u0441\u0441\u043e\u0432\u043e\u0439 \u0438\u043d\u0444\u043e\u0440\u043c\u0430\u0446\u0438\u0438\"}]},{\"@type\":\"WebSite\",\"@id\":\"https:\/\/renowacje.net.pl\/#website\",\"url\":\"https:\/\/renowacje.net.pl\/\",\"name\":\"Od\u015bnie\u017canie dach\u00f3w, Usuwanie \u015bniegu z dach\u00f3w,\",\"description\":\"Od\u015bnie\u017canie dach\u00f3w, Usuwanie \u015bniegu z dach\u00f3w,\",\"potentialAction\":[{\"@type\":\"SearchAction\",\"target\":{\"@type\":\"EntryPoint\",\"urlTemplate\":\"https:\/\/renowacje.net.pl\/?s={search_term_string}\"},\"query-input\":{\"@type\":\"PropertyValueSpecification\",\"valueRequired\":true,\"valueName\":\"search_term_string\"}}],\"inLanguage\":\"ru-RU\"}]}<\/script>\n<!-- \/ Yoast SEO plugin. -->","yoast_head_json":{"title":"\u0441\u0440\u0435\u0434\u0441\u0442\u0432\u0430 \u043c\u0430\u0441\u0441\u043e\u0432\u043e\u0439 \u0438\u043d\u0444\u043e\u0440\u043c\u0430\u0446\u0438\u0438 - Od\u015bnie\u017canie dach\u00f3w, Usuwanie \u015bniegu z dach\u00f3w,","robots":{"index":"index","follow":"follow","max-snippet":"max-snippet:-1","max-image-preview":"max-image-preview:large","max-video-preview":"max-video-preview:-1"},"canonical":"https:\/\/renowacje.net.pl\/ru\/\u0441\u0440\u0435\u0434\u0441\u0442\u0432\u0430-\u043c\u0430\u0441\u0441\u043e\u0432\u043e\u0439-\u0438\u043d\u0444\u043e\u0440\u043c\u0430\u0446\u0438\u0438\/","og_locale":"ru_RU","og_type":"article","og_title":"\u0441\u0440\u0435\u0434\u0441\u0442\u0432\u0430 \u043c\u0430\u0441\u0441\u043e\u0432\u043e\u0439 \u0438\u043d\u0444\u043e\u0440\u043c\u0430\u0446\u0438\u0438 - Od\u015bnie\u017canie dach\u00f3w, Usuwanie \u015bniegu z dach\u00f3w,","og_url":"https:\/\/renowacje.net.pl\/ru\/\u0441\u0440\u0435\u0434\u0441\u0442\u0432\u0430-\u043c\u0430\u0441\u0441\u043e\u0432\u043e\u0439-\u0438\u043d\u0444\u043e\u0440\u043c\u0430\u0446\u0438\u0438\/","og_site_name":"Od\u015bnie\u017canie dach\u00f3w, Usuwanie \u015bniegu z dach\u00f3w,","article_publisher":"https:\/\/www.facebook.com\/ProspectGroupSpzoo\/","article_modified_time":"2021-02-15T09:41:03+00:00","twitter_card":"summary_large_image","schema":{"@context":"https:\/\/schema.org","@graph":[{"@type":"WebPage","@id":"https:\/\/renowacje.net.pl\/ru\/%d1%81%d1%80%d0%b5%d0%b4%d1%81%d1%82%d0%b2%d0%b0-%d0%bc%d0%b0%d1%81%d1%81%d0%be%d0%b2%d0%be%d0%b9-%d0%b8%d0%bd%d1%84%d0%be%d1%80%d0%bc%d0%b0%d1%86%d0%b8%d0%b8\/","url":"https:\/\/renowacje.net.pl\/ru\/%d1%81%d1%80%d0%b5%d0%b4%d1%81%d1%82%d0%b2%d0%b0-%d0%bc%d0%b0%d1%81%d1%81%d0%be%d0%b2%d0%be%d0%b9-%d0%b8%d0%bd%d1%84%d0%be%d1%80%d0%bc%d0%b0%d1%86%d0%b8%d0%b8\/","name":"\u0441\u0440\u0435\u0434\u0441\u0442\u0432\u0430 \u043c\u0430\u0441\u0441\u043e\u0432\u043e\u0439 \u0438\u043d\u0444\u043e\u0440\u043c\u0430\u0446\u0438\u0438 - Od\u015bnie\u017canie dach\u00f3w, Usuwanie \u015bniegu z dach\u00f3w,","isPartOf":{"@id":"https:\/\/renowacje.net.pl\/#website"},"datePublished":"2017-07-11T10:45:46+00:00","dateModified":"2021-02-15T09:41:03+00:00","breadcrumb":{"@id":"https:\/\/renowacje.net.pl\/ru\/%d1%81%d1%80%d0%b5%d0%b4%d1%81%d1%82%d0%b2%d0%b0-%d0%bc%d0%b0%d1%81%d1%81%d0%be%d0%b2%d0%be%d0%b9-%d0%b8%d0%bd%d1%84%d0%be%d1%80%d0%bc%d0%b0%d1%86%d0%b8%d0%b8\/#breadcrumb"},"inLanguage":"ru-RU","potentialAction":[{"@type":"ReadAction","target":["https:\/\/renowacje.net.pl\/ru\/%d1%81%d1%80%d0%b5%d0%b4%d1%81%d1%82%d0%b2%d0%b0-%d0%bc%d0%b0%d1%81%d1%81%d0%be%d0%b2%d0%be%d0%b9-%d0%b8%d0%bd%d1%84%d0%be%d1%80%d0%bc%d0%b0%d1%86%d0%b8%d0%b8\/"]}]},{"@type":"BreadcrumbList","@id":"https:\/\/renowacje.net.pl\/ru\/%d1%81%d1%80%d0%b5%d0%b4%d1%81%d1%82%d0%b2%d0%b0-%d0%bc%d0%b0%d1%81%d1%81%d0%be%d0%b2%d0%be%d0%b9-%d0%b8%d0%bd%d1%84%d0%be%d1%80%d0%bc%d0%b0%d1%86%d0%b8%d0%b8\/#breadcrumb","itemListElement":[{"@type":"ListItem","position":1,"name":"Strona g\u0142\u00f3wna","item":"https:\/\/renowacje.net.pl\/ru\/"},{"@type":"ListItem","position":2,"name":"\u0441\u0440\u0435\u0434\u0441\u0442\u0432\u0430 \u043c\u0430\u0441\u0441\u043e\u0432\u043e\u0439 \u0438\u043d\u0444\u043e\u0440\u043c\u0430\u0446\u0438\u0438"}]},{"@type":"WebSite","@id":"https:\/\/renowacje.net.pl\/#website","url":"https:\/\/renowacje.net.pl\/","name":"Od\u015bnie\u017canie dach\u00f3w, Usuwanie \u015bniegu z dach\u00f3w,","description":"Od\u015bnie\u017canie dach\u00f3w, Usuwanie \u015bniegu z dach\u00f3w,","potentialAction":[{"@type":"SearchAction","target":{"@type":"EntryPoint","urlTemplate":"https:\/\/renowacje.net.pl\/?s={search_term_string}"},"query-input":{"@type":"PropertyValueSpecification","valueRequired":true,"valueName":"search_term_string"}}],"inLanguage":"ru-RU"}]}},"_links":{"self":[{"href":"https:\/\/renowacje.net.pl\/ru\/wp-json\/wp\/v2\/pages\/367","targetHints":{"allow":["GET"]}}],"collection":[{"href":"https:\/\/renowacje.net.pl\/ru\/wp-json\/wp\/v2\/pages"}],"about":[{"href":"https:\/\/renowacje.net.pl\/ru\/wp-json\/wp\/v2\/types\/page"}],"author":[{"embeddable":true,"href":"https:\/\/renowacje.net.pl\/ru\/wp-json\/wp\/v2\/users\/1"}],"replies":[{"embeddable":true,"href":"https:\/\/renowacje.net.pl\/ru\/wp-json\/wp\/v2\/comments?post=367"}],"version-history":[{"count":2,"href":"https:\/\/renowacje.net.pl\/ru\/wp-json\/wp\/v2\/pages\/367\/revisions"}],"predecessor-version":[{"id":2026,"href":"https:\/\/renowacje.net.pl\/ru\/wp-json\/wp\/v2\/pages\/367\/revisions\/2026"}],"wp:attachment":[{"href":"https:\/\/renowacje.net.pl\/ru\/wp-json\/wp\/v2\/media?parent=367"}],"curies":[{"name":"wp","href":"https:\/\/api.w.org\/{rel}","templated":true}]}}