{"id":406,"date":"2017-07-13T13:23:25","date_gmt":"2017-07-13T11:23:25","guid":{"rendered":"http:\/\/renowacje.net.pl\/oferta\/uslugi-alpinistyczne\/"},"modified":"2021-02-04T11:25:43","modified_gmt":"2021-02-04T10:25:43","slug":"climbing-services","status":"publish","type":"page","link":"https:\/\/renowacje.net.pl\/en\/offer\/climbing-services\/","title":{"rendered":"Climbing services"},"content":{"rendered":"<p>Climbing methods work perfectly for places impossible to reach directly or by means of traditional scaffolding. Working at height using rope access and climbing techniques is our specialty and main activity. This enables us to guarantee:<\/p>\n<ul>\n<li>provision of services with utmost care,<\/li>\n<li>effectiveness in the execution of orders with varying degrees of complexity,<\/li>\n<li>perfect final result, regardless of the prevailing conditions.<\/li>\n<\/ul>\n<p><strong>What are we characterized by?<\/strong><\/p>\n<ul>\n<li>trained personnel with required by Polish law entitlement to work at height (medical examinations and training)<\/li>\n<li>Specialists with additional permissions, such as: electric issued by the Energy Regulatory Office (ERO) and operation machinery and technical equipment (UDT)<\/li>\n<li>Extensive experience in carrying out works at height, of varying degrees of difficulty and complexity<\/li>\n<li>Supply of services while maintaining all required standards, safety \u2013 above all<\/li>\n<li>High potential of realization of contracts &#8211; we operate all over Europe<\/li>\n<\/ul>\n<p><strong>As part of the climbing services offered by us (working at heights), we include:<\/strong><\/p>\n<ul>\n<li>corrosion protection of steel structures of halls and factories,<\/li>\n<li>renovations of steel pipelines, silos or overhead cranes,<\/li>\n<li>marking and protection painting of GSM towers, telecommunication masts and chimneys<\/li>\n<li>roof snow removal and measurement of snow depth<\/li>\n<li>roofing repair<\/li>\n<li>cleaning and washing of facades and widows of buildings<\/li>\n<li>Technical inspection of various kinds of facilities,<\/li>\n<li>as well as other services with use of climbing equipment.<\/li>\n<\/ul>\n<p><strong>Why use climbing techniques?<\/strong><\/p>\n<ul>\n<li>they work well where technical difficulties or unprofitability exclude the application of standard scaffolding<\/li>\n<li>They allow for a significant reduction of costs &#8211; do not require the use of cranes and hoists<\/li>\n<li>The work carried out using rope access methods are non-invasive &#8211; do not affect facilities, their parts, and surroundings<\/li>\n<\/ul>\n","protected":false},"excerpt":{"rendered":"<p>Climbing methods work perfectly for places impossible to reach directly or by means of traditional scaffolding. Working at height using rope access and climbing techniques is our specialty and main activity. This enables us to guarantee: provision of services with utmost care, effectiveness in the execution of orders with varying degrees of complexity, perfect final [&hellip;]<\/p>\n","protected":false},"author":1,"featured_media":0,"parent":377,"menu_order":0,"comment_status":"closed","ping_status":"closed","template":"single-oferta.php","meta":{"ngg_post_thumbnail":0,"footnotes":""},"class_list":["post-406","page","type-page","status-publish","hentry"],"yoast_head":"<!-- This site is optimized with the Yoast SEO plugin v25.4 - https:\/\/yoast.com\/wordpress\/plugins\/seo\/ -->\n<title>Climbing services - Od\u015bnie\u017canie dach\u00f3w, Usuwanie \u015bniegu z dach\u00f3w,<\/title>\n<meta name=\"robots\" content=\"index, follow, max-snippet:-1, max-image-preview:large, max-video-preview:-1\" \/>\n<link rel=\"canonical\" href=\"https:\/\/renowacje.net.pl\/en\/offer\/climbing-services\/\" \/>\n<meta property=\"og:locale\" content=\"en_US\" \/>\n<meta property=\"og:type\" content=\"article\" \/>\n<meta property=\"og:title\" content=\"Climbing services - Od\u015bnie\u017canie dach\u00f3w, Usuwanie \u015bniegu z dach\u00f3w,\" \/>\n<meta property=\"og:description\" content=\"Climbing methods work perfectly for places impossible to reach directly or by means of traditional scaffolding. Working at height using rope access and climbing techniques is our specialty and main activity. This enables us to guarantee: provision of services with utmost care, effectiveness in the execution of orders with varying degrees of complexity, perfect final [&hellip;]\" \/>\n<meta property=\"og:url\" content=\"https:\/\/renowacje.net.pl\/en\/offer\/climbing-services\/\" \/>\n<meta property=\"og:site_name\" content=\"Od\u015bnie\u017canie dach\u00f3w, Usuwanie \u015bniegu z dach\u00f3w,\" \/>\n<meta property=\"article:publisher\" content=\"https:\/\/www.facebook.com\/ProspectGroupSpzoo\/\" \/>\n<meta property=\"article:modified_time\" content=\"2021-02-04T10:25:43+00:00\" \/>\n<meta name=\"twitter:card\" content=\"summary_large_image\" \/>\n<meta name=\"twitter:label1\" content=\"Est. reading time\" \/>\n\t<meta name=\"twitter:data1\" content=\"1 minute\" \/>\n<script type=\"application\/ld+json\" class=\"yoast-schema-graph\">{\"@context\":\"https:\/\/schema.org\",\"@graph\":[{\"@type\":\"WebPage\",\"@id\":\"https:\/\/renowacje.net.pl\/en\/offer\/climbing-services\/\",\"url\":\"https:\/\/renowacje.net.pl\/en\/offer\/climbing-services\/\",\"name\":\"Climbing services - Od\u015bnie\u017canie dach\u00f3w, Usuwanie \u015bniegu z dach\u00f3w,\",\"isPartOf\":{\"@id\":\"https:\/\/renowacje.net.pl\/#website\"},\"datePublished\":\"2017-07-13T11:23:25+00:00\",\"dateModified\":\"2021-02-04T10:25:43+00:00\",\"breadcrumb\":{\"@id\":\"https:\/\/renowacje.net.pl\/en\/offer\/climbing-services\/#breadcrumb\"},\"inLanguage\":\"en-US\",\"potentialAction\":[{\"@type\":\"ReadAction\",\"target\":[\"https:\/\/renowacje.net.pl\/en\/offer\/climbing-services\/\"]}]},{\"@type\":\"BreadcrumbList\",\"@id\":\"https:\/\/renowacje.net.pl\/en\/offer\/climbing-services\/#breadcrumb\",\"itemListElement\":[{\"@type\":\"ListItem\",\"position\":1,\"name\":\"Strona g\u0142\u00f3wna\",\"item\":\"https:\/\/renowacje.net.pl\/en\/\"},{\"@type\":\"ListItem\",\"position\":2,\"name\":\"Offer\",\"item\":\"https:\/\/renowacje.net.pl\/en\/offer\/\"},{\"@type\":\"ListItem\",\"position\":3,\"name\":\"Climbing services\"}]},{\"@type\":\"WebSite\",\"@id\":\"https:\/\/renowacje.net.pl\/#website\",\"url\":\"https:\/\/renowacje.net.pl\/\",\"name\":\"Od\u015bnie\u017canie dach\u00f3w, Usuwanie \u015bniegu z dach\u00f3w,\",\"description\":\"Od\u015bnie\u017canie dach\u00f3w, Usuwanie \u015bniegu z dach\u00f3w,\",\"potentialAction\":[{\"@type\":\"SearchAction\",\"target\":{\"@type\":\"EntryPoint\",\"urlTemplate\":\"https:\/\/renowacje.net.pl\/?s={search_term_string}\"},\"query-input\":{\"@type\":\"PropertyValueSpecification\",\"valueRequired\":true,\"valueName\":\"search_term_string\"}}],\"inLanguage\":\"en-US\"}]}<\/script>\n<!-- \/ Yoast SEO plugin. -->","yoast_head_json":{"title":"Climbing services - Od\u015bnie\u017canie dach\u00f3w, Usuwanie \u015bniegu z dach\u00f3w,","robots":{"index":"index","follow":"follow","max-snippet":"max-snippet:-1","max-image-preview":"max-image-preview:large","max-video-preview":"max-video-preview:-1"},"canonical":"https:\/\/renowacje.net.pl\/en\/offer\/climbing-services\/","og_locale":"en_US","og_type":"article","og_title":"Climbing services - Od\u015bnie\u017canie dach\u00f3w, Usuwanie \u015bniegu z dach\u00f3w,","og_description":"Climbing methods work perfectly for places impossible to reach directly or by means of traditional scaffolding. Working at height using rope access and climbing techniques is our specialty and main activity. This enables us to guarantee: provision of services with utmost care, effectiveness in the execution of orders with varying degrees of complexity, perfect final [&hellip;]","og_url":"https:\/\/renowacje.net.pl\/en\/offer\/climbing-services\/","og_site_name":"Od\u015bnie\u017canie dach\u00f3w, Usuwanie \u015bniegu z dach\u00f3w,","article_publisher":"https:\/\/www.facebook.com\/ProspectGroupSpzoo\/","article_modified_time":"2021-02-04T10:25:43+00:00","twitter_card":"summary_large_image","twitter_misc":{"Est. reading time":"1 minute"},"schema":{"@context":"https:\/\/schema.org","@graph":[{"@type":"WebPage","@id":"https:\/\/renowacje.net.pl\/en\/offer\/climbing-services\/","url":"https:\/\/renowacje.net.pl\/en\/offer\/climbing-services\/","name":"Climbing services - Od\u015bnie\u017canie dach\u00f3w, Usuwanie \u015bniegu z dach\u00f3w,","isPartOf":{"@id":"https:\/\/renowacje.net.pl\/#website"},"datePublished":"2017-07-13T11:23:25+00:00","dateModified":"2021-02-04T10:25:43+00:00","breadcrumb":{"@id":"https:\/\/renowacje.net.pl\/en\/offer\/climbing-services\/#breadcrumb"},"inLanguage":"en-US","potentialAction":[{"@type":"ReadAction","target":["https:\/\/renowacje.net.pl\/en\/offer\/climbing-services\/"]}]},{"@type":"BreadcrumbList","@id":"https:\/\/renowacje.net.pl\/en\/offer\/climbing-services\/#breadcrumb","itemListElement":[{"@type":"ListItem","position":1,"name":"Strona g\u0142\u00f3wna","item":"https:\/\/renowacje.net.pl\/en\/"},{"@type":"ListItem","position":2,"name":"Offer","item":"https:\/\/renowacje.net.pl\/en\/offer\/"},{"@type":"ListItem","position":3,"name":"Climbing services"}]},{"@type":"WebSite","@id":"https:\/\/renowacje.net.pl\/#website","url":"https:\/\/renowacje.net.pl\/","name":"Od\u015bnie\u017canie dach\u00f3w, Usuwanie \u015bniegu z dach\u00f3w,","description":"Od\u015bnie\u017canie dach\u00f3w, Usuwanie \u015bniegu z dach\u00f3w,","potentialAction":[{"@type":"SearchAction","target":{"@type":"EntryPoint","urlTemplate":"https:\/\/renowacje.net.pl\/?s={search_term_string}"},"query-input":{"@type":"PropertyValueSpecification","valueRequired":true,"valueName":"search_term_string"}}],"inLanguage":"en-US"}]}},"_links":{"self":[{"href":"https:\/\/renowacje.net.pl\/en\/wp-json\/wp\/v2\/pages\/406","targetHints":{"allow":["GET"]}}],"collection":[{"href":"https:\/\/renowacje.net.pl\/en\/wp-json\/wp\/v2\/pages"}],"about":[{"href":"https:\/\/renowacje.net.pl\/en\/wp-json\/wp\/v2\/types\/page"}],"author":[{"embeddable":true,"href":"https:\/\/renowacje.net.pl\/en\/wp-json\/wp\/v2\/users\/1"}],"replies":[{"embeddable":true,"href":"https:\/\/renowacje.net.pl\/en\/wp-json\/wp\/v2\/comments?post=406"}],"version-history":[{"count":1,"href":"https:\/\/renowacje.net.pl\/en\/wp-json\/wp\/v2\/pages\/406\/revisions"}],"predecessor-version":[{"id":531,"href":"https:\/\/renowacje.net.pl\/en\/wp-json\/wp\/v2\/pages\/406\/revisions\/531"}],"up":[{"embeddable":true,"href":"https:\/\/renowacje.net.pl\/en\/wp-json\/wp\/v2\/pages\/377"}],"wp:attachment":[{"href":"https:\/\/renowacje.net.pl\/en\/wp-json\/wp\/v2\/media?parent=406"}],"curies":[{"name":"wp","href":"https:\/\/api.w.org\/{rel}","templated":true}]}}