{"id":402,"date":"2017-07-13T13:23:47","date_gmt":"2017-07-13T11:23:47","guid":{"rendered":"http:\/\/renowacje.net.pl\/oferta\/remonty-pokryc-dachowych\/"},"modified":"2021-02-04T11:51:26","modified_gmt":"2021-02-04T10:51:26","slug":"roofing-repair","status":"publish","type":"page","link":"https:\/\/renowacje.net.pl\/en\/offer\/roofing-repair\/","title":{"rendered":"Roofing repair"},"content":{"rendered":"<p>The roof is an important part of all types of buildings. Aside from aesthetic appeal, it should effectively protect from weather phenomena\u00a0 such as rain, snow, wind, sunlight or from excessive heat loss. Roof coverings work very well and are safe only if they are properly located and are maintained in good condition. A lot depends on the type of material constituting the roofing and the roof construction. It is highly advised to make a selection at the design stage of the building, because in the case of the necessity to carry thorough repair of the roof, the possibilities narrow down.<\/p>\n<p><strong>We offer complex services, including:<\/strong><\/p>\n<ul>\n<li>developing a repair plan,<\/li>\n<li>repair of any type of roof sheathing,<\/li>\n<li>building of the entire roofing from scratch<\/li>\n<\/ul>\n<p>For each order we individually select the most appropriate technologies, types of material and method of work.<\/p>\n<p><strong>We provide such serices as:<\/strong><\/p>\n<ul>\n<li>roof insulation:\n<ul>\n<li>bituminous materials(for flat roofs)<\/li>\n<li>single-ply membrane : PVC, CPE, TPO, EPDM, etc. (flat roofs)<\/li>\n<li>surface water and rainwater protection,<\/li>\n<li>protection against damp and wetness coming from the ground<\/li>\n<\/ul>\n<\/li>\n<li>slopes on roofs (concrete or thermal plates),<\/li>\n<li>protective layer of gravel or concrete tiles<\/li>\n<li>cover with high quality tiles (origin of shale, ceramic or concrete) and a cover sheet metal,<\/li>\n<li>all kinds of sheet metal works and lightning protections ,<\/li>\n<li>roof drainage systems.<\/li>\n<\/ul>\n","protected":false},"excerpt":{"rendered":"<p>The roof is an important part of all types of buildings. Aside from aesthetic appeal, it should effectively protect from weather phenomena\u00a0 such as rain, snow, wind, sunlight or from excessive heat loss. Roof coverings work very well and are safe only if they are properly located and are maintained in good condition. A lot [&hellip;]<\/p>\n","protected":false},"author":1,"featured_media":0,"parent":377,"menu_order":0,"comment_status":"closed","ping_status":"closed","template":"single-oferta.php","meta":{"ngg_post_thumbnail":0,"footnotes":""},"class_list":["post-402","page","type-page","status-publish","hentry"],"yoast_head":"<!-- This site is optimized with the Yoast SEO plugin v25.4 - https:\/\/yoast.com\/wordpress\/plugins\/seo\/ -->\n<title>Roofing repair - Od\u015bnie\u017canie dach\u00f3w, Usuwanie \u015bniegu z dach\u00f3w,<\/title>\n<meta name=\"robots\" content=\"index, follow, max-snippet:-1, max-image-preview:large, max-video-preview:-1\" \/>\n<link rel=\"canonical\" href=\"https:\/\/renowacje.net.pl\/en\/offer\/roofing-repair\/\" \/>\n<meta property=\"og:locale\" content=\"en_US\" \/>\n<meta property=\"og:type\" content=\"article\" \/>\n<meta property=\"og:title\" content=\"Roofing repair - Od\u015bnie\u017canie dach\u00f3w, Usuwanie \u015bniegu z dach\u00f3w,\" \/>\n<meta property=\"og:description\" content=\"The roof is an important part of all types of buildings. Aside from aesthetic appeal, it should effectively protect from weather phenomena\u00a0 such as rain, snow, wind, sunlight or from excessive heat loss. Roof coverings work very well and are safe only if they are properly located and are maintained in good condition. A lot [&hellip;]\" \/>\n<meta property=\"og:url\" content=\"https:\/\/renowacje.net.pl\/en\/offer\/roofing-repair\/\" \/>\n<meta property=\"og:site_name\" content=\"Od\u015bnie\u017canie dach\u00f3w, Usuwanie \u015bniegu z dach\u00f3w,\" \/>\n<meta property=\"article:publisher\" content=\"https:\/\/www.facebook.com\/ProspectGroupSpzoo\/\" \/>\n<meta property=\"article:modified_time\" content=\"2021-02-04T10:51:26+00:00\" \/>\n<meta name=\"twitter:card\" content=\"summary_large_image\" \/>\n<meta name=\"twitter:label1\" content=\"Est. reading time\" \/>\n\t<meta name=\"twitter:data1\" content=\"1 minute\" \/>\n<script type=\"application\/ld+json\" class=\"yoast-schema-graph\">{\"@context\":\"https:\/\/schema.org\",\"@graph\":[{\"@type\":\"WebPage\",\"@id\":\"https:\/\/renowacje.net.pl\/en\/offer\/roofing-repair\/\",\"url\":\"https:\/\/renowacje.net.pl\/en\/offer\/roofing-repair\/\",\"name\":\"Roofing repair - Od\u015bnie\u017canie dach\u00f3w, Usuwanie \u015bniegu z dach\u00f3w,\",\"isPartOf\":{\"@id\":\"https:\/\/renowacje.net.pl\/#website\"},\"datePublished\":\"2017-07-13T11:23:47+00:00\",\"dateModified\":\"2021-02-04T10:51:26+00:00\",\"breadcrumb\":{\"@id\":\"https:\/\/renowacje.net.pl\/en\/offer\/roofing-repair\/#breadcrumb\"},\"inLanguage\":\"en-US\",\"potentialAction\":[{\"@type\":\"ReadAction\",\"target\":[\"https:\/\/renowacje.net.pl\/en\/offer\/roofing-repair\/\"]}]},{\"@type\":\"BreadcrumbList\",\"@id\":\"https:\/\/renowacje.net.pl\/en\/offer\/roofing-repair\/#breadcrumb\",\"itemListElement\":[{\"@type\":\"ListItem\",\"position\":1,\"name\":\"Strona g\u0142\u00f3wna\",\"item\":\"https:\/\/renowacje.net.pl\/en\/\"},{\"@type\":\"ListItem\",\"position\":2,\"name\":\"Offer\",\"item\":\"https:\/\/renowacje.net.pl\/en\/offer\/\"},{\"@type\":\"ListItem\",\"position\":3,\"name\":\"Roofing repair\"}]},{\"@type\":\"WebSite\",\"@id\":\"https:\/\/renowacje.net.pl\/#website\",\"url\":\"https:\/\/renowacje.net.pl\/\",\"name\":\"Od\u015bnie\u017canie dach\u00f3w, Usuwanie \u015bniegu z dach\u00f3w,\",\"description\":\"Od\u015bnie\u017canie dach\u00f3w, Usuwanie \u015bniegu z dach\u00f3w,\",\"potentialAction\":[{\"@type\":\"SearchAction\",\"target\":{\"@type\":\"EntryPoint\",\"urlTemplate\":\"https:\/\/renowacje.net.pl\/?s={search_term_string}\"},\"query-input\":{\"@type\":\"PropertyValueSpecification\",\"valueRequired\":true,\"valueName\":\"search_term_string\"}}],\"inLanguage\":\"en-US\"}]}<\/script>\n<!-- \/ Yoast SEO plugin. -->","yoast_head_json":{"title":"Roofing repair - Od\u015bnie\u017canie dach\u00f3w, Usuwanie \u015bniegu z dach\u00f3w,","robots":{"index":"index","follow":"follow","max-snippet":"max-snippet:-1","max-image-preview":"max-image-preview:large","max-video-preview":"max-video-preview:-1"},"canonical":"https:\/\/renowacje.net.pl\/en\/offer\/roofing-repair\/","og_locale":"en_US","og_type":"article","og_title":"Roofing repair - Od\u015bnie\u017canie dach\u00f3w, Usuwanie \u015bniegu z dach\u00f3w,","og_description":"The roof is an important part of all types of buildings. Aside from aesthetic appeal, it should effectively protect from weather phenomena\u00a0 such as rain, snow, wind, sunlight or from excessive heat loss. Roof coverings work very well and are safe only if they are properly located and are maintained in good condition. A lot [&hellip;]","og_url":"https:\/\/renowacje.net.pl\/en\/offer\/roofing-repair\/","og_site_name":"Od\u015bnie\u017canie dach\u00f3w, Usuwanie \u015bniegu z dach\u00f3w,","article_publisher":"https:\/\/www.facebook.com\/ProspectGroupSpzoo\/","article_modified_time":"2021-02-04T10:51:26+00:00","twitter_card":"summary_large_image","twitter_misc":{"Est. reading time":"1 minute"},"schema":{"@context":"https:\/\/schema.org","@graph":[{"@type":"WebPage","@id":"https:\/\/renowacje.net.pl\/en\/offer\/roofing-repair\/","url":"https:\/\/renowacje.net.pl\/en\/offer\/roofing-repair\/","name":"Roofing repair - Od\u015bnie\u017canie dach\u00f3w, Usuwanie \u015bniegu z dach\u00f3w,","isPartOf":{"@id":"https:\/\/renowacje.net.pl\/#website"},"datePublished":"2017-07-13T11:23:47+00:00","dateModified":"2021-02-04T10:51:26+00:00","breadcrumb":{"@id":"https:\/\/renowacje.net.pl\/en\/offer\/roofing-repair\/#breadcrumb"},"inLanguage":"en-US","potentialAction":[{"@type":"ReadAction","target":["https:\/\/renowacje.net.pl\/en\/offer\/roofing-repair\/"]}]},{"@type":"BreadcrumbList","@id":"https:\/\/renowacje.net.pl\/en\/offer\/roofing-repair\/#breadcrumb","itemListElement":[{"@type":"ListItem","position":1,"name":"Strona g\u0142\u00f3wna","item":"https:\/\/renowacje.net.pl\/en\/"},{"@type":"ListItem","position":2,"name":"Offer","item":"https:\/\/renowacje.net.pl\/en\/offer\/"},{"@type":"ListItem","position":3,"name":"Roofing repair"}]},{"@type":"WebSite","@id":"https:\/\/renowacje.net.pl\/#website","url":"https:\/\/renowacje.net.pl\/","name":"Od\u015bnie\u017canie dach\u00f3w, Usuwanie \u015bniegu z dach\u00f3w,","description":"Od\u015bnie\u017canie dach\u00f3w, Usuwanie \u015bniegu z dach\u00f3w,","potentialAction":[{"@type":"SearchAction","target":{"@type":"EntryPoint","urlTemplate":"https:\/\/renowacje.net.pl\/?s={search_term_string}"},"query-input":{"@type":"PropertyValueSpecification","valueRequired":true,"valueName":"search_term_string"}}],"inLanguage":"en-US"}]}},"_links":{"self":[{"href":"https:\/\/renowacje.net.pl\/en\/wp-json\/wp\/v2\/pages\/402","targetHints":{"allow":["GET"]}}],"collection":[{"href":"https:\/\/renowacje.net.pl\/en\/wp-json\/wp\/v2\/pages"}],"about":[{"href":"https:\/\/renowacje.net.pl\/en\/wp-json\/wp\/v2\/types\/page"}],"author":[{"embeddable":true,"href":"https:\/\/renowacje.net.pl\/en\/wp-json\/wp\/v2\/users\/1"}],"replies":[{"embeddable":true,"href":"https:\/\/renowacje.net.pl\/en\/wp-json\/wp\/v2\/comments?post=402"}],"version-history":[{"count":1,"href":"https:\/\/renowacje.net.pl\/en\/wp-json\/wp\/v2\/pages\/402\/revisions"}],"predecessor-version":[{"id":534,"href":"https:\/\/renowacje.net.pl\/en\/wp-json\/wp\/v2\/pages\/402\/revisions\/534"}],"up":[{"embeddable":true,"href":"https:\/\/renowacje.net.pl\/en\/wp-json\/wp\/v2\/pages\/377"}],"wp:attachment":[{"href":"https:\/\/renowacje.net.pl\/en\/wp-json\/wp\/v2\/media?parent=402"}],"curies":[{"name":"wp","href":"https:\/\/api.w.org\/{rel}","templated":true}]}}