{"id":398,"date":"2017-07-13T13:22:43","date_gmt":"2017-07-13T11:22:43","guid":{"rendered":"http:\/\/renowacje.net.pl\/oferta\/przeglady-budowlane\/"},"modified":"2021-02-04T11:23:56","modified_gmt":"2021-02-04T10:23:56","slug":"building-inspections","status":"publish","type":"page","link":"https:\/\/renowacje.net.pl\/en\/offer\/building-inspections\/","title":{"rendered":"Building inspections"},"content":{"rendered":"<p>Building inspections must be performed with a frequency determined by the law, at least once a year (Article 1, paragraph 62 p. 1, 2, 5 of the Act &#8220;Construction Law&#8221;), and this obligation is a duty of the owners and managers of buildings. Periodic technical inspection:<\/p>\n<ul>\n<li>ensure the safety of users of the facility and to outsiders,<\/li>\n<li>minimize the risk of costly repairs.<\/li>\n<\/ul>\n<p>In addition, the technical condition should be always checked in case of damage or threat to a building for example, by a strong wind, fire or lightning.<\/p>\n<p><strong>Why should you entrust this task to us?<\/strong><\/p>\n<ul>\n<li>We employ specialists who hold building license in a particular specialization<\/li>\n<li>We provide professional inspections of entire constructions and their parts<\/li>\n<li>We use the method of climbing, so we are able reach the most inaccessible places<\/li>\n<li>We operate using a non-invasive method for facilities<\/li>\n<li>We prepare a photographic documentation<\/li>\n<li>We develop a plan for renovation, including corrosion protection<\/li>\n<li>We provide precise calculations, determining the durability of facility<\/li>\n<\/ul>\n<p><strong>We have extensive experience in conducting inspections of construction: chimneys of steel, concrete, ceramic, as well as telecommunication masts and towers.<\/strong><\/p>\n<p>As part of the mandatory technical inspections we offer:<\/p>\n<ul>\n<li>Non-invasive measurements of the thickness of chimneys (ultrasonic method),<\/li>\n<li>testing of flue pipes, support structures, stay ropes and fittings of steel (climbing method),<\/li>\n<li>assessment of welded and bolted joints and corrosion protection<\/li>\n<li>installation testing,<\/li>\n<li>inspections and inventory of damage of reinforced concrete\u00a0 shaft (climbing methods)<\/li>\n<li>revision and evaluation of chimney hollows including checking of the condition of expansion joints,<\/li>\n<li>the evaluation of the technical condition of scaffolds and steel ladders<\/li>\n<li>developing solutions for change of the way of heating or implementing sulfur-free exhaust fumes<\/li>\n<li>evaluation and adjustment of the hoop tension.<\/li>\n<\/ul>\n","protected":false},"excerpt":{"rendered":"<p>Building inspections must be performed with a frequency determined by the law, at least once a year (Article 1, paragraph 62 p. 1, 2, 5 of the Act &#8220;Construction Law&#8221;), and this obligation is a duty of the owners and managers of buildings. Periodic technical inspection: ensure the safety of users of the facility and [&hellip;]<\/p>\n","protected":false},"author":1,"featured_media":0,"parent":377,"menu_order":0,"comment_status":"closed","ping_status":"closed","template":"single-oferta.php","meta":{"ngg_post_thumbnail":0,"footnotes":""},"class_list":["post-398","page","type-page","status-publish","hentry"],"yoast_head":"<!-- This site is optimized with the Yoast SEO plugin v25.4 - https:\/\/yoast.com\/wordpress\/plugins\/seo\/ -->\n<title>Building inspections - Od\u015bnie\u017canie dach\u00f3w, Usuwanie \u015bniegu z dach\u00f3w,<\/title>\n<meta name=\"robots\" content=\"index, follow, max-snippet:-1, max-image-preview:large, max-video-preview:-1\" \/>\n<link rel=\"canonical\" href=\"https:\/\/renowacje.net.pl\/en\/offer\/building-inspections\/\" \/>\n<meta property=\"og:locale\" content=\"en_US\" \/>\n<meta property=\"og:type\" content=\"article\" \/>\n<meta property=\"og:title\" content=\"Building inspections - Od\u015bnie\u017canie dach\u00f3w, Usuwanie \u015bniegu z dach\u00f3w,\" \/>\n<meta property=\"og:description\" content=\"Building inspections must be performed with a frequency determined by the law, at least once a year (Article 1, paragraph 62 p. 1, 2, 5 of the Act &#8220;Construction Law&#8221;), and this obligation is a duty of the owners and managers of buildings. Periodic technical inspection: ensure the safety of users of the facility and [&hellip;]\" \/>\n<meta property=\"og:url\" content=\"https:\/\/renowacje.net.pl\/en\/offer\/building-inspections\/\" \/>\n<meta property=\"og:site_name\" content=\"Od\u015bnie\u017canie dach\u00f3w, Usuwanie \u015bniegu z dach\u00f3w,\" \/>\n<meta property=\"article:publisher\" content=\"https:\/\/www.facebook.com\/ProspectGroupSpzoo\/\" \/>\n<meta property=\"article:modified_time\" content=\"2021-02-04T10:23:56+00:00\" \/>\n<meta name=\"twitter:card\" content=\"summary_large_image\" \/>\n<meta name=\"twitter:label1\" content=\"Est. reading time\" \/>\n\t<meta name=\"twitter:data1\" content=\"1 minute\" \/>\n<script type=\"application\/ld+json\" class=\"yoast-schema-graph\">{\"@context\":\"https:\/\/schema.org\",\"@graph\":[{\"@type\":\"WebPage\",\"@id\":\"https:\/\/renowacje.net.pl\/en\/offer\/building-inspections\/\",\"url\":\"https:\/\/renowacje.net.pl\/en\/offer\/building-inspections\/\",\"name\":\"Building inspections - Od\u015bnie\u017canie dach\u00f3w, Usuwanie \u015bniegu z dach\u00f3w,\",\"isPartOf\":{\"@id\":\"https:\/\/renowacje.net.pl\/#website\"},\"datePublished\":\"2017-07-13T11:22:43+00:00\",\"dateModified\":\"2021-02-04T10:23:56+00:00\",\"breadcrumb\":{\"@id\":\"https:\/\/renowacje.net.pl\/en\/offer\/building-inspections\/#breadcrumb\"},\"inLanguage\":\"en-US\",\"potentialAction\":[{\"@type\":\"ReadAction\",\"target\":[\"https:\/\/renowacje.net.pl\/en\/offer\/building-inspections\/\"]}]},{\"@type\":\"BreadcrumbList\",\"@id\":\"https:\/\/renowacje.net.pl\/en\/offer\/building-inspections\/#breadcrumb\",\"itemListElement\":[{\"@type\":\"ListItem\",\"position\":1,\"name\":\"Strona g\u0142\u00f3wna\",\"item\":\"https:\/\/renowacje.net.pl\/en\/\"},{\"@type\":\"ListItem\",\"position\":2,\"name\":\"Offer\",\"item\":\"https:\/\/renowacje.net.pl\/en\/offer\/\"},{\"@type\":\"ListItem\",\"position\":3,\"name\":\"Building inspections\"}]},{\"@type\":\"WebSite\",\"@id\":\"https:\/\/renowacje.net.pl\/#website\",\"url\":\"https:\/\/renowacje.net.pl\/\",\"name\":\"Od\u015bnie\u017canie dach\u00f3w, Usuwanie \u015bniegu z dach\u00f3w,\",\"description\":\"Od\u015bnie\u017canie dach\u00f3w, Usuwanie \u015bniegu z dach\u00f3w,\",\"potentialAction\":[{\"@type\":\"SearchAction\",\"target\":{\"@type\":\"EntryPoint\",\"urlTemplate\":\"https:\/\/renowacje.net.pl\/?s={search_term_string}\"},\"query-input\":{\"@type\":\"PropertyValueSpecification\",\"valueRequired\":true,\"valueName\":\"search_term_string\"}}],\"inLanguage\":\"en-US\"}]}<\/script>\n<!-- \/ Yoast SEO plugin. -->","yoast_head_json":{"title":"Building inspections - Od\u015bnie\u017canie dach\u00f3w, Usuwanie \u015bniegu z dach\u00f3w,","robots":{"index":"index","follow":"follow","max-snippet":"max-snippet:-1","max-image-preview":"max-image-preview:large","max-video-preview":"max-video-preview:-1"},"canonical":"https:\/\/renowacje.net.pl\/en\/offer\/building-inspections\/","og_locale":"en_US","og_type":"article","og_title":"Building inspections - Od\u015bnie\u017canie dach\u00f3w, Usuwanie \u015bniegu z dach\u00f3w,","og_description":"Building inspections must be performed with a frequency determined by the law, at least once a year (Article 1, paragraph 62 p. 1, 2, 5 of the Act &#8220;Construction Law&#8221;), and this obligation is a duty of the owners and managers of buildings. Periodic technical inspection: ensure the safety of users of the facility and [&hellip;]","og_url":"https:\/\/renowacje.net.pl\/en\/offer\/building-inspections\/","og_site_name":"Od\u015bnie\u017canie dach\u00f3w, Usuwanie \u015bniegu z dach\u00f3w,","article_publisher":"https:\/\/www.facebook.com\/ProspectGroupSpzoo\/","article_modified_time":"2021-02-04T10:23:56+00:00","twitter_card":"summary_large_image","twitter_misc":{"Est. reading time":"1 minute"},"schema":{"@context":"https:\/\/schema.org","@graph":[{"@type":"WebPage","@id":"https:\/\/renowacje.net.pl\/en\/offer\/building-inspections\/","url":"https:\/\/renowacje.net.pl\/en\/offer\/building-inspections\/","name":"Building inspections - Od\u015bnie\u017canie dach\u00f3w, Usuwanie \u015bniegu z dach\u00f3w,","isPartOf":{"@id":"https:\/\/renowacje.net.pl\/#website"},"datePublished":"2017-07-13T11:22:43+00:00","dateModified":"2021-02-04T10:23:56+00:00","breadcrumb":{"@id":"https:\/\/renowacje.net.pl\/en\/offer\/building-inspections\/#breadcrumb"},"inLanguage":"en-US","potentialAction":[{"@type":"ReadAction","target":["https:\/\/renowacje.net.pl\/en\/offer\/building-inspections\/"]}]},{"@type":"BreadcrumbList","@id":"https:\/\/renowacje.net.pl\/en\/offer\/building-inspections\/#breadcrumb","itemListElement":[{"@type":"ListItem","position":1,"name":"Strona g\u0142\u00f3wna","item":"https:\/\/renowacje.net.pl\/en\/"},{"@type":"ListItem","position":2,"name":"Offer","item":"https:\/\/renowacje.net.pl\/en\/offer\/"},{"@type":"ListItem","position":3,"name":"Building inspections"}]},{"@type":"WebSite","@id":"https:\/\/renowacje.net.pl\/#website","url":"https:\/\/renowacje.net.pl\/","name":"Od\u015bnie\u017canie dach\u00f3w, Usuwanie \u015bniegu z dach\u00f3w,","description":"Od\u015bnie\u017canie dach\u00f3w, Usuwanie \u015bniegu z dach\u00f3w,","potentialAction":[{"@type":"SearchAction","target":{"@type":"EntryPoint","urlTemplate":"https:\/\/renowacje.net.pl\/?s={search_term_string}"},"query-input":{"@type":"PropertyValueSpecification","valueRequired":true,"valueName":"search_term_string"}}],"inLanguage":"en-US"}]}},"_links":{"self":[{"href":"https:\/\/renowacje.net.pl\/en\/wp-json\/wp\/v2\/pages\/398","targetHints":{"allow":["GET"]}}],"collection":[{"href":"https:\/\/renowacje.net.pl\/en\/wp-json\/wp\/v2\/pages"}],"about":[{"href":"https:\/\/renowacje.net.pl\/en\/wp-json\/wp\/v2\/types\/page"}],"author":[{"embeddable":true,"href":"https:\/\/renowacje.net.pl\/en\/wp-json\/wp\/v2\/users\/1"}],"replies":[{"embeddable":true,"href":"https:\/\/renowacje.net.pl\/en\/wp-json\/wp\/v2\/comments?post=398"}],"version-history":[{"count":2,"href":"https:\/\/renowacje.net.pl\/en\/wp-json\/wp\/v2\/pages\/398\/revisions"}],"predecessor-version":[{"id":525,"href":"https:\/\/renowacje.net.pl\/en\/wp-json\/wp\/v2\/pages\/398\/revisions\/525"}],"up":[{"embeddable":true,"href":"https:\/\/renowacje.net.pl\/en\/wp-json\/wp\/v2\/pages\/377"}],"wp:attachment":[{"href":"https:\/\/renowacje.net.pl\/en\/wp-json\/wp\/v2\/media?parent=398"}],"curies":[{"name":"wp","href":"https:\/\/api.w.org\/{rel}","templated":true}]}}