{"id":386,"date":"2017-07-13T13:22:56","date_gmt":"2017-07-13T11:22:56","guid":{"rendered":"http:\/\/renowacje.net.pl\/oferta\/malowanie-ogniochronne\/"},"modified":"2021-02-15T10:51:33","modified_gmt":"2021-02-15T09:51:33","slug":"fire-retardant-painting","status":"publish","type":"page","link":"https:\/\/renowacje.net.pl\/en\/offer\/fire-retardant-painting\/","title":{"rendered":"Fire-retardant painting"},"content":{"rendered":"<p>Protection of steel structures against fire is one of the most rigorously respected fire regulations. The owners and managers of building structures are responsible for this.<\/p>\n<p><strong>Why is it worth using our fire-retardant painting services?<\/strong><\/p>\n<ul>\n<li>We have extensive technical knowledge in this field<\/li>\n<li>We have valid licenses of the producer of the given fire protection systems<\/li>\n<li>We have qualified and trained employees<\/li>\n<\/ul>\n<p><strong>Our fire protection measures enable us to obtain fire resistance of the structure at the level of: R15, R30, R60, according to the category of corrosive aggressiveness PN-ISO 12944 part 2 from C1 to C5M.<\/strong><\/p>\n<p>Fire protection systems create a flexible and mechanically durable coating that is resistant to:<\/p>\n<ul>\n<li>moisture,<\/li>\n<li>condensed water,<\/li>\n<li>atmospheric factors (including industrial atmosphere).<\/li>\n<\/ul>\n<p>Intumescent paint is used to provide fire protection of steel structures (including galvanized surfaces) with open and closed profiles, used outside or inside buildings. It is part of a set which includes:<\/p>\n<ul>\n<li>two-component epoxy anti-corrosive paint (used to make the base layer),<\/li>\n<li>two-component polyurethane paint (used to make the topcoat).<\/li>\n<\/ul>\n<p>As a result, a durable coating is obtained that protects steel structures against fire.<\/p>\n","protected":false},"excerpt":{"rendered":"<p>Protection of steel structures against fire is one of the most rigorously respected fire regulations. The owners and managers of building structures are responsible for this. Why is it worth using our fire-retardant painting services? We have extensive technical knowledge in this field We have valid licenses of the producer of the given fire protection [&hellip;]<\/p>\n","protected":false},"author":1,"featured_media":0,"parent":377,"menu_order":0,"comment_status":"closed","ping_status":"closed","template":"single-oferta.php","meta":{"ngg_post_thumbnail":0,"footnotes":""},"class_list":["post-386","page","type-page","status-publish","hentry"],"yoast_head":"<!-- This site is optimized with the Yoast SEO plugin v25.4 - https:\/\/yoast.com\/wordpress\/plugins\/seo\/ -->\n<title>Fire-retardant painting - Od\u015bnie\u017canie dach\u00f3w, Usuwanie \u015bniegu z dach\u00f3w,<\/title>\n<meta name=\"robots\" content=\"index, follow, max-snippet:-1, max-image-preview:large, max-video-preview:-1\" \/>\n<link rel=\"canonical\" href=\"https:\/\/renowacje.net.pl\/en\/offer\/fire-retardant-painting\/\" \/>\n<meta property=\"og:locale\" content=\"en_US\" \/>\n<meta property=\"og:type\" content=\"article\" \/>\n<meta property=\"og:title\" content=\"Fire-retardant painting - Od\u015bnie\u017canie dach\u00f3w, Usuwanie \u015bniegu z dach\u00f3w,\" \/>\n<meta property=\"og:description\" content=\"Protection of steel structures against fire is one of the most rigorously respected fire regulations. The owners and managers of building structures are responsible for this. Why is it worth using our fire-retardant painting services? We have extensive technical knowledge in this field We have valid licenses of the producer of the given fire protection [&hellip;]\" \/>\n<meta property=\"og:url\" content=\"https:\/\/renowacje.net.pl\/en\/offer\/fire-retardant-painting\/\" \/>\n<meta property=\"og:site_name\" content=\"Od\u015bnie\u017canie dach\u00f3w, Usuwanie \u015bniegu z dach\u00f3w,\" \/>\n<meta property=\"article:publisher\" content=\"https:\/\/www.facebook.com\/ProspectGroupSpzoo\/\" \/>\n<meta property=\"article:modified_time\" content=\"2021-02-15T09:51:33+00:00\" \/>\n<meta name=\"twitter:card\" content=\"summary_large_image\" \/>\n<meta name=\"twitter:label1\" content=\"Est. reading time\" \/>\n\t<meta name=\"twitter:data1\" content=\"1 minute\" \/>\n<script type=\"application\/ld+json\" class=\"yoast-schema-graph\">{\"@context\":\"https:\/\/schema.org\",\"@graph\":[{\"@type\":\"WebPage\",\"@id\":\"https:\/\/renowacje.net.pl\/en\/offer\/fire-retardant-painting\/\",\"url\":\"https:\/\/renowacje.net.pl\/en\/offer\/fire-retardant-painting\/\",\"name\":\"Fire-retardant painting - Od\u015bnie\u017canie dach\u00f3w, Usuwanie \u015bniegu z dach\u00f3w,\",\"isPartOf\":{\"@id\":\"https:\/\/renowacje.net.pl\/#website\"},\"datePublished\":\"2017-07-13T11:22:56+00:00\",\"dateModified\":\"2021-02-15T09:51:33+00:00\",\"breadcrumb\":{\"@id\":\"https:\/\/renowacje.net.pl\/en\/offer\/fire-retardant-painting\/#breadcrumb\"},\"inLanguage\":\"en-US\",\"potentialAction\":[{\"@type\":\"ReadAction\",\"target\":[\"https:\/\/renowacje.net.pl\/en\/offer\/fire-retardant-painting\/\"]}]},{\"@type\":\"BreadcrumbList\",\"@id\":\"https:\/\/renowacje.net.pl\/en\/offer\/fire-retardant-painting\/#breadcrumb\",\"itemListElement\":[{\"@type\":\"ListItem\",\"position\":1,\"name\":\"Strona g\u0142\u00f3wna\",\"item\":\"https:\/\/renowacje.net.pl\/en\/\"},{\"@type\":\"ListItem\",\"position\":2,\"name\":\"Offer\",\"item\":\"https:\/\/renowacje.net.pl\/en\/offer\/\"},{\"@type\":\"ListItem\",\"position\":3,\"name\":\"Fire-retardant painting\"}]},{\"@type\":\"WebSite\",\"@id\":\"https:\/\/renowacje.net.pl\/#website\",\"url\":\"https:\/\/renowacje.net.pl\/\",\"name\":\"Od\u015bnie\u017canie dach\u00f3w, Usuwanie \u015bniegu z dach\u00f3w,\",\"description\":\"Od\u015bnie\u017canie dach\u00f3w, Usuwanie \u015bniegu z dach\u00f3w,\",\"potentialAction\":[{\"@type\":\"SearchAction\",\"target\":{\"@type\":\"EntryPoint\",\"urlTemplate\":\"https:\/\/renowacje.net.pl\/?s={search_term_string}\"},\"query-input\":{\"@type\":\"PropertyValueSpecification\",\"valueRequired\":true,\"valueName\":\"search_term_string\"}}],\"inLanguage\":\"en-US\"}]}<\/script>\n<!-- \/ Yoast SEO plugin. -->","yoast_head_json":{"title":"Fire-retardant painting - Od\u015bnie\u017canie dach\u00f3w, Usuwanie \u015bniegu z dach\u00f3w,","robots":{"index":"index","follow":"follow","max-snippet":"max-snippet:-1","max-image-preview":"max-image-preview:large","max-video-preview":"max-video-preview:-1"},"canonical":"https:\/\/renowacje.net.pl\/en\/offer\/fire-retardant-painting\/","og_locale":"en_US","og_type":"article","og_title":"Fire-retardant painting - Od\u015bnie\u017canie dach\u00f3w, Usuwanie \u015bniegu z dach\u00f3w,","og_description":"Protection of steel structures against fire is one of the most rigorously respected fire regulations. The owners and managers of building structures are responsible for this. Why is it worth using our fire-retardant painting services? We have extensive technical knowledge in this field We have valid licenses of the producer of the given fire protection [&hellip;]","og_url":"https:\/\/renowacje.net.pl\/en\/offer\/fire-retardant-painting\/","og_site_name":"Od\u015bnie\u017canie dach\u00f3w, Usuwanie \u015bniegu z dach\u00f3w,","article_publisher":"https:\/\/www.facebook.com\/ProspectGroupSpzoo\/","article_modified_time":"2021-02-15T09:51:33+00:00","twitter_card":"summary_large_image","twitter_misc":{"Est. reading time":"1 minute"},"schema":{"@context":"https:\/\/schema.org","@graph":[{"@type":"WebPage","@id":"https:\/\/renowacje.net.pl\/en\/offer\/fire-retardant-painting\/","url":"https:\/\/renowacje.net.pl\/en\/offer\/fire-retardant-painting\/","name":"Fire-retardant painting - Od\u015bnie\u017canie dach\u00f3w, Usuwanie \u015bniegu z dach\u00f3w,","isPartOf":{"@id":"https:\/\/renowacje.net.pl\/#website"},"datePublished":"2017-07-13T11:22:56+00:00","dateModified":"2021-02-15T09:51:33+00:00","breadcrumb":{"@id":"https:\/\/renowacje.net.pl\/en\/offer\/fire-retardant-painting\/#breadcrumb"},"inLanguage":"en-US","potentialAction":[{"@type":"ReadAction","target":["https:\/\/renowacje.net.pl\/en\/offer\/fire-retardant-painting\/"]}]},{"@type":"BreadcrumbList","@id":"https:\/\/renowacje.net.pl\/en\/offer\/fire-retardant-painting\/#breadcrumb","itemListElement":[{"@type":"ListItem","position":1,"name":"Strona g\u0142\u00f3wna","item":"https:\/\/renowacje.net.pl\/en\/"},{"@type":"ListItem","position":2,"name":"Offer","item":"https:\/\/renowacje.net.pl\/en\/offer\/"},{"@type":"ListItem","position":3,"name":"Fire-retardant painting"}]},{"@type":"WebSite","@id":"https:\/\/renowacje.net.pl\/#website","url":"https:\/\/renowacje.net.pl\/","name":"Od\u015bnie\u017canie dach\u00f3w, Usuwanie \u015bniegu z dach\u00f3w,","description":"Od\u015bnie\u017canie dach\u00f3w, Usuwanie \u015bniegu z dach\u00f3w,","potentialAction":[{"@type":"SearchAction","target":{"@type":"EntryPoint","urlTemplate":"https:\/\/renowacje.net.pl\/?s={search_term_string}"},"query-input":{"@type":"PropertyValueSpecification","valueRequired":true,"valueName":"search_term_string"}}],"inLanguage":"en-US"}]}},"_links":{"self":[{"href":"https:\/\/renowacje.net.pl\/en\/wp-json\/wp\/v2\/pages\/386","targetHints":{"allow":["GET"]}}],"collection":[{"href":"https:\/\/renowacje.net.pl\/en\/wp-json\/wp\/v2\/pages"}],"about":[{"href":"https:\/\/renowacje.net.pl\/en\/wp-json\/wp\/v2\/types\/page"}],"author":[{"embeddable":true,"href":"https:\/\/renowacje.net.pl\/en\/wp-json\/wp\/v2\/users\/1"}],"replies":[{"embeddable":true,"href":"https:\/\/renowacje.net.pl\/en\/wp-json\/wp\/v2\/comments?post=386"}],"version-history":[{"count":4,"href":"https:\/\/renowacje.net.pl\/en\/wp-json\/wp\/v2\/pages\/386\/revisions"}],"predecessor-version":[{"id":2036,"href":"https:\/\/renowacje.net.pl\/en\/wp-json\/wp\/v2\/pages\/386\/revisions\/2036"}],"up":[{"embeddable":true,"href":"https:\/\/renowacje.net.pl\/en\/wp-json\/wp\/v2\/pages\/377"}],"wp:attachment":[{"href":"https:\/\/renowacje.net.pl\/en\/wp-json\/wp\/v2\/media?parent=386"}],"curies":[{"name":"wp","href":"https:\/\/api.w.org\/{rel}","templated":true}]}}