{"id":377,"date":"2017-07-11T12:45:29","date_gmt":"2017-07-11T10:45:29","guid":{"rendered":"http:\/\/renowacje.net.pl\/oferta\/"},"modified":"2021-02-15T10:49:43","modified_gmt":"2021-02-15T09:49:43","slug":"offer","status":"publish","type":"page","link":"https:\/\/renowacje.net.pl\/en\/offer\/","title":{"rendered":"Offer"},"content":{"rendered":"<h4>Bearing in mind the needs of our customers, we offer a wide range of services:<\/h4>\n<ul>\n<li>industrial anti-corrosion &#8211;<a href=\"https:\/\/www.renowacje.net.pl\/pl\/p\/zabezpieczenia-antykorozyjne\"> anti-corrosion protection of steel and concrete,<\/a><\/li>\n<li><a href=\"https:\/\/www.renowacje.net.pl\/pl\/p\/przeglady-budowlane\">inspection of the technical condition of buildings along with the development of renovation recommendations,<\/a><\/li>\n<li><a href=\"https:\/\/www.renowacje.net.pl\/pl\/p\/odsniezanie-dachow\">removing snow from roofs and measuring the thickness of snow cover,<\/a><\/li>\n<li>installation of steel structures,<\/li>\n<li><a href=\"https:\/\/www.renowacje.net.pl\/pl\/p\/malowanie-ogniochronne\">renovation painting, including fireproof painting (fire protection),<\/a><\/li>\n<li><a href=\"https:\/\/www.renowacje.net.pl\/pl\/p\/remonty-pokryc-dachowych\">renovation of roofing,<\/a><\/li>\n<li><a href=\"http:\/\/www.safesystems.pl\/\">assembly and sale of fall protection systems,<\/a><\/li>\n<li>design and selection of industrial thermal insulation: insulation of flue gas ducts, tanks, chimneys, shafts, building facades, as well as other assembly, disassembly, demolition and modernization works, performed at high altitudes.<\/li>\n<\/ul>\n<h4>As part of the work carried out, we provide:<\/h4>\n<ul>\n<li>preparation of the necessary technical and photographic documentation,<\/li>\n<li>development of a repair and renovation plan with the selection of an appropriate anti-corrosion protection technology,<\/li>\n<li>performing tests and calculations determining the durability and condition of the object.<\/li>\n<\/ul>\n<h3>An exemplary scope of tasks carried out on various types of facilities:<\/h3>\n<h4>Steel structures, GSM towers, masts<\/h4>\n<ul>\n<li>Assembly, disassembly and the so-called slimming construction<\/li>\n<li>Modernization, maintenance and anti-corrosion protection<\/li>\n<\/ul>\n<h4>Industrial and warehouse halls, factories<\/h4>\n<ul>\n<li>Repair and inspection of the technical condition<\/li>\n<li>Painting steel structures<\/li>\n<li>Fire protection<\/li>\n<li>Strengthening the structure<\/li>\n<\/ul>\n<h4>Objects with steel, reinforced concrete and concrete structures<\/h4>\n<ul>\n<li>Renovation and painting of steel structures along with the selection of anti-corrosion protection technology<\/li>\n<li>Sandblasting of steel and reinforced concrete structures<\/li>\n<\/ul>\n<h4>Cooling towers, silos, tanks<\/h4>\n<ul>\n<li>Periodic and construction inspections of silo and tank structures<\/li>\n<li>Anti-corrosion protection, including renovation painting<\/li>\n<li>Repair of reinforced concrete and steel jackets<\/li>\n<li>Cooling tower renovation, anti-corrosion works, demolition and modernization<\/li>\n<\/ul>\n<h4>Industrial facades<\/h4>\n<ul>\n<li>Installation of the facade made of trapezoidal sheet and sandwich panels, as well as disassembly<\/li>\n<li>Painting any type of facade<\/li>\n<li>Corrosion protection of frame structures<\/li>\n<li>Thermal insulation works<\/li>\n<\/ul>\n<h4>Roofs of halls, factories, warehouses and residential buildings<\/h4>\n<ul>\n<li>Manual and mechanical snow removal from roofs<\/li>\n<li>Constant monitoring of static loads on the roof<\/li>\n<li>Development of documentation on recommendations for snow removal from roofs<\/li>\n<li>Snow removal<\/li>\n<li>Repair and repair of any type of roof sheathing<\/li>\n<li>Creating a new roofing from scratch<\/li>\n<\/ul>\n<h4>Lightning protection installations, electric obstruction lighting<\/h4>\n<ul>\n<li>Obstruction lighting installation and sale<\/li>\n<li>Testing of lightning protection and electrical installations at high altitudes<\/li>\n<li>Installation of lightning protection systems and cable routes in high buildings<\/li>\n<\/ul>\n<h4>Technical and periodic inspections &#8211; expert opinions of tall buildings (reinforced concrete chimneys and steel chimneys)<\/h4>\n<ul>\n<li>Non-invasive thickness measurements of chimney jackets (ultrasonic method)<\/li>\n<li>Testing of exhaust pipes, supporting structures, guy ropes and steel fittings (climbing method)<\/li>\n<li>Assessment of the condition of welded and bolted joints (bubble, spectrometric and magnetic-particle methods, pressure tests)<\/li>\n<li>Assessment of the condition of anti-corrosion protection<\/li>\n<li>Installation measurements<\/li>\n<li>Review and inventory of damage to the reinforced concrete shaft (using climbing methods)<\/li>\n<li>Revision and assessment of the chimney hollow together with checking the condition of expansion joints<\/li>\n<li>Assessment of the technical condition of steel galleries and ladders<\/li>\n<li>Development of solutions when changing the firing method or introducing desulphurized exhaust gases<\/li>\n<li>Assessment and correction of the tension of steel rims<\/li>\n<\/ul>\n","protected":false},"excerpt":{"rendered":"<p>Bearing in mind the needs of our customers, we offer a wide range of services: industrial anti-corrosion &#8211; anti-corrosion protection of steel and concrete, inspection of the technical condition of buildings along with the development of renovation recommendations, removing snow from roofs and measuring the thickness of snow cover, installation of steel structures, renovation painting, [&hellip;]<\/p>\n","protected":false},"author":1,"featured_media":0,"parent":0,"menu_order":0,"comment_status":"closed","ping_status":"closed","template":"page-oferta.php","meta":{"ngg_post_thumbnail":0,"footnotes":""},"class_list":["post-377","page","type-page","status-publish","hentry"],"yoast_head":"<!-- This site is optimized with the Yoast SEO plugin v25.4 - https:\/\/yoast.com\/wordpress\/plugins\/seo\/ -->\n<title>Offer - Od\u015bnie\u017canie dach\u00f3w, Usuwanie \u015bniegu z dach\u00f3w,<\/title>\n<meta name=\"robots\" content=\"index, follow, max-snippet:-1, max-image-preview:large, max-video-preview:-1\" \/>\n<link rel=\"canonical\" href=\"https:\/\/renowacje.net.pl\/en\/offer\/\" \/>\n<meta property=\"og:locale\" content=\"en_US\" \/>\n<meta property=\"og:type\" content=\"article\" \/>\n<meta property=\"og:title\" content=\"Offer - Od\u015bnie\u017canie dach\u00f3w, Usuwanie \u015bniegu z dach\u00f3w,\" \/>\n<meta property=\"og:description\" content=\"Bearing in mind the needs of our customers, we offer a wide range of services: industrial anti-corrosion &#8211; anti-corrosion protection of steel and concrete, inspection of the technical condition of buildings along with the development of renovation recommendations, removing snow from roofs and measuring the thickness of snow cover, installation of steel structures, renovation painting, [&hellip;]\" \/>\n<meta property=\"og:url\" content=\"https:\/\/renowacje.net.pl\/en\/offer\/\" \/>\n<meta property=\"og:site_name\" content=\"Od\u015bnie\u017canie dach\u00f3w, Usuwanie \u015bniegu z dach\u00f3w,\" \/>\n<meta property=\"article:publisher\" content=\"https:\/\/www.facebook.com\/ProspectGroupSpzoo\/\" \/>\n<meta property=\"article:modified_time\" content=\"2021-02-15T09:49:43+00:00\" \/>\n<meta name=\"twitter:card\" content=\"summary_large_image\" \/>\n<meta name=\"twitter:label1\" content=\"Est. reading time\" \/>\n\t<meta name=\"twitter:data1\" content=\"2 minutes\" \/>\n<script type=\"application\/ld+json\" class=\"yoast-schema-graph\">{\"@context\":\"https:\/\/schema.org\",\"@graph\":[{\"@type\":\"WebPage\",\"@id\":\"https:\/\/renowacje.net.pl\/en\/offer\/\",\"url\":\"https:\/\/renowacje.net.pl\/en\/offer\/\",\"name\":\"Offer - Od\u015bnie\u017canie dach\u00f3w, Usuwanie \u015bniegu z dach\u00f3w,\",\"isPartOf\":{\"@id\":\"https:\/\/renowacje.net.pl\/#website\"},\"datePublished\":\"2017-07-11T10:45:29+00:00\",\"dateModified\":\"2021-02-15T09:49:43+00:00\",\"breadcrumb\":{\"@id\":\"https:\/\/renowacje.net.pl\/en\/offer\/#breadcrumb\"},\"inLanguage\":\"en-US\",\"potentialAction\":[{\"@type\":\"ReadAction\",\"target\":[\"https:\/\/renowacje.net.pl\/en\/offer\/\"]}]},{\"@type\":\"BreadcrumbList\",\"@id\":\"https:\/\/renowacje.net.pl\/en\/offer\/#breadcrumb\",\"itemListElement\":[{\"@type\":\"ListItem\",\"position\":1,\"name\":\"Strona g\u0142\u00f3wna\",\"item\":\"https:\/\/renowacje.net.pl\/en\/\"},{\"@type\":\"ListItem\",\"position\":2,\"name\":\"Offer\"}]},{\"@type\":\"WebSite\",\"@id\":\"https:\/\/renowacje.net.pl\/#website\",\"url\":\"https:\/\/renowacje.net.pl\/\",\"name\":\"Od\u015bnie\u017canie dach\u00f3w, Usuwanie \u015bniegu z dach\u00f3w,\",\"description\":\"Od\u015bnie\u017canie dach\u00f3w, Usuwanie \u015bniegu z dach\u00f3w,\",\"potentialAction\":[{\"@type\":\"SearchAction\",\"target\":{\"@type\":\"EntryPoint\",\"urlTemplate\":\"https:\/\/renowacje.net.pl\/?s={search_term_string}\"},\"query-input\":{\"@type\":\"PropertyValueSpecification\",\"valueRequired\":true,\"valueName\":\"search_term_string\"}}],\"inLanguage\":\"en-US\"}]}<\/script>\n<!-- \/ Yoast SEO plugin. -->","yoast_head_json":{"title":"Offer - Od\u015bnie\u017canie dach\u00f3w, Usuwanie \u015bniegu z dach\u00f3w,","robots":{"index":"index","follow":"follow","max-snippet":"max-snippet:-1","max-image-preview":"max-image-preview:large","max-video-preview":"max-video-preview:-1"},"canonical":"https:\/\/renowacje.net.pl\/en\/offer\/","og_locale":"en_US","og_type":"article","og_title":"Offer - Od\u015bnie\u017canie dach\u00f3w, Usuwanie \u015bniegu z dach\u00f3w,","og_description":"Bearing in mind the needs of our customers, we offer a wide range of services: industrial anti-corrosion &#8211; anti-corrosion protection of steel and concrete, inspection of the technical condition of buildings along with the development of renovation recommendations, removing snow from roofs and measuring the thickness of snow cover, installation of steel structures, renovation painting, [&hellip;]","og_url":"https:\/\/renowacje.net.pl\/en\/offer\/","og_site_name":"Od\u015bnie\u017canie dach\u00f3w, Usuwanie \u015bniegu z dach\u00f3w,","article_publisher":"https:\/\/www.facebook.com\/ProspectGroupSpzoo\/","article_modified_time":"2021-02-15T09:49:43+00:00","twitter_card":"summary_large_image","twitter_misc":{"Est. reading time":"2 minutes"},"schema":{"@context":"https:\/\/schema.org","@graph":[{"@type":"WebPage","@id":"https:\/\/renowacje.net.pl\/en\/offer\/","url":"https:\/\/renowacje.net.pl\/en\/offer\/","name":"Offer - Od\u015bnie\u017canie dach\u00f3w, Usuwanie \u015bniegu z dach\u00f3w,","isPartOf":{"@id":"https:\/\/renowacje.net.pl\/#website"},"datePublished":"2017-07-11T10:45:29+00:00","dateModified":"2021-02-15T09:49:43+00:00","breadcrumb":{"@id":"https:\/\/renowacje.net.pl\/en\/offer\/#breadcrumb"},"inLanguage":"en-US","potentialAction":[{"@type":"ReadAction","target":["https:\/\/renowacje.net.pl\/en\/offer\/"]}]},{"@type":"BreadcrumbList","@id":"https:\/\/renowacje.net.pl\/en\/offer\/#breadcrumb","itemListElement":[{"@type":"ListItem","position":1,"name":"Strona g\u0142\u00f3wna","item":"https:\/\/renowacje.net.pl\/en\/"},{"@type":"ListItem","position":2,"name":"Offer"}]},{"@type":"WebSite","@id":"https:\/\/renowacje.net.pl\/#website","url":"https:\/\/renowacje.net.pl\/","name":"Od\u015bnie\u017canie dach\u00f3w, Usuwanie \u015bniegu z dach\u00f3w,","description":"Od\u015bnie\u017canie dach\u00f3w, Usuwanie \u015bniegu z dach\u00f3w,","potentialAction":[{"@type":"SearchAction","target":{"@type":"EntryPoint","urlTemplate":"https:\/\/renowacje.net.pl\/?s={search_term_string}"},"query-input":{"@type":"PropertyValueSpecification","valueRequired":true,"valueName":"search_term_string"}}],"inLanguage":"en-US"}]}},"_links":{"self":[{"href":"https:\/\/renowacje.net.pl\/en\/wp-json\/wp\/v2\/pages\/377","targetHints":{"allow":["GET"]}}],"collection":[{"href":"https:\/\/renowacje.net.pl\/en\/wp-json\/wp\/v2\/pages"}],"about":[{"href":"https:\/\/renowacje.net.pl\/en\/wp-json\/wp\/v2\/types\/page"}],"author":[{"embeddable":true,"href":"https:\/\/renowacje.net.pl\/en\/wp-json\/wp\/v2\/users\/1"}],"replies":[{"embeddable":true,"href":"https:\/\/renowacje.net.pl\/en\/wp-json\/wp\/v2\/comments?post=377"}],"version-history":[{"count":3,"href":"https:\/\/renowacje.net.pl\/en\/wp-json\/wp\/v2\/pages\/377\/revisions"}],"predecessor-version":[{"id":2022,"href":"https:\/\/renowacje.net.pl\/en\/wp-json\/wp\/v2\/pages\/377\/revisions\/2022"}],"wp:attachment":[{"href":"https:\/\/renowacje.net.pl\/en\/wp-json\/wp\/v2\/media?parent=377"}],"curies":[{"name":"wp","href":"https:\/\/api.w.org\/{rel}","templated":true}]}}