{"id":373,"date":"2017-07-11T12:45:17","date_gmt":"2017-07-11T10:45:17","guid":{"rendered":"http:\/\/renowacje.net.pl\/o-firmie\/"},"modified":"2021-02-15T11:27:38","modified_gmt":"2021-02-15T10:27:38","slug":"about-company","status":"publish","type":"page","link":"https:\/\/renowacje.net.pl\/en\/about-company\/","title":{"rendered":"About company"},"content":{"rendered":"<h3><strong>The PROSPECT GROUP Sp. z o.o. consists of 4 capital related entities creating Grupa PROSPECT Sp. z o.o. providing services throughout Poland and Europe.<\/strong><\/h3>\n<p>We provide mountaineering services throughout Poland and Europe. The main scope of our activity is anti-corrosion protection of steel and concrete, snow removal from roofs, and renovation of chimneys and high structures.<\/p>\n<h3>We stand out:<\/h3>\n<ul>\n<li>expert knowledge in various areas (anti-corrosion of steel and concrete, fire protection, renovation painting, roof snow removal, assembly of steel structures, welding, construction: renovation of roofing, thermal insulation of buildings),<\/li>\n<li>great practice in the implementation of tasks of varying complexity,<\/li>\n<li>excellent equipment, enabling work even in the toughest conditions,<\/li>\n<li>over 10 years of experience &#8211; we have been providing mountaineering services since 2004,<\/li>\n<li>well-trained staff &#8211; our employees regularly participate in training; have the required qualifications and medical examinations,<\/li>\n<li>wide range of our services &#8211; we carry out works throughout Poland, and, if necessary, also in other European countries.<\/li>\n<\/ul>\n","protected":false},"excerpt":{"rendered":"<p>The PROSPECT GROUP Sp. z o.o. consists of 4 capital related entities creating Grupa PROSPECT Sp. z o.o. providing services throughout Poland and Europe. We provide mountaineering services throughout Poland and Europe. The main scope of our activity is anti-corrosion protection of steel and concrete, snow removal from roofs, and renovation of chimneys and high [&hellip;]<\/p>\n","protected":false},"author":1,"featured_media":0,"parent":0,"menu_order":0,"comment_status":"closed","ping_status":"closed","template":"page-ofirmie.php","meta":{"ngg_post_thumbnail":0,"footnotes":""},"class_list":["post-373","page","type-page","status-publish","hentry"],"yoast_head":"<!-- This site is optimized with the Yoast SEO plugin v25.4 - https:\/\/yoast.com\/wordpress\/plugins\/seo\/ -->\n<title>About company - Od\u015bnie\u017canie dach\u00f3w, Usuwanie \u015bniegu z dach\u00f3w,<\/title>\n<meta name=\"robots\" content=\"index, follow, max-snippet:-1, max-image-preview:large, max-video-preview:-1\" \/>\n<link rel=\"canonical\" href=\"https:\/\/renowacje.net.pl\/en\/about-company\/\" \/>\n<meta property=\"og:locale\" content=\"en_US\" \/>\n<meta property=\"og:type\" content=\"article\" \/>\n<meta property=\"og:title\" content=\"About company - Od\u015bnie\u017canie dach\u00f3w, Usuwanie \u015bniegu z dach\u00f3w,\" \/>\n<meta property=\"og:description\" content=\"The PROSPECT GROUP Sp. z o.o. consists of 4 capital related entities creating Grupa PROSPECT Sp. z o.o. providing services throughout Poland and Europe. We provide mountaineering services throughout Poland and Europe. The main scope of our activity is anti-corrosion protection of steel and concrete, snow removal from roofs, and renovation of chimneys and high [&hellip;]\" \/>\n<meta property=\"og:url\" content=\"https:\/\/renowacje.net.pl\/en\/about-company\/\" \/>\n<meta property=\"og:site_name\" content=\"Od\u015bnie\u017canie dach\u00f3w, Usuwanie \u015bniegu z dach\u00f3w,\" \/>\n<meta property=\"article:publisher\" content=\"https:\/\/www.facebook.com\/ProspectGroupSpzoo\/\" \/>\n<meta property=\"article:modified_time\" content=\"2021-02-15T10:27:38+00:00\" \/>\n<meta name=\"twitter:card\" content=\"summary_large_image\" \/>\n<meta name=\"twitter:label1\" content=\"Est. reading time\" \/>\n\t<meta name=\"twitter:data1\" content=\"1 minute\" \/>\n<script type=\"application\/ld+json\" class=\"yoast-schema-graph\">{\"@context\":\"https:\/\/schema.org\",\"@graph\":[{\"@type\":\"WebPage\",\"@id\":\"https:\/\/renowacje.net.pl\/en\/about-company\/\",\"url\":\"https:\/\/renowacje.net.pl\/en\/about-company\/\",\"name\":\"About company - Od\u015bnie\u017canie dach\u00f3w, Usuwanie \u015bniegu z dach\u00f3w,\",\"isPartOf\":{\"@id\":\"https:\/\/renowacje.net.pl\/#website\"},\"datePublished\":\"2017-07-11T10:45:17+00:00\",\"dateModified\":\"2021-02-15T10:27:38+00:00\",\"breadcrumb\":{\"@id\":\"https:\/\/renowacje.net.pl\/en\/about-company\/#breadcrumb\"},\"inLanguage\":\"en-US\",\"potentialAction\":[{\"@type\":\"ReadAction\",\"target\":[\"https:\/\/renowacje.net.pl\/en\/about-company\/\"]}]},{\"@type\":\"BreadcrumbList\",\"@id\":\"https:\/\/renowacje.net.pl\/en\/about-company\/#breadcrumb\",\"itemListElement\":[{\"@type\":\"ListItem\",\"position\":1,\"name\":\"Strona g\u0142\u00f3wna\",\"item\":\"https:\/\/renowacje.net.pl\/en\/\"},{\"@type\":\"ListItem\",\"position\":2,\"name\":\"About company\"}]},{\"@type\":\"WebSite\",\"@id\":\"https:\/\/renowacje.net.pl\/#website\",\"url\":\"https:\/\/renowacje.net.pl\/\",\"name\":\"Od\u015bnie\u017canie dach\u00f3w, Usuwanie \u015bniegu z dach\u00f3w,\",\"description\":\"Od\u015bnie\u017canie dach\u00f3w, Usuwanie \u015bniegu z dach\u00f3w,\",\"potentialAction\":[{\"@type\":\"SearchAction\",\"target\":{\"@type\":\"EntryPoint\",\"urlTemplate\":\"https:\/\/renowacje.net.pl\/?s={search_term_string}\"},\"query-input\":{\"@type\":\"PropertyValueSpecification\",\"valueRequired\":true,\"valueName\":\"search_term_string\"}}],\"inLanguage\":\"en-US\"}]}<\/script>\n<!-- \/ Yoast SEO plugin. -->","yoast_head_json":{"title":"About company - Od\u015bnie\u017canie dach\u00f3w, Usuwanie \u015bniegu z dach\u00f3w,","robots":{"index":"index","follow":"follow","max-snippet":"max-snippet:-1","max-image-preview":"max-image-preview:large","max-video-preview":"max-video-preview:-1"},"canonical":"https:\/\/renowacje.net.pl\/en\/about-company\/","og_locale":"en_US","og_type":"article","og_title":"About company - Od\u015bnie\u017canie dach\u00f3w, Usuwanie \u015bniegu z dach\u00f3w,","og_description":"The PROSPECT GROUP Sp. z o.o. consists of 4 capital related entities creating Grupa PROSPECT Sp. z o.o. providing services throughout Poland and Europe. We provide mountaineering services throughout Poland and Europe. The main scope of our activity is anti-corrosion protection of steel and concrete, snow removal from roofs, and renovation of chimneys and high [&hellip;]","og_url":"https:\/\/renowacje.net.pl\/en\/about-company\/","og_site_name":"Od\u015bnie\u017canie dach\u00f3w, Usuwanie \u015bniegu z dach\u00f3w,","article_publisher":"https:\/\/www.facebook.com\/ProspectGroupSpzoo\/","article_modified_time":"2021-02-15T10:27:38+00:00","twitter_card":"summary_large_image","twitter_misc":{"Est. reading time":"1 minute"},"schema":{"@context":"https:\/\/schema.org","@graph":[{"@type":"WebPage","@id":"https:\/\/renowacje.net.pl\/en\/about-company\/","url":"https:\/\/renowacje.net.pl\/en\/about-company\/","name":"About company - Od\u015bnie\u017canie dach\u00f3w, Usuwanie \u015bniegu z dach\u00f3w,","isPartOf":{"@id":"https:\/\/renowacje.net.pl\/#website"},"datePublished":"2017-07-11T10:45:17+00:00","dateModified":"2021-02-15T10:27:38+00:00","breadcrumb":{"@id":"https:\/\/renowacje.net.pl\/en\/about-company\/#breadcrumb"},"inLanguage":"en-US","potentialAction":[{"@type":"ReadAction","target":["https:\/\/renowacje.net.pl\/en\/about-company\/"]}]},{"@type":"BreadcrumbList","@id":"https:\/\/renowacje.net.pl\/en\/about-company\/#breadcrumb","itemListElement":[{"@type":"ListItem","position":1,"name":"Strona g\u0142\u00f3wna","item":"https:\/\/renowacje.net.pl\/en\/"},{"@type":"ListItem","position":2,"name":"About company"}]},{"@type":"WebSite","@id":"https:\/\/renowacje.net.pl\/#website","url":"https:\/\/renowacje.net.pl\/","name":"Od\u015bnie\u017canie dach\u00f3w, Usuwanie \u015bniegu z dach\u00f3w,","description":"Od\u015bnie\u017canie dach\u00f3w, Usuwanie \u015bniegu z dach\u00f3w,","potentialAction":[{"@type":"SearchAction","target":{"@type":"EntryPoint","urlTemplate":"https:\/\/renowacje.net.pl\/?s={search_term_string}"},"query-input":{"@type":"PropertyValueSpecification","valueRequired":true,"valueName":"search_term_string"}}],"inLanguage":"en-US"}]}},"_links":{"self":[{"href":"https:\/\/renowacje.net.pl\/en\/wp-json\/wp\/v2\/pages\/373","targetHints":{"allow":["GET"]}}],"collection":[{"href":"https:\/\/renowacje.net.pl\/en\/wp-json\/wp\/v2\/pages"}],"about":[{"href":"https:\/\/renowacje.net.pl\/en\/wp-json\/wp\/v2\/types\/page"}],"author":[{"embeddable":true,"href":"https:\/\/renowacje.net.pl\/en\/wp-json\/wp\/v2\/users\/1"}],"replies":[{"embeddable":true,"href":"https:\/\/renowacje.net.pl\/en\/wp-json\/wp\/v2\/comments?post=373"}],"version-history":[{"count":8,"href":"https:\/\/renowacje.net.pl\/en\/wp-json\/wp\/v2\/pages\/373\/revisions"}],"predecessor-version":[{"id":2405,"href":"https:\/\/renowacje.net.pl\/en\/wp-json\/wp\/v2\/pages\/373\/revisions\/2405"}],"wp:attachment":[{"href":"https:\/\/renowacje.net.pl\/en\/wp-json\/wp\/v2\/media?parent=373"}],"curies":[{"name":"wp","href":"https:\/\/api.w.org\/{rel}","templated":true}]}}