{"id":411,"date":"2017-07-13T13:22:33","date_gmt":"2017-07-13T11:22:33","guid":{"rendered":"http:\/\/renowacje.net.pl\/oferta\/zabezpieczenia-antykorozyjne\/"},"modified":"2021-02-15T11:15:33","modified_gmt":"2021-02-15T10:15:33","slug":"korrosionsschutz","status":"publish","type":"page","link":"https:\/\/renowacje.net.pl\/de\/angebot\/korrosionsschutz\/","title":{"rendered":"Korrosionsschutz"},"content":{"rendered":"<p>Fortgeschrittene Korrosion von Stahl- und Betonkonstruktionen kann zu unerwarteten Unf\u00e4llen f\u00fchren. Daher lohnt es sich, Strukturen regelm\u00e4\u00dfig vor Korrosion zu sch\u00fctzen, um zu verhindern, dass sie kritisch werden.<\/p>\n<p><strong>Was zeichnet uns aus?<\/strong><\/p>\n<ul>\n<li><strong>Mit enormer Erfahrung<\/strong> &#8211; Korrosionsschutz (industrieller Korrosionsschutz) ist unsere Spezialit\u00e4t und unser Hauptt\u00e4tigkeitsbereich<\/li>\n<li><strong>Bereitstellung umfassender Dienstleistungen<\/strong> &#8211; von der Auswahl des am besten geeigneten Materials \u00fcber die Vorbereitung des Untergrunds bis hin zum Aufbringen einer Schutzbeschichtung und der entsprechenden Kennzeichnung des Objekts (Flughindernisse)<\/li>\n<li><strong>Ein professionelles Team<\/strong> &#8211; unsere Mitarbeiter verf\u00fcgen \u00fcber Fachkenntnisse in der Anwendung von Korrosionsschutzbeschichtungen sowie \u00fcber Zertifikate von Herstellern von Lacksystemen<\/li>\n<li><strong>Hohe Effizienz<\/strong> &#8211; wir erreichen scheinbar unzug\u00e4ngliche Stellen und sch\u00fctzen sie sorgf\u00e4ltig vor Korrosion<\/li>\n<li><strong>Individueller Ansatz<\/strong> &#8211; Zus\u00e4tzlich zu den \u00fcblichen Korrosionsschutzarbeiten renovieren wir auch nicht standardm\u00e4\u00dfige Elemente unter Ber\u00fccksichtigung der individuellen Kundenbed\u00fcrfnisse und des g\u00fcnstigsten Fertigstellungstermins<\/li>\n<\/ul>\n<p><strong>Wir konzentrieren uns daher auf Qualit\u00e4t und Langlebigkeit:<\/strong><\/p>\n<ul>\n<li>Wir w\u00e4hlen sorgf\u00e4ltig die geeignete Arbeitstechnologie f\u00fcr eine bestimmte Einrichtung und den Grad ihrer Zerst\u00f6rung aus,<\/li>\n<li>Wir verwenden die am besten geeigneten Techniken zum Auftragen von Beschichtungen:\n<ul>\n<li>Airless Spray,<\/li>\n<li>Walze oder B\u00fcrste,<\/li>\n<li>G\u00fcrtel &#8211; kalt,<\/li>\n<li>w\u00e4rmeschrumpfbare B\u00e4nder,<\/li>\n<\/ul>\n<\/li>\n<li>Wir verwenden Materialien von ausgezeichneter Qualit\u00e4t (Farben mit den h\u00f6chsten Korrosionsschutzparametern), dank derer wir Beschichtungen mit sehr hoher Korrosionsbest\u00e4ndigkeit erhalten,<\/li>\n<li>Wir legen gro\u00dfen Wert auf eine ordnungsgem\u00e4\u00dfe Oberfl\u00e4chenreinigung und die Entfernung von Korrosionszentren. Je nach Situation verwenden wir die Reinigung:\n<ul>\n<li>handgemacht,<\/li>\n<li>mechanisch, einschlie\u00dflich Strahlmittel (das beste Verfahren zur mechanischen Oberfl\u00e4chenvorbereitung).<\/li>\n<\/ul>\n<\/li>\n<\/ul>\n<p><strong>Korrosionsschutz ist erforderlich, wenn:<\/strong><\/p>\n<ul>\n<li>Stahlkonstruktionen haben bereits sichtbare Korrosionszentren oder befinden sich in einem nur vorkorrosiven Zustand,<\/li>\n<li>die Elemente zeigen eine besch\u00e4digte Lackschicht (die Kontinuit\u00e4t der Schutzbeschichtung ist unterbrochen),<\/li>\n<li>Strukturen erfordern Erfrischung und erh\u00f6hte Best\u00e4ndigkeit gegen Wetterbedingungen.<\/li>\n<\/ul>\n<p><strong>Wir sch\u00fctzen am h\u00e4ufigsten vor Korrosion:<\/strong><\/p>\n<ul>\n<li>Stahlkonstruktionen von Lagern, Hallen und Fabriken,<\/li>\n<li>Antennen- und GSM-T\u00fcrme,<\/li>\n<li>Silos, Tanks, Stahlrohre,<\/li>\n<li>Laufkrane, Transporter, Transportkrane,<\/li>\n<li>Br\u00fccken, Viadukte, \u00dcberf\u00fchrungen und Pipelines,<\/li>\n<li>Schornsteine \u200b\u200bund Spr\u00fcnge.<\/li>\n<\/ul>\n<p><strong>Was sind die Vorteile der Renovierung von Stahl- und Betonkonstruktionen?<\/strong><\/p>\n<ul>\n<li>Erh\u00f6hung der Festigkeit und Haltbarkeit und damit Erh\u00f6hung des Sicherheitsniveaus von Geb\u00e4uden<\/li>\n<li>Auffrischen des Aussehens der Beschichtung (was besonders wichtig f\u00fcr die obligatorische Kennzeichnung von Flughindernissen ist)<\/li>\n<li>Schutz vor \u00e4u\u00dferen Einfl\u00fcssen (Sonneneinstrahlung, Regen, Schnee usw.)<\/li>\n<\/ul>\n","protected":false},"excerpt":{"rendered":"<p>Fortgeschrittene Korrosion von Stahl- und Betonkonstruktionen kann zu unerwarteten Unf\u00e4llen f\u00fchren. Daher lohnt es sich, Strukturen regelm\u00e4\u00dfig vor Korrosion zu sch\u00fctzen, um zu verhindern, dass sie kritisch werden. Was zeichnet uns aus? Mit enormer Erfahrung &#8211; Korrosionsschutz (industrieller Korrosionsschutz) ist unsere Spezialit\u00e4t und unser Hauptt\u00e4tigkeitsbereich Bereitstellung umfassender Dienstleistungen &#8211; von der Auswahl des am besten [&hellip;]<\/p>\n","protected":false},"author":1,"featured_media":0,"parent":378,"menu_order":0,"comment_status":"closed","ping_status":"closed","template":"single-oferta.php","meta":{"ngg_post_thumbnail":0,"footnotes":""},"class_list":["post-411","page","type-page","status-publish","hentry"],"yoast_head":"<!-- This site is optimized with the Yoast SEO plugin v25.4 - https:\/\/yoast.com\/wordpress\/plugins\/seo\/ -->\n<title>Korrosionsschutz - Od\u015bnie\u017canie dach\u00f3w, Usuwanie \u015bniegu z dach\u00f3w,<\/title>\n<meta name=\"robots\" content=\"index, follow, max-snippet:-1, max-image-preview:large, max-video-preview:-1\" \/>\n<link rel=\"canonical\" href=\"https:\/\/renowacje.net.pl\/de\/angebot\/korrosionsschutz\/\" \/>\n<meta property=\"og:locale\" content=\"de_DE\" \/>\n<meta property=\"og:type\" content=\"article\" \/>\n<meta property=\"og:title\" content=\"Korrosionsschutz - Od\u015bnie\u017canie dach\u00f3w, Usuwanie \u015bniegu z dach\u00f3w,\" \/>\n<meta property=\"og:description\" content=\"Fortgeschrittene Korrosion von Stahl- und Betonkonstruktionen kann zu unerwarteten Unf\u00e4llen f\u00fchren. Daher lohnt es sich, Strukturen regelm\u00e4\u00dfig vor Korrosion zu sch\u00fctzen, um zu verhindern, dass sie kritisch werden. Was zeichnet uns aus? Mit enormer Erfahrung &#8211; Korrosionsschutz (industrieller Korrosionsschutz) ist unsere Spezialit\u00e4t und unser Hauptt\u00e4tigkeitsbereich Bereitstellung umfassender Dienstleistungen &#8211; von der Auswahl des am besten [&hellip;]\" \/>\n<meta property=\"og:url\" content=\"https:\/\/renowacje.net.pl\/de\/angebot\/korrosionsschutz\/\" \/>\n<meta property=\"og:site_name\" content=\"Od\u015bnie\u017canie dach\u00f3w, Usuwanie \u015bniegu z dach\u00f3w,\" \/>\n<meta property=\"article:publisher\" content=\"https:\/\/www.facebook.com\/ProspectGroupSpzoo\/\" \/>\n<meta property=\"article:modified_time\" content=\"2021-02-15T10:15:33+00:00\" \/>\n<meta name=\"twitter:card\" content=\"summary_large_image\" \/>\n<meta name=\"twitter:label1\" content=\"Gesch\u00e4tzte Lesezeit\" \/>\n\t<meta name=\"twitter:data1\" content=\"2\u00a0Minuten\" \/>\n<script type=\"application\/ld+json\" class=\"yoast-schema-graph\">{\"@context\":\"https:\/\/schema.org\",\"@graph\":[{\"@type\":\"WebPage\",\"@id\":\"https:\/\/renowacje.net.pl\/de\/angebot\/korrosionsschutz\/\",\"url\":\"https:\/\/renowacje.net.pl\/de\/angebot\/korrosionsschutz\/\",\"name\":\"Korrosionsschutz - Od\u015bnie\u017canie dach\u00f3w, Usuwanie \u015bniegu z dach\u00f3w,\",\"isPartOf\":{\"@id\":\"https:\/\/renowacje.net.pl\/#website\"},\"datePublished\":\"2017-07-13T11:22:33+00:00\",\"dateModified\":\"2021-02-15T10:15:33+00:00\",\"breadcrumb\":{\"@id\":\"https:\/\/renowacje.net.pl\/de\/angebot\/korrosionsschutz\/#breadcrumb\"},\"inLanguage\":\"de\",\"potentialAction\":[{\"@type\":\"ReadAction\",\"target\":[\"https:\/\/renowacje.net.pl\/de\/angebot\/korrosionsschutz\/\"]}]},{\"@type\":\"BreadcrumbList\",\"@id\":\"https:\/\/renowacje.net.pl\/de\/angebot\/korrosionsschutz\/#breadcrumb\",\"itemListElement\":[{\"@type\":\"ListItem\",\"position\":1,\"name\":\"Strona g\u0142\u00f3wna\",\"item\":\"https:\/\/renowacje.net.pl\/de\/\"},{\"@type\":\"ListItem\",\"position\":2,\"name\":\"Angebot\",\"item\":\"https:\/\/renowacje.net.pl\/de\/angebot\/\"},{\"@type\":\"ListItem\",\"position\":3,\"name\":\"Korrosionsschutz\"}]},{\"@type\":\"WebSite\",\"@id\":\"https:\/\/renowacje.net.pl\/#website\",\"url\":\"https:\/\/renowacje.net.pl\/\",\"name\":\"Od\u015bnie\u017canie dach\u00f3w, Usuwanie \u015bniegu z dach\u00f3w,\",\"description\":\"Od\u015bnie\u017canie dach\u00f3w, Usuwanie \u015bniegu z dach\u00f3w,\",\"potentialAction\":[{\"@type\":\"SearchAction\",\"target\":{\"@type\":\"EntryPoint\",\"urlTemplate\":\"https:\/\/renowacje.net.pl\/?s={search_term_string}\"},\"query-input\":{\"@type\":\"PropertyValueSpecification\",\"valueRequired\":true,\"valueName\":\"search_term_string\"}}],\"inLanguage\":\"de\"}]}<\/script>\n<!-- \/ Yoast SEO plugin. -->","yoast_head_json":{"title":"Korrosionsschutz - Od\u015bnie\u017canie dach\u00f3w, Usuwanie \u015bniegu z dach\u00f3w,","robots":{"index":"index","follow":"follow","max-snippet":"max-snippet:-1","max-image-preview":"max-image-preview:large","max-video-preview":"max-video-preview:-1"},"canonical":"https:\/\/renowacje.net.pl\/de\/angebot\/korrosionsschutz\/","og_locale":"de_DE","og_type":"article","og_title":"Korrosionsschutz - Od\u015bnie\u017canie dach\u00f3w, Usuwanie \u015bniegu z dach\u00f3w,","og_description":"Fortgeschrittene Korrosion von Stahl- und Betonkonstruktionen kann zu unerwarteten Unf\u00e4llen f\u00fchren. Daher lohnt es sich, Strukturen regelm\u00e4\u00dfig vor Korrosion zu sch\u00fctzen, um zu verhindern, dass sie kritisch werden. Was zeichnet uns aus? Mit enormer Erfahrung &#8211; Korrosionsschutz (industrieller Korrosionsschutz) ist unsere Spezialit\u00e4t und unser Hauptt\u00e4tigkeitsbereich Bereitstellung umfassender Dienstleistungen &#8211; von der Auswahl des am besten [&hellip;]","og_url":"https:\/\/renowacje.net.pl\/de\/angebot\/korrosionsschutz\/","og_site_name":"Od\u015bnie\u017canie dach\u00f3w, Usuwanie \u015bniegu z dach\u00f3w,","article_publisher":"https:\/\/www.facebook.com\/ProspectGroupSpzoo\/","article_modified_time":"2021-02-15T10:15:33+00:00","twitter_card":"summary_large_image","twitter_misc":{"Gesch\u00e4tzte Lesezeit":"2\u00a0Minuten"},"schema":{"@context":"https:\/\/schema.org","@graph":[{"@type":"WebPage","@id":"https:\/\/renowacje.net.pl\/de\/angebot\/korrosionsschutz\/","url":"https:\/\/renowacje.net.pl\/de\/angebot\/korrosionsschutz\/","name":"Korrosionsschutz - Od\u015bnie\u017canie dach\u00f3w, Usuwanie \u015bniegu z dach\u00f3w,","isPartOf":{"@id":"https:\/\/renowacje.net.pl\/#website"},"datePublished":"2017-07-13T11:22:33+00:00","dateModified":"2021-02-15T10:15:33+00:00","breadcrumb":{"@id":"https:\/\/renowacje.net.pl\/de\/angebot\/korrosionsschutz\/#breadcrumb"},"inLanguage":"de","potentialAction":[{"@type":"ReadAction","target":["https:\/\/renowacje.net.pl\/de\/angebot\/korrosionsschutz\/"]}]},{"@type":"BreadcrumbList","@id":"https:\/\/renowacje.net.pl\/de\/angebot\/korrosionsschutz\/#breadcrumb","itemListElement":[{"@type":"ListItem","position":1,"name":"Strona g\u0142\u00f3wna","item":"https:\/\/renowacje.net.pl\/de\/"},{"@type":"ListItem","position":2,"name":"Angebot","item":"https:\/\/renowacje.net.pl\/de\/angebot\/"},{"@type":"ListItem","position":3,"name":"Korrosionsschutz"}]},{"@type":"WebSite","@id":"https:\/\/renowacje.net.pl\/#website","url":"https:\/\/renowacje.net.pl\/","name":"Od\u015bnie\u017canie dach\u00f3w, Usuwanie \u015bniegu z dach\u00f3w,","description":"Od\u015bnie\u017canie dach\u00f3w, Usuwanie \u015bniegu z dach\u00f3w,","potentialAction":[{"@type":"SearchAction","target":{"@type":"EntryPoint","urlTemplate":"https:\/\/renowacje.net.pl\/?s={search_term_string}"},"query-input":{"@type":"PropertyValueSpecification","valueRequired":true,"valueName":"search_term_string"}}],"inLanguage":"de"}]}},"_links":{"self":[{"href":"https:\/\/renowacje.net.pl\/de\/wp-json\/wp\/v2\/pages\/411","targetHints":{"allow":["GET"]}}],"collection":[{"href":"https:\/\/renowacje.net.pl\/de\/wp-json\/wp\/v2\/pages"}],"about":[{"href":"https:\/\/renowacje.net.pl\/de\/wp-json\/wp\/v2\/types\/page"}],"author":[{"embeddable":true,"href":"https:\/\/renowacje.net.pl\/de\/wp-json\/wp\/v2\/users\/1"}],"replies":[{"embeddable":true,"href":"https:\/\/renowacje.net.pl\/de\/wp-json\/wp\/v2\/comments?post=411"}],"version-history":[{"count":3,"href":"https:\/\/renowacje.net.pl\/de\/wp-json\/wp\/v2\/pages\/411\/revisions"}],"predecessor-version":[{"id":2377,"href":"https:\/\/renowacje.net.pl\/de\/wp-json\/wp\/v2\/pages\/411\/revisions\/2377"}],"up":[{"embeddable":true,"href":"https:\/\/renowacje.net.pl\/de\/wp-json\/wp\/v2\/pages\/378"}],"wp:attachment":[{"href":"https:\/\/renowacje.net.pl\/de\/wp-json\/wp\/v2\/media?parent=411"}],"curies":[{"name":"wp","href":"https:\/\/api.w.org\/{rel}","templated":true}]}}