{"id":407,"date":"2017-07-13T13:23:25","date_gmt":"2017-07-13T11:23:25","guid":{"rendered":"http:\/\/renowacje.net.pl\/oferta\/uslugi-alpinistyczne\/"},"modified":"2021-02-15T11:13:50","modified_gmt":"2021-02-15T10:13:50","slug":"bergsteigerdienste","status":"publish","type":"page","link":"https:\/\/renowacje.net.pl\/de\/angebot\/bergsteigerdienste\/","title":{"rendered":"Bergsteigerdienste"},"content":{"rendered":"<p>Klettermethoden eignen sich perfekt f\u00fcr Orte, an denen es nicht m\u00f6glich ist, direkt oder mit herk\u00f6mmlichen Ger\u00fcsten zu erreichen. Das Arbeiten in der H\u00f6he unter Verwendung von Seilzugangs- und Bergsteigertechniken ist unsere Spezialit\u00e4t und unser Hauptt\u00e4tigkeitsbereich. Dank dessen k\u00f6nnen wir garantieren:<\/p>\n<ul>\n<li>Erbringung von Dienstleistungen mit gr\u00f6\u00dfter Sorgfalt,<\/li>\n<li>Effektivit\u00e4t bei der Ausf\u00fchrung von Auftr\u00e4gen unterschiedlicher Komplexit\u00e4t,<\/li>\n<li>perfektes Endergebnis, unabh\u00e4ngig von den vorherrschenden Bedingungen.<\/li>\n<\/ul>\n<p><strong>Was zeichnet uns aus?<\/strong><\/p>\n<ul>\n<li>Geschulte Mitarbeiter mit der nach polnischem Recht erforderlichen Genehmigung zur Arbeit in der H\u00f6he (\u00e4rztliche Untersuchungen und Schulungen)<\/li>\n<li>Spezialisten mit zus\u00e4tzlichen Genehmigungen, darunter: vom Energieregulierungsamt (ERO) ausgegebener Strom und Betrieb von Maschinen und technischen Ger\u00e4ten (UDT)<\/li>\n<li>Reiche Erfahrung in der Ausf\u00fchrung von Arbeiten in H\u00f6henlagen mit unterschiedlichen Schwierigkeiten und Komplexit\u00e4ten<\/li>\n<li>Erbringung von Dienstleistungen unter Einhaltung aller erforderlichen Standards, vor allem Sicherheit<\/li>\n<li>Gro\u00dfe Umsetzungsm\u00f6glichkeiten &#8211; wir sind europaweit t\u00e4tig<\/li>\n<\/ul>\n<p><strong>Im Rahmen der von uns angebotenen Bergsteigerdienste (Arbeiten in der H\u00f6he) bieten wir unter anderem Folgendes an: \u00a0<\/strong><\/p>\n<ul>\n<li>Korrosionsschutz von Stahlkonstruktionen von Hallen und Fabriken,<\/li>\n<li>Renovierung von Stahlkonstruktionen von Rohrleitungen, Silos und Kr\u00e4nen,<\/li>\n<li>Hindernis- und Brandschutzanstrich von GSM-T\u00fcrmen, Funktelefont\u00fcrmen und Kaminen,<\/li>\n<li>Entfernen von Schnee von D\u00e4chern und Testen der Dicke der Schneedecke,<\/li>\n<li>Dachreparaturen,<\/li>\n<li>Waschen und Reinigen der Fassaden von Geb\u00e4uden und Fenstern,<\/li>\n<li>technische Inspektionen verschiedener Arten von Einrichtungen,<\/li>\n<\/ul>\n<p>sowie andere Dienstleistungen mit Bergsteigerausr\u00fcstung.<\/p>\n<p><strong>Warum lohnt es sich, Bergsteigertechniken anzuwenden?<\/strong><\/p>\n<ul>\n<li>Sie funktionieren gut, wenn technische Schwierigkeiten oder Unrentabilit\u00e4t die Verwendung von Standardger\u00fcsten ausschlie\u00dfen<\/li>\n<li>Sie erm\u00f6glichen eine erhebliche Kostensenkung &#8211; sie erfordern keinen Einsatz von Kr\u00e4nen und Aufz\u00fcgen<\/li>\n<li>Die Arbeiten mit Seilzugangsmethoden sind nicht invasiv &#8211; sie st\u00f6ren die Objekte, ihre Elemente und die Umgebung nicht<\/li>\n<\/ul>\n","protected":false},"excerpt":{"rendered":"<p>Klettermethoden eignen sich perfekt f\u00fcr Orte, an denen es nicht m\u00f6glich ist, direkt oder mit herk\u00f6mmlichen Ger\u00fcsten zu erreichen. Das Arbeiten in der H\u00f6he unter Verwendung von Seilzugangs- und Bergsteigertechniken ist unsere Spezialit\u00e4t und unser Hauptt\u00e4tigkeitsbereich. Dank dessen k\u00f6nnen wir garantieren: Erbringung von Dienstleistungen mit gr\u00f6\u00dfter Sorgfalt, Effektivit\u00e4t bei der Ausf\u00fchrung von Auftr\u00e4gen unterschiedlicher Komplexit\u00e4t, [&hellip;]<\/p>\n","protected":false},"author":1,"featured_media":0,"parent":378,"menu_order":0,"comment_status":"closed","ping_status":"closed","template":"single-oferta.php","meta":{"ngg_post_thumbnail":0,"footnotes":""},"class_list":["post-407","page","type-page","status-publish","hentry"],"yoast_head":"<!-- This site is optimized with the Yoast SEO plugin v25.4 - https:\/\/yoast.com\/wordpress\/plugins\/seo\/ -->\n<title>Bergsteigerdienste - Od\u015bnie\u017canie dach\u00f3w, Usuwanie \u015bniegu z dach\u00f3w,<\/title>\n<meta name=\"robots\" content=\"index, follow, max-snippet:-1, max-image-preview:large, max-video-preview:-1\" \/>\n<link rel=\"canonical\" href=\"https:\/\/renowacje.net.pl\/de\/angebot\/bergsteigerdienste\/\" \/>\n<meta property=\"og:locale\" content=\"de_DE\" \/>\n<meta property=\"og:type\" content=\"article\" \/>\n<meta property=\"og:title\" content=\"Bergsteigerdienste - Od\u015bnie\u017canie dach\u00f3w, Usuwanie \u015bniegu z dach\u00f3w,\" \/>\n<meta property=\"og:description\" content=\"Klettermethoden eignen sich perfekt f\u00fcr Orte, an denen es nicht m\u00f6glich ist, direkt oder mit herk\u00f6mmlichen Ger\u00fcsten zu erreichen. Das Arbeiten in der H\u00f6he unter Verwendung von Seilzugangs- und Bergsteigertechniken ist unsere Spezialit\u00e4t und unser Hauptt\u00e4tigkeitsbereich. Dank dessen k\u00f6nnen wir garantieren: Erbringung von Dienstleistungen mit gr\u00f6\u00dfter Sorgfalt, Effektivit\u00e4t bei der Ausf\u00fchrung von Auftr\u00e4gen unterschiedlicher Komplexit\u00e4t, [&hellip;]\" \/>\n<meta property=\"og:url\" content=\"https:\/\/renowacje.net.pl\/de\/angebot\/bergsteigerdienste\/\" \/>\n<meta property=\"og:site_name\" content=\"Od\u015bnie\u017canie dach\u00f3w, Usuwanie \u015bniegu z dach\u00f3w,\" \/>\n<meta property=\"article:publisher\" content=\"https:\/\/www.facebook.com\/ProspectGroupSpzoo\/\" \/>\n<meta property=\"article:modified_time\" content=\"2021-02-15T10:13:50+00:00\" \/>\n<meta name=\"twitter:card\" content=\"summary_large_image\" \/>\n<meta name=\"twitter:label1\" content=\"Gesch\u00e4tzte Lesezeit\" \/>\n\t<meta name=\"twitter:data1\" content=\"1\u00a0Minute\" \/>\n<script type=\"application\/ld+json\" class=\"yoast-schema-graph\">{\"@context\":\"https:\/\/schema.org\",\"@graph\":[{\"@type\":\"WebPage\",\"@id\":\"https:\/\/renowacje.net.pl\/de\/angebot\/bergsteigerdienste\/\",\"url\":\"https:\/\/renowacje.net.pl\/de\/angebot\/bergsteigerdienste\/\",\"name\":\"Bergsteigerdienste - Od\u015bnie\u017canie dach\u00f3w, Usuwanie \u015bniegu z dach\u00f3w,\",\"isPartOf\":{\"@id\":\"https:\/\/renowacje.net.pl\/#website\"},\"datePublished\":\"2017-07-13T11:23:25+00:00\",\"dateModified\":\"2021-02-15T10:13:50+00:00\",\"breadcrumb\":{\"@id\":\"https:\/\/renowacje.net.pl\/de\/angebot\/bergsteigerdienste\/#breadcrumb\"},\"inLanguage\":\"de\",\"potentialAction\":[{\"@type\":\"ReadAction\",\"target\":[\"https:\/\/renowacje.net.pl\/de\/angebot\/bergsteigerdienste\/\"]}]},{\"@type\":\"BreadcrumbList\",\"@id\":\"https:\/\/renowacje.net.pl\/de\/angebot\/bergsteigerdienste\/#breadcrumb\",\"itemListElement\":[{\"@type\":\"ListItem\",\"position\":1,\"name\":\"Strona g\u0142\u00f3wna\",\"item\":\"https:\/\/renowacje.net.pl\/de\/\"},{\"@type\":\"ListItem\",\"position\":2,\"name\":\"Angebot\",\"item\":\"https:\/\/renowacje.net.pl\/de\/angebot\/\"},{\"@type\":\"ListItem\",\"position\":3,\"name\":\"Bergsteigerdienste\"}]},{\"@type\":\"WebSite\",\"@id\":\"https:\/\/renowacje.net.pl\/#website\",\"url\":\"https:\/\/renowacje.net.pl\/\",\"name\":\"Od\u015bnie\u017canie dach\u00f3w, Usuwanie \u015bniegu z dach\u00f3w,\",\"description\":\"Od\u015bnie\u017canie dach\u00f3w, Usuwanie \u015bniegu z dach\u00f3w,\",\"potentialAction\":[{\"@type\":\"SearchAction\",\"target\":{\"@type\":\"EntryPoint\",\"urlTemplate\":\"https:\/\/renowacje.net.pl\/?s={search_term_string}\"},\"query-input\":{\"@type\":\"PropertyValueSpecification\",\"valueRequired\":true,\"valueName\":\"search_term_string\"}}],\"inLanguage\":\"de\"}]}<\/script>\n<!-- \/ Yoast SEO plugin. -->","yoast_head_json":{"title":"Bergsteigerdienste - Od\u015bnie\u017canie dach\u00f3w, Usuwanie \u015bniegu z dach\u00f3w,","robots":{"index":"index","follow":"follow","max-snippet":"max-snippet:-1","max-image-preview":"max-image-preview:large","max-video-preview":"max-video-preview:-1"},"canonical":"https:\/\/renowacje.net.pl\/de\/angebot\/bergsteigerdienste\/","og_locale":"de_DE","og_type":"article","og_title":"Bergsteigerdienste - Od\u015bnie\u017canie dach\u00f3w, Usuwanie \u015bniegu z dach\u00f3w,","og_description":"Klettermethoden eignen sich perfekt f\u00fcr Orte, an denen es nicht m\u00f6glich ist, direkt oder mit herk\u00f6mmlichen Ger\u00fcsten zu erreichen. Das Arbeiten in der H\u00f6he unter Verwendung von Seilzugangs- und Bergsteigertechniken ist unsere Spezialit\u00e4t und unser Hauptt\u00e4tigkeitsbereich. Dank dessen k\u00f6nnen wir garantieren: Erbringung von Dienstleistungen mit gr\u00f6\u00dfter Sorgfalt, Effektivit\u00e4t bei der Ausf\u00fchrung von Auftr\u00e4gen unterschiedlicher Komplexit\u00e4t, [&hellip;]","og_url":"https:\/\/renowacje.net.pl\/de\/angebot\/bergsteigerdienste\/","og_site_name":"Od\u015bnie\u017canie dach\u00f3w, Usuwanie \u015bniegu z dach\u00f3w,","article_publisher":"https:\/\/www.facebook.com\/ProspectGroupSpzoo\/","article_modified_time":"2021-02-15T10:13:50+00:00","twitter_card":"summary_large_image","twitter_misc":{"Gesch\u00e4tzte Lesezeit":"1\u00a0Minute"},"schema":{"@context":"https:\/\/schema.org","@graph":[{"@type":"WebPage","@id":"https:\/\/renowacje.net.pl\/de\/angebot\/bergsteigerdienste\/","url":"https:\/\/renowacje.net.pl\/de\/angebot\/bergsteigerdienste\/","name":"Bergsteigerdienste - Od\u015bnie\u017canie dach\u00f3w, Usuwanie \u015bniegu z dach\u00f3w,","isPartOf":{"@id":"https:\/\/renowacje.net.pl\/#website"},"datePublished":"2017-07-13T11:23:25+00:00","dateModified":"2021-02-15T10:13:50+00:00","breadcrumb":{"@id":"https:\/\/renowacje.net.pl\/de\/angebot\/bergsteigerdienste\/#breadcrumb"},"inLanguage":"de","potentialAction":[{"@type":"ReadAction","target":["https:\/\/renowacje.net.pl\/de\/angebot\/bergsteigerdienste\/"]}]},{"@type":"BreadcrumbList","@id":"https:\/\/renowacje.net.pl\/de\/angebot\/bergsteigerdienste\/#breadcrumb","itemListElement":[{"@type":"ListItem","position":1,"name":"Strona g\u0142\u00f3wna","item":"https:\/\/renowacje.net.pl\/de\/"},{"@type":"ListItem","position":2,"name":"Angebot","item":"https:\/\/renowacje.net.pl\/de\/angebot\/"},{"@type":"ListItem","position":3,"name":"Bergsteigerdienste"}]},{"@type":"WebSite","@id":"https:\/\/renowacje.net.pl\/#website","url":"https:\/\/renowacje.net.pl\/","name":"Od\u015bnie\u017canie dach\u00f3w, Usuwanie \u015bniegu z dach\u00f3w,","description":"Od\u015bnie\u017canie dach\u00f3w, Usuwanie \u015bniegu z dach\u00f3w,","potentialAction":[{"@type":"SearchAction","target":{"@type":"EntryPoint","urlTemplate":"https:\/\/renowacje.net.pl\/?s={search_term_string}"},"query-input":{"@type":"PropertyValueSpecification","valueRequired":true,"valueName":"search_term_string"}}],"inLanguage":"de"}]}},"_links":{"self":[{"href":"https:\/\/renowacje.net.pl\/de\/wp-json\/wp\/v2\/pages\/407","targetHints":{"allow":["GET"]}}],"collection":[{"href":"https:\/\/renowacje.net.pl\/de\/wp-json\/wp\/v2\/pages"}],"about":[{"href":"https:\/\/renowacje.net.pl\/de\/wp-json\/wp\/v2\/types\/page"}],"author":[{"embeddable":true,"href":"https:\/\/renowacje.net.pl\/de\/wp-json\/wp\/v2\/users\/1"}],"replies":[{"embeddable":true,"href":"https:\/\/renowacje.net.pl\/de\/wp-json\/wp\/v2\/comments?post=407"}],"version-history":[{"count":3,"href":"https:\/\/renowacje.net.pl\/de\/wp-json\/wp\/v2\/pages\/407\/revisions"}],"predecessor-version":[{"id":2374,"href":"https:\/\/renowacje.net.pl\/de\/wp-json\/wp\/v2\/pages\/407\/revisions\/2374"}],"up":[{"embeddable":true,"href":"https:\/\/renowacje.net.pl\/de\/wp-json\/wp\/v2\/pages\/378"}],"wp:attachment":[{"href":"https:\/\/renowacje.net.pl\/de\/wp-json\/wp\/v2\/media?parent=407"}],"curies":[{"name":"wp","href":"https:\/\/api.w.org\/{rel}","templated":true}]}}