{"id":403,"date":"2017-07-13T13:23:47","date_gmt":"2017-07-13T11:23:47","guid":{"rendered":"http:\/\/renowacje.net.pl\/oferta\/remonty-pokryc-dachowych\/"},"modified":"2021-02-15T11:12:22","modified_gmt":"2021-02-15T10:12:22","slug":"dachreparaturen","status":"publish","type":"page","link":"https:\/\/renowacje.net.pl\/de\/angebot\/dachreparaturen\/","title":{"rendered":"Dachreparaturen"},"content":{"rendered":"<p>Das Dach ist ein \u00e4u\u00dferst wichtiges Element jeder Art von Geb\u00e4ude. Abgesehen von den \u00e4sthetischen Werten sollte es wirksam vor Wetterbedingungen wie Regen, Schnee, Wind, Sonnenlicht oder \u00fcberm\u00e4\u00dfigem W\u00e4rmeverlust sch\u00fctzen. Dachmaterialien machen ihre Arbeit gut und sind nur dann sicher, wenn sie richtig platziert und in gutem Zustand gehalten werden. Viel h\u00e4ngt von der Art des Materials ab, aus dem die Ummantelung und die Dachkonstruktion bestehen. Die beste Wahl wird in der Entwurfsphase des Geb\u00e4udes getroffen, da im Falle einer gr\u00f6\u00dferen Dachrenovierung die M\u00f6glichkeiten begrenzt sind.<\/p>\n<p><strong>Wir bieten umfassende Dienstleistungen an, darunter:<\/strong><\/p>\n<ul>\n<li>Entwicklung eines Renovierungsplans,<\/li>\n<li>Reparatur jeglicher Art von Dachummantelung,<\/li>\n<li>eine Dacheindeckung von Grund auf neu erstellen,<\/li>\n<\/ul>\n<p>Wir w\u00e4hlen f\u00fcr jeden Auftrag individuell die am besten geeigneten Technologien, Materialtypen und die Art der Arbeitsausf\u00fchrung aus.<\/p>\n<p><strong>Wir bieten unter anderem:<\/strong><\/p>\n<ul>\n<li>Dachd\u00e4mmung:\n<ul>\n<li>bitumin\u00f6se Materialien (Flachd\u00e4cher),<\/li>\n<li>Einschichtmembranen aus Folie: PVC, CPE, TPO, EPDM usw. (Flachd\u00e4cher),<\/li>\n<li>gegen Oberfl\u00e4che und Regenwasser,<\/li>\n<li>Schutz vor Bodenfeuchtigkeit,<\/li>\n<\/ul>\n<\/li>\n<li>Hangneigungen (aus Beton oder Thermoplatten),<\/li>\n<li>Schutzschichten aus Kies oder Betonfliesen,<\/li>\n<li>Hochwertige Dachziegel (Schiefer, Keramik oder Beton) und Blechd\u00e4cher<\/li>\n<li>alle Arten von Blech- und Blitzarbeiten,<\/li>\n<li>Dachentw\u00e4sserungssysteme.<\/li>\n<\/ul>\n","protected":false},"excerpt":{"rendered":"<p>Das Dach ist ein \u00e4u\u00dferst wichtiges Element jeder Art von Geb\u00e4ude. Abgesehen von den \u00e4sthetischen Werten sollte es wirksam vor Wetterbedingungen wie Regen, Schnee, Wind, Sonnenlicht oder \u00fcberm\u00e4\u00dfigem W\u00e4rmeverlust sch\u00fctzen. Dachmaterialien machen ihre Arbeit gut und sind nur dann sicher, wenn sie richtig platziert und in gutem Zustand gehalten werden. Viel h\u00e4ngt von der Art [&hellip;]<\/p>\n","protected":false},"author":1,"featured_media":0,"parent":378,"menu_order":0,"comment_status":"closed","ping_status":"closed","template":"single-oferta.php","meta":{"ngg_post_thumbnail":0,"footnotes":""},"class_list":["post-403","page","type-page","status-publish","hentry"],"yoast_head":"<!-- This site is optimized with the Yoast SEO plugin v25.4 - https:\/\/yoast.com\/wordpress\/plugins\/seo\/ -->\n<title>Dachreparaturen - Od\u015bnie\u017canie dach\u00f3w, Usuwanie \u015bniegu z dach\u00f3w,<\/title>\n<meta name=\"robots\" content=\"index, follow, max-snippet:-1, max-image-preview:large, max-video-preview:-1\" \/>\n<link rel=\"canonical\" href=\"https:\/\/renowacje.net.pl\/de\/angebot\/dachreparaturen\/\" \/>\n<meta property=\"og:locale\" content=\"de_DE\" \/>\n<meta property=\"og:type\" content=\"article\" \/>\n<meta property=\"og:title\" content=\"Dachreparaturen - Od\u015bnie\u017canie dach\u00f3w, Usuwanie \u015bniegu z dach\u00f3w,\" \/>\n<meta property=\"og:description\" content=\"Das Dach ist ein \u00e4u\u00dferst wichtiges Element jeder Art von Geb\u00e4ude. Abgesehen von den \u00e4sthetischen Werten sollte es wirksam vor Wetterbedingungen wie Regen, Schnee, Wind, Sonnenlicht oder \u00fcberm\u00e4\u00dfigem W\u00e4rmeverlust sch\u00fctzen. Dachmaterialien machen ihre Arbeit gut und sind nur dann sicher, wenn sie richtig platziert und in gutem Zustand gehalten werden. Viel h\u00e4ngt von der Art [&hellip;]\" \/>\n<meta property=\"og:url\" content=\"https:\/\/renowacje.net.pl\/de\/angebot\/dachreparaturen\/\" \/>\n<meta property=\"og:site_name\" content=\"Od\u015bnie\u017canie dach\u00f3w, Usuwanie \u015bniegu z dach\u00f3w,\" \/>\n<meta property=\"article:publisher\" content=\"https:\/\/www.facebook.com\/ProspectGroupSpzoo\/\" \/>\n<meta property=\"article:modified_time\" content=\"2021-02-15T10:12:22+00:00\" \/>\n<meta name=\"twitter:card\" content=\"summary_large_image\" \/>\n<meta name=\"twitter:label1\" content=\"Gesch\u00e4tzte Lesezeit\" \/>\n\t<meta name=\"twitter:data1\" content=\"1\u00a0Minute\" \/>\n<script type=\"application\/ld+json\" class=\"yoast-schema-graph\">{\"@context\":\"https:\/\/schema.org\",\"@graph\":[{\"@type\":\"WebPage\",\"@id\":\"https:\/\/renowacje.net.pl\/de\/angebot\/dachreparaturen\/\",\"url\":\"https:\/\/renowacje.net.pl\/de\/angebot\/dachreparaturen\/\",\"name\":\"Dachreparaturen - Od\u015bnie\u017canie dach\u00f3w, Usuwanie \u015bniegu z dach\u00f3w,\",\"isPartOf\":{\"@id\":\"https:\/\/renowacje.net.pl\/#website\"},\"datePublished\":\"2017-07-13T11:23:47+00:00\",\"dateModified\":\"2021-02-15T10:12:22+00:00\",\"breadcrumb\":{\"@id\":\"https:\/\/renowacje.net.pl\/de\/angebot\/dachreparaturen\/#breadcrumb\"},\"inLanguage\":\"de\",\"potentialAction\":[{\"@type\":\"ReadAction\",\"target\":[\"https:\/\/renowacje.net.pl\/de\/angebot\/dachreparaturen\/\"]}]},{\"@type\":\"BreadcrumbList\",\"@id\":\"https:\/\/renowacje.net.pl\/de\/angebot\/dachreparaturen\/#breadcrumb\",\"itemListElement\":[{\"@type\":\"ListItem\",\"position\":1,\"name\":\"Strona g\u0142\u00f3wna\",\"item\":\"https:\/\/renowacje.net.pl\/de\/\"},{\"@type\":\"ListItem\",\"position\":2,\"name\":\"Angebot\",\"item\":\"https:\/\/renowacje.net.pl\/de\/angebot\/\"},{\"@type\":\"ListItem\",\"position\":3,\"name\":\"Dachreparaturen\"}]},{\"@type\":\"WebSite\",\"@id\":\"https:\/\/renowacje.net.pl\/#website\",\"url\":\"https:\/\/renowacje.net.pl\/\",\"name\":\"Od\u015bnie\u017canie dach\u00f3w, Usuwanie \u015bniegu z dach\u00f3w,\",\"description\":\"Od\u015bnie\u017canie dach\u00f3w, Usuwanie \u015bniegu z dach\u00f3w,\",\"potentialAction\":[{\"@type\":\"SearchAction\",\"target\":{\"@type\":\"EntryPoint\",\"urlTemplate\":\"https:\/\/renowacje.net.pl\/?s={search_term_string}\"},\"query-input\":{\"@type\":\"PropertyValueSpecification\",\"valueRequired\":true,\"valueName\":\"search_term_string\"}}],\"inLanguage\":\"de\"}]}<\/script>\n<!-- \/ Yoast SEO plugin. -->","yoast_head_json":{"title":"Dachreparaturen - Od\u015bnie\u017canie dach\u00f3w, Usuwanie \u015bniegu z dach\u00f3w,","robots":{"index":"index","follow":"follow","max-snippet":"max-snippet:-1","max-image-preview":"max-image-preview:large","max-video-preview":"max-video-preview:-1"},"canonical":"https:\/\/renowacje.net.pl\/de\/angebot\/dachreparaturen\/","og_locale":"de_DE","og_type":"article","og_title":"Dachreparaturen - Od\u015bnie\u017canie dach\u00f3w, Usuwanie \u015bniegu z dach\u00f3w,","og_description":"Das Dach ist ein \u00e4u\u00dferst wichtiges Element jeder Art von Geb\u00e4ude. Abgesehen von den \u00e4sthetischen Werten sollte es wirksam vor Wetterbedingungen wie Regen, Schnee, Wind, Sonnenlicht oder \u00fcberm\u00e4\u00dfigem W\u00e4rmeverlust sch\u00fctzen. Dachmaterialien machen ihre Arbeit gut und sind nur dann sicher, wenn sie richtig platziert und in gutem Zustand gehalten werden. Viel h\u00e4ngt von der Art [&hellip;]","og_url":"https:\/\/renowacje.net.pl\/de\/angebot\/dachreparaturen\/","og_site_name":"Od\u015bnie\u017canie dach\u00f3w, Usuwanie \u015bniegu z dach\u00f3w,","article_publisher":"https:\/\/www.facebook.com\/ProspectGroupSpzoo\/","article_modified_time":"2021-02-15T10:12:22+00:00","twitter_card":"summary_large_image","twitter_misc":{"Gesch\u00e4tzte Lesezeit":"1\u00a0Minute"},"schema":{"@context":"https:\/\/schema.org","@graph":[{"@type":"WebPage","@id":"https:\/\/renowacje.net.pl\/de\/angebot\/dachreparaturen\/","url":"https:\/\/renowacje.net.pl\/de\/angebot\/dachreparaturen\/","name":"Dachreparaturen - Od\u015bnie\u017canie dach\u00f3w, Usuwanie \u015bniegu z dach\u00f3w,","isPartOf":{"@id":"https:\/\/renowacje.net.pl\/#website"},"datePublished":"2017-07-13T11:23:47+00:00","dateModified":"2021-02-15T10:12:22+00:00","breadcrumb":{"@id":"https:\/\/renowacje.net.pl\/de\/angebot\/dachreparaturen\/#breadcrumb"},"inLanguage":"de","potentialAction":[{"@type":"ReadAction","target":["https:\/\/renowacje.net.pl\/de\/angebot\/dachreparaturen\/"]}]},{"@type":"BreadcrumbList","@id":"https:\/\/renowacje.net.pl\/de\/angebot\/dachreparaturen\/#breadcrumb","itemListElement":[{"@type":"ListItem","position":1,"name":"Strona g\u0142\u00f3wna","item":"https:\/\/renowacje.net.pl\/de\/"},{"@type":"ListItem","position":2,"name":"Angebot","item":"https:\/\/renowacje.net.pl\/de\/angebot\/"},{"@type":"ListItem","position":3,"name":"Dachreparaturen"}]},{"@type":"WebSite","@id":"https:\/\/renowacje.net.pl\/#website","url":"https:\/\/renowacje.net.pl\/","name":"Od\u015bnie\u017canie dach\u00f3w, Usuwanie \u015bniegu z dach\u00f3w,","description":"Od\u015bnie\u017canie dach\u00f3w, Usuwanie \u015bniegu z dach\u00f3w,","potentialAction":[{"@type":"SearchAction","target":{"@type":"EntryPoint","urlTemplate":"https:\/\/renowacje.net.pl\/?s={search_term_string}"},"query-input":{"@type":"PropertyValueSpecification","valueRequired":true,"valueName":"search_term_string"}}],"inLanguage":"de"}]}},"_links":{"self":[{"href":"https:\/\/renowacje.net.pl\/de\/wp-json\/wp\/v2\/pages\/403","targetHints":{"allow":["GET"]}}],"collection":[{"href":"https:\/\/renowacje.net.pl\/de\/wp-json\/wp\/v2\/pages"}],"about":[{"href":"https:\/\/renowacje.net.pl\/de\/wp-json\/wp\/v2\/types\/page"}],"author":[{"embeddable":true,"href":"https:\/\/renowacje.net.pl\/de\/wp-json\/wp\/v2\/users\/1"}],"replies":[{"embeddable":true,"href":"https:\/\/renowacje.net.pl\/de\/wp-json\/wp\/v2\/comments?post=403"}],"version-history":[{"count":3,"href":"https:\/\/renowacje.net.pl\/de\/wp-json\/wp\/v2\/pages\/403\/revisions"}],"predecessor-version":[{"id":2371,"href":"https:\/\/renowacje.net.pl\/de\/wp-json\/wp\/v2\/pages\/403\/revisions\/2371"}],"up":[{"embeddable":true,"href":"https:\/\/renowacje.net.pl\/de\/wp-json\/wp\/v2\/pages\/378"}],"wp:attachment":[{"href":"https:\/\/renowacje.net.pl\/de\/wp-json\/wp\/v2\/media?parent=403"}],"curies":[{"name":"wp","href":"https:\/\/api.w.org\/{rel}","templated":true}]}}