{"id":399,"date":"2017-07-13T13:22:43","date_gmt":"2017-07-13T11:22:43","guid":{"rendered":"http:\/\/renowacje.net.pl\/oferta\/przeglady-budowlane\/"},"modified":"2021-02-15T11:09:55","modified_gmt":"2021-02-15T10:09:55","slug":"bauinspektionen","status":"publish","type":"page","link":"https:\/\/renowacje.net.pl\/de\/angebot\/bauinspektionen\/","title":{"rendered":"Bauinspektionen"},"content":{"rendered":"<p>Bauinspektionen sollten mindestens einmal j\u00e4hrlich mit der im Gesetz festgelegten H\u00e4ufigkeit durchgef\u00fchrt werden (Artikel 62, Abschnitt 1, Abschnitte 1, 2, 5 des Baugesetzes), und diese Verpflichtung liegt bei den Eigent\u00fcmern und Verwaltern des Geb\u00e4udes Strukturen. Regelm\u00e4\u00dfige technische Inspektionen:<\/p>\n<ul>\n<li>Gew\u00e4hrleistung der Sicherheit von Nutzern und Au\u00dfenstehenden,<\/li>\n<li>Minimieren Sie das Risiko kostspieliger Reparaturen.<\/li>\n<\/ul>\n<p>Dar\u00fcber hinaus sollte der technische Zustand jedes Mal \u00fcberpr\u00fcft werden, wenn das Geb\u00e4ude besch\u00e4digt oder bedroht wird, z. B. durch starken Wind, Feuer oder Blitzschlag.<\/p>\n<p><strong>Warum lohnt es sich, uns diese Aufgabe anzuvertrauen?<\/strong><\/p>\n<ul>\n<li>Wir haben Spezialisten mit Konstruktionsqualifikationen in einem bestimmten Fachgebiet<\/li>\n<li>Wir f\u00fchren professionelle Inspektionen ganzer Geb\u00e4ude und ihrer Teile durch<\/li>\n<li>Wir verwenden Klettermethoden, mit denen wir die unzug\u00e4nglichsten Stellen erreichen<\/li>\n<li>Wir arbeiten nicht-invasiv f\u00fcr die Geb\u00e4udestruktur<\/li>\n<li>Wir bereiten fotografische Dokumentationen vor<\/li>\n<li>Wir bereiten einen Plan f\u00fcr die Renovierung vor, einschlie\u00dflich Korrosionsschutz<\/li>\n<li>Wir f\u00fchren genaue Berechnungen durch, die die Haltbarkeit der Anlage bestimmen<\/li>\n<\/ul>\n<p><strong>Wir haben umfangreiche Erfahrung in der Durchf\u00fchrung von Bauinspektionen:<br \/>\nSchornsteine \u200b\u200baus Stahl, Stahlbeton und Keramik sowie Masten und Telekommunikationst\u00fcrme.<\/strong><\/p>\n<p>Im Rahmen der obligatorischen technischen Inspektionen bieten wir unter anderem an:<\/p>\n<ul>\n<li>nicht-invasive Dickenmessungen von Kaminm\u00e4nteln (Ultraschallmethode),<\/li>\n<li>Pr\u00fcfung von Auspuffrohren, Tragkonstruktionen, Abspannseilen und Stahlzubeh\u00f6r (Klettermethode),<\/li>\n<li>Beurteilung von Schwei\u00df- und Schraubverbindungen und Korrosionsschutz,<\/li>\n<li>Installationsma\u00dfe,<\/li>\n<li>Inspektionen und Bestandsaufnahmen von Sch\u00e4den am Stahlbetonschacht (unter Verwendung von Bergsteigermethoden),<\/li>\n<li>\u00dcberarbeitung und Beurteilung des Schornsteinhohlraums zusammen mit der \u00dcberpr\u00fcfung des Zustands der Dehnungsfugen,<\/li>\n<li>Einsch\u00e4tzung des technischen Zustands von Stahlgalerien und Leitern,<\/li>\n<li>Entwicklung von L\u00f6sungen bei \u00c4nderung der Brennmethode oder Einf\u00fchrung von entschwefelten Abgasen,<\/li>\n<li>Beurteilung und Einstellung der Spannung von Stahlfelgen.<\/li>\n<\/ul>\n","protected":false},"excerpt":{"rendered":"<p>Bauinspektionen sollten mindestens einmal j\u00e4hrlich mit der im Gesetz festgelegten H\u00e4ufigkeit durchgef\u00fchrt werden (Artikel 62, Abschnitt 1, Abschnitte 1, 2, 5 des Baugesetzes), und diese Verpflichtung liegt bei den Eigent\u00fcmern und Verwaltern des Geb\u00e4udes Strukturen. Regelm\u00e4\u00dfige technische Inspektionen: Gew\u00e4hrleistung der Sicherheit von Nutzern und Au\u00dfenstehenden, Minimieren Sie das Risiko kostspieliger Reparaturen. Dar\u00fcber hinaus sollte der [&hellip;]<\/p>\n","protected":false},"author":1,"featured_media":0,"parent":378,"menu_order":0,"comment_status":"closed","ping_status":"closed","template":"single-oferta.php","meta":{"ngg_post_thumbnail":0,"footnotes":""},"class_list":["post-399","page","type-page","status-publish","hentry"],"yoast_head":"<!-- This site is optimized with the Yoast SEO plugin v25.4 - https:\/\/yoast.com\/wordpress\/plugins\/seo\/ -->\n<title>Bauinspektionen - Od\u015bnie\u017canie dach\u00f3w, Usuwanie \u015bniegu z dach\u00f3w,<\/title>\n<meta name=\"robots\" content=\"index, follow, max-snippet:-1, max-image-preview:large, max-video-preview:-1\" \/>\n<link rel=\"canonical\" href=\"https:\/\/renowacje.net.pl\/de\/angebot\/bauinspektionen\/\" \/>\n<meta property=\"og:locale\" content=\"de_DE\" \/>\n<meta property=\"og:type\" content=\"article\" \/>\n<meta property=\"og:title\" content=\"Bauinspektionen - Od\u015bnie\u017canie dach\u00f3w, Usuwanie \u015bniegu z dach\u00f3w,\" \/>\n<meta property=\"og:description\" content=\"Bauinspektionen sollten mindestens einmal j\u00e4hrlich mit der im Gesetz festgelegten H\u00e4ufigkeit durchgef\u00fchrt werden (Artikel 62, Abschnitt 1, Abschnitte 1, 2, 5 des Baugesetzes), und diese Verpflichtung liegt bei den Eigent\u00fcmern und Verwaltern des Geb\u00e4udes Strukturen. Regelm\u00e4\u00dfige technische Inspektionen: Gew\u00e4hrleistung der Sicherheit von Nutzern und Au\u00dfenstehenden, Minimieren Sie das Risiko kostspieliger Reparaturen. Dar\u00fcber hinaus sollte der [&hellip;]\" \/>\n<meta property=\"og:url\" content=\"https:\/\/renowacje.net.pl\/de\/angebot\/bauinspektionen\/\" \/>\n<meta property=\"og:site_name\" content=\"Od\u015bnie\u017canie dach\u00f3w, Usuwanie \u015bniegu z dach\u00f3w,\" \/>\n<meta property=\"article:publisher\" content=\"https:\/\/www.facebook.com\/ProspectGroupSpzoo\/\" \/>\n<meta property=\"article:modified_time\" content=\"2021-02-15T10:09:55+00:00\" \/>\n<meta name=\"twitter:card\" content=\"summary_large_image\" \/>\n<meta name=\"twitter:label1\" content=\"Gesch\u00e4tzte Lesezeit\" \/>\n\t<meta name=\"twitter:data1\" content=\"1\u00a0Minute\" \/>\n<script type=\"application\/ld+json\" class=\"yoast-schema-graph\">{\"@context\":\"https:\/\/schema.org\",\"@graph\":[{\"@type\":\"WebPage\",\"@id\":\"https:\/\/renowacje.net.pl\/de\/angebot\/bauinspektionen\/\",\"url\":\"https:\/\/renowacje.net.pl\/de\/angebot\/bauinspektionen\/\",\"name\":\"Bauinspektionen - Od\u015bnie\u017canie dach\u00f3w, Usuwanie \u015bniegu z dach\u00f3w,\",\"isPartOf\":{\"@id\":\"https:\/\/renowacje.net.pl\/#website\"},\"datePublished\":\"2017-07-13T11:22:43+00:00\",\"dateModified\":\"2021-02-15T10:09:55+00:00\",\"breadcrumb\":{\"@id\":\"https:\/\/renowacje.net.pl\/de\/angebot\/bauinspektionen\/#breadcrumb\"},\"inLanguage\":\"de\",\"potentialAction\":[{\"@type\":\"ReadAction\",\"target\":[\"https:\/\/renowacje.net.pl\/de\/angebot\/bauinspektionen\/\"]}]},{\"@type\":\"BreadcrumbList\",\"@id\":\"https:\/\/renowacje.net.pl\/de\/angebot\/bauinspektionen\/#breadcrumb\",\"itemListElement\":[{\"@type\":\"ListItem\",\"position\":1,\"name\":\"Strona g\u0142\u00f3wna\",\"item\":\"https:\/\/renowacje.net.pl\/de\/\"},{\"@type\":\"ListItem\",\"position\":2,\"name\":\"Angebot\",\"item\":\"https:\/\/renowacje.net.pl\/de\/angebot\/\"},{\"@type\":\"ListItem\",\"position\":3,\"name\":\"Bauinspektionen\"}]},{\"@type\":\"WebSite\",\"@id\":\"https:\/\/renowacje.net.pl\/#website\",\"url\":\"https:\/\/renowacje.net.pl\/\",\"name\":\"Od\u015bnie\u017canie dach\u00f3w, Usuwanie \u015bniegu z dach\u00f3w,\",\"description\":\"Od\u015bnie\u017canie dach\u00f3w, Usuwanie \u015bniegu z dach\u00f3w,\",\"potentialAction\":[{\"@type\":\"SearchAction\",\"target\":{\"@type\":\"EntryPoint\",\"urlTemplate\":\"https:\/\/renowacje.net.pl\/?s={search_term_string}\"},\"query-input\":{\"@type\":\"PropertyValueSpecification\",\"valueRequired\":true,\"valueName\":\"search_term_string\"}}],\"inLanguage\":\"de\"}]}<\/script>\n<!-- \/ Yoast SEO plugin. -->","yoast_head_json":{"title":"Bauinspektionen - Od\u015bnie\u017canie dach\u00f3w, Usuwanie \u015bniegu z dach\u00f3w,","robots":{"index":"index","follow":"follow","max-snippet":"max-snippet:-1","max-image-preview":"max-image-preview:large","max-video-preview":"max-video-preview:-1"},"canonical":"https:\/\/renowacje.net.pl\/de\/angebot\/bauinspektionen\/","og_locale":"de_DE","og_type":"article","og_title":"Bauinspektionen - Od\u015bnie\u017canie dach\u00f3w, Usuwanie \u015bniegu z dach\u00f3w,","og_description":"Bauinspektionen sollten mindestens einmal j\u00e4hrlich mit der im Gesetz festgelegten H\u00e4ufigkeit durchgef\u00fchrt werden (Artikel 62, Abschnitt 1, Abschnitte 1, 2, 5 des Baugesetzes), und diese Verpflichtung liegt bei den Eigent\u00fcmern und Verwaltern des Geb\u00e4udes Strukturen. Regelm\u00e4\u00dfige technische Inspektionen: Gew\u00e4hrleistung der Sicherheit von Nutzern und Au\u00dfenstehenden, Minimieren Sie das Risiko kostspieliger Reparaturen. Dar\u00fcber hinaus sollte der [&hellip;]","og_url":"https:\/\/renowacje.net.pl\/de\/angebot\/bauinspektionen\/","og_site_name":"Od\u015bnie\u017canie dach\u00f3w, Usuwanie \u015bniegu z dach\u00f3w,","article_publisher":"https:\/\/www.facebook.com\/ProspectGroupSpzoo\/","article_modified_time":"2021-02-15T10:09:55+00:00","twitter_card":"summary_large_image","twitter_misc":{"Gesch\u00e4tzte Lesezeit":"1\u00a0Minute"},"schema":{"@context":"https:\/\/schema.org","@graph":[{"@type":"WebPage","@id":"https:\/\/renowacje.net.pl\/de\/angebot\/bauinspektionen\/","url":"https:\/\/renowacje.net.pl\/de\/angebot\/bauinspektionen\/","name":"Bauinspektionen - Od\u015bnie\u017canie dach\u00f3w, Usuwanie \u015bniegu z dach\u00f3w,","isPartOf":{"@id":"https:\/\/renowacje.net.pl\/#website"},"datePublished":"2017-07-13T11:22:43+00:00","dateModified":"2021-02-15T10:09:55+00:00","breadcrumb":{"@id":"https:\/\/renowacje.net.pl\/de\/angebot\/bauinspektionen\/#breadcrumb"},"inLanguage":"de","potentialAction":[{"@type":"ReadAction","target":["https:\/\/renowacje.net.pl\/de\/angebot\/bauinspektionen\/"]}]},{"@type":"BreadcrumbList","@id":"https:\/\/renowacje.net.pl\/de\/angebot\/bauinspektionen\/#breadcrumb","itemListElement":[{"@type":"ListItem","position":1,"name":"Strona g\u0142\u00f3wna","item":"https:\/\/renowacje.net.pl\/de\/"},{"@type":"ListItem","position":2,"name":"Angebot","item":"https:\/\/renowacje.net.pl\/de\/angebot\/"},{"@type":"ListItem","position":3,"name":"Bauinspektionen"}]},{"@type":"WebSite","@id":"https:\/\/renowacje.net.pl\/#website","url":"https:\/\/renowacje.net.pl\/","name":"Od\u015bnie\u017canie dach\u00f3w, Usuwanie \u015bniegu z dach\u00f3w,","description":"Od\u015bnie\u017canie dach\u00f3w, Usuwanie \u015bniegu z dach\u00f3w,","potentialAction":[{"@type":"SearchAction","target":{"@type":"EntryPoint","urlTemplate":"https:\/\/renowacje.net.pl\/?s={search_term_string}"},"query-input":{"@type":"PropertyValueSpecification","valueRequired":true,"valueName":"search_term_string"}}],"inLanguage":"de"}]}},"_links":{"self":[{"href":"https:\/\/renowacje.net.pl\/de\/wp-json\/wp\/v2\/pages\/399","targetHints":{"allow":["GET"]}}],"collection":[{"href":"https:\/\/renowacje.net.pl\/de\/wp-json\/wp\/v2\/pages"}],"about":[{"href":"https:\/\/renowacje.net.pl\/de\/wp-json\/wp\/v2\/types\/page"}],"author":[{"embeddable":true,"href":"https:\/\/renowacje.net.pl\/de\/wp-json\/wp\/v2\/users\/1"}],"replies":[{"embeddable":true,"href":"https:\/\/renowacje.net.pl\/de\/wp-json\/wp\/v2\/comments?post=399"}],"version-history":[{"count":3,"href":"https:\/\/renowacje.net.pl\/de\/wp-json\/wp\/v2\/pages\/399\/revisions"}],"predecessor-version":[{"id":2368,"href":"https:\/\/renowacje.net.pl\/de\/wp-json\/wp\/v2\/pages\/399\/revisions\/2368"}],"up":[{"embeddable":true,"href":"https:\/\/renowacje.net.pl\/de\/wp-json\/wp\/v2\/pages\/378"}],"wp:attachment":[{"href":"https:\/\/renowacje.net.pl\/de\/wp-json\/wp\/v2\/media?parent=399"}],"curies":[{"name":"wp","href":"https:\/\/api.w.org\/{rel}","templated":true}]}}