{"id":395,"date":"2017-07-13T13:22:17","date_gmt":"2017-07-13T11:22:17","guid":{"rendered":"http:\/\/renowacje.net.pl\/oferta\/odsniezanie-dachow\/"},"modified":"2021-02-15T11:04:32","modified_gmt":"2021-02-15T10:04:32","slug":"schneeraeumung-von-daechern","status":"publish","type":"page","link":"https:\/\/renowacje.net.pl\/de\/angebot\/schneeraeumung-von-daechern\/","title":{"rendered":"Schneer\u00e4umung von D\u00e4chern"},"content":{"rendered":"<p><strong>Schneer\u00e4umung von D\u00e4chern<\/strong> &#8211; wir besch\u00e4ftigen uns seit \u00fcber 15 Jahren damit und bieten Dienstleistungen f\u00fcr die gr\u00f6\u00dften polnischen Handelsnetze des Landes und f\u00fcr die gr\u00f6\u00dften Unternehmen des Landes an. Wir verwalten jeweils \u00fcber 270 Einrichtungen in ganz Polen und garantieren die Zeit, um den Service f\u00fcr die Schneer\u00e4umung von D\u00e4chern innerhalb von drei Stunden nach Eingang der Bestellung zu starten.<\/p>\n<figure id=\"attachment_1697\" aria-describedby=\"caption-attachment-1697\" style=\"width: 300px\" class=\"wp-caption aligncenter\"><img loading=\"lazy\" decoding=\"async\" class=\"size-medium wp-image-1697\" src=\"http:\/\/renowacje.net.pl\/wp-content\/uploads\/2021\/01\/img_7407-2-1-300x200.jpg\" alt=\"Od\u015bnie\u017canie dach\u00f3w\" width=\"300\" height=\"200\" srcset=\"https:\/\/renowacje.net.pl\/wp-content\/uploads\/2021\/01\/img_7407-2-1-300x200.jpg 300w, https:\/\/renowacje.net.pl\/wp-content\/uploads\/2021\/01\/img_7407-2-1-1024x684.jpg 1024w, https:\/\/renowacje.net.pl\/wp-content\/uploads\/2021\/01\/img_7407-2-1-768x513.jpg 768w, https:\/\/renowacje.net.pl\/wp-content\/uploads\/2021\/01\/img_7407-2-1-1536x1025.jpg 1536w, https:\/\/renowacje.net.pl\/wp-content\/uploads\/2021\/01\/img_7407-2-1-2048x1367.jpg 2048w, https:\/\/renowacje.net.pl\/wp-content\/uploads\/2021\/01\/img_7407-2-1-170x113.jpg 170w\" sizes=\"auto, (max-width: 300px) 100vw, 300px\" \/><figcaption id=\"caption-attachment-1697\" class=\"wp-caption-text\">Schnee vom Dach entfernen<\/figcaption><\/figure>\n<p>Schnee auf dem Dach eines Geb\u00e4udes kann eine t\u00f6dliche Bedrohung f\u00fcr Menschen sein. Unf\u00e4lle, wie im Jahr 2006, als es eine Welle von Zusammenbr\u00fcchen in der Struktur der D\u00e4cher von Geb\u00e4uden gab, einschlie\u00dflich In Chorz\u00f3w k\u00f6nnen Zabrze und Nidzica leicht vermieden werden. Sie m\u00fcssen sich nur um die regelm\u00e4\u00dfige Entfernung von \u00fcbersch\u00fcssigem Schnee vom Dach k\u00fcmmern und diese Art von Arbeit Spezialisten mit entsprechenden Berechtigungen anvertrauen.<\/p>\n<p><strong>Manager und Eigent\u00fcmer der Anlagen sind f\u00fcr die Schneer\u00e4umung verantwortlich. Bei Nichteinhaltung der gesetzlichen Bestimmungen k\u00f6nnen sie mit einer Geldstrafe, einer Beschr\u00e4nkung oder einer Freiheitsstrafe von bis zu einem Jahr bestraft werden (gem\u00e4\u00df Art. 91a des Baugesetzes).<\/strong><br \/>\n<strong>Warum lohnt es sich, unsere Dienstleistungen zu nutzen?<\/strong><\/p>\n<ul>\n<li><strong>Umfangreiche Erfahrung<\/strong> &#8211; Unsere Teams sind darauf spezialisiert, Schnee, Eis und Eiszapfen von D\u00e4chern verschiedener Geb\u00e4udetypen, einschlie\u00dflich gro\u00dfer Fl\u00e4chen, von 400 m\u00b2 bis 60.000 m zu entfernen, selbst bei ung\u00fcnstigen Wetterbedingungen. Wir bieten Dienstleistungen f\u00fcr die Mehrheit der polnischen Einzelhandelsketten und die gr\u00f6\u00dften Unternehmen des Landes.<\/li>\n<li><strong>Koordination der Aktivit\u00e4ten<\/strong> &#8211; Seit mehreren Jahren verwalten wir alle Carrefour Polska Sp. Z oo im Bereich der Winterwartung von Einrichtungen (Schneer\u00e4umung von D\u00e4chern und Au\u00dfenbereichen) im ganzen Land und zus\u00e4tzlich mehrere Dutzend anderer Einrichtungen mit einer Gesamtfl\u00e4che von \u00fcber 5.000.000 m2 mit einer Reaktionszeit von bis zu 3 Stunden. Durch die Koordination einer so gro\u00dfen Anzahl von Einrichtungen konnten wir Methoden entwickeln, die erfolgreich bei der Umsetzung von Aufgaben eingesetzt werden, die eine gro\u00dfe Organisation erfordern und gleichzeitig maximale Qualit\u00e4t gew\u00e4hrleisten.<\/li>\n<li><strong>Effektive und nicht-invasive Methoden zur Schneer\u00e4umung<\/strong> &#8211; Die Art der Ausf\u00fchrung der Arbeiten ist immer an die Art des Geb\u00e4udes, die Dachkonstruktion und -oberfl\u00e4che sowie die Dicke der Schneedecke angepasst. Wir bieten Schneer\u00e4umung an:\n<ul>\n<li>handgemacht<\/li>\n<li>mechanisch &#8211; unter Verwendung von Schneefr\u00e4sen und anderen Spezialger\u00e4ten und Transportern<\/li>\n<li>chemische Mittel, die das Dach nicht besch\u00e4digen und biologisch abbaubar sind<\/li>\n<\/ul>\n<\/li>\n<li><strong>Sorge um die Sicherheit<\/strong> &#8211; Aus unserer Sicht ist die Sicherheit von Menschen, einschlie\u00dflich Menschen, die in der H\u00f6he arbeiten, am wichtigsten. Wir legen auch gro\u00dfen Wert darauf, den Service f\u00fcr die Dachkonstruktion auf sichere Weise bereitzustellen (nicht invasiv, keine Sch\u00e4den) &#8211; wir haben eine Haftpflichtversicherung in H\u00f6he von 5.000.000 PLN abgeschlossen<\/li>\n<li><strong>Effiziente Arbeitsorganisation<\/strong> &#8211; Wir versuchen, Schnee in k\u00fcrzester Zeit zu entfernen, um die Unannehmlichkeiten f\u00fcr die Bewohner oder die Mitarbeiter des Geb\u00e4udes auf ein Minimum zu reduzieren<\/li>\n<li><strong>Kurze Reaktionszeit auf die Benachrichtigung<\/strong> &#8211; Wir haben zwei Niederlassungen in Polen und \u00fcber 120 Unterauftragsbrigaden im ganzen Land, sodass wir innerhalb von drei Stunden ab dem Zeitpunkt der Benachrichtigung (unabh\u00e4ngig von der Stadt) am angegebenen Ort ankommen k\u00f6nnen.<\/li>\n<li><strong>Hohe Servicequalit\u00e4t<\/strong> &#8211; Seit vielen Jahren bieten wir Schneer\u00e4umungsdienste von D\u00e4chern f\u00fcr die gr\u00f6\u00dften polnischen Unternehmen an und betreuen die meisten Einzelhandelsketten in Polen. Die Qualit\u00e4t unserer Arbeit wurde von gesch\u00e4tzt Carrefour Polska (Unterzeichnung eines langfristigen Vertrags \u00fcber die Verwaltung der meisten kommerziellen Einrichtungen in Polen mit einer Fl\u00e4che von 800.000 m\u00b2<br \/>\n<h2><\/h2>\n<\/li>\n<\/ul>\n<h2><a href=\"http:\/\/renowacje.net.pl\/blog\/odsniezanie-dachow-czy-to-jest-konieczne\/\">Wir r\u00e4umen Schnee von<\/a> D\u00e4chern verschiedener Einrichtungen, darunter:<\/h2>\n<ul>\n<li>Gesch\u00e4fte und Superm\u00e4rkte,<\/li>\n<li>Hallen und Fabriken,<\/li>\n<li>Logistik- und Reedereien,<\/li>\n<li>Banken, Tankstellen,<\/li>\n<li>Eisbahnen sowie Sport- und Unterhaltungshallen,<\/li>\n<li>Zelte und verschiedene Arten von Vord\u00e4chern,<\/li>\n<li>Schulen,<\/li>\n<\/ul>\n<p>Wir f\u00fchren auch statische Belastungsmessungen von Schnee auf dem Dach durch.<\/p>\n<p>Wir haben eine Haftpflichtversicherung in H\u00f6he von 5.000.000 PLN abgeschlossen<\/p>\n<p>Wir bieten Dienstleistungen in ganz Polen mit einer garantierten Startzeit der Dienstleistung von nicht mehr als drei Stunden ab Eingang der Bestellung an.<\/p>\n<p>&nbsp;<\/p>\n<p>Alle Hausverwalter oder Eigent\u00fcmer k\u00f6nnen gerne die kostenlose Anleitung zur Schneer\u00e4umung von D\u00e4chern und zu technischen Fragen herunterladen, die zu beachten sind. <a href=\"http:\/\/renowacje.net.pl\/wp-content\/uploads\/2017\/07\/Prospect_Group_Sp._z_o._o._OFERTA_2015.pdf\">[LADEN SIE DAS HANDBUCH HERUNTER]<\/a><\/p>\n","protected":false},"excerpt":{"rendered":"<p>Schneer\u00e4umung von D\u00e4chern &#8211; wir besch\u00e4ftigen uns seit \u00fcber 15 Jahren damit und bieten Dienstleistungen f\u00fcr die gr\u00f6\u00dften polnischen Handelsnetze des Landes und f\u00fcr die gr\u00f6\u00dften Unternehmen des Landes an. Wir verwalten jeweils \u00fcber 270 Einrichtungen in ganz Polen und garantieren die Zeit, um den Service f\u00fcr die Schneer\u00e4umung von D\u00e4chern innerhalb von drei Stunden [&hellip;]<\/p>\n","protected":false},"author":1,"featured_media":0,"parent":378,"menu_order":0,"comment_status":"closed","ping_status":"closed","template":"single-oferta.php","meta":{"ngg_post_thumbnail":0,"footnotes":""},"class_list":["post-395","page","type-page","status-publish","hentry"],"yoast_head":"<!-- This site is optimized with the Yoast SEO plugin v25.4 - https:\/\/yoast.com\/wordpress\/plugins\/seo\/ -->\n<title>Schneer\u00e4umung von D\u00e4chern - Od\u015bnie\u017canie dach\u00f3w, Usuwanie \u015bniegu z dach\u00f3w,<\/title>\n<meta name=\"robots\" content=\"index, follow, max-snippet:-1, max-image-preview:large, max-video-preview:-1\" \/>\n<link rel=\"canonical\" href=\"https:\/\/renowacje.net.pl\/de\/angebot\/schneeraeumung-von-daechern\/\" \/>\n<meta property=\"og:locale\" content=\"de_DE\" \/>\n<meta property=\"og:type\" content=\"article\" \/>\n<meta property=\"og:title\" content=\"Schneer\u00e4umung von D\u00e4chern - Od\u015bnie\u017canie dach\u00f3w, Usuwanie \u015bniegu z dach\u00f3w,\" \/>\n<meta property=\"og:description\" content=\"Schneer\u00e4umung von D\u00e4chern &#8211; wir besch\u00e4ftigen uns seit \u00fcber 15 Jahren damit und bieten Dienstleistungen f\u00fcr die gr\u00f6\u00dften polnischen Handelsnetze des Landes und f\u00fcr die gr\u00f6\u00dften Unternehmen des Landes an. Wir verwalten jeweils \u00fcber 270 Einrichtungen in ganz Polen und garantieren die Zeit, um den Service f\u00fcr die Schneer\u00e4umung von D\u00e4chern innerhalb von drei Stunden [&hellip;]\" \/>\n<meta property=\"og:url\" content=\"https:\/\/renowacje.net.pl\/de\/angebot\/schneeraeumung-von-daechern\/\" \/>\n<meta property=\"og:site_name\" content=\"Od\u015bnie\u017canie dach\u00f3w, Usuwanie \u015bniegu z dach\u00f3w,\" \/>\n<meta property=\"article:publisher\" content=\"https:\/\/www.facebook.com\/ProspectGroupSpzoo\/\" \/>\n<meta property=\"article:modified_time\" content=\"2021-02-15T10:04:32+00:00\" \/>\n<meta property=\"og:image\" content=\"http:\/\/renowacje.net.pl\/wp-content\/uploads\/2021\/01\/img_7407-2-1-300x200.jpg\" \/>\n<meta name=\"twitter:card\" content=\"summary_large_image\" \/>\n<meta name=\"twitter:label1\" content=\"Gesch\u00e4tzte Lesezeit\" \/>\n\t<meta name=\"twitter:data1\" content=\"4\u00a0Minuten\" \/>\n<script type=\"application\/ld+json\" class=\"yoast-schema-graph\">{\"@context\":\"https:\/\/schema.org\",\"@graph\":[{\"@type\":\"WebPage\",\"@id\":\"https:\/\/renowacje.net.pl\/de\/angebot\/schneeraeumung-von-daechern\/\",\"url\":\"https:\/\/renowacje.net.pl\/de\/angebot\/schneeraeumung-von-daechern\/\",\"name\":\"Schneer\u00e4umung von D\u00e4chern - Od\u015bnie\u017canie dach\u00f3w, Usuwanie \u015bniegu z dach\u00f3w,\",\"isPartOf\":{\"@id\":\"https:\/\/renowacje.net.pl\/#website\"},\"primaryImageOfPage\":{\"@id\":\"https:\/\/renowacje.net.pl\/de\/angebot\/schneeraeumung-von-daechern\/#primaryimage\"},\"image\":{\"@id\":\"https:\/\/renowacje.net.pl\/de\/angebot\/schneeraeumung-von-daechern\/#primaryimage\"},\"thumbnailUrl\":\"http:\/\/renowacje.net.pl\/wp-content\/uploads\/2021\/01\/img_7407-2-1-300x200.jpg\",\"datePublished\":\"2017-07-13T11:22:17+00:00\",\"dateModified\":\"2021-02-15T10:04:32+00:00\",\"breadcrumb\":{\"@id\":\"https:\/\/renowacje.net.pl\/de\/angebot\/schneeraeumung-von-daechern\/#breadcrumb\"},\"inLanguage\":\"de\",\"potentialAction\":[{\"@type\":\"ReadAction\",\"target\":[\"https:\/\/renowacje.net.pl\/de\/angebot\/schneeraeumung-von-daechern\/\"]}]},{\"@type\":\"ImageObject\",\"inLanguage\":\"de\",\"@id\":\"https:\/\/renowacje.net.pl\/de\/angebot\/schneeraeumung-von-daechern\/#primaryimage\",\"url\":\"http:\/\/renowacje.net.pl\/wp-content\/uploads\/2021\/01\/img_7407-2-1-300x200.jpg\",\"contentUrl\":\"http:\/\/renowacje.net.pl\/wp-content\/uploads\/2021\/01\/img_7407-2-1-300x200.jpg\"},{\"@type\":\"BreadcrumbList\",\"@id\":\"https:\/\/renowacje.net.pl\/de\/angebot\/schneeraeumung-von-daechern\/#breadcrumb\",\"itemListElement\":[{\"@type\":\"ListItem\",\"position\":1,\"name\":\"Strona g\u0142\u00f3wna\",\"item\":\"https:\/\/renowacje.net.pl\/de\/\"},{\"@type\":\"ListItem\",\"position\":2,\"name\":\"Angebot\",\"item\":\"https:\/\/renowacje.net.pl\/de\/angebot\/\"},{\"@type\":\"ListItem\",\"position\":3,\"name\":\"Schneer\u00e4umung von D\u00e4chern\"}]},{\"@type\":\"WebSite\",\"@id\":\"https:\/\/renowacje.net.pl\/#website\",\"url\":\"https:\/\/renowacje.net.pl\/\",\"name\":\"Od\u015bnie\u017canie dach\u00f3w, Usuwanie \u015bniegu z dach\u00f3w,\",\"description\":\"Od\u015bnie\u017canie dach\u00f3w, Usuwanie \u015bniegu z dach\u00f3w,\",\"potentialAction\":[{\"@type\":\"SearchAction\",\"target\":{\"@type\":\"EntryPoint\",\"urlTemplate\":\"https:\/\/renowacje.net.pl\/?s={search_term_string}\"},\"query-input\":{\"@type\":\"PropertyValueSpecification\",\"valueRequired\":true,\"valueName\":\"search_term_string\"}}],\"inLanguage\":\"de\"}]}<\/script>\n<!-- \/ Yoast SEO plugin. -->","yoast_head_json":{"title":"Schneer\u00e4umung von D\u00e4chern - Od\u015bnie\u017canie dach\u00f3w, Usuwanie \u015bniegu z dach\u00f3w,","robots":{"index":"index","follow":"follow","max-snippet":"max-snippet:-1","max-image-preview":"max-image-preview:large","max-video-preview":"max-video-preview:-1"},"canonical":"https:\/\/renowacje.net.pl\/de\/angebot\/schneeraeumung-von-daechern\/","og_locale":"de_DE","og_type":"article","og_title":"Schneer\u00e4umung von D\u00e4chern - Od\u015bnie\u017canie dach\u00f3w, Usuwanie \u015bniegu z dach\u00f3w,","og_description":"Schneer\u00e4umung von D\u00e4chern &#8211; wir besch\u00e4ftigen uns seit \u00fcber 15 Jahren damit und bieten Dienstleistungen f\u00fcr die gr\u00f6\u00dften polnischen Handelsnetze des Landes und f\u00fcr die gr\u00f6\u00dften Unternehmen des Landes an. Wir verwalten jeweils \u00fcber 270 Einrichtungen in ganz Polen und garantieren die Zeit, um den Service f\u00fcr die Schneer\u00e4umung von D\u00e4chern innerhalb von drei Stunden [&hellip;]","og_url":"https:\/\/renowacje.net.pl\/de\/angebot\/schneeraeumung-von-daechern\/","og_site_name":"Od\u015bnie\u017canie dach\u00f3w, Usuwanie \u015bniegu z dach\u00f3w,","article_publisher":"https:\/\/www.facebook.com\/ProspectGroupSpzoo\/","article_modified_time":"2021-02-15T10:04:32+00:00","og_image":[{"url":"http:\/\/renowacje.net.pl\/wp-content\/uploads\/2021\/01\/img_7407-2-1-300x200.jpg","type":"","width":"","height":""}],"twitter_card":"summary_large_image","twitter_misc":{"Gesch\u00e4tzte Lesezeit":"4\u00a0Minuten"},"schema":{"@context":"https:\/\/schema.org","@graph":[{"@type":"WebPage","@id":"https:\/\/renowacje.net.pl\/de\/angebot\/schneeraeumung-von-daechern\/","url":"https:\/\/renowacje.net.pl\/de\/angebot\/schneeraeumung-von-daechern\/","name":"Schneer\u00e4umung von D\u00e4chern - Od\u015bnie\u017canie dach\u00f3w, Usuwanie \u015bniegu z dach\u00f3w,","isPartOf":{"@id":"https:\/\/renowacje.net.pl\/#website"},"primaryImageOfPage":{"@id":"https:\/\/renowacje.net.pl\/de\/angebot\/schneeraeumung-von-daechern\/#primaryimage"},"image":{"@id":"https:\/\/renowacje.net.pl\/de\/angebot\/schneeraeumung-von-daechern\/#primaryimage"},"thumbnailUrl":"http:\/\/renowacje.net.pl\/wp-content\/uploads\/2021\/01\/img_7407-2-1-300x200.jpg","datePublished":"2017-07-13T11:22:17+00:00","dateModified":"2021-02-15T10:04:32+00:00","breadcrumb":{"@id":"https:\/\/renowacje.net.pl\/de\/angebot\/schneeraeumung-von-daechern\/#breadcrumb"},"inLanguage":"de","potentialAction":[{"@type":"ReadAction","target":["https:\/\/renowacje.net.pl\/de\/angebot\/schneeraeumung-von-daechern\/"]}]},{"@type":"ImageObject","inLanguage":"de","@id":"https:\/\/renowacje.net.pl\/de\/angebot\/schneeraeumung-von-daechern\/#primaryimage","url":"http:\/\/renowacje.net.pl\/wp-content\/uploads\/2021\/01\/img_7407-2-1-300x200.jpg","contentUrl":"http:\/\/renowacje.net.pl\/wp-content\/uploads\/2021\/01\/img_7407-2-1-300x200.jpg"},{"@type":"BreadcrumbList","@id":"https:\/\/renowacje.net.pl\/de\/angebot\/schneeraeumung-von-daechern\/#breadcrumb","itemListElement":[{"@type":"ListItem","position":1,"name":"Strona g\u0142\u00f3wna","item":"https:\/\/renowacje.net.pl\/de\/"},{"@type":"ListItem","position":2,"name":"Angebot","item":"https:\/\/renowacje.net.pl\/de\/angebot\/"},{"@type":"ListItem","position":3,"name":"Schneer\u00e4umung von D\u00e4chern"}]},{"@type":"WebSite","@id":"https:\/\/renowacje.net.pl\/#website","url":"https:\/\/renowacje.net.pl\/","name":"Od\u015bnie\u017canie dach\u00f3w, Usuwanie \u015bniegu z dach\u00f3w,","description":"Od\u015bnie\u017canie dach\u00f3w, Usuwanie \u015bniegu z dach\u00f3w,","potentialAction":[{"@type":"SearchAction","target":{"@type":"EntryPoint","urlTemplate":"https:\/\/renowacje.net.pl\/?s={search_term_string}"},"query-input":{"@type":"PropertyValueSpecification","valueRequired":true,"valueName":"search_term_string"}}],"inLanguage":"de"}]}},"_links":{"self":[{"href":"https:\/\/renowacje.net.pl\/de\/wp-json\/wp\/v2\/pages\/395","targetHints":{"allow":["GET"]}}],"collection":[{"href":"https:\/\/renowacje.net.pl\/de\/wp-json\/wp\/v2\/pages"}],"about":[{"href":"https:\/\/renowacje.net.pl\/de\/wp-json\/wp\/v2\/types\/page"}],"author":[{"embeddable":true,"href":"https:\/\/renowacje.net.pl\/de\/wp-json\/wp\/v2\/users\/1"}],"replies":[{"embeddable":true,"href":"https:\/\/renowacje.net.pl\/de\/wp-json\/wp\/v2\/comments?post=395"}],"version-history":[{"count":3,"href":"https:\/\/renowacje.net.pl\/de\/wp-json\/wp\/v2\/pages\/395\/revisions"}],"predecessor-version":[{"id":2365,"href":"https:\/\/renowacje.net.pl\/de\/wp-json\/wp\/v2\/pages\/395\/revisions\/2365"}],"up":[{"embeddable":true,"href":"https:\/\/renowacje.net.pl\/de\/wp-json\/wp\/v2\/pages\/378"}],"wp:attachment":[{"href":"https:\/\/renowacje.net.pl\/de\/wp-json\/wp\/v2\/media?parent=395"}],"curies":[{"name":"wp","href":"https:\/\/api.w.org\/{rel}","templated":true}]}}