{"id":391,"date":"2017-07-13T13:23:07","date_gmt":"2017-07-13T11:23:07","guid":{"rendered":"http:\/\/renowacje.net.pl\/oferta\/malowanie-ostrzegawcze\/"},"modified":"2021-02-15T11:01:10","modified_gmt":"2021-02-15T10:01:10","slug":"warnmalerei","status":"publish","type":"page","link":"https:\/\/renowacje.net.pl\/de\/angebot\/warnmalerei\/","title":{"rendered":"Warnmalerei"},"content":{"rendered":"<p>Warnmalerei beinhaltet die entsprechende Kennzeichnung von hohen Gegenst\u00e4nden als sogenannte Luftfahrthindernisse (gem\u00e4\u00df der Verordnung des Ministers f\u00fcr Infrastruktur vom 25. Juni 2003, Journal of Laws von 2003 Nr. 130, Punkt 1193, in der jeweils g\u00fcltigen Fassung). Dazu geh\u00f6ren insbesondere:<\/p>\n<ul>\n<li>dauerhafte oder vor\u00fcbergehende Bauarbeiten und nat\u00fcrliche Gegenst\u00e4nde oder deren Teile mit H\u00f6hen, die die Grenzfl\u00e4chen \u00fcberschreiten,<\/li>\n<li>Bauarbeiten mit einer H\u00f6he von 100 m und mehr \u00fcber dem Niveau des umgebenden Landes oder Wassers,<\/li>\n<li>Bauobjekte und nat\u00fcrliche Objekte oder deren Teile, die aus der Luft vor dem Hintergrund schwer zu erkennen sind (aufgrund ihrer Farbe, Lage oder Struktur).<\/li>\n<\/ul>\n<p><strong>Warum lohnt es sich, unser Angebot zu nutzen?<\/strong><\/p>\n<ul>\n<li>Wir verf\u00fcgen \u00fcber die erforderlichen Qualifikationen und umfangreiche Erfahrung in der Ausf\u00fchrung dieser Art von Arbeit<\/li>\n<li>Wir bieten umfassende Dienstleistungen &#8211; von Bauinspektionen \u00fcber die Entwicklung eines Sanierungsplans und dessen Umsetzung bis hin zu Renovierungs- und Warnanstrichen<\/li>\n<li>Arbeiten, darunter das Streichen von Kaminen und T\u00fcrmen, werden europaweit durchgef\u00fchrt, unabh\u00e4ngig von der Besonderheit der Einrichtung und dem Umfang der Aktivit\u00e4ten<\/li>\n<\/ul>\n","protected":false},"excerpt":{"rendered":"<p>Warnmalerei beinhaltet die entsprechende Kennzeichnung von hohen Gegenst\u00e4nden als sogenannte Luftfahrthindernisse (gem\u00e4\u00df der Verordnung des Ministers f\u00fcr Infrastruktur vom 25. Juni 2003, Journal of Laws von 2003 Nr. 130, Punkt 1193, in der jeweils g\u00fcltigen Fassung). Dazu geh\u00f6ren insbesondere: dauerhafte oder vor\u00fcbergehende Bauarbeiten und nat\u00fcrliche Gegenst\u00e4nde oder deren Teile mit H\u00f6hen, die die Grenzfl\u00e4chen \u00fcberschreiten, [&hellip;]<\/p>\n","protected":false},"author":1,"featured_media":0,"parent":378,"menu_order":0,"comment_status":"closed","ping_status":"closed","template":"single-oferta.php","meta":{"ngg_post_thumbnail":0,"footnotes":""},"class_list":["post-391","page","type-page","status-publish","hentry"],"yoast_head":"<!-- This site is optimized with the Yoast SEO plugin v25.4 - https:\/\/yoast.com\/wordpress\/plugins\/seo\/ -->\n<title>Warnmalerei - Od\u015bnie\u017canie dach\u00f3w, Usuwanie \u015bniegu z dach\u00f3w,<\/title>\n<meta name=\"robots\" content=\"index, follow, max-snippet:-1, max-image-preview:large, max-video-preview:-1\" \/>\n<link rel=\"canonical\" href=\"https:\/\/renowacje.net.pl\/de\/angebot\/warnmalerei\/\" \/>\n<meta property=\"og:locale\" content=\"de_DE\" \/>\n<meta property=\"og:type\" content=\"article\" \/>\n<meta property=\"og:title\" content=\"Warnmalerei - Od\u015bnie\u017canie dach\u00f3w, Usuwanie \u015bniegu z dach\u00f3w,\" \/>\n<meta property=\"og:description\" content=\"Warnmalerei beinhaltet die entsprechende Kennzeichnung von hohen Gegenst\u00e4nden als sogenannte Luftfahrthindernisse (gem\u00e4\u00df der Verordnung des Ministers f\u00fcr Infrastruktur vom 25. Juni 2003, Journal of Laws von 2003 Nr. 130, Punkt 1193, in der jeweils g\u00fcltigen Fassung). Dazu geh\u00f6ren insbesondere: dauerhafte oder vor\u00fcbergehende Bauarbeiten und nat\u00fcrliche Gegenst\u00e4nde oder deren Teile mit H\u00f6hen, die die Grenzfl\u00e4chen \u00fcberschreiten, [&hellip;]\" \/>\n<meta property=\"og:url\" content=\"https:\/\/renowacje.net.pl\/de\/angebot\/warnmalerei\/\" \/>\n<meta property=\"og:site_name\" content=\"Od\u015bnie\u017canie dach\u00f3w, Usuwanie \u015bniegu z dach\u00f3w,\" \/>\n<meta property=\"article:publisher\" content=\"https:\/\/www.facebook.com\/ProspectGroupSpzoo\/\" \/>\n<meta property=\"article:modified_time\" content=\"2021-02-15T10:01:10+00:00\" \/>\n<meta name=\"twitter:card\" content=\"summary_large_image\" \/>\n<meta name=\"twitter:label1\" content=\"Gesch\u00e4tzte Lesezeit\" \/>\n\t<meta name=\"twitter:data1\" content=\"1\u00a0Minute\" \/>\n<script type=\"application\/ld+json\" class=\"yoast-schema-graph\">{\"@context\":\"https:\/\/schema.org\",\"@graph\":[{\"@type\":\"WebPage\",\"@id\":\"https:\/\/renowacje.net.pl\/de\/angebot\/warnmalerei\/\",\"url\":\"https:\/\/renowacje.net.pl\/de\/angebot\/warnmalerei\/\",\"name\":\"Warnmalerei - Od\u015bnie\u017canie dach\u00f3w, Usuwanie \u015bniegu z dach\u00f3w,\",\"isPartOf\":{\"@id\":\"https:\/\/renowacje.net.pl\/#website\"},\"datePublished\":\"2017-07-13T11:23:07+00:00\",\"dateModified\":\"2021-02-15T10:01:10+00:00\",\"breadcrumb\":{\"@id\":\"https:\/\/renowacje.net.pl\/de\/angebot\/warnmalerei\/#breadcrumb\"},\"inLanguage\":\"de\",\"potentialAction\":[{\"@type\":\"ReadAction\",\"target\":[\"https:\/\/renowacje.net.pl\/de\/angebot\/warnmalerei\/\"]}]},{\"@type\":\"BreadcrumbList\",\"@id\":\"https:\/\/renowacje.net.pl\/de\/angebot\/warnmalerei\/#breadcrumb\",\"itemListElement\":[{\"@type\":\"ListItem\",\"position\":1,\"name\":\"Strona g\u0142\u00f3wna\",\"item\":\"https:\/\/renowacje.net.pl\/de\/\"},{\"@type\":\"ListItem\",\"position\":2,\"name\":\"Angebot\",\"item\":\"https:\/\/renowacje.net.pl\/de\/angebot\/\"},{\"@type\":\"ListItem\",\"position\":3,\"name\":\"Warnmalerei\"}]},{\"@type\":\"WebSite\",\"@id\":\"https:\/\/renowacje.net.pl\/#website\",\"url\":\"https:\/\/renowacje.net.pl\/\",\"name\":\"Od\u015bnie\u017canie dach\u00f3w, Usuwanie \u015bniegu z dach\u00f3w,\",\"description\":\"Od\u015bnie\u017canie dach\u00f3w, Usuwanie \u015bniegu z dach\u00f3w,\",\"potentialAction\":[{\"@type\":\"SearchAction\",\"target\":{\"@type\":\"EntryPoint\",\"urlTemplate\":\"https:\/\/renowacje.net.pl\/?s={search_term_string}\"},\"query-input\":{\"@type\":\"PropertyValueSpecification\",\"valueRequired\":true,\"valueName\":\"search_term_string\"}}],\"inLanguage\":\"de\"}]}<\/script>\n<!-- \/ Yoast SEO plugin. -->","yoast_head_json":{"title":"Warnmalerei - Od\u015bnie\u017canie dach\u00f3w, Usuwanie \u015bniegu z dach\u00f3w,","robots":{"index":"index","follow":"follow","max-snippet":"max-snippet:-1","max-image-preview":"max-image-preview:large","max-video-preview":"max-video-preview:-1"},"canonical":"https:\/\/renowacje.net.pl\/de\/angebot\/warnmalerei\/","og_locale":"de_DE","og_type":"article","og_title":"Warnmalerei - Od\u015bnie\u017canie dach\u00f3w, Usuwanie \u015bniegu z dach\u00f3w,","og_description":"Warnmalerei beinhaltet die entsprechende Kennzeichnung von hohen Gegenst\u00e4nden als sogenannte Luftfahrthindernisse (gem\u00e4\u00df der Verordnung des Ministers f\u00fcr Infrastruktur vom 25. Juni 2003, Journal of Laws von 2003 Nr. 130, Punkt 1193, in der jeweils g\u00fcltigen Fassung). Dazu geh\u00f6ren insbesondere: dauerhafte oder vor\u00fcbergehende Bauarbeiten und nat\u00fcrliche Gegenst\u00e4nde oder deren Teile mit H\u00f6hen, die die Grenzfl\u00e4chen \u00fcberschreiten, [&hellip;]","og_url":"https:\/\/renowacje.net.pl\/de\/angebot\/warnmalerei\/","og_site_name":"Od\u015bnie\u017canie dach\u00f3w, Usuwanie \u015bniegu z dach\u00f3w,","article_publisher":"https:\/\/www.facebook.com\/ProspectGroupSpzoo\/","article_modified_time":"2021-02-15T10:01:10+00:00","twitter_card":"summary_large_image","twitter_misc":{"Gesch\u00e4tzte Lesezeit":"1\u00a0Minute"},"schema":{"@context":"https:\/\/schema.org","@graph":[{"@type":"WebPage","@id":"https:\/\/renowacje.net.pl\/de\/angebot\/warnmalerei\/","url":"https:\/\/renowacje.net.pl\/de\/angebot\/warnmalerei\/","name":"Warnmalerei - Od\u015bnie\u017canie dach\u00f3w, Usuwanie \u015bniegu z dach\u00f3w,","isPartOf":{"@id":"https:\/\/renowacje.net.pl\/#website"},"datePublished":"2017-07-13T11:23:07+00:00","dateModified":"2021-02-15T10:01:10+00:00","breadcrumb":{"@id":"https:\/\/renowacje.net.pl\/de\/angebot\/warnmalerei\/#breadcrumb"},"inLanguage":"de","potentialAction":[{"@type":"ReadAction","target":["https:\/\/renowacje.net.pl\/de\/angebot\/warnmalerei\/"]}]},{"@type":"BreadcrumbList","@id":"https:\/\/renowacje.net.pl\/de\/angebot\/warnmalerei\/#breadcrumb","itemListElement":[{"@type":"ListItem","position":1,"name":"Strona g\u0142\u00f3wna","item":"https:\/\/renowacje.net.pl\/de\/"},{"@type":"ListItem","position":2,"name":"Angebot","item":"https:\/\/renowacje.net.pl\/de\/angebot\/"},{"@type":"ListItem","position":3,"name":"Warnmalerei"}]},{"@type":"WebSite","@id":"https:\/\/renowacje.net.pl\/#website","url":"https:\/\/renowacje.net.pl\/","name":"Od\u015bnie\u017canie dach\u00f3w, Usuwanie \u015bniegu z dach\u00f3w,","description":"Od\u015bnie\u017canie dach\u00f3w, Usuwanie \u015bniegu z dach\u00f3w,","potentialAction":[{"@type":"SearchAction","target":{"@type":"EntryPoint","urlTemplate":"https:\/\/renowacje.net.pl\/?s={search_term_string}"},"query-input":{"@type":"PropertyValueSpecification","valueRequired":true,"valueName":"search_term_string"}}],"inLanguage":"de"}]}},"_links":{"self":[{"href":"https:\/\/renowacje.net.pl\/de\/wp-json\/wp\/v2\/pages\/391","targetHints":{"allow":["GET"]}}],"collection":[{"href":"https:\/\/renowacje.net.pl\/de\/wp-json\/wp\/v2\/pages"}],"about":[{"href":"https:\/\/renowacje.net.pl\/de\/wp-json\/wp\/v2\/types\/page"}],"author":[{"embeddable":true,"href":"https:\/\/renowacje.net.pl\/de\/wp-json\/wp\/v2\/users\/1"}],"replies":[{"embeddable":true,"href":"https:\/\/renowacje.net.pl\/de\/wp-json\/wp\/v2\/comments?post=391"}],"version-history":[{"count":3,"href":"https:\/\/renowacje.net.pl\/de\/wp-json\/wp\/v2\/pages\/391\/revisions"}],"predecessor-version":[{"id":2362,"href":"https:\/\/renowacje.net.pl\/de\/wp-json\/wp\/v2\/pages\/391\/revisions\/2362"}],"up":[{"embeddable":true,"href":"https:\/\/renowacje.net.pl\/de\/wp-json\/wp\/v2\/pages\/378"}],"wp:attachment":[{"href":"https:\/\/renowacje.net.pl\/de\/wp-json\/wp\/v2\/media?parent=391"}],"curies":[{"name":"wp","href":"https:\/\/api.w.org\/{rel}","templated":true}]}}