{"id":387,"date":"2017-07-13T13:22:56","date_gmt":"2017-07-13T11:22:56","guid":{"rendered":"http:\/\/renowacje.net.pl\/oferta\/malowanie-ogniochronne\/"},"modified":"2021-02-15T10:51:46","modified_gmt":"2021-02-15T09:51:46","slug":"feuerhemmende-malerei","status":"publish","type":"page","link":"https:\/\/renowacje.net.pl\/de\/angebot\/feuerhemmende-malerei\/","title":{"rendered":"feuerhemmende Malerei"},"content":{"rendered":"<p>Der Schutz von Stahlkonstruktionen vor Feuer ist eine der strengsten Brandschutzbestimmungen. Verantwortlich daf\u00fcr sind die Eigent\u00fcmer und Verwalter von Geb\u00e4udestrukturen.<\/p>\n<p><strong>Warum lohnt es sich, unsere feuerfesten Lackierdienste zu nutzen?<\/strong><\/p>\n<ul>\n<li>Wir verf\u00fcgen \u00fcber umfangreiche technische Kenntnisse auf diesem Gebiet<\/li>\n<li>Wir haben g\u00fcltige Lizenzen des Herstellers der angegebenen Brandschutzsysteme<\/li>\n<li>Wir haben qualifizierte und geschulte Mitarbeiter<\/li>\n<\/ul>\n<p><strong>Unsere Brandschutzma\u00dfnahmen erm\u00f6glichen es uns, einen Feuerwiderstand der Struktur auf dem Niveau von: R15, R30, R60 gem\u00e4\u00df dem Teil der korrosiven Aggressivit\u00e4tskategorie PN-ISO 12944 zu erhalten 2 von C1 bis C5M.<\/strong><\/p>\n<p>Brandschutzsysteme erzeugen eine flexible und mechanisch dauerhafte Beschichtung, die best\u00e4ndig ist gegen:<\/p>\n<ul>\n<li>Feuchtigkeit,<\/li>\n<li>Kondenswasser,<\/li>\n<li>atmosph\u00e4rische Faktoren (einschlie\u00dflich industrieller Atmosph\u00e4re).<\/li>\n<\/ul>\n<p>Intumeszierende Farbe dient zum Brandschutz von Stahlkonstruktionen (einschlie\u00dflich verzinkter Oberfl\u00e4chen) mit offenen und geschlossenen Profilen, die au\u00dferhalb oder innerhalb von Geb\u00e4uden verwendet werden. Es ist Teil eines Sets, das Folgendes enth\u00e4lt:<\/p>\n<ul>\n<li>Zweikomponenten-Korrosionsschutz-Epoxidfarbe (zur Herstellung der Basisschicht),<\/li>\n<li>Zweikomponenten-Polyurethanfarbe (zur Herstellung der Deckschicht).<\/li>\n<\/ul>\n<p>Als Ergebnis wird eine dauerhafte Beschichtung erhalten, die Stahlkonstruktionen vor Feuer sch\u00fctzt.<\/p>\n","protected":false},"excerpt":{"rendered":"<p>Der Schutz von Stahlkonstruktionen vor Feuer ist eine der strengsten Brandschutzbestimmungen. Verantwortlich daf\u00fcr sind die Eigent\u00fcmer und Verwalter von Geb\u00e4udestrukturen. Warum lohnt es sich, unsere feuerfesten Lackierdienste zu nutzen? Wir verf\u00fcgen \u00fcber umfangreiche technische Kenntnisse auf diesem Gebiet Wir haben g\u00fcltige Lizenzen des Herstellers der angegebenen Brandschutzsysteme Wir haben qualifizierte und geschulte Mitarbeiter Unsere Brandschutzma\u00dfnahmen [&hellip;]<\/p>\n","protected":false},"author":1,"featured_media":0,"parent":378,"menu_order":0,"comment_status":"closed","ping_status":"closed","template":"single-oferta.php","meta":{"ngg_post_thumbnail":0,"footnotes":""},"class_list":["post-387","page","type-page","status-publish","hentry"],"yoast_head":"<!-- This site is optimized with the Yoast SEO plugin v25.4 - https:\/\/yoast.com\/wordpress\/plugins\/seo\/ -->\n<title>feuerhemmende Malerei - Od\u015bnie\u017canie dach\u00f3w, Usuwanie \u015bniegu z dach\u00f3w,<\/title>\n<meta name=\"robots\" content=\"index, follow, max-snippet:-1, max-image-preview:large, max-video-preview:-1\" \/>\n<link rel=\"canonical\" href=\"https:\/\/renowacje.net.pl\/de\/angebot\/feuerhemmende-malerei\/\" \/>\n<meta property=\"og:locale\" content=\"de_DE\" \/>\n<meta property=\"og:type\" content=\"article\" \/>\n<meta property=\"og:title\" content=\"feuerhemmende Malerei - Od\u015bnie\u017canie dach\u00f3w, Usuwanie \u015bniegu z dach\u00f3w,\" \/>\n<meta property=\"og:description\" content=\"Der Schutz von Stahlkonstruktionen vor Feuer ist eine der strengsten Brandschutzbestimmungen. Verantwortlich daf\u00fcr sind die Eigent\u00fcmer und Verwalter von Geb\u00e4udestrukturen. Warum lohnt es sich, unsere feuerfesten Lackierdienste zu nutzen? Wir verf\u00fcgen \u00fcber umfangreiche technische Kenntnisse auf diesem Gebiet Wir haben g\u00fcltige Lizenzen des Herstellers der angegebenen Brandschutzsysteme Wir haben qualifizierte und geschulte Mitarbeiter Unsere Brandschutzma\u00dfnahmen [&hellip;]\" \/>\n<meta property=\"og:url\" content=\"https:\/\/renowacje.net.pl\/de\/angebot\/feuerhemmende-malerei\/\" \/>\n<meta property=\"og:site_name\" content=\"Od\u015bnie\u017canie dach\u00f3w, Usuwanie \u015bniegu z dach\u00f3w,\" \/>\n<meta property=\"article:publisher\" content=\"https:\/\/www.facebook.com\/ProspectGroupSpzoo\/\" \/>\n<meta property=\"article:modified_time\" content=\"2021-02-15T09:51:46+00:00\" \/>\n<meta name=\"twitter:card\" content=\"summary_large_image\" \/>\n<meta name=\"twitter:label1\" content=\"Gesch\u00e4tzte Lesezeit\" \/>\n\t<meta name=\"twitter:data1\" content=\"1\u00a0Minute\" \/>\n<script type=\"application\/ld+json\" class=\"yoast-schema-graph\">{\"@context\":\"https:\/\/schema.org\",\"@graph\":[{\"@type\":\"WebPage\",\"@id\":\"https:\/\/renowacje.net.pl\/de\/angebot\/feuerhemmende-malerei\/\",\"url\":\"https:\/\/renowacje.net.pl\/de\/angebot\/feuerhemmende-malerei\/\",\"name\":\"feuerhemmende Malerei - Od\u015bnie\u017canie dach\u00f3w, Usuwanie \u015bniegu z dach\u00f3w,\",\"isPartOf\":{\"@id\":\"https:\/\/renowacje.net.pl\/#website\"},\"datePublished\":\"2017-07-13T11:22:56+00:00\",\"dateModified\":\"2021-02-15T09:51:46+00:00\",\"breadcrumb\":{\"@id\":\"https:\/\/renowacje.net.pl\/de\/angebot\/feuerhemmende-malerei\/#breadcrumb\"},\"inLanguage\":\"de\",\"potentialAction\":[{\"@type\":\"ReadAction\",\"target\":[\"https:\/\/renowacje.net.pl\/de\/angebot\/feuerhemmende-malerei\/\"]}]},{\"@type\":\"BreadcrumbList\",\"@id\":\"https:\/\/renowacje.net.pl\/de\/angebot\/feuerhemmende-malerei\/#breadcrumb\",\"itemListElement\":[{\"@type\":\"ListItem\",\"position\":1,\"name\":\"Strona g\u0142\u00f3wna\",\"item\":\"https:\/\/renowacje.net.pl\/de\/\"},{\"@type\":\"ListItem\",\"position\":2,\"name\":\"Angebot\",\"item\":\"https:\/\/renowacje.net.pl\/de\/angebot\/\"},{\"@type\":\"ListItem\",\"position\":3,\"name\":\"feuerhemmende Malerei\"}]},{\"@type\":\"WebSite\",\"@id\":\"https:\/\/renowacje.net.pl\/#website\",\"url\":\"https:\/\/renowacje.net.pl\/\",\"name\":\"Od\u015bnie\u017canie dach\u00f3w, Usuwanie \u015bniegu z dach\u00f3w,\",\"description\":\"Od\u015bnie\u017canie dach\u00f3w, Usuwanie \u015bniegu z dach\u00f3w,\",\"potentialAction\":[{\"@type\":\"SearchAction\",\"target\":{\"@type\":\"EntryPoint\",\"urlTemplate\":\"https:\/\/renowacje.net.pl\/?s={search_term_string}\"},\"query-input\":{\"@type\":\"PropertyValueSpecification\",\"valueRequired\":true,\"valueName\":\"search_term_string\"}}],\"inLanguage\":\"de\"}]}<\/script>\n<!-- \/ Yoast SEO plugin. -->","yoast_head_json":{"title":"feuerhemmende Malerei - Od\u015bnie\u017canie dach\u00f3w, Usuwanie \u015bniegu z dach\u00f3w,","robots":{"index":"index","follow":"follow","max-snippet":"max-snippet:-1","max-image-preview":"max-image-preview:large","max-video-preview":"max-video-preview:-1"},"canonical":"https:\/\/renowacje.net.pl\/de\/angebot\/feuerhemmende-malerei\/","og_locale":"de_DE","og_type":"article","og_title":"feuerhemmende Malerei - Od\u015bnie\u017canie dach\u00f3w, Usuwanie \u015bniegu z dach\u00f3w,","og_description":"Der Schutz von Stahlkonstruktionen vor Feuer ist eine der strengsten Brandschutzbestimmungen. Verantwortlich daf\u00fcr sind die Eigent\u00fcmer und Verwalter von Geb\u00e4udestrukturen. Warum lohnt es sich, unsere feuerfesten Lackierdienste zu nutzen? Wir verf\u00fcgen \u00fcber umfangreiche technische Kenntnisse auf diesem Gebiet Wir haben g\u00fcltige Lizenzen des Herstellers der angegebenen Brandschutzsysteme Wir haben qualifizierte und geschulte Mitarbeiter Unsere Brandschutzma\u00dfnahmen [&hellip;]","og_url":"https:\/\/renowacje.net.pl\/de\/angebot\/feuerhemmende-malerei\/","og_site_name":"Od\u015bnie\u017canie dach\u00f3w, Usuwanie \u015bniegu z dach\u00f3w,","article_publisher":"https:\/\/www.facebook.com\/ProspectGroupSpzoo\/","article_modified_time":"2021-02-15T09:51:46+00:00","twitter_card":"summary_large_image","twitter_misc":{"Gesch\u00e4tzte Lesezeit":"1\u00a0Minute"},"schema":{"@context":"https:\/\/schema.org","@graph":[{"@type":"WebPage","@id":"https:\/\/renowacje.net.pl\/de\/angebot\/feuerhemmende-malerei\/","url":"https:\/\/renowacje.net.pl\/de\/angebot\/feuerhemmende-malerei\/","name":"feuerhemmende Malerei - Od\u015bnie\u017canie dach\u00f3w, Usuwanie \u015bniegu z dach\u00f3w,","isPartOf":{"@id":"https:\/\/renowacje.net.pl\/#website"},"datePublished":"2017-07-13T11:22:56+00:00","dateModified":"2021-02-15T09:51:46+00:00","breadcrumb":{"@id":"https:\/\/renowacje.net.pl\/de\/angebot\/feuerhemmende-malerei\/#breadcrumb"},"inLanguage":"de","potentialAction":[{"@type":"ReadAction","target":["https:\/\/renowacje.net.pl\/de\/angebot\/feuerhemmende-malerei\/"]}]},{"@type":"BreadcrumbList","@id":"https:\/\/renowacje.net.pl\/de\/angebot\/feuerhemmende-malerei\/#breadcrumb","itemListElement":[{"@type":"ListItem","position":1,"name":"Strona g\u0142\u00f3wna","item":"https:\/\/renowacje.net.pl\/de\/"},{"@type":"ListItem","position":2,"name":"Angebot","item":"https:\/\/renowacje.net.pl\/de\/angebot\/"},{"@type":"ListItem","position":3,"name":"feuerhemmende Malerei"}]},{"@type":"WebSite","@id":"https:\/\/renowacje.net.pl\/#website","url":"https:\/\/renowacje.net.pl\/","name":"Od\u015bnie\u017canie dach\u00f3w, Usuwanie \u015bniegu z dach\u00f3w,","description":"Od\u015bnie\u017canie dach\u00f3w, Usuwanie \u015bniegu z dach\u00f3w,","potentialAction":[{"@type":"SearchAction","target":{"@type":"EntryPoint","urlTemplate":"https:\/\/renowacje.net.pl\/?s={search_term_string}"},"query-input":{"@type":"PropertyValueSpecification","valueRequired":true,"valueName":"search_term_string"}}],"inLanguage":"de"}]}},"_links":{"self":[{"href":"https:\/\/renowacje.net.pl\/de\/wp-json\/wp\/v2\/pages\/387","targetHints":{"allow":["GET"]}}],"collection":[{"href":"https:\/\/renowacje.net.pl\/de\/wp-json\/wp\/v2\/pages"}],"about":[{"href":"https:\/\/renowacje.net.pl\/de\/wp-json\/wp\/v2\/types\/page"}],"author":[{"embeddable":true,"href":"https:\/\/renowacje.net.pl\/de\/wp-json\/wp\/v2\/users\/1"}],"replies":[{"embeddable":true,"href":"https:\/\/renowacje.net.pl\/de\/wp-json\/wp\/v2\/comments?post=387"}],"version-history":[{"count":3,"href":"https:\/\/renowacje.net.pl\/de\/wp-json\/wp\/v2\/pages\/387\/revisions"}],"predecessor-version":[{"id":2359,"href":"https:\/\/renowacje.net.pl\/de\/wp-json\/wp\/v2\/pages\/387\/revisions\/2359"}],"up":[{"embeddable":true,"href":"https:\/\/renowacje.net.pl\/de\/wp-json\/wp\/v2\/pages\/378"}],"wp:attachment":[{"href":"https:\/\/renowacje.net.pl\/de\/wp-json\/wp\/v2\/media?parent=387"}],"curies":[{"name":"wp","href":"https:\/\/api.w.org\/{rel}","templated":true}]}}