{"id":378,"date":"2017-07-11T12:45:29","date_gmt":"2017-07-11T10:45:29","guid":{"rendered":"http:\/\/renowacje.net.pl\/oferta\/"},"modified":"2021-02-15T10:50:01","modified_gmt":"2021-02-15T09:50:01","slug":"angebot","status":"publish","type":"page","link":"https:\/\/renowacje.net.pl\/de\/angebot\/","title":{"rendered":"Angebot"},"content":{"rendered":"<h4>Unter Ber\u00fccksichtigung der Bed\u00fcrfnisse unserer Kunden bieten wir eine breite Palette von Dienstleistungen an:<\/h4>\n<ul>\n<li>industrielle Korrosionsschutz &#8211;<a href=\"https:\/\/www.renowacje.net.pl\/pl\/p\/zabezpieczenia-antykorozyjne\"> Korrosionsschutz von Stahl und Beton,<\/a><\/li>\n<li><a href=\"https:\/\/www.renowacje.net.pl\/pl\/p\/przeglady-budowlane\">Inspektion des technischen Zustands von Geb\u00e4uden mit der Entwicklung von Sanierungsempfehlungen,<\/a><\/li>\n<li><a href=\"https:\/\/www.renowacje.net.pl\/pl\/p\/odsniezanie-dachow\">Entfernen von Schnee von D\u00e4chern und Messen der Dicke der Schneedecke,<\/a><\/li>\n<li>Installation von Stahlkonstruktionen,<\/li>\n<li><a href=\"https:\/\/www.renowacje.net.pl\/pl\/p\/malowanie-ogniochronne\">Restaurierungsfarbe, einschlie\u00dflich feuerhemmender Farbe (Brandschutz),<\/a><\/li>\n<li><a href=\"https:\/\/www.renowacje.net.pl\/pl\/p\/remonty-pokryc-dachowych\">Renovierung von D\u00e4chern,<\/a><\/li>\n<li><a href=\"http:\/\/www.safesystems.pl\/\">Montage und Verkauf von Absturzsicherungssystemen,<\/a><\/li>\n<li>Entwurf und Auswahl der industriellen W\u00e4rmed\u00e4mmung: Isolierung von Rauchgaskan\u00e4len, Tanks, Kaminen, Sch\u00e4chten, Geb\u00e4udefassaden sowie anderer Montage-, Demontage-, Abbruch- und Modernisierungsarbeiten in gro\u00dfen H\u00f6hen.<\/li>\n<\/ul>\n<h4>Im Rahmen der durchgef\u00fchrten Arbeiten stellen wir zur Verf\u00fcgung:<\/h4>\n<ul>\n<li>Vorbereitung der notwendigen technischen und fotografischen Dokumentation,<\/li>\n<li>Entwicklung eines Reparatur- und Renovierungsplans mit Auswahl einer geeigneten Korrosionsschutztechnologie,<\/li>\n<li>Durchf\u00fchrung von Tests und Berechnungen zur Bestimmung der Haltbarkeit und des Zustands des Objekts<\/li>\n<\/ul>\n<h3>Ein beispielhafter Aufgabenbereich, der an verschiedenen Arten von Einrichtungen ausgef\u00fchrt wird:<\/h3>\n<h4>Stahlkonstruktionen, GSM-T\u00fcrme, Masten<\/h4>\n<ul>\n<li>Montage, Demontage und die sogenannte Schlankheitskonstruktion<\/li>\n<li>Modernisierung, Wartung und Korrosionsschutz<\/li>\n<\/ul>\n<h4>Industrie- und Lagerhallen, Fabriken<\/h4>\n<ul>\n<li>Reparatur und Inspektion des technischen Zustands<\/li>\n<li>Lackieren von Stahlkonstruktionen<\/li>\n<li>Feuerschutz<\/li>\n<li>Struktur st\u00e4rken<\/li>\n<\/ul>\n<h4>Objekte mit Stahl, Stahlbeton und Betonkonstruktionen<\/h4>\n<ul>\n<li>Renovierung und Lackierung von Stahlkonstruktionen sowie Auswahl der Korrosionsschutztechnologie<\/li>\n<li>Sandstrahlen von Stahl- und Stahlbetonkonstruktionen<\/li>\n<\/ul>\n<h4>K\u00fchlt\u00fcrme, Silos, Tanks<\/h4>\n<ul>\n<li>Regelm\u00e4\u00dfige und bauliche Inspektionen von Silo- und Tankstrukturen<\/li>\n<li>Korrosionsschutz, einschlie\u00dflich Renovierungsanstrich<\/li>\n<li>Reparatur von Stahlbeton- und Stahlm\u00e4nteln<\/li>\n<li>Renovierung des K\u00fchlturms, Korrosionsschutzarbeiten, Abriss und Modernisierung<\/li>\n<\/ul>\n<h4>Industriefassaden<\/h4>\n<ul>\n<li>Installation der Fassade aus Trapezplatten und Sandwichelementen sowie Demontage<\/li>\n<li>Malen jeder Art von Fassade<\/li>\n<li>Korrosionsschutz von Rahmenkonstruktionen<\/li>\n<li>W\u00e4rmed\u00e4mmung funktioniert<\/li>\n<\/ul>\n<h4>D\u00e4cher von Hallen, Fabriken, Lagern und Wohngeb\u00e4uden<\/h4>\n<ul>\n<li>Manuelle und mechanische Schneer\u00e4umung von D\u00e4chern<\/li>\n<li>St\u00e4ndige \u00dcberwachung der statischen Belastung des Daches<\/li>\n<li>Vorbereitung der Dokumentation zu Empfehlungen f\u00fcr die Schneer\u00e4umung von D\u00e4chern<\/li>\n<li>Schneer\u00e4umung<\/li>\n<li>Renovierung und Reparatur jeglicher Art von Dachummantelung<\/li>\n<li>Ein neues Dach von Grund auf neu erstellen<\/li>\n<\/ul>\n<h4>Blitzschutzanlagen, elektrische Hindernisbeleuchtung<\/h4>\n<ul>\n<li>Installation und Verkauf von Hindernisbeleuchtungen<\/li>\n<li>Pr\u00fcfung von Blitzschutz- und Elektroinstallationen in gro\u00dfen H\u00f6hen<\/li>\n<li>Installation von Blitzschutz- und Kabelwegen an hohen Geb\u00e4uden<\/li>\n<\/ul>\n<h4>Technische und regelm\u00e4\u00dfige Inspektionen &#8211; Gutachten von hohen Geb\u00e4uden (Stahlbetonschornsteine \u200b\u200bund Stahlschornsteine)<\/h4>\n<ul>\n<li>Nicht-invasive Dickenmessungen von Kaminm\u00e4nteln (Ultraschallmethode)<\/li>\n<li>Pr\u00fcfung von Auspuffrohren, Tragkonstruktionen, Abspannseilen und Stahlbeschl\u00e4gen (Klettermethode)<\/li>\n<li>Beurteilung des Zustands von Schwei\u00df- und Schraubverbindungen (Blasen-, spektrometrische und Magnetpartikelmethoden, Drucktests)<\/li>\n<li>Bewertung des Zustands des Korrosionsschutzes<\/li>\n<li>Installationsmessungen<\/li>\n<li>\u00dcberpr\u00fcfung und Bestandsaufnahme von Sch\u00e4den am Stahlbetonschacht (mit Klettermethoden)<\/li>\n<li>\u00dcberarbeitung und Bewertung des Kamingeh\u00e4uses sowie \u00dcberpr\u00fcfung des Zustands der Dehnungsfugen<\/li>\n<li>Bewertung des technischen Zustands von Stahlgalerien und Leitern<\/li>\n<li>Entwicklung von L\u00f6sungen bei \u00c4nderung der Brennmethode oder Einf\u00fchrung von entschwefelten Abgasen<\/li>\n<li>Beurteilung und Korrektur der Spannung von Stahlfelgen<\/li>\n<\/ul>\n","protected":false},"excerpt":{"rendered":"<p>Unter Ber\u00fccksichtigung der Bed\u00fcrfnisse unserer Kunden bieten wir eine breite Palette von Dienstleistungen an: industrielle Korrosionsschutz &#8211; Korrosionsschutz von Stahl und Beton, Inspektion des technischen Zustands von Geb\u00e4uden mit der Entwicklung von Sanierungsempfehlungen, Entfernen von Schnee von D\u00e4chern und Messen der Dicke der Schneedecke, Installation von Stahlkonstruktionen, Restaurierungsfarbe, einschlie\u00dflich feuerhemmender Farbe (Brandschutz), Renovierung von D\u00e4chern, [&hellip;]<\/p>\n","protected":false},"author":1,"featured_media":0,"parent":0,"menu_order":0,"comment_status":"closed","ping_status":"closed","template":"page-oferta.php","meta":{"ngg_post_thumbnail":0,"footnotes":""},"class_list":["post-378","page","type-page","status-publish","hentry"],"yoast_head":"<!-- This site is optimized with the Yoast SEO plugin v25.4 - https:\/\/yoast.com\/wordpress\/plugins\/seo\/ -->\n<title>Angebot - Od\u015bnie\u017canie dach\u00f3w, Usuwanie \u015bniegu z dach\u00f3w,<\/title>\n<meta name=\"robots\" content=\"index, follow, max-snippet:-1, max-image-preview:large, max-video-preview:-1\" \/>\n<link rel=\"canonical\" href=\"https:\/\/renowacje.net.pl\/de\/angebot\/\" \/>\n<meta property=\"og:locale\" content=\"de_DE\" \/>\n<meta property=\"og:type\" content=\"article\" \/>\n<meta property=\"og:title\" content=\"Angebot - Od\u015bnie\u017canie dach\u00f3w, Usuwanie \u015bniegu z dach\u00f3w,\" \/>\n<meta property=\"og:description\" content=\"Unter Ber\u00fccksichtigung der Bed\u00fcrfnisse unserer Kunden bieten wir eine breite Palette von Dienstleistungen an: industrielle Korrosionsschutz &#8211; Korrosionsschutz von Stahl und Beton, Inspektion des technischen Zustands von Geb\u00e4uden mit der Entwicklung von Sanierungsempfehlungen, Entfernen von Schnee von D\u00e4chern und Messen der Dicke der Schneedecke, Installation von Stahlkonstruktionen, Restaurierungsfarbe, einschlie\u00dflich feuerhemmender Farbe (Brandschutz), Renovierung von D\u00e4chern, [&hellip;]\" \/>\n<meta property=\"og:url\" content=\"https:\/\/renowacje.net.pl\/de\/angebot\/\" \/>\n<meta property=\"og:site_name\" content=\"Od\u015bnie\u017canie dach\u00f3w, Usuwanie \u015bniegu z dach\u00f3w,\" \/>\n<meta property=\"article:publisher\" content=\"https:\/\/www.facebook.com\/ProspectGroupSpzoo\/\" \/>\n<meta property=\"article:modified_time\" content=\"2021-02-15T09:50:01+00:00\" \/>\n<meta name=\"twitter:card\" content=\"summary_large_image\" \/>\n<meta name=\"twitter:label1\" content=\"Gesch\u00e4tzte Lesezeit\" \/>\n\t<meta name=\"twitter:data1\" content=\"2\u00a0Minuten\" \/>\n<script type=\"application\/ld+json\" class=\"yoast-schema-graph\">{\"@context\":\"https:\/\/schema.org\",\"@graph\":[{\"@type\":\"WebPage\",\"@id\":\"https:\/\/renowacje.net.pl\/de\/angebot\/\",\"url\":\"https:\/\/renowacje.net.pl\/de\/angebot\/\",\"name\":\"Angebot - Od\u015bnie\u017canie dach\u00f3w, Usuwanie \u015bniegu z dach\u00f3w,\",\"isPartOf\":{\"@id\":\"https:\/\/renowacje.net.pl\/#website\"},\"datePublished\":\"2017-07-11T10:45:29+00:00\",\"dateModified\":\"2021-02-15T09:50:01+00:00\",\"breadcrumb\":{\"@id\":\"https:\/\/renowacje.net.pl\/de\/angebot\/#breadcrumb\"},\"inLanguage\":\"de\",\"potentialAction\":[{\"@type\":\"ReadAction\",\"target\":[\"https:\/\/renowacje.net.pl\/de\/angebot\/\"]}]},{\"@type\":\"BreadcrumbList\",\"@id\":\"https:\/\/renowacje.net.pl\/de\/angebot\/#breadcrumb\",\"itemListElement\":[{\"@type\":\"ListItem\",\"position\":1,\"name\":\"Strona g\u0142\u00f3wna\",\"item\":\"https:\/\/renowacje.net.pl\/de\/\"},{\"@type\":\"ListItem\",\"position\":2,\"name\":\"Angebot\"}]},{\"@type\":\"WebSite\",\"@id\":\"https:\/\/renowacje.net.pl\/#website\",\"url\":\"https:\/\/renowacje.net.pl\/\",\"name\":\"Od\u015bnie\u017canie dach\u00f3w, Usuwanie \u015bniegu z dach\u00f3w,\",\"description\":\"Od\u015bnie\u017canie dach\u00f3w, Usuwanie \u015bniegu z dach\u00f3w,\",\"potentialAction\":[{\"@type\":\"SearchAction\",\"target\":{\"@type\":\"EntryPoint\",\"urlTemplate\":\"https:\/\/renowacje.net.pl\/?s={search_term_string}\"},\"query-input\":{\"@type\":\"PropertyValueSpecification\",\"valueRequired\":true,\"valueName\":\"search_term_string\"}}],\"inLanguage\":\"de\"}]}<\/script>\n<!-- \/ Yoast SEO plugin. -->","yoast_head_json":{"title":"Angebot - Od\u015bnie\u017canie dach\u00f3w, Usuwanie \u015bniegu z dach\u00f3w,","robots":{"index":"index","follow":"follow","max-snippet":"max-snippet:-1","max-image-preview":"max-image-preview:large","max-video-preview":"max-video-preview:-1"},"canonical":"https:\/\/renowacje.net.pl\/de\/angebot\/","og_locale":"de_DE","og_type":"article","og_title":"Angebot - Od\u015bnie\u017canie dach\u00f3w, Usuwanie \u015bniegu z dach\u00f3w,","og_description":"Unter Ber\u00fccksichtigung der Bed\u00fcrfnisse unserer Kunden bieten wir eine breite Palette von Dienstleistungen an: industrielle Korrosionsschutz &#8211; Korrosionsschutz von Stahl und Beton, Inspektion des technischen Zustands von Geb\u00e4uden mit der Entwicklung von Sanierungsempfehlungen, Entfernen von Schnee von D\u00e4chern und Messen der Dicke der Schneedecke, Installation von Stahlkonstruktionen, Restaurierungsfarbe, einschlie\u00dflich feuerhemmender Farbe (Brandschutz), Renovierung von D\u00e4chern, [&hellip;]","og_url":"https:\/\/renowacje.net.pl\/de\/angebot\/","og_site_name":"Od\u015bnie\u017canie dach\u00f3w, Usuwanie \u015bniegu z dach\u00f3w,","article_publisher":"https:\/\/www.facebook.com\/ProspectGroupSpzoo\/","article_modified_time":"2021-02-15T09:50:01+00:00","twitter_card":"summary_large_image","twitter_misc":{"Gesch\u00e4tzte Lesezeit":"2\u00a0Minuten"},"schema":{"@context":"https:\/\/schema.org","@graph":[{"@type":"WebPage","@id":"https:\/\/renowacje.net.pl\/de\/angebot\/","url":"https:\/\/renowacje.net.pl\/de\/angebot\/","name":"Angebot - Od\u015bnie\u017canie dach\u00f3w, Usuwanie \u015bniegu z dach\u00f3w,","isPartOf":{"@id":"https:\/\/renowacje.net.pl\/#website"},"datePublished":"2017-07-11T10:45:29+00:00","dateModified":"2021-02-15T09:50:01+00:00","breadcrumb":{"@id":"https:\/\/renowacje.net.pl\/de\/angebot\/#breadcrumb"},"inLanguage":"de","potentialAction":[{"@type":"ReadAction","target":["https:\/\/renowacje.net.pl\/de\/angebot\/"]}]},{"@type":"BreadcrumbList","@id":"https:\/\/renowacje.net.pl\/de\/angebot\/#breadcrumb","itemListElement":[{"@type":"ListItem","position":1,"name":"Strona g\u0142\u00f3wna","item":"https:\/\/renowacje.net.pl\/de\/"},{"@type":"ListItem","position":2,"name":"Angebot"}]},{"@type":"WebSite","@id":"https:\/\/renowacje.net.pl\/#website","url":"https:\/\/renowacje.net.pl\/","name":"Od\u015bnie\u017canie dach\u00f3w, Usuwanie \u015bniegu z dach\u00f3w,","description":"Od\u015bnie\u017canie dach\u00f3w, Usuwanie \u015bniegu z dach\u00f3w,","potentialAction":[{"@type":"SearchAction","target":{"@type":"EntryPoint","urlTemplate":"https:\/\/renowacje.net.pl\/?s={search_term_string}"},"query-input":{"@type":"PropertyValueSpecification","valueRequired":true,"valueName":"search_term_string"}}],"inLanguage":"de"}]}},"_links":{"self":[{"href":"https:\/\/renowacje.net.pl\/de\/wp-json\/wp\/v2\/pages\/378","targetHints":{"allow":["GET"]}}],"collection":[{"href":"https:\/\/renowacje.net.pl\/de\/wp-json\/wp\/v2\/pages"}],"about":[{"href":"https:\/\/renowacje.net.pl\/de\/wp-json\/wp\/v2\/types\/page"}],"author":[{"embeddable":true,"href":"https:\/\/renowacje.net.pl\/de\/wp-json\/wp\/v2\/users\/1"}],"replies":[{"embeddable":true,"href":"https:\/\/renowacje.net.pl\/de\/wp-json\/wp\/v2\/comments?post=378"}],"version-history":[{"count":2,"href":"https:\/\/renowacje.net.pl\/de\/wp-json\/wp\/v2\/pages\/378\/revisions"}],"predecessor-version":[{"id":2353,"href":"https:\/\/renowacje.net.pl\/de\/wp-json\/wp\/v2\/pages\/378\/revisions\/2353"}],"wp:attachment":[{"href":"https:\/\/renowacje.net.pl\/de\/wp-json\/wp\/v2\/media?parent=378"}],"curies":[{"name":"wp","href":"https:\/\/api.w.org\/{rel}","templated":true}]}}