{"id":374,"date":"2017-07-11T12:45:17","date_gmt":"2017-07-11T10:45:17","guid":{"rendered":"http:\/\/renowacje.net.pl\/o-firmie\/"},"modified":"2021-02-15T11:29:44","modified_gmt":"2021-02-15T10:29:44","slug":"ueber-das-unternehmen","status":"publish","type":"page","link":"https:\/\/renowacje.net.pl\/de\/ueber-das-unternehmen\/","title":{"rendered":"\u00dcber das Unternehmen"},"content":{"rendered":"<h3>Die PROSPECT GROUP Sp. Z oo z o.o. besteht aus 4 kapitalbezogenen Unternehmen, die Grupa PROSPECT Sp. z oo gr\u00fcnden. z o.o. Erbringung von Dienstleistungen in ganz Polen und Europa.<\/h3>\n<p>Wir bieten Bergsteigerdienste in ganz Polen und Europa an. Das Hauptaugenmerk unserer T\u00e4tigkeit liegt auf dem Korrosionsschutz von Stahl und Beton, der Schneer\u00e4umung von D\u00e4chern und der Renovierung von Kaminen und hohen Strukturen.<\/p>\n<h3>Wir zeichnen uns aus:<\/h3>\n<ul>\n<li>Expertenwissen in verschiedenen Bereichen (Korrosionsschutz von Stahl und Beton, Brandschutz, Renovierungsanstrich, Schneer\u00e4umung von D\u00e4chern, Montage von Stahlkonstruktionen, Schwei\u00dfen, Bau: Renovierung von D\u00e4chern, W\u00e4rmed\u00e4mmung von Geb\u00e4uden),<\/li>\n<li>gute Praxis bei der Umsetzung von Aufgaben unterschiedlicher Komplexit\u00e4t,<\/li>\n<li>ausgezeichnete Ausr\u00fcstung, die Arbeit auch unter h\u00e4rtesten Bedingungen erm\u00f6glicht,<\/li>\n<li>\u00dcber 10 Jahre Erfahrung &#8211; seit 2004 bieten wir Bergsteigerdienste an.<\/li>\n<li>gut ausgebildetes Personal &#8211; unsere Mitarbeiter nehmen regelm\u00e4\u00dfig an Schulungen teil; \u00fcber die erforderlichen Qualifikationen und medizinischen Untersuchungen verf\u00fcgen,<\/li>\n<li>eine breite Palette unserer Dienstleistungen &#8211; wir f\u00fchren Arbeiten in ganz Polen und bei Bedarf auch in anderen europ\u00e4ischen L\u00e4ndern durch.<\/li>\n<\/ul>\n","protected":false},"excerpt":{"rendered":"<p>Die PROSPECT GROUP Sp. Z oo z o.o. besteht aus 4 kapitalbezogenen Unternehmen, die Grupa PROSPECT Sp. z oo gr\u00fcnden. z o.o. Erbringung von Dienstleistungen in ganz Polen und Europa. Wir bieten Bergsteigerdienste in ganz Polen und Europa an. Das Hauptaugenmerk unserer T\u00e4tigkeit liegt auf dem Korrosionsschutz von Stahl und Beton, der Schneer\u00e4umung von D\u00e4chern [&hellip;]<\/p>\n","protected":false},"author":1,"featured_media":0,"parent":0,"menu_order":0,"comment_status":"closed","ping_status":"closed","template":"page-ofirmie.php","meta":{"ngg_post_thumbnail":0,"footnotes":""},"class_list":["post-374","page","type-page","status-publish","hentry"],"yoast_head":"<!-- This site is optimized with the Yoast SEO plugin v25.4 - https:\/\/yoast.com\/wordpress\/plugins\/seo\/ -->\n<title>\u00dcber das Unternehmen - Od\u015bnie\u017canie dach\u00f3w, Usuwanie \u015bniegu z dach\u00f3w,<\/title>\n<meta name=\"robots\" content=\"index, follow, max-snippet:-1, max-image-preview:large, max-video-preview:-1\" \/>\n<link rel=\"canonical\" href=\"https:\/\/renowacje.net.pl\/de\/ueber-das-unternehmen\/\" \/>\n<meta property=\"og:locale\" content=\"de_DE\" \/>\n<meta property=\"og:type\" content=\"article\" \/>\n<meta property=\"og:title\" content=\"\u00dcber das Unternehmen - Od\u015bnie\u017canie dach\u00f3w, Usuwanie \u015bniegu z dach\u00f3w,\" \/>\n<meta property=\"og:description\" content=\"Die PROSPECT GROUP Sp. Z oo z o.o. besteht aus 4 kapitalbezogenen Unternehmen, die Grupa PROSPECT Sp. z oo gr\u00fcnden. z o.o. Erbringung von Dienstleistungen in ganz Polen und Europa. Wir bieten Bergsteigerdienste in ganz Polen und Europa an. Das Hauptaugenmerk unserer T\u00e4tigkeit liegt auf dem Korrosionsschutz von Stahl und Beton, der Schneer\u00e4umung von D\u00e4chern [&hellip;]\" \/>\n<meta property=\"og:url\" content=\"https:\/\/renowacje.net.pl\/de\/ueber-das-unternehmen\/\" \/>\n<meta property=\"og:site_name\" content=\"Od\u015bnie\u017canie dach\u00f3w, Usuwanie \u015bniegu z dach\u00f3w,\" \/>\n<meta property=\"article:publisher\" content=\"https:\/\/www.facebook.com\/ProspectGroupSpzoo\/\" \/>\n<meta property=\"article:modified_time\" content=\"2021-02-15T10:29:44+00:00\" \/>\n<meta name=\"twitter:card\" content=\"summary_large_image\" \/>\n<meta name=\"twitter:label1\" content=\"Gesch\u00e4tzte Lesezeit\" \/>\n\t<meta name=\"twitter:data1\" content=\"1\u00a0Minute\" \/>\n<script type=\"application\/ld+json\" class=\"yoast-schema-graph\">{\"@context\":\"https:\/\/schema.org\",\"@graph\":[{\"@type\":\"WebPage\",\"@id\":\"https:\/\/renowacje.net.pl\/de\/ueber-das-unternehmen\/\",\"url\":\"https:\/\/renowacje.net.pl\/de\/ueber-das-unternehmen\/\",\"name\":\"\u00dcber das Unternehmen - Od\u015bnie\u017canie dach\u00f3w, Usuwanie \u015bniegu z dach\u00f3w,\",\"isPartOf\":{\"@id\":\"https:\/\/renowacje.net.pl\/#website\"},\"datePublished\":\"2017-07-11T10:45:17+00:00\",\"dateModified\":\"2021-02-15T10:29:44+00:00\",\"breadcrumb\":{\"@id\":\"https:\/\/renowacje.net.pl\/de\/ueber-das-unternehmen\/#breadcrumb\"},\"inLanguage\":\"de\",\"potentialAction\":[{\"@type\":\"ReadAction\",\"target\":[\"https:\/\/renowacje.net.pl\/de\/ueber-das-unternehmen\/\"]}]},{\"@type\":\"BreadcrumbList\",\"@id\":\"https:\/\/renowacje.net.pl\/de\/ueber-das-unternehmen\/#breadcrumb\",\"itemListElement\":[{\"@type\":\"ListItem\",\"position\":1,\"name\":\"Strona g\u0142\u00f3wna\",\"item\":\"https:\/\/renowacje.net.pl\/de\/\"},{\"@type\":\"ListItem\",\"position\":2,\"name\":\"\u00dcber das Unternehmen\"}]},{\"@type\":\"WebSite\",\"@id\":\"https:\/\/renowacje.net.pl\/#website\",\"url\":\"https:\/\/renowacje.net.pl\/\",\"name\":\"Od\u015bnie\u017canie dach\u00f3w, Usuwanie \u015bniegu z dach\u00f3w,\",\"description\":\"Od\u015bnie\u017canie dach\u00f3w, Usuwanie \u015bniegu z dach\u00f3w,\",\"potentialAction\":[{\"@type\":\"SearchAction\",\"target\":{\"@type\":\"EntryPoint\",\"urlTemplate\":\"https:\/\/renowacje.net.pl\/?s={search_term_string}\"},\"query-input\":{\"@type\":\"PropertyValueSpecification\",\"valueRequired\":true,\"valueName\":\"search_term_string\"}}],\"inLanguage\":\"de\"}]}<\/script>\n<!-- \/ Yoast SEO plugin. -->","yoast_head_json":{"title":"\u00dcber das Unternehmen - Od\u015bnie\u017canie dach\u00f3w, Usuwanie \u015bniegu z dach\u00f3w,","robots":{"index":"index","follow":"follow","max-snippet":"max-snippet:-1","max-image-preview":"max-image-preview:large","max-video-preview":"max-video-preview:-1"},"canonical":"https:\/\/renowacje.net.pl\/de\/ueber-das-unternehmen\/","og_locale":"de_DE","og_type":"article","og_title":"\u00dcber das Unternehmen - Od\u015bnie\u017canie dach\u00f3w, Usuwanie \u015bniegu z dach\u00f3w,","og_description":"Die PROSPECT GROUP Sp. Z oo z o.o. besteht aus 4 kapitalbezogenen Unternehmen, die Grupa PROSPECT Sp. z oo gr\u00fcnden. z o.o. Erbringung von Dienstleistungen in ganz Polen und Europa. Wir bieten Bergsteigerdienste in ganz Polen und Europa an. Das Hauptaugenmerk unserer T\u00e4tigkeit liegt auf dem Korrosionsschutz von Stahl und Beton, der Schneer\u00e4umung von D\u00e4chern [&hellip;]","og_url":"https:\/\/renowacje.net.pl\/de\/ueber-das-unternehmen\/","og_site_name":"Od\u015bnie\u017canie dach\u00f3w, Usuwanie \u015bniegu z dach\u00f3w,","article_publisher":"https:\/\/www.facebook.com\/ProspectGroupSpzoo\/","article_modified_time":"2021-02-15T10:29:44+00:00","twitter_card":"summary_large_image","twitter_misc":{"Gesch\u00e4tzte Lesezeit":"1\u00a0Minute"},"schema":{"@context":"https:\/\/schema.org","@graph":[{"@type":"WebPage","@id":"https:\/\/renowacje.net.pl\/de\/ueber-das-unternehmen\/","url":"https:\/\/renowacje.net.pl\/de\/ueber-das-unternehmen\/","name":"\u00dcber das Unternehmen - Od\u015bnie\u017canie dach\u00f3w, Usuwanie \u015bniegu z dach\u00f3w,","isPartOf":{"@id":"https:\/\/renowacje.net.pl\/#website"},"datePublished":"2017-07-11T10:45:17+00:00","dateModified":"2021-02-15T10:29:44+00:00","breadcrumb":{"@id":"https:\/\/renowacje.net.pl\/de\/ueber-das-unternehmen\/#breadcrumb"},"inLanguage":"de","potentialAction":[{"@type":"ReadAction","target":["https:\/\/renowacje.net.pl\/de\/ueber-das-unternehmen\/"]}]},{"@type":"BreadcrumbList","@id":"https:\/\/renowacje.net.pl\/de\/ueber-das-unternehmen\/#breadcrumb","itemListElement":[{"@type":"ListItem","position":1,"name":"Strona g\u0142\u00f3wna","item":"https:\/\/renowacje.net.pl\/de\/"},{"@type":"ListItem","position":2,"name":"\u00dcber das Unternehmen"}]},{"@type":"WebSite","@id":"https:\/\/renowacje.net.pl\/#website","url":"https:\/\/renowacje.net.pl\/","name":"Od\u015bnie\u017canie dach\u00f3w, Usuwanie \u015bniegu z dach\u00f3w,","description":"Od\u015bnie\u017canie dach\u00f3w, Usuwanie \u015bniegu z dach\u00f3w,","potentialAction":[{"@type":"SearchAction","target":{"@type":"EntryPoint","urlTemplate":"https:\/\/renowacje.net.pl\/?s={search_term_string}"},"query-input":{"@type":"PropertyValueSpecification","valueRequired":true,"valueName":"search_term_string"}}],"inLanguage":"de"}]}},"_links":{"self":[{"href":"https:\/\/renowacje.net.pl\/de\/wp-json\/wp\/v2\/pages\/374","targetHints":{"allow":["GET"]}}],"collection":[{"href":"https:\/\/renowacje.net.pl\/de\/wp-json\/wp\/v2\/pages"}],"about":[{"href":"https:\/\/renowacje.net.pl\/de\/wp-json\/wp\/v2\/types\/page"}],"author":[{"embeddable":true,"href":"https:\/\/renowacje.net.pl\/de\/wp-json\/wp\/v2\/users\/1"}],"replies":[{"embeddable":true,"href":"https:\/\/renowacje.net.pl\/de\/wp-json\/wp\/v2\/comments?post=374"}],"version-history":[{"count":4,"href":"https:\/\/renowacje.net.pl\/de\/wp-json\/wp\/v2\/pages\/374\/revisions"}],"predecessor-version":[{"id":2406,"href":"https:\/\/renowacje.net.pl\/de\/wp-json\/wp\/v2\/pages\/374\/revisions\/2406"}],"wp:attachment":[{"href":"https:\/\/renowacje.net.pl\/de\/wp-json\/wp\/v2\/media?parent=374"}],"curies":[{"name":"wp","href":"https:\/\/api.w.org\/{rel}","templated":true}]}}