{"id":409,"date":"2017-07-13T13:22:33","date_gmt":"2017-07-13T11:22:33","guid":{"rendered":"http:\/\/renowacje.net.pl\/oferta\/zabezpieczenia-antykorozyjne\/"},"modified":"2021-02-09T10:36:23","modified_gmt":"2021-02-09T09:36:23","slug":"antikorozni-ochrana","status":"publish","type":"page","link":"https:\/\/renowacje.net.pl\/cs\/nabidka\/antikorozni-ochrana\/","title":{"rendered":"antikorozn\u00ed ochrana"},"content":{"rendered":"<p>Pokro\u010dil\u00e1 koroze ocelov\u00fdch a betonov\u00fdch konstrukc\u00ed m\u016f\u017ee zp\u016fsobit neo\u010dek\u00e1van\u00e9 nehody. Proto stoj\u00ed za to pravideln\u011b chr\u00e1nit struktury proti korozi, aby se zabr\u00e1nilo jejich dosa\u017een\u00ed kritick\u00e9ho stavu.<\/p>\n<p><strong>Co n\u00e1s odli\u0161uje?<\/strong><\/p>\n<ul>\n<li><strong>S obrovsk\u00fdmi zku\u0161enostmi<\/strong> &#8211; antikorozn\u00ed ochrana (pr\u016fmyslov\u00e1 antikorozn\u00ed ochrana) je na\u0161\u00ed specializac\u00ed a hlavn\u00edm oborem \u010dinnosti<\/li>\n<li><strong>Poskytov\u00e1n\u00ed komplexn\u00edch slu\u017eeb<\/strong> &#8211; od v\u00fdb\u011bru nejvhodn\u011bj\u0161\u00edho materi\u00e1lu, p\u0159es p\u0159\u00edpravu podkladu, a\u017e po aplikaci ochrann\u00e9ho n\u00e1t\u011bru a vhodn\u00e9ho ozna\u010den\u00ed objektu (leteck\u00e9 p\u0159ek\u00e1\u017eky)<\/li>\n<li><strong>Profesion\u00e1ln\u00ed t\u00fdm<\/strong> &#8211; na\u0161i zam\u011bstnanci maj\u00ed odborn\u00e9 znalosti v oblasti nan\u00e1\u0161en\u00ed antikorozn\u00edch n\u00e1t\u011br\u016f i certifik\u00e1ty vydan\u00e9 v\u00fdrobci n\u00e1t\u011brov\u00fdch syst\u00e9m\u016f<\/li>\n<li><strong>Vysok\u00e1 \u00fa\u010dinnost<\/strong> &#8211; dost\u00e1v\u00e1me se na m\u00edsta, kter\u00e1 se zdaj\u00ed nep\u0159\u00edstupn\u00e1, a pe\u010dliv\u011b je chr\u00e1n\u00edme p\u0159ed koroz\u00ed<\/li>\n<li><strong>Individu\u00e1ln\u00ed p\u0159\u00edstup<\/strong> &#8211; krom\u011b standardn\u00edch antikorozn\u00edch prac\u00ed renovujeme i nestandardn\u00ed prvky s p\u0159ihl\u00e9dnut\u00edm k individu\u00e1ln\u00edm pot\u0159eb\u00e1m z\u00e1kazn\u00edk\u016f a nejvhodn\u011bj\u0161\u00edmu term\u00ednu dokon\u010den\u00ed<\/li>\n<\/ul>\n<p><strong>Zam\u011b\u0159ujeme se na kvalitu a trvanlivost, proto:<\/strong><\/p>\n<ul>\n<li>pe\u010dliv\u011b vybereme vhodnou technologii pr\u00e1ce pro dan\u00fd objekt a \u00farove\u0148 jeho zni\u010den\u00ed,<\/li>\n<li>pou\u017e\u00edv\u00e1me nejvhodn\u011bj\u0161\u00ed techniky nan\u00e1\u0161en\u00ed n\u00e1t\u011br\u016f pomoc\u00ed:\n<ul>\n<li>bezvzduchov\u00e9 st\u0159\u00edk\u00e1n\u00ed,<\/li>\n<li>v\u00e1le\u010dek nebo kart\u00e1\u010d,<\/li>\n<li>p\u00e1s &#8211; studen\u00fd,<\/li>\n<li>teplem smr\u0161titeln\u00e9 p\u00e1sky,<\/li>\n<\/ul>\n<\/li>\n<li>pou\u017e\u00edv\u00e1me materi\u00e1ly vynikaj\u00edc\u00ed kvality (barvy s nejvy\u0161\u0161\u00edmi antikorozn\u00edmi parametry), d\u00edky nim\u017e z\u00edsk\u00e1v\u00e1me povlaky s velmi vysokou korozn\u00ed odolnost\u00ed,<\/li>\n<li>klademe velk\u00fd d\u016fraz na spr\u00e1vn\u00e9 \u010di\u0161t\u011bn\u00ed povrchu a odstra\u0148ov\u00e1n\u00ed korozn\u00edch center; v z\u00e1vislosti na situaci pou\u017e\u00edv\u00e1me \u010di\u0161t\u011bn\u00ed:\n<ul>\n<li>ru\u010dn\u00ed,<\/li>\n<li>mechanick\u00e9, v\u010detn\u011b abrazivn\u00edho otrysk\u00e1v\u00e1n\u00ed (nejlep\u0161\u00ed z metod mechanick\u00e9 p\u0159\u00edpravy povrchu).<\/li>\n<\/ul>\n<\/li>\n<\/ul>\n<p><strong>Ochrana proti korozi je nezbytn\u00e1, kdy\u017e:<\/strong><\/p>\n<ul>\n<li>ocelov\u00e9 konstrukce ji\u017e maj\u00ed viditeln\u00e1 centra koroze nebo jsou ve stavu p\u0159ed koroz\u00ed,<\/li>\n<li>prvky vykazuj\u00ed po\u0161kozenou vrstvu barvy (je p\u0159eru\u0161ena kontinuita ochrann\u00e9ho n\u00e1t\u011bru),<\/li>\n<li>struktury vy\u017eaduj\u00ed ob\u010derstven\u00ed a zv\u00fd\u0161enou odolnost v\u016f\u010di pov\u011btrnostn\u00edm podm\u00ednk\u00e1m.<\/li>\n<\/ul>\n<p><strong>Nej\u010dast\u011bji chr\u00e1n\u00edme p\u0159ed koroz\u00ed:<\/strong><\/p>\n<ul>\n<li>ocelov\u00e9 konstrukce sklad\u016f, hal a tov\u00e1ren,<\/li>\n<li>ant\u00e9nn\u00ed a GSM v\u011b\u017ee,<\/li>\n<li>sila, n\u00e1dr\u017ee, ocelov\u00e9 trubky,<\/li>\n<li>mostov\u00e9 je\u0159\u00e1by, transport\u00e9ry, p\u0159epravn\u00ed je\u0159\u00e1by,<\/li>\n<li>mosty, viadukty, nadjezdy a potrub\u00ed,<\/li>\n<li>kom\u00edny a p\u0159eskakov\u00e1n\u00ed.<\/li>\n<\/ul>\n<p><strong>Jak\u00e9 jsou v\u00fdhody renovace ocelov\u00fdch a betonov\u00fdch konstrukc\u00ed?<\/strong><\/p>\n<ul>\n<li>Zv\u00fd\u0161en\u00ed pevnosti a trvanlivosti a t\u00edm zv\u00fd\u0161en\u00ed \u00farovn\u011b bezpe\u010dnosti budov<\/li>\n<li>Osv\u011b\u017een\u00ed vzhledu n\u00e1t\u011bru (co\u017e je zvl\u00e1\u0161t\u011b d\u016fle\u017eit\u00e9 p\u0159i povinn\u00e9m zna\u010den\u00ed leteck\u00fdch p\u0159ek\u00e1\u017eek)<\/li>\n<li>Ochrana p\u0159ed vn\u011bj\u0161\u00edmi vlivy (slune\u010dn\u00ed z\u00e1\u0159en\u00ed, d\u00e9\u0161\u0165, sn\u00edh atd.)<\/li>\n<\/ul>\n","protected":false},"excerpt":{"rendered":"<p>Pokro\u010dil\u00e1 koroze ocelov\u00fdch a betonov\u00fdch konstrukc\u00ed m\u016f\u017ee zp\u016fsobit neo\u010dek\u00e1van\u00e9 nehody. Proto stoj\u00ed za to pravideln\u011b chr\u00e1nit struktury proti korozi, aby se zabr\u00e1nilo jejich dosa\u017een\u00ed kritick\u00e9ho stavu. Co n\u00e1s odli\u0161uje? S obrovsk\u00fdmi zku\u0161enostmi &#8211; antikorozn\u00ed ochrana (pr\u016fmyslov\u00e1 antikorozn\u00ed ochrana) je na\u0161\u00ed specializac\u00ed a hlavn\u00edm oborem \u010dinnosti Poskytov\u00e1n\u00ed komplexn\u00edch slu\u017eeb &#8211; od v\u00fdb\u011bru nejvhodn\u011bj\u0161\u00edho materi\u00e1lu, p\u0159es p\u0159\u00edpravu [&hellip;]<\/p>\n","protected":false},"author":1,"featured_media":0,"parent":376,"menu_order":0,"comment_status":"closed","ping_status":"closed","template":"single-oferta.php","meta":{"ngg_post_thumbnail":0,"footnotes":""},"class_list":["post-409","page","type-page","status-publish","hentry"],"yoast_head":"<!-- This site is optimized with the Yoast SEO plugin v25.4 - https:\/\/yoast.com\/wordpress\/plugins\/seo\/ -->\n<title>antikorozn\u00ed ochrana - Od\u015bnie\u017canie dach\u00f3w, Usuwanie \u015bniegu z dach\u00f3w,<\/title>\n<meta name=\"robots\" content=\"index, follow, max-snippet:-1, max-image-preview:large, max-video-preview:-1\" \/>\n<link rel=\"canonical\" href=\"https:\/\/renowacje.net.pl\/cs\/nabidka\/antikorozni-ochrana\/\" \/>\n<meta property=\"og:locale\" content=\"cs_CZ\" \/>\n<meta property=\"og:type\" content=\"article\" \/>\n<meta property=\"og:title\" content=\"antikorozn\u00ed ochrana - Od\u015bnie\u017canie dach\u00f3w, Usuwanie \u015bniegu z dach\u00f3w,\" \/>\n<meta property=\"og:description\" content=\"Pokro\u010dil\u00e1 koroze ocelov\u00fdch a betonov\u00fdch konstrukc\u00ed m\u016f\u017ee zp\u016fsobit neo\u010dek\u00e1van\u00e9 nehody. Proto stoj\u00ed za to pravideln\u011b chr\u00e1nit struktury proti korozi, aby se zabr\u00e1nilo jejich dosa\u017een\u00ed kritick\u00e9ho stavu. Co n\u00e1s odli\u0161uje? S obrovsk\u00fdmi zku\u0161enostmi &#8211; antikorozn\u00ed ochrana (pr\u016fmyslov\u00e1 antikorozn\u00ed ochrana) je na\u0161\u00ed specializac\u00ed a hlavn\u00edm oborem \u010dinnosti Poskytov\u00e1n\u00ed komplexn\u00edch slu\u017eeb &#8211; od v\u00fdb\u011bru nejvhodn\u011bj\u0161\u00edho materi\u00e1lu, p\u0159es p\u0159\u00edpravu [&hellip;]\" \/>\n<meta property=\"og:url\" content=\"https:\/\/renowacje.net.pl\/cs\/nabidka\/antikorozni-ochrana\/\" \/>\n<meta property=\"og:site_name\" content=\"Od\u015bnie\u017canie dach\u00f3w, Usuwanie \u015bniegu z dach\u00f3w,\" \/>\n<meta property=\"article:publisher\" content=\"https:\/\/www.facebook.com\/ProspectGroupSpzoo\/\" \/>\n<meta property=\"article:modified_time\" content=\"2021-02-09T09:36:23+00:00\" \/>\n<meta name=\"twitter:card\" content=\"summary_large_image\" \/>\n<meta name=\"twitter:label1\" content=\"Odhadovan\u00e1 doba \u010dten\u00ed\" \/>\n\t<meta name=\"twitter:data1\" content=\"2 minuty\" \/>\n<script type=\"application\/ld+json\" class=\"yoast-schema-graph\">{\"@context\":\"https:\/\/schema.org\",\"@graph\":[{\"@type\":\"WebPage\",\"@id\":\"https:\/\/renowacje.net.pl\/cs\/nabidka\/antikorozni-ochrana\/\",\"url\":\"https:\/\/renowacje.net.pl\/cs\/nabidka\/antikorozni-ochrana\/\",\"name\":\"antikorozn\u00ed ochrana - Od\u015bnie\u017canie dach\u00f3w, Usuwanie \u015bniegu z dach\u00f3w,\",\"isPartOf\":{\"@id\":\"https:\/\/renowacje.net.pl\/#website\"},\"datePublished\":\"2017-07-13T11:22:33+00:00\",\"dateModified\":\"2021-02-09T09:36:23+00:00\",\"breadcrumb\":{\"@id\":\"https:\/\/renowacje.net.pl\/cs\/nabidka\/antikorozni-ochrana\/#breadcrumb\"},\"inLanguage\":\"cs\",\"potentialAction\":[{\"@type\":\"ReadAction\",\"target\":[\"https:\/\/renowacje.net.pl\/cs\/nabidka\/antikorozni-ochrana\/\"]}]},{\"@type\":\"BreadcrumbList\",\"@id\":\"https:\/\/renowacje.net.pl\/cs\/nabidka\/antikorozni-ochrana\/#breadcrumb\",\"itemListElement\":[{\"@type\":\"ListItem\",\"position\":1,\"name\":\"Strona g\u0142\u00f3wna\",\"item\":\"https:\/\/renowacje.net.pl\/cs\/\"},{\"@type\":\"ListItem\",\"position\":2,\"name\":\"nab\u00eddka\",\"item\":\"https:\/\/renowacje.net.pl\/cs\/nabidka\/\"},{\"@type\":\"ListItem\",\"position\":3,\"name\":\"antikorozn\u00ed ochrana\"}]},{\"@type\":\"WebSite\",\"@id\":\"https:\/\/renowacje.net.pl\/#website\",\"url\":\"https:\/\/renowacje.net.pl\/\",\"name\":\"Od\u015bnie\u017canie dach\u00f3w, Usuwanie \u015bniegu z dach\u00f3w,\",\"description\":\"Od\u015bnie\u017canie dach\u00f3w, Usuwanie \u015bniegu z dach\u00f3w,\",\"potentialAction\":[{\"@type\":\"SearchAction\",\"target\":{\"@type\":\"EntryPoint\",\"urlTemplate\":\"https:\/\/renowacje.net.pl\/?s={search_term_string}\"},\"query-input\":{\"@type\":\"PropertyValueSpecification\",\"valueRequired\":true,\"valueName\":\"search_term_string\"}}],\"inLanguage\":\"cs\"}]}<\/script>\n<!-- \/ Yoast SEO plugin. -->","yoast_head_json":{"title":"antikorozn\u00ed ochrana - Od\u015bnie\u017canie dach\u00f3w, Usuwanie \u015bniegu z dach\u00f3w,","robots":{"index":"index","follow":"follow","max-snippet":"max-snippet:-1","max-image-preview":"max-image-preview:large","max-video-preview":"max-video-preview:-1"},"canonical":"https:\/\/renowacje.net.pl\/cs\/nabidka\/antikorozni-ochrana\/","og_locale":"cs_CZ","og_type":"article","og_title":"antikorozn\u00ed ochrana - Od\u015bnie\u017canie dach\u00f3w, Usuwanie \u015bniegu z dach\u00f3w,","og_description":"Pokro\u010dil\u00e1 koroze ocelov\u00fdch a betonov\u00fdch konstrukc\u00ed m\u016f\u017ee zp\u016fsobit neo\u010dek\u00e1van\u00e9 nehody. Proto stoj\u00ed za to pravideln\u011b chr\u00e1nit struktury proti korozi, aby se zabr\u00e1nilo jejich dosa\u017een\u00ed kritick\u00e9ho stavu. Co n\u00e1s odli\u0161uje? S obrovsk\u00fdmi zku\u0161enostmi &#8211; antikorozn\u00ed ochrana (pr\u016fmyslov\u00e1 antikorozn\u00ed ochrana) je na\u0161\u00ed specializac\u00ed a hlavn\u00edm oborem \u010dinnosti Poskytov\u00e1n\u00ed komplexn\u00edch slu\u017eeb &#8211; od v\u00fdb\u011bru nejvhodn\u011bj\u0161\u00edho materi\u00e1lu, p\u0159es p\u0159\u00edpravu [&hellip;]","og_url":"https:\/\/renowacje.net.pl\/cs\/nabidka\/antikorozni-ochrana\/","og_site_name":"Od\u015bnie\u017canie dach\u00f3w, Usuwanie \u015bniegu z dach\u00f3w,","article_publisher":"https:\/\/www.facebook.com\/ProspectGroupSpzoo\/","article_modified_time":"2021-02-09T09:36:23+00:00","twitter_card":"summary_large_image","twitter_misc":{"Odhadovan\u00e1 doba \u010dten\u00ed":"2 minuty"},"schema":{"@context":"https:\/\/schema.org","@graph":[{"@type":"WebPage","@id":"https:\/\/renowacje.net.pl\/cs\/nabidka\/antikorozni-ochrana\/","url":"https:\/\/renowacje.net.pl\/cs\/nabidka\/antikorozni-ochrana\/","name":"antikorozn\u00ed ochrana - Od\u015bnie\u017canie dach\u00f3w, Usuwanie \u015bniegu z dach\u00f3w,","isPartOf":{"@id":"https:\/\/renowacje.net.pl\/#website"},"datePublished":"2017-07-13T11:22:33+00:00","dateModified":"2021-02-09T09:36:23+00:00","breadcrumb":{"@id":"https:\/\/renowacje.net.pl\/cs\/nabidka\/antikorozni-ochrana\/#breadcrumb"},"inLanguage":"cs","potentialAction":[{"@type":"ReadAction","target":["https:\/\/renowacje.net.pl\/cs\/nabidka\/antikorozni-ochrana\/"]}]},{"@type":"BreadcrumbList","@id":"https:\/\/renowacje.net.pl\/cs\/nabidka\/antikorozni-ochrana\/#breadcrumb","itemListElement":[{"@type":"ListItem","position":1,"name":"Strona g\u0142\u00f3wna","item":"https:\/\/renowacje.net.pl\/cs\/"},{"@type":"ListItem","position":2,"name":"nab\u00eddka","item":"https:\/\/renowacje.net.pl\/cs\/nabidka\/"},{"@type":"ListItem","position":3,"name":"antikorozn\u00ed ochrana"}]},{"@type":"WebSite","@id":"https:\/\/renowacje.net.pl\/#website","url":"https:\/\/renowacje.net.pl\/","name":"Od\u015bnie\u017canie dach\u00f3w, Usuwanie \u015bniegu z dach\u00f3w,","description":"Od\u015bnie\u017canie dach\u00f3w, Usuwanie \u015bniegu z dach\u00f3w,","potentialAction":[{"@type":"SearchAction","target":{"@type":"EntryPoint","urlTemplate":"https:\/\/renowacje.net.pl\/?s={search_term_string}"},"query-input":{"@type":"PropertyValueSpecification","valueRequired":true,"valueName":"search_term_string"}}],"inLanguage":"cs"}]}},"_links":{"self":[{"href":"https:\/\/renowacje.net.pl\/cs\/wp-json\/wp\/v2\/pages\/409","targetHints":{"allow":["GET"]}}],"collection":[{"href":"https:\/\/renowacje.net.pl\/cs\/wp-json\/wp\/v2\/pages"}],"about":[{"href":"https:\/\/renowacje.net.pl\/cs\/wp-json\/wp\/v2\/types\/page"}],"author":[{"embeddable":true,"href":"https:\/\/renowacje.net.pl\/cs\/wp-json\/wp\/v2\/users\/1"}],"replies":[{"embeddable":true,"href":"https:\/\/renowacje.net.pl\/cs\/wp-json\/wp\/v2\/comments?post=409"}],"version-history":[{"count":3,"href":"https:\/\/renowacje.net.pl\/cs\/wp-json\/wp\/v2\/pages\/409\/revisions"}],"predecessor-version":[{"id":2259,"href":"https:\/\/renowacje.net.pl\/cs\/wp-json\/wp\/v2\/pages\/409\/revisions\/2259"}],"up":[{"embeddable":true,"href":"https:\/\/renowacje.net.pl\/cs\/wp-json\/wp\/v2\/pages\/376"}],"wp:attachment":[{"href":"https:\/\/renowacje.net.pl\/cs\/wp-json\/wp\/v2\/media?parent=409"}],"curies":[{"name":"wp","href":"https:\/\/api.w.org\/{rel}","templated":true}]}}