{"id":405,"date":"2017-07-13T13:23:25","date_gmt":"2017-07-13T11:23:25","guid":{"rendered":"http:\/\/renowacje.net.pl\/oferta\/uslugi-alpinistyczne\/"},"modified":"2021-02-15T11:13:24","modified_gmt":"2021-02-15T10:13:24","slug":"horolezecke-sluzby","status":"publish","type":"page","link":"https:\/\/renowacje.net.pl\/cs\/nabidka\/horolezecke-sluzby\/","title":{"rendered":"Horolezeck\u00e9 slu\u017eby"},"content":{"rendered":"<p><strong>Lezeck\u00e9 metody jsou ide\u00e1ln\u00ed pro m\u00edsta, kam nen\u00ed mo\u017en\u00e9 dos\u00e1hnout p\u0159\u00edmo nebo s pou\u017eit\u00edm tradi\u010dn\u00edho le\u0161en\u00ed. Pr\u00e1ce ve v\u00fd\u0161k\u00e1ch s vyu\u017eit\u00edm lanov\u00e9ho p\u0159\u00edstupu a horolezeck\u00fdch technik je na\u0161\u00ed specializac\u00ed a hlavn\u00edm oborem \u010dinnosti. D\u00edky tomu m\u016f\u017eeme zaru\u010dit:<\/strong><\/p>\n<ul>\n<li>v\u00fdkon slu\u017eeb s nejvy\u0161\u0161\u00ed p\u00e9\u010d\u00ed,<\/li>\n<li>\u00fa\u010dinnost p\u0159i prov\u00e1d\u011bn\u00ed objedn\u00e1vek s r\u016fznou slo\u017eitost\u00ed,<\/li>\n<li>dokonal\u00fd kone\u010dn\u00fd v\u00fdsledek bez ohledu na p\u0159evl\u00e1daj\u00edc\u00ed podm\u00ednky.<\/li>\n<\/ul>\n<p><strong>Co n\u00e1s odli\u0161uje?<\/strong><\/p>\n<ul>\n<li>Vy\u0161kolen\u00ed zam\u011bstnanci s opr\u00e1vn\u011bn\u00edm vy\u017eadovan\u00fdm polsk\u00fdm z\u00e1konem k pr\u00e1ci ve v\u00fd\u0161k\u00e1ch (l\u00e9ka\u0159sk\u00e9 prohl\u00eddky a \u0161kolen\u00ed)<\/li>\n<li>Specialist\u00e9 s dal\u0161\u00edmi povolen\u00edmi, v\u010detn\u011b: elekt\u0159iny vydan\u00e9 Energetick\u00fdm regula\u010dn\u00edm \u00fa\u0159adem (ERO) a provozu stroj\u016f a technick\u00fdch za\u0159\u00edzen\u00ed (UDT)<\/li>\n<li>Bohat\u00e9 zku\u0161enosti s prov\u00e1d\u011bn\u00edm v\u00fd\u0161kov\u00fdch prac\u00ed r\u016fzn\u00e9 obt\u00ed\u017enosti a slo\u017eitosti<\/li>\n<li>Poskytov\u00e1n\u00ed slu\u017eeb p\u0159i zachov\u00e1n\u00ed v\u0161ech po\u017eadovan\u00fdch standard\u016f, p\u0159edev\u0161\u00edm &#8211; bezpe\u010dnosti<\/li>\n<li>Velk\u00e9 mo\u017enosti implementace &#8211; p\u016fsob\u00edme v cel\u00e9 Evrop\u011b<\/li>\n<\/ul>\n<p><strong>V r\u00e1mci horolezeck\u00fdch slu\u017eeb, kter\u00e9 nab\u00edz\u00edme (pr\u00e1ce ve v\u00fd\u0161k\u00e1ch), poskytujeme mimo jin\u00e9:<\/strong><\/p>\n<ul>\n<li>antikorozn\u00ed ochrana ocelov\u00fdch konstrukc\u00ed hal a tov\u00e1ren,<\/li>\n<li>renovace ocelov\u00fdch konstrukc\u00ed potrub\u00ed, sil a je\u0159\u00e1b\u016f,<\/li>\n<li>p\u0159ek\u00e1\u017ekov\u00e9 a protipo\u017e\u00e1rn\u00ed n\u00e1t\u011bry GSM v\u011b\u017e\u00ed, radiotelefonn\u00edch v\u011b\u017e\u00ed a kom\u00edn\u016f,<\/li>\n<li>odkl\u00edzen\u00ed sn\u011bhu ze st\u0159ech a testov\u00e1n\u00ed tlou\u0161\u0165ky sn\u011bhov\u00e9 pokr\u00fdvky,<\/li>\n<li>opravy st\u0159e\u0161n\u00edch krytin,<\/li>\n<li>myt\u00ed a \u010di\u0161t\u011bn\u00ed fas\u00e1d budov a oken,<\/li>\n<li>technick\u00e9 kontroly r\u016fzn\u00fdch typ\u016f za\u0159\u00edzen\u00ed,<\/li>\n<\/ul>\n<p>stejn\u011b jako dal\u0161\u00ed slu\u017eby vyu\u017e\u00edvaj\u00edc\u00ed horolezeck\u00e9 vybaven\u00ed.<\/p>\n<p><strong>Pro\u010d se vyplat\u00ed pou\u017e\u00edvat horolezeck\u00e9 techniky?<\/strong><\/p>\n<ul>\n<li>Funguj\u00ed dob\u0159e tam, kde technick\u00e9 pot\u00ed\u017ee nebo nerentabilita vylu\u010duj\u00ed pou\u017eit\u00ed standardn\u00edho le\u0161en\u00ed<\/li>\n<li>Umo\u017e\u0148uj\u00ed v\u00fdrazn\u00e9 sn\u00ed\u017een\u00ed n\u00e1klad\u016f &#8211; nevy\u017eaduj\u00ed pou\u017eit\u00ed je\u0159\u00e1b\u016f a v\u00fdtah\u016f<\/li>\n<li>Pr\u00e1ce prov\u00e1d\u011bn\u00e9 metodami lanov\u00e9ho p\u0159\u00edstupu jsou neinvazivn\u00ed &#8211; neovliv\u0148uj\u00ed objekty, jejich prvky a okol\u00ed<\/li>\n<\/ul>\n","protected":false},"excerpt":{"rendered":"<p>Lezeck\u00e9 metody jsou ide\u00e1ln\u00ed pro m\u00edsta, kam nen\u00ed mo\u017en\u00e9 dos\u00e1hnout p\u0159\u00edmo nebo s pou\u017eit\u00edm tradi\u010dn\u00edho le\u0161en\u00ed. Pr\u00e1ce ve v\u00fd\u0161k\u00e1ch s vyu\u017eit\u00edm lanov\u00e9ho p\u0159\u00edstupu a horolezeck\u00fdch technik je na\u0161\u00ed specializac\u00ed a hlavn\u00edm oborem \u010dinnosti. D\u00edky tomu m\u016f\u017eeme zaru\u010dit: v\u00fdkon slu\u017eeb s nejvy\u0161\u0161\u00ed p\u00e9\u010d\u00ed, \u00fa\u010dinnost p\u0159i prov\u00e1d\u011bn\u00ed objedn\u00e1vek s r\u016fznou slo\u017eitost\u00ed, dokonal\u00fd kone\u010dn\u00fd v\u00fdsledek bez ohledu na [&hellip;]<\/p>\n","protected":false},"author":1,"featured_media":0,"parent":376,"menu_order":0,"comment_status":"closed","ping_status":"closed","template":"single-oferta.php","meta":{"ngg_post_thumbnail":0,"footnotes":""},"class_list":["post-405","page","type-page","status-publish","hentry"],"yoast_head":"<!-- This site is optimized with the Yoast SEO plugin v25.4 - https:\/\/yoast.com\/wordpress\/plugins\/seo\/ -->\n<title>Horolezeck\u00e9 slu\u017eby - Od\u015bnie\u017canie dach\u00f3w, Usuwanie \u015bniegu z dach\u00f3w,<\/title>\n<meta name=\"robots\" content=\"index, follow, max-snippet:-1, max-image-preview:large, max-video-preview:-1\" \/>\n<link rel=\"canonical\" href=\"https:\/\/renowacje.net.pl\/cs\/nabidka\/horolezecke-sluzby\/\" \/>\n<meta property=\"og:locale\" content=\"cs_CZ\" \/>\n<meta property=\"og:type\" content=\"article\" \/>\n<meta property=\"og:title\" content=\"Horolezeck\u00e9 slu\u017eby - Od\u015bnie\u017canie dach\u00f3w, Usuwanie \u015bniegu z dach\u00f3w,\" \/>\n<meta property=\"og:description\" content=\"Lezeck\u00e9 metody jsou ide\u00e1ln\u00ed pro m\u00edsta, kam nen\u00ed mo\u017en\u00e9 dos\u00e1hnout p\u0159\u00edmo nebo s pou\u017eit\u00edm tradi\u010dn\u00edho le\u0161en\u00ed. Pr\u00e1ce ve v\u00fd\u0161k\u00e1ch s vyu\u017eit\u00edm lanov\u00e9ho p\u0159\u00edstupu a horolezeck\u00fdch technik je na\u0161\u00ed specializac\u00ed a hlavn\u00edm oborem \u010dinnosti. D\u00edky tomu m\u016f\u017eeme zaru\u010dit: v\u00fdkon slu\u017eeb s nejvy\u0161\u0161\u00ed p\u00e9\u010d\u00ed, \u00fa\u010dinnost p\u0159i prov\u00e1d\u011bn\u00ed objedn\u00e1vek s r\u016fznou slo\u017eitost\u00ed, dokonal\u00fd kone\u010dn\u00fd v\u00fdsledek bez ohledu na [&hellip;]\" \/>\n<meta property=\"og:url\" content=\"https:\/\/renowacje.net.pl\/cs\/nabidka\/horolezecke-sluzby\/\" \/>\n<meta property=\"og:site_name\" content=\"Od\u015bnie\u017canie dach\u00f3w, Usuwanie \u015bniegu z dach\u00f3w,\" \/>\n<meta property=\"article:publisher\" content=\"https:\/\/www.facebook.com\/ProspectGroupSpzoo\/\" \/>\n<meta property=\"article:modified_time\" content=\"2021-02-15T10:13:24+00:00\" \/>\n<meta name=\"twitter:card\" content=\"summary_large_image\" \/>\n<meta name=\"twitter:label1\" content=\"Odhadovan\u00e1 doba \u010dten\u00ed\" \/>\n\t<meta name=\"twitter:data1\" content=\"2 minuty\" \/>\n<script type=\"application\/ld+json\" class=\"yoast-schema-graph\">{\"@context\":\"https:\/\/schema.org\",\"@graph\":[{\"@type\":\"WebPage\",\"@id\":\"https:\/\/renowacje.net.pl\/cs\/nabidka\/horolezecke-sluzby\/\",\"url\":\"https:\/\/renowacje.net.pl\/cs\/nabidka\/horolezecke-sluzby\/\",\"name\":\"Horolezeck\u00e9 slu\u017eby - Od\u015bnie\u017canie dach\u00f3w, Usuwanie \u015bniegu z dach\u00f3w,\",\"isPartOf\":{\"@id\":\"https:\/\/renowacje.net.pl\/#website\"},\"datePublished\":\"2017-07-13T11:23:25+00:00\",\"dateModified\":\"2021-02-15T10:13:24+00:00\",\"breadcrumb\":{\"@id\":\"https:\/\/renowacje.net.pl\/cs\/nabidka\/horolezecke-sluzby\/#breadcrumb\"},\"inLanguage\":\"cs\",\"potentialAction\":[{\"@type\":\"ReadAction\",\"target\":[\"https:\/\/renowacje.net.pl\/cs\/nabidka\/horolezecke-sluzby\/\"]}]},{\"@type\":\"BreadcrumbList\",\"@id\":\"https:\/\/renowacje.net.pl\/cs\/nabidka\/horolezecke-sluzby\/#breadcrumb\",\"itemListElement\":[{\"@type\":\"ListItem\",\"position\":1,\"name\":\"Strona g\u0142\u00f3wna\",\"item\":\"https:\/\/renowacje.net.pl\/cs\/\"},{\"@type\":\"ListItem\",\"position\":2,\"name\":\"nab\u00eddka\",\"item\":\"https:\/\/renowacje.net.pl\/cs\/nabidka\/\"},{\"@type\":\"ListItem\",\"position\":3,\"name\":\"Horolezeck\u00e9 slu\u017eby\"}]},{\"@type\":\"WebSite\",\"@id\":\"https:\/\/renowacje.net.pl\/#website\",\"url\":\"https:\/\/renowacje.net.pl\/\",\"name\":\"Od\u015bnie\u017canie dach\u00f3w, Usuwanie \u015bniegu z dach\u00f3w,\",\"description\":\"Od\u015bnie\u017canie dach\u00f3w, Usuwanie \u015bniegu z dach\u00f3w,\",\"potentialAction\":[{\"@type\":\"SearchAction\",\"target\":{\"@type\":\"EntryPoint\",\"urlTemplate\":\"https:\/\/renowacje.net.pl\/?s={search_term_string}\"},\"query-input\":{\"@type\":\"PropertyValueSpecification\",\"valueRequired\":true,\"valueName\":\"search_term_string\"}}],\"inLanguage\":\"cs\"}]}<\/script>\n<!-- \/ Yoast SEO plugin. -->","yoast_head_json":{"title":"Horolezeck\u00e9 slu\u017eby - Od\u015bnie\u017canie dach\u00f3w, Usuwanie \u015bniegu z dach\u00f3w,","robots":{"index":"index","follow":"follow","max-snippet":"max-snippet:-1","max-image-preview":"max-image-preview:large","max-video-preview":"max-video-preview:-1"},"canonical":"https:\/\/renowacje.net.pl\/cs\/nabidka\/horolezecke-sluzby\/","og_locale":"cs_CZ","og_type":"article","og_title":"Horolezeck\u00e9 slu\u017eby - Od\u015bnie\u017canie dach\u00f3w, Usuwanie \u015bniegu z dach\u00f3w,","og_description":"Lezeck\u00e9 metody jsou ide\u00e1ln\u00ed pro m\u00edsta, kam nen\u00ed mo\u017en\u00e9 dos\u00e1hnout p\u0159\u00edmo nebo s pou\u017eit\u00edm tradi\u010dn\u00edho le\u0161en\u00ed. Pr\u00e1ce ve v\u00fd\u0161k\u00e1ch s vyu\u017eit\u00edm lanov\u00e9ho p\u0159\u00edstupu a horolezeck\u00fdch technik je na\u0161\u00ed specializac\u00ed a hlavn\u00edm oborem \u010dinnosti. D\u00edky tomu m\u016f\u017eeme zaru\u010dit: v\u00fdkon slu\u017eeb s nejvy\u0161\u0161\u00ed p\u00e9\u010d\u00ed, \u00fa\u010dinnost p\u0159i prov\u00e1d\u011bn\u00ed objedn\u00e1vek s r\u016fznou slo\u017eitost\u00ed, dokonal\u00fd kone\u010dn\u00fd v\u00fdsledek bez ohledu na [&hellip;]","og_url":"https:\/\/renowacje.net.pl\/cs\/nabidka\/horolezecke-sluzby\/","og_site_name":"Od\u015bnie\u017canie dach\u00f3w, Usuwanie \u015bniegu z dach\u00f3w,","article_publisher":"https:\/\/www.facebook.com\/ProspectGroupSpzoo\/","article_modified_time":"2021-02-15T10:13:24+00:00","twitter_card":"summary_large_image","twitter_misc":{"Odhadovan\u00e1 doba \u010dten\u00ed":"2 minuty"},"schema":{"@context":"https:\/\/schema.org","@graph":[{"@type":"WebPage","@id":"https:\/\/renowacje.net.pl\/cs\/nabidka\/horolezecke-sluzby\/","url":"https:\/\/renowacje.net.pl\/cs\/nabidka\/horolezecke-sluzby\/","name":"Horolezeck\u00e9 slu\u017eby - Od\u015bnie\u017canie dach\u00f3w, Usuwanie \u015bniegu z dach\u00f3w,","isPartOf":{"@id":"https:\/\/renowacje.net.pl\/#website"},"datePublished":"2017-07-13T11:23:25+00:00","dateModified":"2021-02-15T10:13:24+00:00","breadcrumb":{"@id":"https:\/\/renowacje.net.pl\/cs\/nabidka\/horolezecke-sluzby\/#breadcrumb"},"inLanguage":"cs","potentialAction":[{"@type":"ReadAction","target":["https:\/\/renowacje.net.pl\/cs\/nabidka\/horolezecke-sluzby\/"]}]},{"@type":"BreadcrumbList","@id":"https:\/\/renowacje.net.pl\/cs\/nabidka\/horolezecke-sluzby\/#breadcrumb","itemListElement":[{"@type":"ListItem","position":1,"name":"Strona g\u0142\u00f3wna","item":"https:\/\/renowacje.net.pl\/cs\/"},{"@type":"ListItem","position":2,"name":"nab\u00eddka","item":"https:\/\/renowacje.net.pl\/cs\/nabidka\/"},{"@type":"ListItem","position":3,"name":"Horolezeck\u00e9 slu\u017eby"}]},{"@type":"WebSite","@id":"https:\/\/renowacje.net.pl\/#website","url":"https:\/\/renowacje.net.pl\/","name":"Od\u015bnie\u017canie dach\u00f3w, Usuwanie \u015bniegu z dach\u00f3w,","description":"Od\u015bnie\u017canie dach\u00f3w, Usuwanie \u015bniegu z dach\u00f3w,","potentialAction":[{"@type":"SearchAction","target":{"@type":"EntryPoint","urlTemplate":"https:\/\/renowacje.net.pl\/?s={search_term_string}"},"query-input":{"@type":"PropertyValueSpecification","valueRequired":true,"valueName":"search_term_string"}}],"inLanguage":"cs"}]}},"_links":{"self":[{"href":"https:\/\/renowacje.net.pl\/cs\/wp-json\/wp\/v2\/pages\/405","targetHints":{"allow":["GET"]}}],"collection":[{"href":"https:\/\/renowacje.net.pl\/cs\/wp-json\/wp\/v2\/pages"}],"about":[{"href":"https:\/\/renowacje.net.pl\/cs\/wp-json\/wp\/v2\/types\/page"}],"author":[{"embeddable":true,"href":"https:\/\/renowacje.net.pl\/cs\/wp-json\/wp\/v2\/users\/1"}],"replies":[{"embeddable":true,"href":"https:\/\/renowacje.net.pl\/cs\/wp-json\/wp\/v2\/comments?post=405"}],"version-history":[{"count":3,"href":"https:\/\/renowacje.net.pl\/cs\/wp-json\/wp\/v2\/pages\/405\/revisions"}],"predecessor-version":[{"id":2248,"href":"https:\/\/renowacje.net.pl\/cs\/wp-json\/wp\/v2\/pages\/405\/revisions\/2248"}],"up":[{"embeddable":true,"href":"https:\/\/renowacje.net.pl\/cs\/wp-json\/wp\/v2\/pages\/376"}],"wp:attachment":[{"href":"https:\/\/renowacje.net.pl\/cs\/wp-json\/wp\/v2\/media?parent=405"}],"curies":[{"name":"wp","href":"https:\/\/api.w.org\/{rel}","templated":true}]}}