{"id":401,"date":"2017-07-13T13:23:47","date_gmt":"2017-07-13T11:23:47","guid":{"rendered":"http:\/\/renowacje.net.pl\/oferta\/remonty-pokryc-dachowych\/"},"modified":"2021-02-15T11:12:02","modified_gmt":"2021-02-15T10:12:02","slug":"opravy-strech","status":"publish","type":"page","link":"https:\/\/renowacje.net.pl\/cs\/nabidka\/opravy-strech\/","title":{"rendered":"Opravy st\u0159ech"},"content":{"rendered":"<p>St\u0159echa je nesm\u00edrn\u011b d\u016fle\u017eit\u00fdm prvkem jak\u00e9hokoli typu budovy. Krom\u011b estetick\u00fdch hodnot by m\u011bl \u00fa\u010dinn\u011b chr\u00e1nit p\u0159ed pov\u011btrnostn\u00edmi podm\u00ednkami, jako je d\u00e9\u0161\u0165, sn\u00edh, v\u00edtr, slune\u010dn\u00ed sv\u011btlo nebo nadm\u011brn\u00e9 tepeln\u00e9 ztr\u00e1ty. St\u0159e\u0161n\u00ed materi\u00e1ly d\u011blaj\u00ed svou pr\u00e1ci dob\u0159e a jsou bezpe\u010dn\u00e9, pouze pokud jsou spr\u00e1vn\u011b um\u00edst\u011bny a udr\u017eov\u00e1ny v dobr\u00e9m stavu. Hodn\u011b z\u00e1le\u017e\u00ed na typu materi\u00e1lu, kter\u00fd tvo\u0159\u00ed pl\u00e1\u0161\u0165 a st\u0159e\u0161n\u00ed konstrukci. Nejlep\u0161\u00ed je prov\u00e9st v\u00fdb\u011br ve f\u00e1zi n\u00e1vrhu budovy, proto\u017ee v p\u0159\u00edpad\u011b v\u011bt\u0161\u00ed renovace st\u0159echy jsou mo\u017enosti omezen\u00e9.<\/p>\n<p><strong>Nab\u00edz\u00edme komplexn\u00ed slu\u017eby, v\u010detn\u011b:<\/strong><\/p>\n<ul>\n<li>vypracov\u00e1n\u00ed pl\u00e1nu renovace,<\/li>\n<li>oprava jak\u00e9hokoli druhu st\u0159e\u0161n\u00edho pl\u00e1\u0161t\u011b,<\/li>\n<li>vytvo\u0159en\u00ed st\u0159e\u0161n\u00ed krytiny od nuly,<\/li>\n<\/ul>\n<p>Pro ka\u017edou objedn\u00e1vku individu\u00e1ln\u011b vyb\u00edr\u00e1me nejvhodn\u011bj\u0161\u00ed technologie, typy materi\u00e1l\u016f a zp\u016fsob proveden\u00ed pr\u00e1ce.<\/p>\n<p><strong>Poskytujeme mimo jin\u00e9:<\/strong><\/p>\n<ul>\n<li>izolace st\u0159echy:\n<ul>\n<li>asfaltov\u00e9 materi\u00e1ly (ploch\u00e9 st\u0159echy),<\/li>\n<li>jednovrstv\u00e9 f\u00f3lie vyroben\u00e9 z f\u00f3lie: PVC, CPE, TPO, EPDM atd. (ploch\u00e9 st\u0159echy),<\/li>\n<li>proti povrchu a de\u0161\u0165ov\u00e9 vod\u011b,<\/li>\n<li>ochrana proti vlhkosti ze zem\u011b,<\/li>\n<\/ul>\n<\/li>\n<li>svahy na st\u0159ech\u00e1ch (z betonu nebo tepeln\u00fdch desek),<\/li>\n<li>ochrann\u00e9 vrstvy \u0161t\u011brku nebo betonov\u00e9 dla\u017edice,<\/li>\n<li>kvalitn\u00ed st\u0159e\u0161n\u00ed ta\u0161ky (b\u0159idlicov\u00fd, keramick\u00fd nebo betonov\u00fd p\u016fvod) a plechov\u00e9 st\u0159e\u0161n\u00ed krytiny,<\/li>\n<li>v\u0161echny druhy plechov\u00fdch a hromosvod\u016f,<\/li>\n<li>st\u0159e\u0161n\u00ed odvod\u0148ovac\u00ed syst\u00e9my.<\/li>\n<\/ul>\n","protected":false},"excerpt":{"rendered":"<p>St\u0159echa je nesm\u00edrn\u011b d\u016fle\u017eit\u00fdm prvkem jak\u00e9hokoli typu budovy. Krom\u011b estetick\u00fdch hodnot by m\u011bl \u00fa\u010dinn\u011b chr\u00e1nit p\u0159ed pov\u011btrnostn\u00edmi podm\u00ednkami, jako je d\u00e9\u0161\u0165, sn\u00edh, v\u00edtr, slune\u010dn\u00ed sv\u011btlo nebo nadm\u011brn\u00e9 tepeln\u00e9 ztr\u00e1ty. St\u0159e\u0161n\u00ed materi\u00e1ly d\u011blaj\u00ed svou pr\u00e1ci dob\u0159e a jsou bezpe\u010dn\u00e9, pouze pokud jsou spr\u00e1vn\u011b um\u00edst\u011bny a udr\u017eov\u00e1ny v dobr\u00e9m stavu. Hodn\u011b z\u00e1le\u017e\u00ed na typu materi\u00e1lu, kter\u00fd tvo\u0159\u00ed [&hellip;]<\/p>\n","protected":false},"author":1,"featured_media":0,"parent":376,"menu_order":0,"comment_status":"closed","ping_status":"closed","template":"single-oferta.php","meta":{"ngg_post_thumbnail":0,"footnotes":""},"class_list":["post-401","page","type-page","status-publish","hentry"],"yoast_head":"<!-- This site is optimized with the Yoast SEO plugin v25.4 - https:\/\/yoast.com\/wordpress\/plugins\/seo\/ -->\n<title>Opravy st\u0159ech - Od\u015bnie\u017canie dach\u00f3w, Usuwanie \u015bniegu z dach\u00f3w,<\/title>\n<meta name=\"robots\" content=\"index, follow, max-snippet:-1, max-image-preview:large, max-video-preview:-1\" \/>\n<link rel=\"canonical\" href=\"https:\/\/renowacje.net.pl\/cs\/nabidka\/opravy-strech\/\" \/>\n<meta property=\"og:locale\" content=\"cs_CZ\" \/>\n<meta property=\"og:type\" content=\"article\" \/>\n<meta property=\"og:title\" content=\"Opravy st\u0159ech - Od\u015bnie\u017canie dach\u00f3w, Usuwanie \u015bniegu z dach\u00f3w,\" \/>\n<meta property=\"og:description\" content=\"St\u0159echa je nesm\u00edrn\u011b d\u016fle\u017eit\u00fdm prvkem jak\u00e9hokoli typu budovy. Krom\u011b estetick\u00fdch hodnot by m\u011bl \u00fa\u010dinn\u011b chr\u00e1nit p\u0159ed pov\u011btrnostn\u00edmi podm\u00ednkami, jako je d\u00e9\u0161\u0165, sn\u00edh, v\u00edtr, slune\u010dn\u00ed sv\u011btlo nebo nadm\u011brn\u00e9 tepeln\u00e9 ztr\u00e1ty. St\u0159e\u0161n\u00ed materi\u00e1ly d\u011blaj\u00ed svou pr\u00e1ci dob\u0159e a jsou bezpe\u010dn\u00e9, pouze pokud jsou spr\u00e1vn\u011b um\u00edst\u011bny a udr\u017eov\u00e1ny v dobr\u00e9m stavu. Hodn\u011b z\u00e1le\u017e\u00ed na typu materi\u00e1lu, kter\u00fd tvo\u0159\u00ed [&hellip;]\" \/>\n<meta property=\"og:url\" content=\"https:\/\/renowacje.net.pl\/cs\/nabidka\/opravy-strech\/\" \/>\n<meta property=\"og:site_name\" content=\"Od\u015bnie\u017canie dach\u00f3w, Usuwanie \u015bniegu z dach\u00f3w,\" \/>\n<meta property=\"article:publisher\" content=\"https:\/\/www.facebook.com\/ProspectGroupSpzoo\/\" \/>\n<meta property=\"article:modified_time\" content=\"2021-02-15T10:12:02+00:00\" \/>\n<meta name=\"twitter:card\" content=\"summary_large_image\" \/>\n<meta name=\"twitter:label1\" content=\"Odhadovan\u00e1 doba \u010dten\u00ed\" \/>\n\t<meta name=\"twitter:data1\" content=\"1 minuta\" \/>\n<script type=\"application\/ld+json\" class=\"yoast-schema-graph\">{\"@context\":\"https:\/\/schema.org\",\"@graph\":[{\"@type\":\"WebPage\",\"@id\":\"https:\/\/renowacje.net.pl\/cs\/nabidka\/opravy-strech\/\",\"url\":\"https:\/\/renowacje.net.pl\/cs\/nabidka\/opravy-strech\/\",\"name\":\"Opravy st\u0159ech - Od\u015bnie\u017canie dach\u00f3w, Usuwanie \u015bniegu z dach\u00f3w,\",\"isPartOf\":{\"@id\":\"https:\/\/renowacje.net.pl\/#website\"},\"datePublished\":\"2017-07-13T11:23:47+00:00\",\"dateModified\":\"2021-02-15T10:12:02+00:00\",\"breadcrumb\":{\"@id\":\"https:\/\/renowacje.net.pl\/cs\/nabidka\/opravy-strech\/#breadcrumb\"},\"inLanguage\":\"cs\",\"potentialAction\":[{\"@type\":\"ReadAction\",\"target\":[\"https:\/\/renowacje.net.pl\/cs\/nabidka\/opravy-strech\/\"]}]},{\"@type\":\"BreadcrumbList\",\"@id\":\"https:\/\/renowacje.net.pl\/cs\/nabidka\/opravy-strech\/#breadcrumb\",\"itemListElement\":[{\"@type\":\"ListItem\",\"position\":1,\"name\":\"Strona g\u0142\u00f3wna\",\"item\":\"https:\/\/renowacje.net.pl\/cs\/\"},{\"@type\":\"ListItem\",\"position\":2,\"name\":\"nab\u00eddka\",\"item\":\"https:\/\/renowacje.net.pl\/cs\/nabidka\/\"},{\"@type\":\"ListItem\",\"position\":3,\"name\":\"Opravy st\u0159ech\"}]},{\"@type\":\"WebSite\",\"@id\":\"https:\/\/renowacje.net.pl\/#website\",\"url\":\"https:\/\/renowacje.net.pl\/\",\"name\":\"Od\u015bnie\u017canie dach\u00f3w, Usuwanie \u015bniegu z dach\u00f3w,\",\"description\":\"Od\u015bnie\u017canie dach\u00f3w, Usuwanie \u015bniegu z dach\u00f3w,\",\"potentialAction\":[{\"@type\":\"SearchAction\",\"target\":{\"@type\":\"EntryPoint\",\"urlTemplate\":\"https:\/\/renowacje.net.pl\/?s={search_term_string}\"},\"query-input\":{\"@type\":\"PropertyValueSpecification\",\"valueRequired\":true,\"valueName\":\"search_term_string\"}}],\"inLanguage\":\"cs\"}]}<\/script>\n<!-- \/ Yoast SEO plugin. -->","yoast_head_json":{"title":"Opravy st\u0159ech - Od\u015bnie\u017canie dach\u00f3w, Usuwanie \u015bniegu z dach\u00f3w,","robots":{"index":"index","follow":"follow","max-snippet":"max-snippet:-1","max-image-preview":"max-image-preview:large","max-video-preview":"max-video-preview:-1"},"canonical":"https:\/\/renowacje.net.pl\/cs\/nabidka\/opravy-strech\/","og_locale":"cs_CZ","og_type":"article","og_title":"Opravy st\u0159ech - Od\u015bnie\u017canie dach\u00f3w, Usuwanie \u015bniegu z dach\u00f3w,","og_description":"St\u0159echa je nesm\u00edrn\u011b d\u016fle\u017eit\u00fdm prvkem jak\u00e9hokoli typu budovy. Krom\u011b estetick\u00fdch hodnot by m\u011bl \u00fa\u010dinn\u011b chr\u00e1nit p\u0159ed pov\u011btrnostn\u00edmi podm\u00ednkami, jako je d\u00e9\u0161\u0165, sn\u00edh, v\u00edtr, slune\u010dn\u00ed sv\u011btlo nebo nadm\u011brn\u00e9 tepeln\u00e9 ztr\u00e1ty. St\u0159e\u0161n\u00ed materi\u00e1ly d\u011blaj\u00ed svou pr\u00e1ci dob\u0159e a jsou bezpe\u010dn\u00e9, pouze pokud jsou spr\u00e1vn\u011b um\u00edst\u011bny a udr\u017eov\u00e1ny v dobr\u00e9m stavu. Hodn\u011b z\u00e1le\u017e\u00ed na typu materi\u00e1lu, kter\u00fd tvo\u0159\u00ed [&hellip;]","og_url":"https:\/\/renowacje.net.pl\/cs\/nabidka\/opravy-strech\/","og_site_name":"Od\u015bnie\u017canie dach\u00f3w, Usuwanie \u015bniegu z dach\u00f3w,","article_publisher":"https:\/\/www.facebook.com\/ProspectGroupSpzoo\/","article_modified_time":"2021-02-15T10:12:02+00:00","twitter_card":"summary_large_image","twitter_misc":{"Odhadovan\u00e1 doba \u010dten\u00ed":"1 minuta"},"schema":{"@context":"https:\/\/schema.org","@graph":[{"@type":"WebPage","@id":"https:\/\/renowacje.net.pl\/cs\/nabidka\/opravy-strech\/","url":"https:\/\/renowacje.net.pl\/cs\/nabidka\/opravy-strech\/","name":"Opravy st\u0159ech - Od\u015bnie\u017canie dach\u00f3w, Usuwanie \u015bniegu z dach\u00f3w,","isPartOf":{"@id":"https:\/\/renowacje.net.pl\/#website"},"datePublished":"2017-07-13T11:23:47+00:00","dateModified":"2021-02-15T10:12:02+00:00","breadcrumb":{"@id":"https:\/\/renowacje.net.pl\/cs\/nabidka\/opravy-strech\/#breadcrumb"},"inLanguage":"cs","potentialAction":[{"@type":"ReadAction","target":["https:\/\/renowacje.net.pl\/cs\/nabidka\/opravy-strech\/"]}]},{"@type":"BreadcrumbList","@id":"https:\/\/renowacje.net.pl\/cs\/nabidka\/opravy-strech\/#breadcrumb","itemListElement":[{"@type":"ListItem","position":1,"name":"Strona g\u0142\u00f3wna","item":"https:\/\/renowacje.net.pl\/cs\/"},{"@type":"ListItem","position":2,"name":"nab\u00eddka","item":"https:\/\/renowacje.net.pl\/cs\/nabidka\/"},{"@type":"ListItem","position":3,"name":"Opravy st\u0159ech"}]},{"@type":"WebSite","@id":"https:\/\/renowacje.net.pl\/#website","url":"https:\/\/renowacje.net.pl\/","name":"Od\u015bnie\u017canie dach\u00f3w, Usuwanie \u015bniegu z dach\u00f3w,","description":"Od\u015bnie\u017canie dach\u00f3w, Usuwanie \u015bniegu z dach\u00f3w,","potentialAction":[{"@type":"SearchAction","target":{"@type":"EntryPoint","urlTemplate":"https:\/\/renowacje.net.pl\/?s={search_term_string}"},"query-input":{"@type":"PropertyValueSpecification","valueRequired":true,"valueName":"search_term_string"}}],"inLanguage":"cs"}]}},"_links":{"self":[{"href":"https:\/\/renowacje.net.pl\/cs\/wp-json\/wp\/v2\/pages\/401","targetHints":{"allow":["GET"]}}],"collection":[{"href":"https:\/\/renowacje.net.pl\/cs\/wp-json\/wp\/v2\/pages"}],"about":[{"href":"https:\/\/renowacje.net.pl\/cs\/wp-json\/wp\/v2\/types\/page"}],"author":[{"embeddable":true,"href":"https:\/\/renowacje.net.pl\/cs\/wp-json\/wp\/v2\/users\/1"}],"replies":[{"embeddable":true,"href":"https:\/\/renowacje.net.pl\/cs\/wp-json\/wp\/v2\/comments?post=401"}],"version-history":[{"count":3,"href":"https:\/\/renowacje.net.pl\/cs\/wp-json\/wp\/v2\/pages\/401\/revisions"}],"predecessor-version":[{"id":2245,"href":"https:\/\/renowacje.net.pl\/cs\/wp-json\/wp\/v2\/pages\/401\/revisions\/2245"}],"up":[{"embeddable":true,"href":"https:\/\/renowacje.net.pl\/cs\/wp-json\/wp\/v2\/pages\/376"}],"wp:attachment":[{"href":"https:\/\/renowacje.net.pl\/cs\/wp-json\/wp\/v2\/media?parent=401"}],"curies":[{"name":"wp","href":"https:\/\/api.w.org\/{rel}","templated":true}]}}