{"id":397,"date":"2017-07-13T13:22:43","date_gmt":"2017-07-13T11:22:43","guid":{"rendered":"http:\/\/renowacje.net.pl\/oferta\/przeglady-budowlane\/"},"modified":"2021-02-15T11:08:44","modified_gmt":"2021-02-15T10:08:44","slug":"stavebni-inspekce","status":"publish","type":"page","link":"https:\/\/renowacje.net.pl\/cs\/nabidka\/stavebni-inspekce\/","title":{"rendered":"stavebn\u00ed inspekce"},"content":{"rendered":"<p>Stavebn\u00ed inspekce by m\u011bly b\u00fdt prov\u00e1d\u011bny s \u010detnost\u00ed stanovenou z\u00e1konem, nejm\u00e9n\u011b jednou ro\u010dn\u011b (\u00a7 62 odst. 1, odst. 1, 2, 5 stavebn\u00edho z\u00e1kona) a tuto povinnost maj\u00ed vlastn\u00edci a spr\u00e1vci stavby struktur. Pravideln\u00e9 technick\u00e9 kontroly:<\/p>\n<ul>\n<li>zajistit bezpe\u010dnost u\u017eivatel\u016f za\u0159\u00edzen\u00ed a cizinc\u016f,<\/li>\n<li>minimalizovat riziko n\u00e1kladn\u00fdch oprav.<\/li>\n<\/ul>\n<p>Krom\u011b toho je t\u0159eba poka\u017ed\u00e9 zkontrolovat technick\u00fd stav v p\u0159\u00edpad\u011b po\u0161kozen\u00ed nebo nebezpe\u010d\u00ed stavby, nap\u0159. Siln\u00fdm v\u011btrem, ohn\u011bm nebo bleskem.<\/p>\n<p><strong>Pro\u010d se vyplat\u00ed n\u00e1m tento \u00fakol sv\u011b\u0159it?<\/strong><\/p>\n<ul>\n<li>M\u00e1me specialisty se stavebn\u00ed kvalifikac\u00ed v konkr\u00e9tn\u00ed specializaci<\/li>\n<li>Prov\u00e1d\u00edme odborn\u00e9 prohl\u00eddky cel\u00fdch budov a jejich \u010d\u00e1st\u00ed<\/li>\n<li>Pou\u017e\u00edv\u00e1me horolezeck\u00e9 metody, d\u00edky nim\u017e se dost\u00e1v\u00e1me na nejnep\u0159\u00edstupn\u011bj\u0161\u00ed m\u00edsta<\/li>\n<li>Pro stavebn\u00ed objekt pracujeme neinvazivn\u00edm zp\u016fsobem<\/li>\n<li>P\u0159ipravujeme fotografickou dokumentaci<\/li>\n<li>Zpracov\u00e1v\u00e1me pl\u00e1n rekonstrukce v\u010detn\u011b protikorozn\u00ed ochrany<\/li>\n<li>Prov\u00e1d\u00edme p\u0159esn\u00e9 v\u00fdpo\u010dty, kter\u00e9 ur\u010duj\u00ed trvanlivost za\u0159\u00edzen\u00ed<\/li>\n<\/ul>\n<p><strong>M\u00e1me rozs\u00e1hl\u00e9 zku\u0161enosti s prov\u00e1d\u011bn\u00edm stavebn\u00edch inspekc\u00ed:<br \/>\nocelov\u00e9, \u017eelezobetonov\u00e9 a keramick\u00e9 kom\u00edny, sto\u017e\u00e1ry a telekomunika\u010dn\u00ed v\u011b\u017ee.<\/strong><\/p>\n<p>V r\u00e1mci povinn\u00fdch technick\u00fdch prohl\u00eddek nab\u00edz\u00edme mimo jin\u00e9:<\/p>\n<ul>\n<li>neinvazivn\u00ed m\u011b\u0159en\u00ed tlou\u0161\u0165ky kom\u00ednov\u00fdch pl\u00e1\u0161\u0165\u016f (ultrazvukov\u00e1 metoda),<\/li>\n<li>testov\u00e1n\u00ed v\u00fdfuk\u016f, nosn\u00fdch konstrukc\u00ed, kotevn\u00edch lan a ocelov\u00fdch dopl\u0148k\u016f (\u0161plhac\u00ed metoda),<\/li>\n<li>posouzen\u00ed sva\u0159ovan\u00fdch a \u0161roubov\u00fdch spoj\u016f a ochrana proti korozi,<\/li>\n<li>instala\u010dn\u00ed m\u011b\u0159en\u00ed,<\/li>\n<li>prohl\u00eddky a soupisy po\u0161kozen\u00ed \u017eelezobetonov\u00e9 \u0161achty (pomoc\u00ed horolezeck\u00fdch metod),<\/li>\n<li>revize a posouzen\u00ed kom\u00ednov\u00e9ho potrub\u00ed spolu s kontrolou stavu dilata\u010dn\u00edch sp\u00e1r,<\/li>\n<li>posouzen\u00ed technick\u00e9ho stavu ocelov\u00fdch \u0161tol a \u017eeb\u0159\u00edk\u016f,<\/li>\n<li>v\u00fdvoj \u0159e\u0161en\u00ed p\u0159i zm\u011bn\u011b metody vypalov\u00e1n\u00ed nebo zav\u00e1d\u011bn\u00ed ods\u00ed\u0159en\u00fdch v\u00fdfukov\u00fdch plyn\u016f,<\/li>\n<li>posouzen\u00ed a nastaven\u00ed napnut\u00ed ocelov\u00fdch r\u00e1fk\u016f.<\/li>\n<\/ul>\n","protected":false},"excerpt":{"rendered":"<p>Stavebn\u00ed inspekce by m\u011bly b\u00fdt prov\u00e1d\u011bny s \u010detnost\u00ed stanovenou z\u00e1konem, nejm\u00e9n\u011b jednou ro\u010dn\u011b (\u00a7 62 odst. 1, odst. 1, 2, 5 stavebn\u00edho z\u00e1kona) a tuto povinnost maj\u00ed vlastn\u00edci a spr\u00e1vci stavby struktur. Pravideln\u00e9 technick\u00e9 kontroly: zajistit bezpe\u010dnost u\u017eivatel\u016f za\u0159\u00edzen\u00ed a cizinc\u016f, minimalizovat riziko n\u00e1kladn\u00fdch oprav. Krom\u011b toho je t\u0159eba poka\u017ed\u00e9 zkontrolovat technick\u00fd stav v p\u0159\u00edpad\u011b [&hellip;]<\/p>\n","protected":false},"author":1,"featured_media":0,"parent":376,"menu_order":0,"comment_status":"closed","ping_status":"closed","template":"single-oferta.php","meta":{"ngg_post_thumbnail":0,"footnotes":""},"class_list":["post-397","page","type-page","status-publish","hentry"],"yoast_head":"<!-- This site is optimized with the Yoast SEO plugin v25.4 - https:\/\/yoast.com\/wordpress\/plugins\/seo\/ -->\n<title>stavebn\u00ed inspekce - Od\u015bnie\u017canie dach\u00f3w, Usuwanie \u015bniegu z dach\u00f3w,<\/title>\n<meta name=\"robots\" content=\"index, follow, max-snippet:-1, max-image-preview:large, max-video-preview:-1\" \/>\n<link rel=\"canonical\" href=\"https:\/\/renowacje.net.pl\/cs\/nabidka\/stavebni-inspekce\/\" \/>\n<meta property=\"og:locale\" content=\"cs_CZ\" \/>\n<meta property=\"og:type\" content=\"article\" \/>\n<meta property=\"og:title\" content=\"stavebn\u00ed inspekce - Od\u015bnie\u017canie dach\u00f3w, Usuwanie \u015bniegu z dach\u00f3w,\" \/>\n<meta property=\"og:description\" content=\"Stavebn\u00ed inspekce by m\u011bly b\u00fdt prov\u00e1d\u011bny s \u010detnost\u00ed stanovenou z\u00e1konem, nejm\u00e9n\u011b jednou ro\u010dn\u011b (\u00a7 62 odst. 1, odst. 1, 2, 5 stavebn\u00edho z\u00e1kona) a tuto povinnost maj\u00ed vlastn\u00edci a spr\u00e1vci stavby struktur. Pravideln\u00e9 technick\u00e9 kontroly: zajistit bezpe\u010dnost u\u017eivatel\u016f za\u0159\u00edzen\u00ed a cizinc\u016f, minimalizovat riziko n\u00e1kladn\u00fdch oprav. Krom\u011b toho je t\u0159eba poka\u017ed\u00e9 zkontrolovat technick\u00fd stav v p\u0159\u00edpad\u011b [&hellip;]\" \/>\n<meta property=\"og:url\" content=\"https:\/\/renowacje.net.pl\/cs\/nabidka\/stavebni-inspekce\/\" \/>\n<meta property=\"og:site_name\" content=\"Od\u015bnie\u017canie dach\u00f3w, Usuwanie \u015bniegu z dach\u00f3w,\" \/>\n<meta property=\"article:publisher\" content=\"https:\/\/www.facebook.com\/ProspectGroupSpzoo\/\" \/>\n<meta property=\"article:modified_time\" content=\"2021-02-15T10:08:44+00:00\" \/>\n<meta name=\"twitter:card\" content=\"summary_large_image\" \/>\n<meta name=\"twitter:label1\" content=\"Odhadovan\u00e1 doba \u010dten\u00ed\" \/>\n\t<meta name=\"twitter:data1\" content=\"2 minuty\" \/>\n<script type=\"application\/ld+json\" class=\"yoast-schema-graph\">{\"@context\":\"https:\/\/schema.org\",\"@graph\":[{\"@type\":\"WebPage\",\"@id\":\"https:\/\/renowacje.net.pl\/cs\/nabidka\/stavebni-inspekce\/\",\"url\":\"https:\/\/renowacje.net.pl\/cs\/nabidka\/stavebni-inspekce\/\",\"name\":\"stavebn\u00ed inspekce - Od\u015bnie\u017canie dach\u00f3w, Usuwanie \u015bniegu z dach\u00f3w,\",\"isPartOf\":{\"@id\":\"https:\/\/renowacje.net.pl\/#website\"},\"datePublished\":\"2017-07-13T11:22:43+00:00\",\"dateModified\":\"2021-02-15T10:08:44+00:00\",\"breadcrumb\":{\"@id\":\"https:\/\/renowacje.net.pl\/cs\/nabidka\/stavebni-inspekce\/#breadcrumb\"},\"inLanguage\":\"cs\",\"potentialAction\":[{\"@type\":\"ReadAction\",\"target\":[\"https:\/\/renowacje.net.pl\/cs\/nabidka\/stavebni-inspekce\/\"]}]},{\"@type\":\"BreadcrumbList\",\"@id\":\"https:\/\/renowacje.net.pl\/cs\/nabidka\/stavebni-inspekce\/#breadcrumb\",\"itemListElement\":[{\"@type\":\"ListItem\",\"position\":1,\"name\":\"Strona g\u0142\u00f3wna\",\"item\":\"https:\/\/renowacje.net.pl\/cs\/\"},{\"@type\":\"ListItem\",\"position\":2,\"name\":\"nab\u00eddka\",\"item\":\"https:\/\/renowacje.net.pl\/cs\/nabidka\/\"},{\"@type\":\"ListItem\",\"position\":3,\"name\":\"stavebn\u00ed inspekce\"}]},{\"@type\":\"WebSite\",\"@id\":\"https:\/\/renowacje.net.pl\/#website\",\"url\":\"https:\/\/renowacje.net.pl\/\",\"name\":\"Od\u015bnie\u017canie dach\u00f3w, Usuwanie \u015bniegu z dach\u00f3w,\",\"description\":\"Od\u015bnie\u017canie dach\u00f3w, Usuwanie \u015bniegu z dach\u00f3w,\",\"potentialAction\":[{\"@type\":\"SearchAction\",\"target\":{\"@type\":\"EntryPoint\",\"urlTemplate\":\"https:\/\/renowacje.net.pl\/?s={search_term_string}\"},\"query-input\":{\"@type\":\"PropertyValueSpecification\",\"valueRequired\":true,\"valueName\":\"search_term_string\"}}],\"inLanguage\":\"cs\"}]}<\/script>\n<!-- \/ Yoast SEO plugin. -->","yoast_head_json":{"title":"stavebn\u00ed inspekce - Od\u015bnie\u017canie dach\u00f3w, Usuwanie \u015bniegu z dach\u00f3w,","robots":{"index":"index","follow":"follow","max-snippet":"max-snippet:-1","max-image-preview":"max-image-preview:large","max-video-preview":"max-video-preview:-1"},"canonical":"https:\/\/renowacje.net.pl\/cs\/nabidka\/stavebni-inspekce\/","og_locale":"cs_CZ","og_type":"article","og_title":"stavebn\u00ed inspekce - Od\u015bnie\u017canie dach\u00f3w, Usuwanie \u015bniegu z dach\u00f3w,","og_description":"Stavebn\u00ed inspekce by m\u011bly b\u00fdt prov\u00e1d\u011bny s \u010detnost\u00ed stanovenou z\u00e1konem, nejm\u00e9n\u011b jednou ro\u010dn\u011b (\u00a7 62 odst. 1, odst. 1, 2, 5 stavebn\u00edho z\u00e1kona) a tuto povinnost maj\u00ed vlastn\u00edci a spr\u00e1vci stavby struktur. Pravideln\u00e9 technick\u00e9 kontroly: zajistit bezpe\u010dnost u\u017eivatel\u016f za\u0159\u00edzen\u00ed a cizinc\u016f, minimalizovat riziko n\u00e1kladn\u00fdch oprav. Krom\u011b toho je t\u0159eba poka\u017ed\u00e9 zkontrolovat technick\u00fd stav v p\u0159\u00edpad\u011b [&hellip;]","og_url":"https:\/\/renowacje.net.pl\/cs\/nabidka\/stavebni-inspekce\/","og_site_name":"Od\u015bnie\u017canie dach\u00f3w, Usuwanie \u015bniegu z dach\u00f3w,","article_publisher":"https:\/\/www.facebook.com\/ProspectGroupSpzoo\/","article_modified_time":"2021-02-15T10:08:44+00:00","twitter_card":"summary_large_image","twitter_misc":{"Odhadovan\u00e1 doba \u010dten\u00ed":"2 minuty"},"schema":{"@context":"https:\/\/schema.org","@graph":[{"@type":"WebPage","@id":"https:\/\/renowacje.net.pl\/cs\/nabidka\/stavebni-inspekce\/","url":"https:\/\/renowacje.net.pl\/cs\/nabidka\/stavebni-inspekce\/","name":"stavebn\u00ed inspekce - Od\u015bnie\u017canie dach\u00f3w, Usuwanie \u015bniegu z dach\u00f3w,","isPartOf":{"@id":"https:\/\/renowacje.net.pl\/#website"},"datePublished":"2017-07-13T11:22:43+00:00","dateModified":"2021-02-15T10:08:44+00:00","breadcrumb":{"@id":"https:\/\/renowacje.net.pl\/cs\/nabidka\/stavebni-inspekce\/#breadcrumb"},"inLanguage":"cs","potentialAction":[{"@type":"ReadAction","target":["https:\/\/renowacje.net.pl\/cs\/nabidka\/stavebni-inspekce\/"]}]},{"@type":"BreadcrumbList","@id":"https:\/\/renowacje.net.pl\/cs\/nabidka\/stavebni-inspekce\/#breadcrumb","itemListElement":[{"@type":"ListItem","position":1,"name":"Strona g\u0142\u00f3wna","item":"https:\/\/renowacje.net.pl\/cs\/"},{"@type":"ListItem","position":2,"name":"nab\u00eddka","item":"https:\/\/renowacje.net.pl\/cs\/nabidka\/"},{"@type":"ListItem","position":3,"name":"stavebn\u00ed inspekce"}]},{"@type":"WebSite","@id":"https:\/\/renowacje.net.pl\/#website","url":"https:\/\/renowacje.net.pl\/","name":"Od\u015bnie\u017canie dach\u00f3w, Usuwanie \u015bniegu z dach\u00f3w,","description":"Od\u015bnie\u017canie dach\u00f3w, Usuwanie \u015bniegu z dach\u00f3w,","potentialAction":[{"@type":"SearchAction","target":{"@type":"EntryPoint","urlTemplate":"https:\/\/renowacje.net.pl\/?s={search_term_string}"},"query-input":{"@type":"PropertyValueSpecification","valueRequired":true,"valueName":"search_term_string"}}],"inLanguage":"cs"}]}},"_links":{"self":[{"href":"https:\/\/renowacje.net.pl\/cs\/wp-json\/wp\/v2\/pages\/397","targetHints":{"allow":["GET"]}}],"collection":[{"href":"https:\/\/renowacje.net.pl\/cs\/wp-json\/wp\/v2\/pages"}],"about":[{"href":"https:\/\/renowacje.net.pl\/cs\/wp-json\/wp\/v2\/types\/page"}],"author":[{"embeddable":true,"href":"https:\/\/renowacje.net.pl\/cs\/wp-json\/wp\/v2\/users\/1"}],"replies":[{"embeddable":true,"href":"https:\/\/renowacje.net.pl\/cs\/wp-json\/wp\/v2\/comments?post=397"}],"version-history":[{"count":3,"href":"https:\/\/renowacje.net.pl\/cs\/wp-json\/wp\/v2\/pages\/397\/revisions"}],"predecessor-version":[{"id":2242,"href":"https:\/\/renowacje.net.pl\/cs\/wp-json\/wp\/v2\/pages\/397\/revisions\/2242"}],"up":[{"embeddable":true,"href":"https:\/\/renowacje.net.pl\/cs\/wp-json\/wp\/v2\/pages\/376"}],"wp:attachment":[{"href":"https:\/\/renowacje.net.pl\/cs\/wp-json\/wp\/v2\/media?parent=397"}],"curies":[{"name":"wp","href":"https:\/\/api.w.org\/{rel}","templated":true}]}}