{"id":393,"date":"2017-07-13T13:22:17","date_gmt":"2017-07-13T11:22:17","guid":{"rendered":"http:\/\/renowacje.net.pl\/oferta\/odsniezanie-dachow\/"},"modified":"2021-02-09T10:46:56","modified_gmt":"2021-02-09T09:46:56","slug":"odklizeni-snehu-ze-strech","status":"publish","type":"page","link":"https:\/\/renowacje.net.pl\/cs\/nabidka\/odklizeni-snehu-ze-strech\/","title":{"rendered":"Odkl\u00edzen\u00ed sn\u011bhu ze st\u0159ech"},"content":{"rendered":"<p>Odkl\u00edzen\u00ed sn\u011bhu ze st\u0159ech prov\u00e1d\u00edme ji\u017e v\u00edce ne\u017e 15 let, poskytujeme slu\u017eby pro nejv\u011bt\u0161\u00ed polsk\u00e9 obchodn\u00ed \u0159et\u011bzce v zemi a pro nejv\u011bt\u0161\u00ed spole\u010dnosti v zemi. Spravujeme p\u0159es 270 za\u0159\u00edzen\u00ed po cel\u00e9m Polsku, na ka\u017ed\u00e9m z nich, garantujeme \u010das na spu\u0161t\u011bn\u00ed slu\u017eby souvisej\u00edc\u00ed s odprat\u00e1v\u00e1n\u00edm sn\u011bhu ze st\u0159ech do t\u0159\u00ed hodin od okam\u017eiku obdr\u017een\u00ed objedn\u00e1vky.<\/p>\n<figure id=\"attachment_1697\" aria-describedby=\"caption-attachment-1697\" style=\"width: 300px\" class=\"wp-caption aligncenter\"><img loading=\"lazy\" decoding=\"async\" class=\"size-medium wp-image-1697\" src=\"http:\/\/renowacje.net.pl\/wp-content\/uploads\/2021\/01\/img_7407-2-1-300x200.jpg\" alt=\"Od\u015bnie\u017canie dach\u00f3w\" width=\"300\" height=\"200\" srcset=\"https:\/\/renowacje.net.pl\/wp-content\/uploads\/2021\/01\/img_7407-2-1-300x200.jpg 300w, https:\/\/renowacje.net.pl\/wp-content\/uploads\/2021\/01\/img_7407-2-1-1024x684.jpg 1024w, https:\/\/renowacje.net.pl\/wp-content\/uploads\/2021\/01\/img_7407-2-1-768x513.jpg 768w, https:\/\/renowacje.net.pl\/wp-content\/uploads\/2021\/01\/img_7407-2-1-1536x1025.jpg 1536w, https:\/\/renowacje.net.pl\/wp-content\/uploads\/2021\/01\/img_7407-2-1-2048x1367.jpg 2048w, https:\/\/renowacje.net.pl\/wp-content\/uploads\/2021\/01\/img_7407-2-1-170x113.jpg 170w\" sizes=\"auto, (max-width: 300px) 100vw, 300px\" \/><figcaption id=\"caption-attachment-1697\" class=\"wp-caption-text\">Odstra\u0148ov\u00e1n\u00ed sn\u011bhu ze st\u0159echy<\/figcaption><\/figure>\n<p>Sn\u00edh na st\u0159e\u0161e budovy m\u016f\u017ee b\u00fdt pro lidi smrtelnou hrozbou. Nehody, jako nap\u0159\u00edklad v roce 2006, kdy do\u0161lo k vln\u011b kolaps\u016f p\u0159i konstrukci st\u0159ech budov, v\u010d. v Chorzow\u011b, Zabrze a Nidzici se lze snadno vyhnout. Mus\u00edte se postarat pouze o pravideln\u00e9 odstra\u0148ov\u00e1n\u00ed p\u0159ebyte\u010dn\u00e9ho sn\u011bhu ze st\u0159echy a tento typ pr\u00e1ce sv\u011b\u0159it odborn\u00edk\u016fm s p\u0159\u00edslu\u0161n\u00fdmi opr\u00e1vn\u011bn\u00edmi.<\/p>\n<p><strong>Za odkl\u00edzen\u00ed sn\u011bhu jsou odpov\u011bdn\u00ed spr\u00e1vci a vlastn\u00edci za\u0159\u00edzen\u00ed. V p\u0159\u00edpad\u011b nespln\u011bn\u00ed z\u00e1konn\u00fdch po\u017eadavk\u016f mohou b\u00fdt potrest\u00e1ni pokutou, omezen\u00edm nebo odn\u011bt\u00edm svobody a\u017e na jeden rok (podle \u010dl. 91a stavebn\u00edho z\u00e1kona).<\/strong><br \/>\n<strong>Pro\u010d se vyplat\u00ed vyu\u017e\u00edvat na\u0161e slu\u017eby?<\/strong><\/p>\n<ul>\n<li><strong>Bohat\u00e9 zku\u0161enosti<\/strong> &#8211; na\u0161e t\u00fdmy se specializuj\u00ed na odstra\u0148ov\u00e1n\u00ed sn\u011bhu, ledu a rampouch\u016f ze st\u0159ech r\u016fzn\u00fdch typ\u016f budov, v\u010detn\u011b velk\u00fdch ploch &#8211; od 400 m\u00b2 do 60 000 m, a to i za nep\u0159\u00edzniv\u00fdch pov\u011btrnostn\u00edch podm\u00ednek. Poskytujeme slu\u017eby v\u011bt\u0161in\u011b polsk\u00fdch maloobchodn\u00edch \u0159et\u011bzc\u016f a nejv\u011bt\u0161\u00edm spole\u010dnostem v zemi.<\/li>\n<li><strong>Koordinace \u010dinnost\u00ed<\/strong> &#8211; Ji\u017e n\u011bkolik let spravujeme ve\u0161kerou spole\u010dnost Carrefour Polska Sp. v oblasti zimn\u00ed \u00fadr\u017eby za\u0159\u00edzen\u00ed (odkl\u00edzen\u00ed sn\u011bhu ze st\u0159ech a venkovn\u00edch ploch) po cel\u00e9 zemi a nav\u00edc n\u011bkolik des\u00edtek dal\u0161\u00edch za\u0159\u00edzen\u00ed o celkov\u00e9 plo\u0161e p\u0159es 5 000 000 m2 s dobou odezvy a\u017e 3 hodiny. Koordinace tak velk\u00e9ho po\u010dtu za\u0159\u00edzen\u00ed n\u00e1m umo\u017enila vyvinout metody, kter\u00e9 se \u00fasp\u011b\u0161n\u011b pou\u017e\u00edvaj\u00ed p\u0159i realizaci \u00fakol\u016f vy\u017eaduj\u00edc\u00edch velkou organizaci p\u0159i zaji\u0161t\u011bn\u00ed maxim\u00e1ln\u00ed kvality.<\/li>\n<li><strong>Efektivn\u00ed a neinvazivn\u00ed zp\u016fsoby odkl\u00edzen\u00ed sn\u011bhu<\/strong> &#8211; zp\u016fsob prov\u00e1d\u011bn\u00ed prac\u00ed je v\u017edy p\u0159izp\u016fsoben typu budovy, st\u0159e\u0161n\u00ed konstrukci a povrchu a tak\u00e9 tlou\u0161\u0165ce sn\u011bhov\u00e9 pokr\u00fdvky; nab\u00edz\u00edme odkl\u00edzen\u00ed sn\u011bhu:\n<ul>\n<li>ru\u010dn\u00ed<\/li>\n<li>mechanick\u00e9 &#8211; s pou\u017eit\u00edm sn\u011bhov\u00fdch fr\u00e9z a jin\u00e9ho specializovan\u00e9ho vybaven\u00ed a transport\u00e9r\u016f<\/li>\n<li>chemick\u00e9 &#8211; l\u00e1tky, kter\u00e9 nepo\u0161kozuj\u00ed st\u0159echu a jsou biologicky odbourateln\u00e9<\/li>\n<\/ul>\n<\/li>\n<li><strong>Starost o bezpe\u010dnost<\/strong> &#8211; z na\u0161eho pohledu je nejd\u016fle\u017eit\u011bj\u0161\u00ed bezpe\u010dnost lid\u00ed, v\u010detn\u011b lid\u00ed pracuj\u00edc\u00edch ve v\u00fd\u0161k\u00e1ch; Velkou d\u016fle\u017eitost p\u0159ikl\u00e1d\u00e1me tak\u00e9 poskytov\u00e1n\u00ed slu\u017eby zp\u016fsobem, kter\u00fd je bezpe\u010dn\u00fd pro st\u0159e\u0161n\u00ed konstrukci (neinvazivn\u00ed, bez po\u0161kozen\u00ed) &#8211; m\u00e1me uzav\u0159eno poji\u0161t\u011bn\u00ed ob\u010danskopr\u00e1vn\u00ed odpov\u011bdnosti ve v\u00fd\u0161i 5 000 000 PLN<\/li>\n<li><strong>Efektivn\u00ed organizace pr\u00e1ce<\/strong> &#8211; sna\u017e\u00edme se odprat\u00e1vat sn\u00edh v co nejkrat\u0161\u00edm \u010dase, \u010d\u00edm\u017e omezujeme mo\u017en\u00e9 obt\u00ed\u017ee obyvatel nebo zam\u011bstnanc\u016f budovy na minimum<\/li>\n<li><strong>Kr\u00e1tk\u00e1 doba odezvy na ozn\u00e1men\u00ed<\/strong> &#8211; m\u00e1me dv\u011b pobo\u010dky v Polsku a v\u00edce ne\u017e 120 subdodavatelsk\u00fdch brig\u00e1d rozm\u00edst\u011bn\u00fdch po cel\u00e9 zemi, co\u017e n\u00e1m umo\u017e\u0148uje dorazit na ur\u010den\u00e9 m\u00edsto do t\u0159\u00ed hodin od okam\u017eiku ozn\u00e1men\u00ed (bez ohledu na m\u011bsto)<\/li>\n<li><strong>Vysok\u00e1 kvalita slu\u017eeb<\/strong> &#8211; ji\u017e mnoho let poskytujeme slu\u017eby odkl\u00edzen\u00ed sn\u011bhu ze st\u0159ech pro nejv\u011bt\u0161\u00ed polsk\u00e9 spole\u010dnosti a servisujeme v\u011bt\u0161inu maloobchodn\u00edch \u0159et\u011bzc\u016f v Polsku; kvalitu na\u0161\u00ed pr\u00e1ce ocenili mimo jin\u00e9 Carrefour Polska (podpis dlouhodob\u00e9 smlouvy na spr\u00e1vu v\u011bt\u0161iny komer\u010dn\u00edch za\u0159\u00edzen\u00ed v Polsku o rozloze 800 000 m\u00b2<br \/>\n<h2><\/h2>\n<\/li>\n<\/ul>\n<h2><a href=\"http:\/\/renowacje.net.pl\/blog\/odsniezanie-dachow-czy-to-jest-konieczne\/\">Odprat\u00e1v\u00e1me sn\u00edh ze st\u0159ech<\/a> r\u016fzn\u00e9 p\u0159edm\u011bty, v\u010detn\u011b:<\/h2>\n<ul>\n<li>obchody a supermarkety,<\/li>\n<li>haly a tov\u00e1rny,<\/li>\n<li>logistick\u00e9 a p\u0159epravn\u00ed spole\u010dnosti,<\/li>\n<li>banky, \u010derpac\u00ed stanice,<\/li>\n<li>kluzi\u0161t\u011b a sportovn\u00ed a z\u00e1bavn\u00ed haly,<\/li>\n<li>stany a r\u016fzn\u00e9 druhy p\u0159\u00edst\u0159e\u0161k\u016f,<\/li>\n<li>\u0161koly,<\/li>\n<\/ul>\n<p>Prov\u00e1d\u00edme tak\u00e9 statick\u00e1 m\u011b\u0159en\u00ed zat\u00ed\u017een\u00ed sn\u011bhu na st\u0159e\u0161e.<\/p>\n<p>M\u00e1me uzav\u0159eno poji\u0161t\u011bn\u00ed ob\u010danskopr\u00e1vn\u00ed odpov\u011bdnosti ve v\u00fd\u0161i 5 000 000 PLN<\/p>\n<p>Poskytujeme slu\u017eby v cel\u00e9m Polsku se zaru\u010den\u00fdm \u010dasem zah\u00e1jen\u00ed slu\u017eby do t\u0159\u00ed hodin od obdr\u017een\u00ed objedn\u00e1vky.<\/p>\n<p>&nbsp;<\/p>\n<p>Vyz\u00fdv\u00e1me v\u0161echny spr\u00e1vce nebo majitele nemovitost\u00ed, aby si st\u00e1hli bezplatn\u00e9 pokyny k odkl\u00edzen\u00ed sn\u011bhu ze st\u0159ech a ke zv\u00e1\u017een\u00ed technick\u00fdch probl\u00e9m\u016f. <a href=\"http:\/\/renowacje.net.pl\/wp-content\/uploads\/2017\/07\/Prospect_Group_Sp._z_o._o._OFERTA_2015.pdf\">[ST\u00c1HN\u011aTE SI N\u00c1VOD]<\/a><\/p>\n","protected":false},"excerpt":{"rendered":"<p>Odkl\u00edzen\u00ed sn\u011bhu ze st\u0159ech prov\u00e1d\u00edme ji\u017e v\u00edce ne\u017e 15 let, poskytujeme slu\u017eby pro nejv\u011bt\u0161\u00ed polsk\u00e9 obchodn\u00ed \u0159et\u011bzce v zemi a pro nejv\u011bt\u0161\u00ed spole\u010dnosti v zemi. Spravujeme p\u0159es 270 za\u0159\u00edzen\u00ed po cel\u00e9m Polsku, na ka\u017ed\u00e9m z nich, garantujeme \u010das na spu\u0161t\u011bn\u00ed slu\u017eby souvisej\u00edc\u00ed s odprat\u00e1v\u00e1n\u00edm sn\u011bhu ze st\u0159ech do t\u0159\u00ed hodin od okam\u017eiku obdr\u017een\u00ed objedn\u00e1vky. Sn\u00edh [&hellip;]<\/p>\n","protected":false},"author":1,"featured_media":0,"parent":376,"menu_order":0,"comment_status":"closed","ping_status":"closed","template":"single-oferta.php","meta":{"ngg_post_thumbnail":0,"footnotes":""},"class_list":["post-393","page","type-page","status-publish","hentry"],"yoast_head":"<!-- This site is optimized with the Yoast SEO plugin v25.4 - https:\/\/yoast.com\/wordpress\/plugins\/seo\/ -->\n<title>Odkl\u00edzen\u00ed sn\u011bhu ze st\u0159ech - Od\u015bnie\u017canie dach\u00f3w, Usuwanie \u015bniegu z dach\u00f3w,<\/title>\n<meta name=\"robots\" content=\"index, follow, max-snippet:-1, max-image-preview:large, max-video-preview:-1\" \/>\n<link rel=\"canonical\" href=\"https:\/\/renowacje.net.pl\/cs\/nabidka\/odklizeni-snehu-ze-strech\/\" \/>\n<meta property=\"og:locale\" content=\"cs_CZ\" \/>\n<meta property=\"og:type\" content=\"article\" \/>\n<meta property=\"og:title\" content=\"Odkl\u00edzen\u00ed sn\u011bhu ze st\u0159ech - Od\u015bnie\u017canie dach\u00f3w, Usuwanie \u015bniegu z dach\u00f3w,\" \/>\n<meta property=\"og:description\" content=\"Odkl\u00edzen\u00ed sn\u011bhu ze st\u0159ech prov\u00e1d\u00edme ji\u017e v\u00edce ne\u017e 15 let, poskytujeme slu\u017eby pro nejv\u011bt\u0161\u00ed polsk\u00e9 obchodn\u00ed \u0159et\u011bzce v zemi a pro nejv\u011bt\u0161\u00ed spole\u010dnosti v zemi. Spravujeme p\u0159es 270 za\u0159\u00edzen\u00ed po cel\u00e9m Polsku, na ka\u017ed\u00e9m z nich, garantujeme \u010das na spu\u0161t\u011bn\u00ed slu\u017eby souvisej\u00edc\u00ed s odprat\u00e1v\u00e1n\u00edm sn\u011bhu ze st\u0159ech do t\u0159\u00ed hodin od okam\u017eiku obdr\u017een\u00ed objedn\u00e1vky. Sn\u00edh [&hellip;]\" \/>\n<meta property=\"og:url\" content=\"https:\/\/renowacje.net.pl\/cs\/nabidka\/odklizeni-snehu-ze-strech\/\" \/>\n<meta property=\"og:site_name\" content=\"Od\u015bnie\u017canie dach\u00f3w, Usuwanie \u015bniegu z dach\u00f3w,\" \/>\n<meta property=\"article:publisher\" content=\"https:\/\/www.facebook.com\/ProspectGroupSpzoo\/\" \/>\n<meta property=\"article:modified_time\" content=\"2021-02-09T09:46:56+00:00\" \/>\n<meta property=\"og:image\" content=\"http:\/\/renowacje.net.pl\/wp-content\/uploads\/2021\/01\/img_7407-2-1-300x200.jpg\" \/>\n<meta name=\"twitter:card\" content=\"summary_large_image\" \/>\n<meta name=\"twitter:label1\" content=\"Odhadovan\u00e1 doba \u010dten\u00ed\" \/>\n\t<meta name=\"twitter:data1\" content=\"4 minuty\" \/>\n<script type=\"application\/ld+json\" class=\"yoast-schema-graph\">{\"@context\":\"https:\/\/schema.org\",\"@graph\":[{\"@type\":\"WebPage\",\"@id\":\"https:\/\/renowacje.net.pl\/cs\/nabidka\/odklizeni-snehu-ze-strech\/\",\"url\":\"https:\/\/renowacje.net.pl\/cs\/nabidka\/odklizeni-snehu-ze-strech\/\",\"name\":\"Odkl\u00edzen\u00ed sn\u011bhu ze st\u0159ech - Od\u015bnie\u017canie dach\u00f3w, Usuwanie \u015bniegu z dach\u00f3w,\",\"isPartOf\":{\"@id\":\"https:\/\/renowacje.net.pl\/#website\"},\"primaryImageOfPage\":{\"@id\":\"https:\/\/renowacje.net.pl\/cs\/nabidka\/odklizeni-snehu-ze-strech\/#primaryimage\"},\"image\":{\"@id\":\"https:\/\/renowacje.net.pl\/cs\/nabidka\/odklizeni-snehu-ze-strech\/#primaryimage\"},\"thumbnailUrl\":\"http:\/\/renowacje.net.pl\/wp-content\/uploads\/2021\/01\/img_7407-2-1-300x200.jpg\",\"datePublished\":\"2017-07-13T11:22:17+00:00\",\"dateModified\":\"2021-02-09T09:46:56+00:00\",\"breadcrumb\":{\"@id\":\"https:\/\/renowacje.net.pl\/cs\/nabidka\/odklizeni-snehu-ze-strech\/#breadcrumb\"},\"inLanguage\":\"cs\",\"potentialAction\":[{\"@type\":\"ReadAction\",\"target\":[\"https:\/\/renowacje.net.pl\/cs\/nabidka\/odklizeni-snehu-ze-strech\/\"]}]},{\"@type\":\"ImageObject\",\"inLanguage\":\"cs\",\"@id\":\"https:\/\/renowacje.net.pl\/cs\/nabidka\/odklizeni-snehu-ze-strech\/#primaryimage\",\"url\":\"http:\/\/renowacje.net.pl\/wp-content\/uploads\/2021\/01\/img_7407-2-1-300x200.jpg\",\"contentUrl\":\"http:\/\/renowacje.net.pl\/wp-content\/uploads\/2021\/01\/img_7407-2-1-300x200.jpg\"},{\"@type\":\"BreadcrumbList\",\"@id\":\"https:\/\/renowacje.net.pl\/cs\/nabidka\/odklizeni-snehu-ze-strech\/#breadcrumb\",\"itemListElement\":[{\"@type\":\"ListItem\",\"position\":1,\"name\":\"Strona g\u0142\u00f3wna\",\"item\":\"https:\/\/renowacje.net.pl\/cs\/\"},{\"@type\":\"ListItem\",\"position\":2,\"name\":\"nab\u00eddka\",\"item\":\"https:\/\/renowacje.net.pl\/cs\/nabidka\/\"},{\"@type\":\"ListItem\",\"position\":3,\"name\":\"Odkl\u00edzen\u00ed sn\u011bhu ze st\u0159ech\"}]},{\"@type\":\"WebSite\",\"@id\":\"https:\/\/renowacje.net.pl\/#website\",\"url\":\"https:\/\/renowacje.net.pl\/\",\"name\":\"Od\u015bnie\u017canie dach\u00f3w, Usuwanie \u015bniegu z dach\u00f3w,\",\"description\":\"Od\u015bnie\u017canie dach\u00f3w, Usuwanie \u015bniegu z dach\u00f3w,\",\"potentialAction\":[{\"@type\":\"SearchAction\",\"target\":{\"@type\":\"EntryPoint\",\"urlTemplate\":\"https:\/\/renowacje.net.pl\/?s={search_term_string}\"},\"query-input\":{\"@type\":\"PropertyValueSpecification\",\"valueRequired\":true,\"valueName\":\"search_term_string\"}}],\"inLanguage\":\"cs\"}]}<\/script>\n<!-- \/ Yoast SEO plugin. -->","yoast_head_json":{"title":"Odkl\u00edzen\u00ed sn\u011bhu ze st\u0159ech - Od\u015bnie\u017canie dach\u00f3w, Usuwanie \u015bniegu z dach\u00f3w,","robots":{"index":"index","follow":"follow","max-snippet":"max-snippet:-1","max-image-preview":"max-image-preview:large","max-video-preview":"max-video-preview:-1"},"canonical":"https:\/\/renowacje.net.pl\/cs\/nabidka\/odklizeni-snehu-ze-strech\/","og_locale":"cs_CZ","og_type":"article","og_title":"Odkl\u00edzen\u00ed sn\u011bhu ze st\u0159ech - Od\u015bnie\u017canie dach\u00f3w, Usuwanie \u015bniegu z dach\u00f3w,","og_description":"Odkl\u00edzen\u00ed sn\u011bhu ze st\u0159ech prov\u00e1d\u00edme ji\u017e v\u00edce ne\u017e 15 let, poskytujeme slu\u017eby pro nejv\u011bt\u0161\u00ed polsk\u00e9 obchodn\u00ed \u0159et\u011bzce v zemi a pro nejv\u011bt\u0161\u00ed spole\u010dnosti v zemi. Spravujeme p\u0159es 270 za\u0159\u00edzen\u00ed po cel\u00e9m Polsku, na ka\u017ed\u00e9m z nich, garantujeme \u010das na spu\u0161t\u011bn\u00ed slu\u017eby souvisej\u00edc\u00ed s odprat\u00e1v\u00e1n\u00edm sn\u011bhu ze st\u0159ech do t\u0159\u00ed hodin od okam\u017eiku obdr\u017een\u00ed objedn\u00e1vky. Sn\u00edh [&hellip;]","og_url":"https:\/\/renowacje.net.pl\/cs\/nabidka\/odklizeni-snehu-ze-strech\/","og_site_name":"Od\u015bnie\u017canie dach\u00f3w, Usuwanie \u015bniegu z dach\u00f3w,","article_publisher":"https:\/\/www.facebook.com\/ProspectGroupSpzoo\/","article_modified_time":"2021-02-09T09:46:56+00:00","og_image":[{"url":"http:\/\/renowacje.net.pl\/wp-content\/uploads\/2021\/01\/img_7407-2-1-300x200.jpg","type":"","width":"","height":""}],"twitter_card":"summary_large_image","twitter_misc":{"Odhadovan\u00e1 doba \u010dten\u00ed":"4 minuty"},"schema":{"@context":"https:\/\/schema.org","@graph":[{"@type":"WebPage","@id":"https:\/\/renowacje.net.pl\/cs\/nabidka\/odklizeni-snehu-ze-strech\/","url":"https:\/\/renowacje.net.pl\/cs\/nabidka\/odklizeni-snehu-ze-strech\/","name":"Odkl\u00edzen\u00ed sn\u011bhu ze st\u0159ech - Od\u015bnie\u017canie dach\u00f3w, Usuwanie \u015bniegu z dach\u00f3w,","isPartOf":{"@id":"https:\/\/renowacje.net.pl\/#website"},"primaryImageOfPage":{"@id":"https:\/\/renowacje.net.pl\/cs\/nabidka\/odklizeni-snehu-ze-strech\/#primaryimage"},"image":{"@id":"https:\/\/renowacje.net.pl\/cs\/nabidka\/odklizeni-snehu-ze-strech\/#primaryimage"},"thumbnailUrl":"http:\/\/renowacje.net.pl\/wp-content\/uploads\/2021\/01\/img_7407-2-1-300x200.jpg","datePublished":"2017-07-13T11:22:17+00:00","dateModified":"2021-02-09T09:46:56+00:00","breadcrumb":{"@id":"https:\/\/renowacje.net.pl\/cs\/nabidka\/odklizeni-snehu-ze-strech\/#breadcrumb"},"inLanguage":"cs","potentialAction":[{"@type":"ReadAction","target":["https:\/\/renowacje.net.pl\/cs\/nabidka\/odklizeni-snehu-ze-strech\/"]}]},{"@type":"ImageObject","inLanguage":"cs","@id":"https:\/\/renowacje.net.pl\/cs\/nabidka\/odklizeni-snehu-ze-strech\/#primaryimage","url":"http:\/\/renowacje.net.pl\/wp-content\/uploads\/2021\/01\/img_7407-2-1-300x200.jpg","contentUrl":"http:\/\/renowacje.net.pl\/wp-content\/uploads\/2021\/01\/img_7407-2-1-300x200.jpg"},{"@type":"BreadcrumbList","@id":"https:\/\/renowacje.net.pl\/cs\/nabidka\/odklizeni-snehu-ze-strech\/#breadcrumb","itemListElement":[{"@type":"ListItem","position":1,"name":"Strona g\u0142\u00f3wna","item":"https:\/\/renowacje.net.pl\/cs\/"},{"@type":"ListItem","position":2,"name":"nab\u00eddka","item":"https:\/\/renowacje.net.pl\/cs\/nabidka\/"},{"@type":"ListItem","position":3,"name":"Odkl\u00edzen\u00ed sn\u011bhu ze st\u0159ech"}]},{"@type":"WebSite","@id":"https:\/\/renowacje.net.pl\/#website","url":"https:\/\/renowacje.net.pl\/","name":"Od\u015bnie\u017canie dach\u00f3w, Usuwanie \u015bniegu z dach\u00f3w,","description":"Od\u015bnie\u017canie dach\u00f3w, Usuwanie \u015bniegu z dach\u00f3w,","potentialAction":[{"@type":"SearchAction","target":{"@type":"EntryPoint","urlTemplate":"https:\/\/renowacje.net.pl\/?s={search_term_string}"},"query-input":{"@type":"PropertyValueSpecification","valueRequired":true,"valueName":"search_term_string"}}],"inLanguage":"cs"}]}},"_links":{"self":[{"href":"https:\/\/renowacje.net.pl\/cs\/wp-json\/wp\/v2\/pages\/393","targetHints":{"allow":["GET"]}}],"collection":[{"href":"https:\/\/renowacje.net.pl\/cs\/wp-json\/wp\/v2\/pages"}],"about":[{"href":"https:\/\/renowacje.net.pl\/cs\/wp-json\/wp\/v2\/types\/page"}],"author":[{"embeddable":true,"href":"https:\/\/renowacje.net.pl\/cs\/wp-json\/wp\/v2\/users\/1"}],"replies":[{"embeddable":true,"href":"https:\/\/renowacje.net.pl\/cs\/wp-json\/wp\/v2\/comments?post=393"}],"version-history":[{"count":3,"href":"https:\/\/renowacje.net.pl\/cs\/wp-json\/wp\/v2\/pages\/393\/revisions"}],"predecessor-version":[{"id":2239,"href":"https:\/\/renowacje.net.pl\/cs\/wp-json\/wp\/v2\/pages\/393\/revisions\/2239"}],"up":[{"embeddable":true,"href":"https:\/\/renowacje.net.pl\/cs\/wp-json\/wp\/v2\/pages\/376"}],"wp:attachment":[{"href":"https:\/\/renowacje.net.pl\/cs\/wp-json\/wp\/v2\/media?parent=393"}],"curies":[{"name":"wp","href":"https:\/\/api.w.org\/{rel}","templated":true}]}}