{"id":385,"date":"2017-07-13T13:22:56","date_gmt":"2017-07-13T11:22:56","guid":{"rendered":"http:\/\/renowacje.net.pl\/oferta\/malowanie-ogniochronne\/"},"modified":"2021-02-15T10:51:12","modified_gmt":"2021-02-15T09:51:12","slug":"nehorlava-malba","status":"publish","type":"page","link":"https:\/\/renowacje.net.pl\/cs\/nabidka\/nehorlava-malba\/","title":{"rendered":"neho\u0159lav\u00e1 malba"},"content":{"rendered":"<p>Ochrana ocelov\u00fdch konstrukc\u00ed p\u0159ed po\u017e\u00e1rem je jedn\u00edm z nejp\u0159\u00edsn\u011bji respektovan\u00fdch po\u017e\u00e1rn\u00edch p\u0159edpis\u016f. Za to jsou odpov\u011bdn\u00ed vlastn\u00edci a spr\u00e1vci budov.<\/p>\n<p><strong>Pro\u010d se vyplat\u00ed vyu\u017e\u00edvat na\u0161e slu\u017eby neho\u0159lav\u00e9ho lakov\u00e1n\u00ed?<\/strong><\/p>\n<ul>\n<li>M\u00e1me rozs\u00e1hl\u00e9 technick\u00e9 znalosti v t\u00e9to oblasti<\/li>\n<li>M\u00e1me platn\u00e9 licence pro dodavatele dan\u00fdch syst\u00e9m\u016f po\u017e\u00e1rn\u00ed ochrany<\/li>\n<li>M\u00e1me kvalifikovan\u00e9 a vy\u0161kolen\u00e9 zam\u011bstnance<\/li>\n<\/ul>\n<p><strong>Na\u0161e protipo\u017e\u00e1rn\u00ed opat\u0159en\u00ed n\u00e1m umo\u017e\u0148uj\u00ed z\u00edskat po\u017e\u00e1rn\u00ed odolnost konstrukce na \u00farovni: R15, R30, R60, podle kategorie korozn\u00ed agresivity PN-ISO 12944 \u010d\u00e1st 2 z C1 na C5M.<\/strong><\/p>\n<p>Syst\u00e9my po\u017e\u00e1rn\u00ed ochrany vytv\u00e1\u0159ej\u00ed pru\u017en\u00fd a mechanicky odoln\u00fd povlak, kter\u00fd je odoln\u00fd v\u016f\u010di:<\/p>\n<ul>\n<li>vlhkost,<\/li>\n<li>kondenzovan\u00e1 voda,<\/li>\n<li>atmosf\u00e9rick\u00e9 faktory (v\u010detn\u011b pr\u016fmyslov\u00e9 atmosf\u00e9ry).<\/li>\n<\/ul>\n<p><strong>Intumescentn\u00ed barva se pou\u017e\u00edv\u00e1 k zaji\u0161t\u011bn\u00ed po\u017e\u00e1rn\u00ed ochrany ocelov\u00fdch konstrukc\u00ed (v\u010detn\u011b pozinkovan\u00fdch povrch\u016f) s otev\u0159en\u00fdmi a uzav\u0159en\u00fdmi profily, kter\u00e9 se pou\u017e\u00edvaj\u00ed venku nebo uvnit\u0159 budov. Je sou\u010d\u00e1st\u00ed sady, kter\u00e1 obsahuje:<\/strong><\/p>\n<ul>\n<li>dvouslo\u017ekov\u00fd epoxidov\u00fd antikorozn\u00ed n\u00e1t\u011br (slou\u017e\u00ed k v\u00fdrob\u011b z\u00e1kladn\u00ed vrstvy),<\/li>\n<li>dvouslo\u017ekov\u00e1 polyuretanov\u00e1 barva (pou\u017e\u00edv\u00e1 se k v\u00fdrob\u011b vrchn\u00edho n\u00e1t\u011bru).<\/li>\n<\/ul>\n<p>V\u00fdsledkem je odoln\u00fd povlak, kter\u00fd chr\u00e1n\u00ed ocelov\u00e9 konstrukce p\u0159ed po\u017e\u00e1rem.<\/p>\n","protected":false},"excerpt":{"rendered":"<p>Ochrana ocelov\u00fdch konstrukc\u00ed p\u0159ed po\u017e\u00e1rem je jedn\u00edm z nejp\u0159\u00edsn\u011bji respektovan\u00fdch po\u017e\u00e1rn\u00edch p\u0159edpis\u016f. Za to jsou odpov\u011bdn\u00ed vlastn\u00edci a spr\u00e1vci budov. Pro\u010d se vyplat\u00ed vyu\u017e\u00edvat na\u0161e slu\u017eby neho\u0159lav\u00e9ho lakov\u00e1n\u00ed? M\u00e1me rozs\u00e1hl\u00e9 technick\u00e9 znalosti v t\u00e9to oblasti M\u00e1me platn\u00e9 licence pro dodavatele dan\u00fdch syst\u00e9m\u016f po\u017e\u00e1rn\u00ed ochrany M\u00e1me kvalifikovan\u00e9 a vy\u0161kolen\u00e9 zam\u011bstnance Na\u0161e protipo\u017e\u00e1rn\u00ed opat\u0159en\u00ed n\u00e1m umo\u017e\u0148uj\u00ed z\u00edskat [&hellip;]<\/p>\n","protected":false},"author":1,"featured_media":0,"parent":376,"menu_order":0,"comment_status":"closed","ping_status":"closed","template":"single-oferta.php","meta":{"ngg_post_thumbnail":0,"footnotes":""},"class_list":["post-385","page","type-page","status-publish","hentry"],"yoast_head":"<!-- This site is optimized with the Yoast SEO plugin v25.4 - https:\/\/yoast.com\/wordpress\/plugins\/seo\/ -->\n<title>neho\u0159lav\u00e1 malba - Od\u015bnie\u017canie dach\u00f3w, Usuwanie \u015bniegu z dach\u00f3w,<\/title>\n<meta name=\"robots\" content=\"index, follow, max-snippet:-1, max-image-preview:large, max-video-preview:-1\" \/>\n<link rel=\"canonical\" href=\"https:\/\/renowacje.net.pl\/cs\/nabidka\/nehorlava-malba\/\" \/>\n<meta property=\"og:locale\" content=\"cs_CZ\" \/>\n<meta property=\"og:type\" content=\"article\" \/>\n<meta property=\"og:title\" content=\"neho\u0159lav\u00e1 malba - Od\u015bnie\u017canie dach\u00f3w, Usuwanie \u015bniegu z dach\u00f3w,\" \/>\n<meta property=\"og:description\" content=\"Ochrana ocelov\u00fdch konstrukc\u00ed p\u0159ed po\u017e\u00e1rem je jedn\u00edm z nejp\u0159\u00edsn\u011bji respektovan\u00fdch po\u017e\u00e1rn\u00edch p\u0159edpis\u016f. Za to jsou odpov\u011bdn\u00ed vlastn\u00edci a spr\u00e1vci budov. Pro\u010d se vyplat\u00ed vyu\u017e\u00edvat na\u0161e slu\u017eby neho\u0159lav\u00e9ho lakov\u00e1n\u00ed? M\u00e1me rozs\u00e1hl\u00e9 technick\u00e9 znalosti v t\u00e9to oblasti M\u00e1me platn\u00e9 licence pro dodavatele dan\u00fdch syst\u00e9m\u016f po\u017e\u00e1rn\u00ed ochrany M\u00e1me kvalifikovan\u00e9 a vy\u0161kolen\u00e9 zam\u011bstnance Na\u0161e protipo\u017e\u00e1rn\u00ed opat\u0159en\u00ed n\u00e1m umo\u017e\u0148uj\u00ed z\u00edskat [&hellip;]\" \/>\n<meta property=\"og:url\" content=\"https:\/\/renowacje.net.pl\/cs\/nabidka\/nehorlava-malba\/\" \/>\n<meta property=\"og:site_name\" content=\"Od\u015bnie\u017canie dach\u00f3w, Usuwanie \u015bniegu z dach\u00f3w,\" \/>\n<meta property=\"article:publisher\" content=\"https:\/\/www.facebook.com\/ProspectGroupSpzoo\/\" \/>\n<meta property=\"article:modified_time\" content=\"2021-02-15T09:51:12+00:00\" \/>\n<meta name=\"twitter:card\" content=\"summary_large_image\" \/>\n<meta name=\"twitter:label1\" content=\"Odhadovan\u00e1 doba \u010dten\u00ed\" \/>\n\t<meta name=\"twitter:data1\" content=\"1 minuta\" \/>\n<script type=\"application\/ld+json\" class=\"yoast-schema-graph\">{\"@context\":\"https:\/\/schema.org\",\"@graph\":[{\"@type\":\"WebPage\",\"@id\":\"https:\/\/renowacje.net.pl\/cs\/nabidka\/nehorlava-malba\/\",\"url\":\"https:\/\/renowacje.net.pl\/cs\/nabidka\/nehorlava-malba\/\",\"name\":\"neho\u0159lav\u00e1 malba - Od\u015bnie\u017canie dach\u00f3w, Usuwanie \u015bniegu z dach\u00f3w,\",\"isPartOf\":{\"@id\":\"https:\/\/renowacje.net.pl\/#website\"},\"datePublished\":\"2017-07-13T11:22:56+00:00\",\"dateModified\":\"2021-02-15T09:51:12+00:00\",\"breadcrumb\":{\"@id\":\"https:\/\/renowacje.net.pl\/cs\/nabidka\/nehorlava-malba\/#breadcrumb\"},\"inLanguage\":\"cs\",\"potentialAction\":[{\"@type\":\"ReadAction\",\"target\":[\"https:\/\/renowacje.net.pl\/cs\/nabidka\/nehorlava-malba\/\"]}]},{\"@type\":\"BreadcrumbList\",\"@id\":\"https:\/\/renowacje.net.pl\/cs\/nabidka\/nehorlava-malba\/#breadcrumb\",\"itemListElement\":[{\"@type\":\"ListItem\",\"position\":1,\"name\":\"Strona g\u0142\u00f3wna\",\"item\":\"https:\/\/renowacje.net.pl\/cs\/\"},{\"@type\":\"ListItem\",\"position\":2,\"name\":\"nab\u00eddka\",\"item\":\"https:\/\/renowacje.net.pl\/cs\/nabidka\/\"},{\"@type\":\"ListItem\",\"position\":3,\"name\":\"neho\u0159lav\u00e1 malba\"}]},{\"@type\":\"WebSite\",\"@id\":\"https:\/\/renowacje.net.pl\/#website\",\"url\":\"https:\/\/renowacje.net.pl\/\",\"name\":\"Od\u015bnie\u017canie dach\u00f3w, Usuwanie \u015bniegu z dach\u00f3w,\",\"description\":\"Od\u015bnie\u017canie dach\u00f3w, Usuwanie \u015bniegu z dach\u00f3w,\",\"potentialAction\":[{\"@type\":\"SearchAction\",\"target\":{\"@type\":\"EntryPoint\",\"urlTemplate\":\"https:\/\/renowacje.net.pl\/?s={search_term_string}\"},\"query-input\":{\"@type\":\"PropertyValueSpecification\",\"valueRequired\":true,\"valueName\":\"search_term_string\"}}],\"inLanguage\":\"cs\"}]}<\/script>\n<!-- \/ Yoast SEO plugin. -->","yoast_head_json":{"title":"neho\u0159lav\u00e1 malba - Od\u015bnie\u017canie dach\u00f3w, Usuwanie \u015bniegu z dach\u00f3w,","robots":{"index":"index","follow":"follow","max-snippet":"max-snippet:-1","max-image-preview":"max-image-preview:large","max-video-preview":"max-video-preview:-1"},"canonical":"https:\/\/renowacje.net.pl\/cs\/nabidka\/nehorlava-malba\/","og_locale":"cs_CZ","og_type":"article","og_title":"neho\u0159lav\u00e1 malba - Od\u015bnie\u017canie dach\u00f3w, Usuwanie \u015bniegu z dach\u00f3w,","og_description":"Ochrana ocelov\u00fdch konstrukc\u00ed p\u0159ed po\u017e\u00e1rem je jedn\u00edm z nejp\u0159\u00edsn\u011bji respektovan\u00fdch po\u017e\u00e1rn\u00edch p\u0159edpis\u016f. Za to jsou odpov\u011bdn\u00ed vlastn\u00edci a spr\u00e1vci budov. Pro\u010d se vyplat\u00ed vyu\u017e\u00edvat na\u0161e slu\u017eby neho\u0159lav\u00e9ho lakov\u00e1n\u00ed? M\u00e1me rozs\u00e1hl\u00e9 technick\u00e9 znalosti v t\u00e9to oblasti M\u00e1me platn\u00e9 licence pro dodavatele dan\u00fdch syst\u00e9m\u016f po\u017e\u00e1rn\u00ed ochrany M\u00e1me kvalifikovan\u00e9 a vy\u0161kolen\u00e9 zam\u011bstnance Na\u0161e protipo\u017e\u00e1rn\u00ed opat\u0159en\u00ed n\u00e1m umo\u017e\u0148uj\u00ed z\u00edskat [&hellip;]","og_url":"https:\/\/renowacje.net.pl\/cs\/nabidka\/nehorlava-malba\/","og_site_name":"Od\u015bnie\u017canie dach\u00f3w, Usuwanie \u015bniegu z dach\u00f3w,","article_publisher":"https:\/\/www.facebook.com\/ProspectGroupSpzoo\/","article_modified_time":"2021-02-15T09:51:12+00:00","twitter_card":"summary_large_image","twitter_misc":{"Odhadovan\u00e1 doba \u010dten\u00ed":"1 minuta"},"schema":{"@context":"https:\/\/schema.org","@graph":[{"@type":"WebPage","@id":"https:\/\/renowacje.net.pl\/cs\/nabidka\/nehorlava-malba\/","url":"https:\/\/renowacje.net.pl\/cs\/nabidka\/nehorlava-malba\/","name":"neho\u0159lav\u00e1 malba - Od\u015bnie\u017canie dach\u00f3w, Usuwanie \u015bniegu z dach\u00f3w,","isPartOf":{"@id":"https:\/\/renowacje.net.pl\/#website"},"datePublished":"2017-07-13T11:22:56+00:00","dateModified":"2021-02-15T09:51:12+00:00","breadcrumb":{"@id":"https:\/\/renowacje.net.pl\/cs\/nabidka\/nehorlava-malba\/#breadcrumb"},"inLanguage":"cs","potentialAction":[{"@type":"ReadAction","target":["https:\/\/renowacje.net.pl\/cs\/nabidka\/nehorlava-malba\/"]}]},{"@type":"BreadcrumbList","@id":"https:\/\/renowacje.net.pl\/cs\/nabidka\/nehorlava-malba\/#breadcrumb","itemListElement":[{"@type":"ListItem","position":1,"name":"Strona g\u0142\u00f3wna","item":"https:\/\/renowacje.net.pl\/cs\/"},{"@type":"ListItem","position":2,"name":"nab\u00eddka","item":"https:\/\/renowacje.net.pl\/cs\/nabidka\/"},{"@type":"ListItem","position":3,"name":"neho\u0159lav\u00e1 malba"}]},{"@type":"WebSite","@id":"https:\/\/renowacje.net.pl\/#website","url":"https:\/\/renowacje.net.pl\/","name":"Od\u015bnie\u017canie dach\u00f3w, Usuwanie \u015bniegu z dach\u00f3w,","description":"Od\u015bnie\u017canie dach\u00f3w, Usuwanie \u015bniegu z dach\u00f3w,","potentialAction":[{"@type":"SearchAction","target":{"@type":"EntryPoint","urlTemplate":"https:\/\/renowacje.net.pl\/?s={search_term_string}"},"query-input":{"@type":"PropertyValueSpecification","valueRequired":true,"valueName":"search_term_string"}}],"inLanguage":"cs"}]}},"_links":{"self":[{"href":"https:\/\/renowacje.net.pl\/cs\/wp-json\/wp\/v2\/pages\/385","targetHints":{"allow":["GET"]}}],"collection":[{"href":"https:\/\/renowacje.net.pl\/cs\/wp-json\/wp\/v2\/pages"}],"about":[{"href":"https:\/\/renowacje.net.pl\/cs\/wp-json\/wp\/v2\/types\/page"}],"author":[{"embeddable":true,"href":"https:\/\/renowacje.net.pl\/cs\/wp-json\/wp\/v2\/users\/1"}],"replies":[{"embeddable":true,"href":"https:\/\/renowacje.net.pl\/cs\/wp-json\/wp\/v2\/comments?post=385"}],"version-history":[{"count":3,"href":"https:\/\/renowacje.net.pl\/cs\/wp-json\/wp\/v2\/pages\/385\/revisions"}],"predecessor-version":[{"id":2233,"href":"https:\/\/renowacje.net.pl\/cs\/wp-json\/wp\/v2\/pages\/385\/revisions\/2233"}],"up":[{"embeddable":true,"href":"https:\/\/renowacje.net.pl\/cs\/wp-json\/wp\/v2\/pages\/376"}],"wp:attachment":[{"href":"https:\/\/renowacje.net.pl\/cs\/wp-json\/wp\/v2\/media?parent=385"}],"curies":[{"name":"wp","href":"https:\/\/api.w.org\/{rel}","templated":true}]}}