{"id":380,"date":"2017-07-13T13:23:35","date_gmt":"2017-07-13T11:23:35","guid":{"rendered":"http:\/\/renowacje.net.pl\/oferta\/docieplenia\/"},"modified":"2021-02-15T11:02:19","modified_gmt":"2021-02-15T10:02:19","slug":"instalace-sendvicovych-panelu","status":"publish","type":"page","link":"https:\/\/renowacje.net.pl\/cs\/nabidka\/instalace-sendvicovych-panelu\/","title":{"rendered":"Instalace sendvi\u010dov\u00fdch panel\u016f"},"content":{"rendered":"<p>Nab\u00edz\u00edme slu\u017eby mont\u00e1\u017ee st\u0159e\u0161n\u00edch a st\u011bnov\u00fdch panel\u016f spolu s doprovodn\u00fdmi pracemi.<\/p>\n<p>M\u00e1me dlouholet\u00e9 zku\u0161enosti se slu\u017ebami souvisej\u00edc\u00edmi s komplexn\u00ed rekonstrukc\u00ed budov, zejm\u00e9na:<\/p>\n<ul>\n<li>Pr\u016fmyslov\u00e9 haly,<\/li>\n<li>Obchodn\u00ed za\u0159\u00edzen\u00ed,<\/li>\n<li>Ve\u0159ejn\u00e9 instituce,<\/li>\n<li>Sklady,<\/li>\n<li>Supermarkety.<\/li>\n<\/ul>\n<p>Nab\u00edz\u00edme tak\u00e9 komplexn\u00ed dod\u00e1vku stavebn\u00edho materi\u00e1lu na staveni\u0161t\u011b.<\/p>\n","protected":false},"excerpt":{"rendered":"<p>Nab\u00edz\u00edme slu\u017eby mont\u00e1\u017ee st\u0159e\u0161n\u00edch a st\u011bnov\u00fdch panel\u016f spolu s doprovodn\u00fdmi pracemi. M\u00e1me dlouholet\u00e9 zku\u0161enosti se slu\u017ebami souvisej\u00edc\u00edmi s komplexn\u00ed rekonstrukc\u00ed budov, zejm\u00e9na: Pr\u016fmyslov\u00e9 haly, Obchodn\u00ed za\u0159\u00edzen\u00ed, Ve\u0159ejn\u00e9 instituce, Sklady, Supermarkety. Nab\u00edz\u00edme tak\u00e9 komplexn\u00ed dod\u00e1vku stavebn\u00edho materi\u00e1lu na staveni\u0161t\u011b.<\/p>\n","protected":false},"author":1,"featured_media":0,"parent":376,"menu_order":0,"comment_status":"closed","ping_status":"closed","template":"single-oferta.php","meta":{"ngg_post_thumbnail":0,"footnotes":""},"class_list":["post-380","page","type-page","status-publish","hentry"],"yoast_head":"<!-- This site is optimized with the Yoast SEO plugin v25.4 - https:\/\/yoast.com\/wordpress\/plugins\/seo\/ -->\n<title>Instalace sendvi\u010dov\u00fdch panel\u016f - Od\u015bnie\u017canie dach\u00f3w, Usuwanie \u015bniegu z dach\u00f3w,<\/title>\n<meta name=\"robots\" content=\"index, follow, max-snippet:-1, max-image-preview:large, max-video-preview:-1\" \/>\n<link rel=\"canonical\" href=\"https:\/\/renowacje.net.pl\/cs\/nabidka\/instalace-sendvicovych-panelu\/\" \/>\n<meta property=\"og:locale\" content=\"cs_CZ\" \/>\n<meta property=\"og:type\" content=\"article\" \/>\n<meta property=\"og:title\" content=\"Instalace sendvi\u010dov\u00fdch panel\u016f - Od\u015bnie\u017canie dach\u00f3w, Usuwanie \u015bniegu z dach\u00f3w,\" \/>\n<meta property=\"og:description\" content=\"Nab\u00edz\u00edme slu\u017eby mont\u00e1\u017ee st\u0159e\u0161n\u00edch a st\u011bnov\u00fdch panel\u016f spolu s doprovodn\u00fdmi pracemi. M\u00e1me dlouholet\u00e9 zku\u0161enosti se slu\u017ebami souvisej\u00edc\u00edmi s komplexn\u00ed rekonstrukc\u00ed budov, zejm\u00e9na: Pr\u016fmyslov\u00e9 haly, Obchodn\u00ed za\u0159\u00edzen\u00ed, Ve\u0159ejn\u00e9 instituce, Sklady, Supermarkety. Nab\u00edz\u00edme tak\u00e9 komplexn\u00ed dod\u00e1vku stavebn\u00edho materi\u00e1lu na staveni\u0161t\u011b.\" \/>\n<meta property=\"og:url\" content=\"https:\/\/renowacje.net.pl\/cs\/nabidka\/instalace-sendvicovych-panelu\/\" \/>\n<meta property=\"og:site_name\" content=\"Od\u015bnie\u017canie dach\u00f3w, Usuwanie \u015bniegu z dach\u00f3w,\" \/>\n<meta property=\"article:publisher\" content=\"https:\/\/www.facebook.com\/ProspectGroupSpzoo\/\" \/>\n<meta property=\"article:modified_time\" content=\"2021-02-15T10:02:19+00:00\" \/>\n<meta name=\"twitter:card\" content=\"summary_large_image\" \/>\n<script type=\"application\/ld+json\" class=\"yoast-schema-graph\">{\"@context\":\"https:\/\/schema.org\",\"@graph\":[{\"@type\":\"WebPage\",\"@id\":\"https:\/\/renowacje.net.pl\/cs\/nabidka\/instalace-sendvicovych-panelu\/\",\"url\":\"https:\/\/renowacje.net.pl\/cs\/nabidka\/instalace-sendvicovych-panelu\/\",\"name\":\"Instalace sendvi\u010dov\u00fdch panel\u016f - Od\u015bnie\u017canie dach\u00f3w, Usuwanie \u015bniegu z dach\u00f3w,\",\"isPartOf\":{\"@id\":\"https:\/\/renowacje.net.pl\/#website\"},\"datePublished\":\"2017-07-13T11:23:35+00:00\",\"dateModified\":\"2021-02-15T10:02:19+00:00\",\"breadcrumb\":{\"@id\":\"https:\/\/renowacje.net.pl\/cs\/nabidka\/instalace-sendvicovych-panelu\/#breadcrumb\"},\"inLanguage\":\"cs\",\"potentialAction\":[{\"@type\":\"ReadAction\",\"target\":[\"https:\/\/renowacje.net.pl\/cs\/nabidka\/instalace-sendvicovych-panelu\/\"]}]},{\"@type\":\"BreadcrumbList\",\"@id\":\"https:\/\/renowacje.net.pl\/cs\/nabidka\/instalace-sendvicovych-panelu\/#breadcrumb\",\"itemListElement\":[{\"@type\":\"ListItem\",\"position\":1,\"name\":\"Strona g\u0142\u00f3wna\",\"item\":\"https:\/\/renowacje.net.pl\/cs\/\"},{\"@type\":\"ListItem\",\"position\":2,\"name\":\"nab\u00eddka\",\"item\":\"https:\/\/renowacje.net.pl\/cs\/nabidka\/\"},{\"@type\":\"ListItem\",\"position\":3,\"name\":\"Instalace sendvi\u010dov\u00fdch panel\u016f\"}]},{\"@type\":\"WebSite\",\"@id\":\"https:\/\/renowacje.net.pl\/#website\",\"url\":\"https:\/\/renowacje.net.pl\/\",\"name\":\"Od\u015bnie\u017canie dach\u00f3w, Usuwanie \u015bniegu z dach\u00f3w,\",\"description\":\"Od\u015bnie\u017canie dach\u00f3w, Usuwanie \u015bniegu z dach\u00f3w,\",\"potentialAction\":[{\"@type\":\"SearchAction\",\"target\":{\"@type\":\"EntryPoint\",\"urlTemplate\":\"https:\/\/renowacje.net.pl\/?s={search_term_string}\"},\"query-input\":{\"@type\":\"PropertyValueSpecification\",\"valueRequired\":true,\"valueName\":\"search_term_string\"}}],\"inLanguage\":\"cs\"}]}<\/script>\n<!-- \/ Yoast SEO plugin. -->","yoast_head_json":{"title":"Instalace sendvi\u010dov\u00fdch panel\u016f - Od\u015bnie\u017canie dach\u00f3w, Usuwanie \u015bniegu z dach\u00f3w,","robots":{"index":"index","follow":"follow","max-snippet":"max-snippet:-1","max-image-preview":"max-image-preview:large","max-video-preview":"max-video-preview:-1"},"canonical":"https:\/\/renowacje.net.pl\/cs\/nabidka\/instalace-sendvicovych-panelu\/","og_locale":"cs_CZ","og_type":"article","og_title":"Instalace sendvi\u010dov\u00fdch panel\u016f - Od\u015bnie\u017canie dach\u00f3w, Usuwanie \u015bniegu z dach\u00f3w,","og_description":"Nab\u00edz\u00edme slu\u017eby mont\u00e1\u017ee st\u0159e\u0161n\u00edch a st\u011bnov\u00fdch panel\u016f spolu s doprovodn\u00fdmi pracemi. M\u00e1me dlouholet\u00e9 zku\u0161enosti se slu\u017ebami souvisej\u00edc\u00edmi s komplexn\u00ed rekonstrukc\u00ed budov, zejm\u00e9na: Pr\u016fmyslov\u00e9 haly, Obchodn\u00ed za\u0159\u00edzen\u00ed, Ve\u0159ejn\u00e9 instituce, Sklady, Supermarkety. Nab\u00edz\u00edme tak\u00e9 komplexn\u00ed dod\u00e1vku stavebn\u00edho materi\u00e1lu na staveni\u0161t\u011b.","og_url":"https:\/\/renowacje.net.pl\/cs\/nabidka\/instalace-sendvicovych-panelu\/","og_site_name":"Od\u015bnie\u017canie dach\u00f3w, Usuwanie \u015bniegu z dach\u00f3w,","article_publisher":"https:\/\/www.facebook.com\/ProspectGroupSpzoo\/","article_modified_time":"2021-02-15T10:02:19+00:00","twitter_card":"summary_large_image","schema":{"@context":"https:\/\/schema.org","@graph":[{"@type":"WebPage","@id":"https:\/\/renowacje.net.pl\/cs\/nabidka\/instalace-sendvicovych-panelu\/","url":"https:\/\/renowacje.net.pl\/cs\/nabidka\/instalace-sendvicovych-panelu\/","name":"Instalace sendvi\u010dov\u00fdch panel\u016f - Od\u015bnie\u017canie dach\u00f3w, Usuwanie \u015bniegu z dach\u00f3w,","isPartOf":{"@id":"https:\/\/renowacje.net.pl\/#website"},"datePublished":"2017-07-13T11:23:35+00:00","dateModified":"2021-02-15T10:02:19+00:00","breadcrumb":{"@id":"https:\/\/renowacje.net.pl\/cs\/nabidka\/instalace-sendvicovych-panelu\/#breadcrumb"},"inLanguage":"cs","potentialAction":[{"@type":"ReadAction","target":["https:\/\/renowacje.net.pl\/cs\/nabidka\/instalace-sendvicovych-panelu\/"]}]},{"@type":"BreadcrumbList","@id":"https:\/\/renowacje.net.pl\/cs\/nabidka\/instalace-sendvicovych-panelu\/#breadcrumb","itemListElement":[{"@type":"ListItem","position":1,"name":"Strona g\u0142\u00f3wna","item":"https:\/\/renowacje.net.pl\/cs\/"},{"@type":"ListItem","position":2,"name":"nab\u00eddka","item":"https:\/\/renowacje.net.pl\/cs\/nabidka\/"},{"@type":"ListItem","position":3,"name":"Instalace sendvi\u010dov\u00fdch panel\u016f"}]},{"@type":"WebSite","@id":"https:\/\/renowacje.net.pl\/#website","url":"https:\/\/renowacje.net.pl\/","name":"Od\u015bnie\u017canie dach\u00f3w, Usuwanie \u015bniegu z dach\u00f3w,","description":"Od\u015bnie\u017canie dach\u00f3w, Usuwanie \u015bniegu z dach\u00f3w,","potentialAction":[{"@type":"SearchAction","target":{"@type":"EntryPoint","urlTemplate":"https:\/\/renowacje.net.pl\/?s={search_term_string}"},"query-input":{"@type":"PropertyValueSpecification","valueRequired":true,"valueName":"search_term_string"}}],"inLanguage":"cs"}]}},"_links":{"self":[{"href":"https:\/\/renowacje.net.pl\/cs\/wp-json\/wp\/v2\/pages\/380","targetHints":{"allow":["GET"]}}],"collection":[{"href":"https:\/\/renowacje.net.pl\/cs\/wp-json\/wp\/v2\/pages"}],"about":[{"href":"https:\/\/renowacje.net.pl\/cs\/wp-json\/wp\/v2\/types\/page"}],"author":[{"embeddable":true,"href":"https:\/\/renowacje.net.pl\/cs\/wp-json\/wp\/v2\/users\/1"}],"replies":[{"embeddable":true,"href":"https:\/\/renowacje.net.pl\/cs\/wp-json\/wp\/v2\/comments?post=380"}],"version-history":[{"count":3,"href":"https:\/\/renowacje.net.pl\/cs\/wp-json\/wp\/v2\/pages\/380\/revisions"}],"predecessor-version":[{"id":2230,"href":"https:\/\/renowacje.net.pl\/cs\/wp-json\/wp\/v2\/pages\/380\/revisions\/2230"}],"up":[{"embeddable":true,"href":"https:\/\/renowacje.net.pl\/cs\/wp-json\/wp\/v2\/pages\/376"}],"wp:attachment":[{"href":"https:\/\/renowacje.net.pl\/cs\/wp-json\/wp\/v2\/media?parent=380"}],"curies":[{"name":"wp","href":"https:\/\/api.w.org\/{rel}","templated":true}]}}