{"id":376,"date":"2017-07-11T12:45:29","date_gmt":"2017-07-11T10:45:29","guid":{"rendered":"http:\/\/renowacje.net.pl\/oferta\/"},"modified":"2021-02-15T10:49:24","modified_gmt":"2021-02-15T09:49:24","slug":"nabidka","status":"publish","type":"page","link":"https:\/\/renowacje.net.pl\/cs\/nabidka\/","title":{"rendered":"nab\u00eddka"},"content":{"rendered":"<h4>S ohledem na pot\u0159eby na\u0161ich z\u00e1kazn\u00edk\u016f nab\u00edz\u00edme \u0161irokou \u0161k\u00e1lu slu\u017eeb:<\/h4>\n<ul>\n<li>pr\u016fmyslov\u00e1 antikorozn\u00ed ochrana &#8211;<a href=\"https:\/\/www.renowacje.net.pl\/pl\/p\/zabezpieczenia-antykorozyjne\"> antikorozn\u00ed ochrana oceli a betonu,<\/a><\/li>\n<li><a href=\"https:\/\/www.renowacje.net.pl\/pl\/p\/przeglady-budowlane\">kontrola technick\u00e9ho stavu budov s vypracov\u00e1n\u00edm doporu\u010den\u00ed k renovaci,<\/a><\/li>\n<li><a href=\"https:\/\/www.renowacje.net.pl\/pl\/p\/odsniezanie-dachow\">odkl\u00edzen\u00ed sn\u011bhu ze st\u0159ech a m\u011b\u0159en\u00ed tlou\u0161\u0165ky sn\u011bhov\u00e9 pokr\u00fdvky,<\/a><\/li>\n<li>mont\u00e1\u017e ocelov\u00fdch konstrukc\u00ed,<\/li>\n<li><a href=\"https:\/\/www.renowacje.net.pl\/pl\/p\/malowanie-ogniochronne\">renovace n\u00e1t\u011br\u016f v\u010detn\u011b protipo\u017e\u00e1rn\u00edho n\u00e1t\u011bru (po\u017e\u00e1rn\u00ed ochrana),<\/a><\/li>\n<li><a href=\"https:\/\/www.renowacje.net.pl\/pl\/p\/remonty-pokryc-dachowych\">renovace st\u0159e\u0161n\u00ed krytiny,<\/a><\/li>\n<li><a href=\"http:\/\/www.safesystems.pl\/\">mont\u00e1\u017e a prodej syst\u00e9m\u016f ochrany proti p\u00e1du,<\/a><\/li>\n<li>n\u00e1vrh a v\u00fdb\u011br pr\u016fmyslov\u00e9 tepeln\u00e9 izolace: izolace kou\u0159ovod\u016f, n\u00e1dr\u017e\u00ed, kom\u00edn\u016f, \u0161achet, fas\u00e1d budov a dal\u0161\u00ed mont\u00e1\u017en\u00ed, demont\u00e1\u017en\u00ed, demoli\u010dn\u00ed a moderniza\u010dn\u00ed pr\u00e1ce prov\u00e1d\u011bn\u00e9 ve vysok\u00fdch nadmo\u0159sk\u00fdch v\u00fd\u0161k\u00e1ch.<\/li>\n<\/ul>\n<h4>V r\u00e1mci pr\u00e1ce poskytujeme:<\/h4>\n<ul>\n<li>p\u0159\u00edprava pot\u0159ebn\u00e9 technick\u00e9 a fotografick\u00e9 dokumentace,<\/li>\n<li>vypracov\u00e1n\u00ed pl\u00e1nu oprav a renovace s v\u00fdb\u011brem vhodn\u00e9 technologie protikorozn\u00ed ochrany,<\/li>\n<li>prov\u00e1d\u011bn\u00ed zkou\u0161ek a v\u00fdpo\u010dt\u016f ur\u010duj\u00edc\u00edch trvanlivost a stav p\u0159edm\u011btu.<\/li>\n<\/ul>\n<h3>P\u0159\u00edkladn\u00fd rozsah \u00fakol\u016f prov\u00e1d\u011bn\u00fdch na r\u016fzn\u00fdch typech za\u0159\u00edzen\u00ed:<\/h3>\n<h4>Ocelov\u00e9 konstrukce, GSM v\u011b\u017ee, sto\u017e\u00e1ry<\/h4>\n<ul>\n<li>Mont\u00e1\u017e, demont\u00e1\u017e a tzv ze\u0161t\u00edhluj\u00edc\u00ed konstrukce<\/li>\n<li>Modernizace, \u00fadr\u017eba a protikorozn\u00ed ochrana<\/li>\n<\/ul>\n<h4>Pr\u016fmyslov\u00e9 a skladov\u00e9 haly, tov\u00e1rny<\/h4>\n<ul>\n<li>Oprava a kontrola technick\u00e9ho stavu<\/li>\n<li>N\u00e1t\u011bry ocelov\u00fdch konstrukc\u00ed<\/li>\n<li>Po\u017e\u00e1rn\u00ed ochrana<\/li>\n<li>Pos\u00edlen\u00ed struktury<\/li>\n<\/ul>\n<h4>Objekty s ocelov\u00fdmi, \u017eelezobetonov\u00fdmi a betonov\u00fdmi konstrukcemi<\/h4>\n<ul>\n<li>Renovace a n\u00e1t\u011bry ocelov\u00fdch konstrukc\u00ed spolu s v\u00fdb\u011brem technologie protikorozn\u00ed ochrany<\/li>\n<li>P\u00edskov\u00e1n\u00ed ocelov\u00fdch a \u017eelezobetonov\u00fdch konstrukc\u00ed<\/li>\n<\/ul>\n<h4>Chladic\u00ed v\u011b\u017ee, sila, n\u00e1dr\u017ee<\/h4>\n<ul>\n<li>Pravideln\u00e9 a stavebn\u00ed kontroly sil a n\u00e1dr\u017e\u00ed<\/li>\n<li>Antikorozn\u00ed ochrana, v\u010detn\u011b renova\u010dn\u00edho n\u00e1t\u011bru<\/li>\n<li>Opravy \u017eelezobetonov\u00fdch a ocelov\u00fdch pl\u00e1\u0161\u0165\u016f<\/li>\n<li>Renovace chladic\u00edch v\u011b\u017e\u00ed, antikorozn\u00ed pr\u00e1ce, demolice a modernizace<\/li>\n<\/ul>\n<h4>Pr\u016fmyslov\u00e9 fas\u00e1dy<\/h4>\n<ul>\n<li>Mont\u00e1\u017e fas\u00e1dy z trap\u00e9zov\u00e9ho plechu a sendvi\u010dov\u00fdch panel\u016f, jako\u017e i demont\u00e1\u017e<\/li>\n<li>Malba jak\u00e9hokoli typu fas\u00e1dy<\/li>\n<li>Protikorozn\u00ed ochrana r\u00e1mov\u00fdch konstrukc\u00ed<\/li>\n<li>Zateplovac\u00ed pr\u00e1ce<\/li>\n<\/ul>\n<h4>St\u0159echy hal, tov\u00e1ren, sklad\u016f a obytn\u00fdch budov<\/h4>\n<ul>\n<li>Ru\u010dn\u00ed a mechanick\u00e9 odkl\u00edzen\u00ed sn\u011bhu ze st\u0159ech<\/li>\n<li>Neust\u00e1l\u00e9 sledov\u00e1n\u00ed statick\u00e9ho zat\u00ed\u017een\u00ed na st\u0159e\u0161e<\/li>\n<li>Vypracov\u00e1n\u00ed dokumentace t\u00fdkaj\u00edc\u00ed se doporu\u010den\u00ed pro odkl\u00edzen\u00ed sn\u011bhu ze st\u0159ech<\/li>\n<li>Odkl\u00edzen\u00ed sn\u011bhu<\/li>\n<li>Renovace a opravy v\u0161ech typ\u016f st\u0159e\u0161n\u00edch pl\u00e1\u0161\u0165\u016f<\/li>\n<\/ul>\n<h4>Za\u0159\u00edzen\u00ed na ochranu p\u0159ed bleskem, osv\u011btlen\u00ed elektrick\u00fdch p\u0159ek\u00e1\u017eek<\/h4>\n<ul>\n<li>Instalace a prodej p\u0159ek\u00e1\u017ekov\u00e9ho osv\u011btlen\u00ed<\/li>\n<li>Zkou\u0161ky ochrany p\u0159ed bleskem a elektrick\u00fdch instalac\u00ed ve vysok\u00fdch nadmo\u0159sk\u00fdch v\u00fd\u0161k\u00e1ch<\/li>\n<li>Instalace bleskosvodu a kabelov\u00fdch tras na vysok\u00fdch budov\u00e1ch<\/li>\n<\/ul>\n<h4>Technick\u00e9 a pravideln\u00e9 kontroly &#8211; odborn\u00e9 posudky vysok\u00fdch budov (\u017eelezobetonov\u00e9 kom\u00edny a ocelov\u00e9 kom\u00edny)<\/h4>\n<ul>\n<li>Neinvazivn\u00ed m\u011b\u0159en\u00ed tlou\u0161\u0165ky kom\u00ednov\u00fdch pl\u00e1\u0161\u0165\u016f (ultrazvukov\u00e1 metoda)<\/li>\n<li>Zkou\u0161ky v\u00fdfuk\u016f, nosn\u00fdch konstrukc\u00ed, kotevn\u00edch lan a ocelov\u00fdch armatur (\u0161plhac\u00ed metoda)<\/li>\n<li>Posouzen\u00ed stavu svarov\u00fdch a \u0161roubov\u00fdch spoj\u016f (bublinov\u00e9, spektrometrick\u00e9 a magneticko-\u010d\u00e1sticov\u00e9 metody, tlakov\u00e9 zkou\u0161ky)<\/li>\n<li>Posouzen\u00ed stavu protikorozn\u00ed ochrany<\/li>\n<li>M\u011b\u0159en\u00ed instalace<\/li>\n<li>Kontrola a soupis po\u0161kozen\u00ed \u017eelezobetonov\u00e9 \u0161achty (pomoc\u00ed \u0161plhac\u00edch metod)<\/li>\n<li>Revize a posouzen\u00ed kom\u00ednov\u00e9 prohlubn\u011b spolu s kontrolou stavu dilata\u010dn\u00edch sp\u00e1r<\/li>\n<li>Posouzen\u00ed technick\u00e9ho stavu ocelov\u00fdch \u0161tol a \u017eeb\u0159\u00edk\u016f<\/li>\n<li>V\u00fdvoj \u0159e\u0161en\u00ed p\u0159i zm\u011bn\u011b zp\u016fsobu v\u00fdpalu nebo zav\u00e1d\u011bn\u00ed ods\u00ed\u0159en\u00fdch v\u00fdfukov\u00fdch plyn\u016f<\/li>\n<li>Posouzen\u00ed a korekce nap\u011bt\u00ed ocelov\u00fdch r\u00e1fk\u016f<\/li>\n<\/ul>\n","protected":false},"excerpt":{"rendered":"<p>S ohledem na pot\u0159eby na\u0161ich z\u00e1kazn\u00edk\u016f nab\u00edz\u00edme \u0161irokou \u0161k\u00e1lu slu\u017eeb: pr\u016fmyslov\u00e1 antikorozn\u00ed ochrana &#8211; antikorozn\u00ed ochrana oceli a betonu, kontrola technick\u00e9ho stavu budov s vypracov\u00e1n\u00edm doporu\u010den\u00ed k renovaci, odkl\u00edzen\u00ed sn\u011bhu ze st\u0159ech a m\u011b\u0159en\u00ed tlou\u0161\u0165ky sn\u011bhov\u00e9 pokr\u00fdvky, mont\u00e1\u017e ocelov\u00fdch konstrukc\u00ed, renovace n\u00e1t\u011br\u016f v\u010detn\u011b protipo\u017e\u00e1rn\u00edho n\u00e1t\u011bru (po\u017e\u00e1rn\u00ed ochrana), renovace st\u0159e\u0161n\u00ed krytiny, mont\u00e1\u017e a prodej syst\u00e9m\u016f ochrany [&hellip;]<\/p>\n","protected":false},"author":1,"featured_media":0,"parent":0,"menu_order":0,"comment_status":"closed","ping_status":"closed","template":"page-oferta.php","meta":{"ngg_post_thumbnail":0,"footnotes":""},"class_list":["post-376","page","type-page","status-publish","hentry"],"yoast_head":"<!-- This site is optimized with the Yoast SEO plugin v25.4 - https:\/\/yoast.com\/wordpress\/plugins\/seo\/ -->\n<title>nab\u00eddka - Od\u015bnie\u017canie dach\u00f3w, Usuwanie \u015bniegu z dach\u00f3w,<\/title>\n<meta name=\"robots\" content=\"index, follow, max-snippet:-1, max-image-preview:large, max-video-preview:-1\" \/>\n<link rel=\"canonical\" href=\"https:\/\/renowacje.net.pl\/cs\/nabidka\/\" \/>\n<meta property=\"og:locale\" content=\"cs_CZ\" \/>\n<meta property=\"og:type\" content=\"article\" \/>\n<meta property=\"og:title\" content=\"nab\u00eddka - Od\u015bnie\u017canie dach\u00f3w, Usuwanie \u015bniegu z dach\u00f3w,\" \/>\n<meta property=\"og:description\" content=\"S ohledem na pot\u0159eby na\u0161ich z\u00e1kazn\u00edk\u016f nab\u00edz\u00edme \u0161irokou \u0161k\u00e1lu slu\u017eeb: pr\u016fmyslov\u00e1 antikorozn\u00ed ochrana &#8211; antikorozn\u00ed ochrana oceli a betonu, kontrola technick\u00e9ho stavu budov s vypracov\u00e1n\u00edm doporu\u010den\u00ed k renovaci, odkl\u00edzen\u00ed sn\u011bhu ze st\u0159ech a m\u011b\u0159en\u00ed tlou\u0161\u0165ky sn\u011bhov\u00e9 pokr\u00fdvky, mont\u00e1\u017e ocelov\u00fdch konstrukc\u00ed, renovace n\u00e1t\u011br\u016f v\u010detn\u011b protipo\u017e\u00e1rn\u00edho n\u00e1t\u011bru (po\u017e\u00e1rn\u00ed ochrana), renovace st\u0159e\u0161n\u00ed krytiny, mont\u00e1\u017e a prodej syst\u00e9m\u016f ochrany [&hellip;]\" \/>\n<meta property=\"og:url\" content=\"https:\/\/renowacje.net.pl\/cs\/nabidka\/\" \/>\n<meta property=\"og:site_name\" content=\"Od\u015bnie\u017canie dach\u00f3w, Usuwanie \u015bniegu z dach\u00f3w,\" \/>\n<meta property=\"article:publisher\" content=\"https:\/\/www.facebook.com\/ProspectGroupSpzoo\/\" \/>\n<meta property=\"article:modified_time\" content=\"2021-02-15T09:49:24+00:00\" \/>\n<meta name=\"twitter:card\" content=\"summary_large_image\" \/>\n<meta name=\"twitter:label1\" content=\"Odhadovan\u00e1 doba \u010dten\u00ed\" \/>\n\t<meta name=\"twitter:data1\" content=\"3 minuty\" \/>\n<script type=\"application\/ld+json\" class=\"yoast-schema-graph\">{\"@context\":\"https:\/\/schema.org\",\"@graph\":[{\"@type\":\"WebPage\",\"@id\":\"https:\/\/renowacje.net.pl\/cs\/nabidka\/\",\"url\":\"https:\/\/renowacje.net.pl\/cs\/nabidka\/\",\"name\":\"nab\u00eddka - Od\u015bnie\u017canie dach\u00f3w, Usuwanie \u015bniegu z dach\u00f3w,\",\"isPartOf\":{\"@id\":\"https:\/\/renowacje.net.pl\/#website\"},\"datePublished\":\"2017-07-11T10:45:29+00:00\",\"dateModified\":\"2021-02-15T09:49:24+00:00\",\"breadcrumb\":{\"@id\":\"https:\/\/renowacje.net.pl\/cs\/nabidka\/#breadcrumb\"},\"inLanguage\":\"cs\",\"potentialAction\":[{\"@type\":\"ReadAction\",\"target\":[\"https:\/\/renowacje.net.pl\/cs\/nabidka\/\"]}]},{\"@type\":\"BreadcrumbList\",\"@id\":\"https:\/\/renowacje.net.pl\/cs\/nabidka\/#breadcrumb\",\"itemListElement\":[{\"@type\":\"ListItem\",\"position\":1,\"name\":\"Strona g\u0142\u00f3wna\",\"item\":\"https:\/\/renowacje.net.pl\/cs\/\"},{\"@type\":\"ListItem\",\"position\":2,\"name\":\"nab\u00eddka\"}]},{\"@type\":\"WebSite\",\"@id\":\"https:\/\/renowacje.net.pl\/#website\",\"url\":\"https:\/\/renowacje.net.pl\/\",\"name\":\"Od\u015bnie\u017canie dach\u00f3w, Usuwanie \u015bniegu z dach\u00f3w,\",\"description\":\"Od\u015bnie\u017canie dach\u00f3w, Usuwanie \u015bniegu z dach\u00f3w,\",\"potentialAction\":[{\"@type\":\"SearchAction\",\"target\":{\"@type\":\"EntryPoint\",\"urlTemplate\":\"https:\/\/renowacje.net.pl\/?s={search_term_string}\"},\"query-input\":{\"@type\":\"PropertyValueSpecification\",\"valueRequired\":true,\"valueName\":\"search_term_string\"}}],\"inLanguage\":\"cs\"}]}<\/script>\n<!-- \/ Yoast SEO plugin. -->","yoast_head_json":{"title":"nab\u00eddka - Od\u015bnie\u017canie dach\u00f3w, Usuwanie \u015bniegu z dach\u00f3w,","robots":{"index":"index","follow":"follow","max-snippet":"max-snippet:-1","max-image-preview":"max-image-preview:large","max-video-preview":"max-video-preview:-1"},"canonical":"https:\/\/renowacje.net.pl\/cs\/nabidka\/","og_locale":"cs_CZ","og_type":"article","og_title":"nab\u00eddka - Od\u015bnie\u017canie dach\u00f3w, Usuwanie \u015bniegu z dach\u00f3w,","og_description":"S ohledem na pot\u0159eby na\u0161ich z\u00e1kazn\u00edk\u016f nab\u00edz\u00edme \u0161irokou \u0161k\u00e1lu slu\u017eeb: pr\u016fmyslov\u00e1 antikorozn\u00ed ochrana &#8211; antikorozn\u00ed ochrana oceli a betonu, kontrola technick\u00e9ho stavu budov s vypracov\u00e1n\u00edm doporu\u010den\u00ed k renovaci, odkl\u00edzen\u00ed sn\u011bhu ze st\u0159ech a m\u011b\u0159en\u00ed tlou\u0161\u0165ky sn\u011bhov\u00e9 pokr\u00fdvky, mont\u00e1\u017e ocelov\u00fdch konstrukc\u00ed, renovace n\u00e1t\u011br\u016f v\u010detn\u011b protipo\u017e\u00e1rn\u00edho n\u00e1t\u011bru (po\u017e\u00e1rn\u00ed ochrana), renovace st\u0159e\u0161n\u00ed krytiny, mont\u00e1\u017e a prodej syst\u00e9m\u016f ochrany [&hellip;]","og_url":"https:\/\/renowacje.net.pl\/cs\/nabidka\/","og_site_name":"Od\u015bnie\u017canie dach\u00f3w, Usuwanie \u015bniegu z dach\u00f3w,","article_publisher":"https:\/\/www.facebook.com\/ProspectGroupSpzoo\/","article_modified_time":"2021-02-15T09:49:24+00:00","twitter_card":"summary_large_image","twitter_misc":{"Odhadovan\u00e1 doba \u010dten\u00ed":"3 minuty"},"schema":{"@context":"https:\/\/schema.org","@graph":[{"@type":"WebPage","@id":"https:\/\/renowacje.net.pl\/cs\/nabidka\/","url":"https:\/\/renowacje.net.pl\/cs\/nabidka\/","name":"nab\u00eddka - Od\u015bnie\u017canie dach\u00f3w, Usuwanie \u015bniegu z dach\u00f3w,","isPartOf":{"@id":"https:\/\/renowacje.net.pl\/#website"},"datePublished":"2017-07-11T10:45:29+00:00","dateModified":"2021-02-15T09:49:24+00:00","breadcrumb":{"@id":"https:\/\/renowacje.net.pl\/cs\/nabidka\/#breadcrumb"},"inLanguage":"cs","potentialAction":[{"@type":"ReadAction","target":["https:\/\/renowacje.net.pl\/cs\/nabidka\/"]}]},{"@type":"BreadcrumbList","@id":"https:\/\/renowacje.net.pl\/cs\/nabidka\/#breadcrumb","itemListElement":[{"@type":"ListItem","position":1,"name":"Strona g\u0142\u00f3wna","item":"https:\/\/renowacje.net.pl\/cs\/"},{"@type":"ListItem","position":2,"name":"nab\u00eddka"}]},{"@type":"WebSite","@id":"https:\/\/renowacje.net.pl\/#website","url":"https:\/\/renowacje.net.pl\/","name":"Od\u015bnie\u017canie dach\u00f3w, Usuwanie \u015bniegu z dach\u00f3w,","description":"Od\u015bnie\u017canie dach\u00f3w, Usuwanie \u015bniegu z dach\u00f3w,","potentialAction":[{"@type":"SearchAction","target":{"@type":"EntryPoint","urlTemplate":"https:\/\/renowacje.net.pl\/?s={search_term_string}"},"query-input":{"@type":"PropertyValueSpecification","valueRequired":true,"valueName":"search_term_string"}}],"inLanguage":"cs"}]}},"_links":{"self":[{"href":"https:\/\/renowacje.net.pl\/cs\/wp-json\/wp\/v2\/pages\/376","targetHints":{"allow":["GET"]}}],"collection":[{"href":"https:\/\/renowacje.net.pl\/cs\/wp-json\/wp\/v2\/pages"}],"about":[{"href":"https:\/\/renowacje.net.pl\/cs\/wp-json\/wp\/v2\/types\/page"}],"author":[{"embeddable":true,"href":"https:\/\/renowacje.net.pl\/cs\/wp-json\/wp\/v2\/users\/1"}],"replies":[{"embeddable":true,"href":"https:\/\/renowacje.net.pl\/cs\/wp-json\/wp\/v2\/comments?post=376"}],"version-history":[{"count":2,"href":"https:\/\/renowacje.net.pl\/cs\/wp-json\/wp\/v2\/pages\/376\/revisions"}],"predecessor-version":[{"id":2227,"href":"https:\/\/renowacje.net.pl\/cs\/wp-json\/wp\/v2\/pages\/376\/revisions\/2227"}],"wp:attachment":[{"href":"https:\/\/renowacje.net.pl\/cs\/wp-json\/wp\/v2\/media?parent=376"}],"curies":[{"name":"wp","href":"https:\/\/api.w.org\/{rel}","templated":true}]}}