{"id":372,"date":"2017-07-11T12:45:17","date_gmt":"2017-07-11T10:45:17","guid":{"rendered":"http:\/\/renowacje.net.pl\/o-firmie\/"},"modified":"2021-02-15T11:22:32","modified_gmt":"2021-02-15T10:22:32","slug":"o-spolecnosti","status":"publish","type":"page","link":"https:\/\/renowacje.net.pl\/cs\/o-spolecnosti\/","title":{"rendered":"O spole\u010dnosti"},"content":{"rendered":"<h2><strong>Vy\u010dk\u00e1v\u00e1me:<\/strong><\/h2>\n<ul>\n<li><a href=\"http:\/\/renowacje.net.pl\/pl\/p\/zabezpieczenia-antykorozyjne\">odborn\u00e9 znalosti v r\u016fzn\u00fdch oblastech<\/a> (antikorozn\u00ed ocel a beton, po\u017e\u00e1rn\u00ed ochrana, renovace n\u00e1t\u011br\u016f, odstra\u0148ov\u00e1n\u00ed sn\u011bhu ze sn\u011bhu, mont\u00e1\u017e ocelov\u00fdch konstrukc\u00ed, sva\u0159ov\u00e1n\u00ed, konstrukce: renovace st\u0159e\u0161n\u00edch krytin, tepeln\u00e1 izolace budov),<\/li>\n<li>skv\u011bl\u00e1 praxe p\u0159i prov\u00e1d\u011bn\u00ed \u00fakol\u016f s r\u016fznou m\u00edrou slo\u017eitosti,<\/li>\n<li>vynikaj\u00edc\u00ed vybaven\u00ed umo\u017e\u0148uj\u00edc\u00ed pr\u00e1ci i v t\u011bch nejn\u00e1ro\u010dn\u011bj\u0161\u00edch podm\u00ednk\u00e1ch,<\/li>\n<li>v\u00edce ne\u017e 10 let zku\u0161enost\u00ed &#8211; horolezeck\u00e9 slu\u017eby poskytujeme od roku 2004,<\/li>\n<li>dob\u0159e vy\u0161kolen\u00fd person\u00e1l &#8211; na\u0161i zam\u011bstnanci se pravideln\u011b \u00fa\u010dastn\u00ed \u0161kolen\u00ed; m\u00edt po\u017eadovanou kvalifikaci a l\u00e9ka\u0159sk\u00e9 prohl\u00eddky,<\/li>\n<li>\u0161irok\u00e1 \u0161k\u00e1la na\u0161ich slu\u017eeb &#8211; prov\u00e1d\u00edme pr\u00e1ce po cel\u00e9m Polsku a v p\u0159\u00edpad\u011b pot\u0159eby i v dal\u0161\u00edch evropsk\u00fdch zem\u00edch.<\/li>\n<\/ul>\n","protected":false},"excerpt":{"rendered":"<p>Vy\u010dk\u00e1v\u00e1me: odborn\u00e9 znalosti v r\u016fzn\u00fdch oblastech (antikorozn\u00ed ocel a beton, po\u017e\u00e1rn\u00ed ochrana, renovace n\u00e1t\u011br\u016f, odstra\u0148ov\u00e1n\u00ed sn\u011bhu ze sn\u011bhu, mont\u00e1\u017e ocelov\u00fdch konstrukc\u00ed, sva\u0159ov\u00e1n\u00ed, konstrukce: renovace st\u0159e\u0161n\u00edch krytin, tepeln\u00e1 izolace budov), skv\u011bl\u00e1 praxe p\u0159i prov\u00e1d\u011bn\u00ed \u00fakol\u016f s r\u016fznou m\u00edrou slo\u017eitosti, vynikaj\u00edc\u00ed vybaven\u00ed umo\u017e\u0148uj\u00edc\u00ed pr\u00e1ci i v t\u011bch nejn\u00e1ro\u010dn\u011bj\u0161\u00edch podm\u00ednk\u00e1ch, v\u00edce ne\u017e 10 let zku\u0161enost\u00ed &#8211; horolezeck\u00e9 slu\u017eby [&hellip;]<\/p>\n","protected":false},"author":1,"featured_media":0,"parent":0,"menu_order":0,"comment_status":"closed","ping_status":"closed","template":"page-ofirmie.php","meta":{"ngg_post_thumbnail":0,"footnotes":""},"class_list":["post-372","page","type-page","status-publish","hentry"],"yoast_head":"<!-- This site is optimized with the Yoast SEO plugin v25.4 - https:\/\/yoast.com\/wordpress\/plugins\/seo\/ -->\n<title>O spole\u010dnosti - Od\u015bnie\u017canie dach\u00f3w, Usuwanie \u015bniegu z dach\u00f3w,<\/title>\n<meta name=\"robots\" content=\"index, follow, max-snippet:-1, max-image-preview:large, max-video-preview:-1\" \/>\n<link rel=\"canonical\" href=\"https:\/\/renowacje.net.pl\/cs\/o-spolecnosti\/\" \/>\n<meta property=\"og:locale\" content=\"cs_CZ\" \/>\n<meta property=\"og:type\" content=\"article\" \/>\n<meta property=\"og:title\" content=\"O spole\u010dnosti - Od\u015bnie\u017canie dach\u00f3w, Usuwanie \u015bniegu z dach\u00f3w,\" \/>\n<meta property=\"og:description\" content=\"Vy\u010dk\u00e1v\u00e1me: odborn\u00e9 znalosti v r\u016fzn\u00fdch oblastech (antikorozn\u00ed ocel a beton, po\u017e\u00e1rn\u00ed ochrana, renovace n\u00e1t\u011br\u016f, odstra\u0148ov\u00e1n\u00ed sn\u011bhu ze sn\u011bhu, mont\u00e1\u017e ocelov\u00fdch konstrukc\u00ed, sva\u0159ov\u00e1n\u00ed, konstrukce: renovace st\u0159e\u0161n\u00edch krytin, tepeln\u00e1 izolace budov), skv\u011bl\u00e1 praxe p\u0159i prov\u00e1d\u011bn\u00ed \u00fakol\u016f s r\u016fznou m\u00edrou slo\u017eitosti, vynikaj\u00edc\u00ed vybaven\u00ed umo\u017e\u0148uj\u00edc\u00ed pr\u00e1ci i v t\u011bch nejn\u00e1ro\u010dn\u011bj\u0161\u00edch podm\u00ednk\u00e1ch, v\u00edce ne\u017e 10 let zku\u0161enost\u00ed &#8211; horolezeck\u00e9 slu\u017eby [&hellip;]\" \/>\n<meta property=\"og:url\" content=\"https:\/\/renowacje.net.pl\/cs\/o-spolecnosti\/\" \/>\n<meta property=\"og:site_name\" content=\"Od\u015bnie\u017canie dach\u00f3w, Usuwanie \u015bniegu z dach\u00f3w,\" \/>\n<meta property=\"article:publisher\" content=\"https:\/\/www.facebook.com\/ProspectGroupSpzoo\/\" \/>\n<meta property=\"article:modified_time\" content=\"2021-02-15T10:22:32+00:00\" \/>\n<meta name=\"twitter:card\" content=\"summary_large_image\" \/>\n<meta name=\"twitter:label1\" content=\"Odhadovan\u00e1 doba \u010dten\u00ed\" \/>\n\t<meta name=\"twitter:data1\" content=\"1 minuta\" \/>\n<script type=\"application\/ld+json\" class=\"yoast-schema-graph\">{\"@context\":\"https:\/\/schema.org\",\"@graph\":[{\"@type\":\"WebPage\",\"@id\":\"https:\/\/renowacje.net.pl\/cs\/o-spolecnosti\/\",\"url\":\"https:\/\/renowacje.net.pl\/cs\/o-spolecnosti\/\",\"name\":\"O spole\u010dnosti - Od\u015bnie\u017canie dach\u00f3w, Usuwanie \u015bniegu z dach\u00f3w,\",\"isPartOf\":{\"@id\":\"https:\/\/renowacje.net.pl\/#website\"},\"datePublished\":\"2017-07-11T10:45:17+00:00\",\"dateModified\":\"2021-02-15T10:22:32+00:00\",\"breadcrumb\":{\"@id\":\"https:\/\/renowacje.net.pl\/cs\/o-spolecnosti\/#breadcrumb\"},\"inLanguage\":\"cs\",\"potentialAction\":[{\"@type\":\"ReadAction\",\"target\":[\"https:\/\/renowacje.net.pl\/cs\/o-spolecnosti\/\"]}]},{\"@type\":\"BreadcrumbList\",\"@id\":\"https:\/\/renowacje.net.pl\/cs\/o-spolecnosti\/#breadcrumb\",\"itemListElement\":[{\"@type\":\"ListItem\",\"position\":1,\"name\":\"Strona g\u0142\u00f3wna\",\"item\":\"https:\/\/renowacje.net.pl\/cs\/\"},{\"@type\":\"ListItem\",\"position\":2,\"name\":\"O spole\u010dnosti\"}]},{\"@type\":\"WebSite\",\"@id\":\"https:\/\/renowacje.net.pl\/#website\",\"url\":\"https:\/\/renowacje.net.pl\/\",\"name\":\"Od\u015bnie\u017canie dach\u00f3w, Usuwanie \u015bniegu z dach\u00f3w,\",\"description\":\"Od\u015bnie\u017canie dach\u00f3w, Usuwanie \u015bniegu z dach\u00f3w,\",\"potentialAction\":[{\"@type\":\"SearchAction\",\"target\":{\"@type\":\"EntryPoint\",\"urlTemplate\":\"https:\/\/renowacje.net.pl\/?s={search_term_string}\"},\"query-input\":{\"@type\":\"PropertyValueSpecification\",\"valueRequired\":true,\"valueName\":\"search_term_string\"}}],\"inLanguage\":\"cs\"}]}<\/script>\n<!-- \/ Yoast SEO plugin. -->","yoast_head_json":{"title":"O spole\u010dnosti - Od\u015bnie\u017canie dach\u00f3w, Usuwanie \u015bniegu z dach\u00f3w,","robots":{"index":"index","follow":"follow","max-snippet":"max-snippet:-1","max-image-preview":"max-image-preview:large","max-video-preview":"max-video-preview:-1"},"canonical":"https:\/\/renowacje.net.pl\/cs\/o-spolecnosti\/","og_locale":"cs_CZ","og_type":"article","og_title":"O spole\u010dnosti - Od\u015bnie\u017canie dach\u00f3w, Usuwanie \u015bniegu z dach\u00f3w,","og_description":"Vy\u010dk\u00e1v\u00e1me: odborn\u00e9 znalosti v r\u016fzn\u00fdch oblastech (antikorozn\u00ed ocel a beton, po\u017e\u00e1rn\u00ed ochrana, renovace n\u00e1t\u011br\u016f, odstra\u0148ov\u00e1n\u00ed sn\u011bhu ze sn\u011bhu, mont\u00e1\u017e ocelov\u00fdch konstrukc\u00ed, sva\u0159ov\u00e1n\u00ed, konstrukce: renovace st\u0159e\u0161n\u00edch krytin, tepeln\u00e1 izolace budov), skv\u011bl\u00e1 praxe p\u0159i prov\u00e1d\u011bn\u00ed \u00fakol\u016f s r\u016fznou m\u00edrou slo\u017eitosti, vynikaj\u00edc\u00ed vybaven\u00ed umo\u017e\u0148uj\u00edc\u00ed pr\u00e1ci i v t\u011bch nejn\u00e1ro\u010dn\u011bj\u0161\u00edch podm\u00ednk\u00e1ch, v\u00edce ne\u017e 10 let zku\u0161enost\u00ed &#8211; horolezeck\u00e9 slu\u017eby [&hellip;]","og_url":"https:\/\/renowacje.net.pl\/cs\/o-spolecnosti\/","og_site_name":"Od\u015bnie\u017canie dach\u00f3w, Usuwanie \u015bniegu z dach\u00f3w,","article_publisher":"https:\/\/www.facebook.com\/ProspectGroupSpzoo\/","article_modified_time":"2021-02-15T10:22:32+00:00","twitter_card":"summary_large_image","twitter_misc":{"Odhadovan\u00e1 doba \u010dten\u00ed":"1 minuta"},"schema":{"@context":"https:\/\/schema.org","@graph":[{"@type":"WebPage","@id":"https:\/\/renowacje.net.pl\/cs\/o-spolecnosti\/","url":"https:\/\/renowacje.net.pl\/cs\/o-spolecnosti\/","name":"O spole\u010dnosti - Od\u015bnie\u017canie dach\u00f3w, Usuwanie \u015bniegu z dach\u00f3w,","isPartOf":{"@id":"https:\/\/renowacje.net.pl\/#website"},"datePublished":"2017-07-11T10:45:17+00:00","dateModified":"2021-02-15T10:22:32+00:00","breadcrumb":{"@id":"https:\/\/renowacje.net.pl\/cs\/o-spolecnosti\/#breadcrumb"},"inLanguage":"cs","potentialAction":[{"@type":"ReadAction","target":["https:\/\/renowacje.net.pl\/cs\/o-spolecnosti\/"]}]},{"@type":"BreadcrumbList","@id":"https:\/\/renowacje.net.pl\/cs\/o-spolecnosti\/#breadcrumb","itemListElement":[{"@type":"ListItem","position":1,"name":"Strona g\u0142\u00f3wna","item":"https:\/\/renowacje.net.pl\/cs\/"},{"@type":"ListItem","position":2,"name":"O spole\u010dnosti"}]},{"@type":"WebSite","@id":"https:\/\/renowacje.net.pl\/#website","url":"https:\/\/renowacje.net.pl\/","name":"Od\u015bnie\u017canie dach\u00f3w, Usuwanie \u015bniegu z dach\u00f3w,","description":"Od\u015bnie\u017canie dach\u00f3w, Usuwanie \u015bniegu z dach\u00f3w,","potentialAction":[{"@type":"SearchAction","target":{"@type":"EntryPoint","urlTemplate":"https:\/\/renowacje.net.pl\/?s={search_term_string}"},"query-input":{"@type":"PropertyValueSpecification","valueRequired":true,"valueName":"search_term_string"}}],"inLanguage":"cs"}]}},"_links":{"self":[{"href":"https:\/\/renowacje.net.pl\/cs\/wp-json\/wp\/v2\/pages\/372","targetHints":{"allow":["GET"]}}],"collection":[{"href":"https:\/\/renowacje.net.pl\/cs\/wp-json\/wp\/v2\/pages"}],"about":[{"href":"https:\/\/renowacje.net.pl\/cs\/wp-json\/wp\/v2\/types\/page"}],"author":[{"embeddable":true,"href":"https:\/\/renowacje.net.pl\/cs\/wp-json\/wp\/v2\/users\/1"}],"replies":[{"embeddable":true,"href":"https:\/\/renowacje.net.pl\/cs\/wp-json\/wp\/v2\/comments?post=372"}],"version-history":[{"count":4,"href":"https:\/\/renowacje.net.pl\/cs\/wp-json\/wp\/v2\/pages\/372\/revisions"}],"predecessor-version":[{"id":2404,"href":"https:\/\/renowacje.net.pl\/cs\/wp-json\/wp\/v2\/pages\/372\/revisions\/2404"}],"wp:attachment":[{"href":"https:\/\/renowacje.net.pl\/cs\/wp-json\/wp\/v2\/media?parent=372"}],"curies":[{"name":"wp","href":"https:\/\/api.w.org\/{rel}","templated":true}]}}